{"id":465,"date":"2017-05-16T12:30:34","date_gmt":"2017-05-16T10:30:34","guid":{"rendered":"http:\/\/van-dorsten.eu\/beheer\/te-doen\/"},"modified":"2022-02-16T20:36:11","modified_gmt":"2022-02-16T19:36:11","slug":"zu-tun","status":"publish","type":"page","link":"https:\/\/van-dorsten.eu\/de\/verwaltung\/zu-tun\/?lang=de","title":{"rendered":"Zu tun"},"content":{"rendered":"<div data-elementor-type=\"wp-page\" data-elementor-id=\"465\" class=\"elementor elementor-465\">\n\t\t\t\t\t\t<section class=\"elementor-section elementor-top-section elementor-element elementor-element-14ef81fb elementor-section-boxed elementor-section-height-default elementor-section-height-default\" data-id=\"14ef81fb\" data-element_type=\"section\">\n\t\t\t\t\t\t<div class=\"elementor-container elementor-column-gap-default\">\n\t\t\t\t\t<div class=\"elementor-column elementor-col-50 elementor-top-column elementor-element elementor-element-70966762\" data-id=\"70966762\" data-element_type=\"column\" data-settings=\"{&quot;background_background&quot;:&quot;classic&quot;}\">\n\t\t\t<div class=\"elementor-widget-wrap elementor-element-populated\">\n\t\t\t\t\t\t<div class=\"elementor-element elementor-element-6fdfebc8 elementor-widget elementor-widget-text-editor\" data-id=\"6fdfebc8\" data-element_type=\"widget\" data-widget_type=\"text-editor.default\">\n\t\t\t\t<div class=\"elementor-widget-container\">\n\t\t\t\t\t\t\t\t\t<h4 style=\"text-align: center;\"><span style=\"color: #808080;\"><strong>Verwaltung &#8211; Zu Tun<\/strong><\/span><\/h4><p>Die Herausforderung der Genealogie ist, dass je mehr Sie finden, desto mehr Fragen sich wieder stellt! Daher wird die Liste der potenziellen neuen Informationen nur wachsen, auch wenn Sie etwas durchstrichen k\u00f6nnen:<\/p><ul><li>Alle Stammb\u00e4ume aus Excel in einer genealogischen Datenbank (Aldfear) ausarbeiten, auf die \u00fcber Gedcom-Dateien und TNG \u00fcber die Website zugegriffen werden kann<\/li><li>Die monatliche Verfolgung von Mutationen und neue Transkriptionen von THS und Archive:<ul><li>Geneaknowhow.net &amp; HoGenDa<\/li><li>die Archive von Overijssel und Gelderland<\/li><li>die Archive der ORB-Online (deutsche lokale Archive)<\/li><li>die Archive des Landes Niedersachsen (Dorsten 106 {-1811}, Dursten 4)<\/li><li>die Archive von Nordrhein-Westfalen (104 {-1811}, Dursten 0)<\/li><li>andere Archive gegebenenfalls<\/li><\/ul><\/li><li>Verarbeitung alle Van Dorst in den Archiven der WieWasWie \/ archiv Breda ab 1700<ul><li>Van Dorst m\u00f6glicherweise nicht nach 1811 (zu viel)<\/li><\/ul><\/li><li>Verschiedene Transkriptionen von Bilder auf Internet k\u00f6nnen noch weitere Informationen geben<\/li><li>Das Register der 1350 Infolge der Pest Gegr\u00fcndeten Bruderschaft Beatae Mariae Virginis in Dorsten ist F\u00fcr Mehrere Nahmenverzeichnis Jahrhunderte Das umfassendste Nahmenverzeichnis<\/li><li>Schriften mit Transkription Zutphen (1350-1550, goldene Zeitalter, mit famili\u00e4ren Beschreibungen), Dorsten (1200-1500), Utrecht (1200-1600), Breda\/Dordrecht (1400-1700)<\/li><li>Ausbildung alte Schrift, um Transkriptionen zu machen<\/li><li>DNA-Analyse m\u00e4nnlichen Mitglieder alle vorkommenden St\u00e4mme Dorsten, Dorssen<\/li><li>Transkriptionen der Archiven in Overijssel (Register, Notar, Waisenh\u00e4user, usw.)<\/li><li>Meppel auf Vatersnamen f\u00fcr 1700 (besonders f\u00fcr Wanneperveen Stamm)<\/li><li>Deutsche THS Daten (externe Online-OFB), sicherlich auch Dortmund, Dinslaken, Vechta, usw.<\/li><li>Deutsche Archive herauszufinden, auf Handlungen (Bentheim, M\u00fcnster, Familie Schloss Lembeck, usw.)<\/li><\/ul>\t\t\t\t\t\t\t\t<\/div>\n\t\t\t\t<\/div>\n\t\t\t\t\t<\/div>\n\t\t<\/div>\n\t\t\t\t<div class=\"elementor-column elementor-col-50 elementor-top-column elementor-element elementor-element-4bfe16b\" data-id=\"4bfe16b\" data-element_type=\"column\" data-settings=\"{&quot;background_background&quot;:&quot;classic&quot;}\">\n\t\t\t<div class=\"elementor-widget-wrap elementor-element-populated\">\n\t\t\t\t\t\t<div class=\"elementor-element elementor-element-d4e6a1d elementor-widget elementor-widget-sidebar\" data-id=\"d4e6a1d\" data-element_type=\"widget\" data-widget_type=\"sidebar.default\">\n\t\t\t\t<div class=\"elementor-widget-container\">\n\t\t\t\t\t<h3>Account<\/h3>\n<p><\/p>\n<form action=\"\/TNG\/processlogin.php\" method=\"post\" name=\"form1\" data-trp-original-action=\"\/TNG\/processlogin.php\">\n<div class=\"normal\">\n<div class=\"nw\" id=\"loginblock\">\n<div class=\"loginprompt\">Username: <\/div>\n<p>\t\t<input type=\"text\" name=\"tngusername\" class=\"loginfont medfield\" id=\"tngusername\" size=\"15\"><\/p>\n<div class=\"loginprompt\">Password: <\/div>\n<p>\t\t<input type=\"password\" name=\"tngpassword\" class=\"loginfont field\" id=\"tngpassword\" size=\"15\"><\/p>\n<div id=\"resetrow\" style=\"display:none\">\n<div class=\"loginprompt\">Nieuw wachtwoord: <\/div>\n<p>\t\t\t<input type=\"password\" name=\"newpassword\" class=\"medfield\" id=\"newpassword\">\n\t\t<\/div>\n<\/p><\/div>\n<div class=\"login-options\">\n\t\t<input type=\"checkbox\" name=\"remember\" value=\"1\"> Onthouden<br \/>\n\t\t<input type=\"checkbox\" name=\"resetpass\" value=\"1\" onclick=\"if(this.checked) {document.getElementById('resetrow').style.display='';} else {document.getElementById('resetrow').style.display='none';}\"> Wijzigen<\/div>\n<p>\n<a href=\"https:\/\/van-dorsten.eu\/TNG\/login.php\" class=\"btn\" value=\"Registreren\">Wachtwoord vergeten<\/a><\/p>\n<div>\n\t\t<input type=\"submit\" class=\"btn\" value=\"Aanmelden\"><br \/>\n<a href=\"https:\/\/van-dorsten.eu\/TNG\/newacctform.php\" class=\"btn\" value=\"Registreren\">Registreren<\/a><\/p>\n<\/p><\/div>\n<\/div>\n<input type=\"hidden\" name=\"trp-form-language\" value=\"de\"\/><\/form>\n<h3>Zoeken<\/h3>\n<p><\/p>\n<form method=\"get\" action=\"\/TNG\/search.php\" data-trp-original-action=\"\/TNG\/search.php\">\n<div class=\"normal\">\n<div class=\"nw\" id=\"stamboom\">\n<div class=\"loginprompt\">Stamboom<\/div>\n<td class=\"databack\">\n\t\t<select name=\"tree\" id=\"treeselect\" onchange=\"var tree=getTree(this); if( !tree ) tree = 'none'; swapBranches(document.search);\"><option value=\"-x--all--x-\" selected=\"selected\">Alle stambomen<\/option><option value=\"Dordrecht\">Dordrecht<\/option><option value=\"FT01\">Steenwijk<\/option><\/select><br \/>\n\t\t\t\t<select name=\"branch\" id=\"branch\"><option value=\"\">Alle takken<\/option><\/select><\/p>\n<div class=\"voornaam\">Voornaam<\/div>\n<p>\t\t<input type=\"hidden\" value=\"AND\" name=\"mybool\" \/><br \/>\n\t\t\t\t<input name=\"myfirstname\" type=\"text\" id=\"myfirstname\" size=\"15\"\/><\/p>\n<div class=\"achternaam\">Achternaam<\/div>\n<p>\t\t<input name=\"mylastname\" type=\"text\" id=\"mylastname\" size=\"15\" \/><\/p>\n<p>\t\t<input type=\"submit\" name=\"search\" value=\"Zoeken\"><\/p>\n<p>\t\t<span class=\"normal\"><a href=\"\/TNG\/searchform.php\">Geavanceerd zoeken<\/a><\/span>\n\t<\/div>\n<\/div>\n<input type=\"hidden\" name=\"trp-form-language\" value=\"de\"\/><\/form>\n<h3>Website<\/h3>\n<p><\/p>\n<form role=\"search\" method=\"get\" action=\"https:\/\/van-dorsten.eu\/de\/\" class=\"wp-block-search__button-outside wp-block-search__text-button wp-block-search\" data-trp-original-action=\"https:\/\/van-dorsten.eu\/\">\n<div class=\"wp-block-search__inside-wrapper\"><input type=\"search\" id=\"wp-block-search__input-1\" class=\"wp-block-search__input\" name=\"s\" value=\"\" placeholder=\"Type om te zoeken op de website\" required=\"\"><button type=\"submit\" class=\"wp-block-search__button\">Zoeken<\/button><\/div>\n<input type=\"hidden\" name=\"trp-form-language\" value=\"de\"\/><\/form>\n\t\t\t\t<\/div>\n\t\t\t\t<\/div>\n\t\t\t\t\t<\/div>\n\t\t<\/div>\n\t\t\t\t\t<\/div>\n\t\t<\/section>\n\t\t\t\t<\/div>","protected":false},"excerpt":{"rendered":"<p>Verwaltung &#8211; Zu Tun Die Herausforderung der Genealogie ist, dass je mehr Sie finden, desto mehr Fragen sich wieder stellt! Daher wird die Liste der potenziellen neuen Informationen nur wachsen, auch wenn Sie etwas durchstrichen k\u00f6nnen: Alle Stammb\u00e4ume aus Excel in einer genealogischen Datenbank (Aldfear) ausarbeiten, auf die \u00fcber Gedcom-Dateien und TNG \u00fcber die Website &hellip;<\/p>\n<p class=\"read-more\"> <a class=\"\" href=\"https:\/\/van-dorsten.eu\/de\/verwaltung\/zu-tun\/?lang=de\"> <span class=\"screen-reader-text\">Zu tun<\/span> Read More \u00bb<\/a><\/p>","protected":false},"author":1,"featured_media":0,"parent":453,"menu_order":0,"comment_status":"closed","ping_status":"closed","template":"elementor_header_footer","meta":{"site-sidebar-layout":"default","site-content-layout":"default","ast-main-header-display":"","ast-hfb-above-header-display":"","ast-hfb-below-header-display":"","ast-hfb-mobile-header-display":"","site-post-title":"","ast-breadcrumbs-content":"","ast-featured-img":"","footer-sml-layout":"","theme-transparent-header-meta":"default","adv-header-id-meta":"","stick-header-meta":"","header-above-stick-meta":"","header-main-stick-meta":"","header-below-stick-meta":"","footnotes":""},"yoast_head":"<!-- This site is optimized with the Yoast SEO plugin v24.5 - https:\/\/yoast.com\/wordpress\/plugins\/seo\/ -->\n<title>Stammbaum Van Dorsten - Zu Tun for dem Verwaltung der Site<\/title>\n<meta name=\"description\" content=\"Das Problem der Genealogie ist, je mehr Sie zu finden, je mehr Fragen stellt sich wieder und je mehr hat man Zu Tun im Verwaltung.\" \/>\n<meta name=\"robots\" content=\"index, follow, max-snippet:-1, max-image-preview:large, max-video-preview:-1\" \/>\n<link rel=\"canonical\" href=\"https:\/\/van-dorsten.eu\/de\/verwaltung\/zu-tun\/\" \/>\n<meta property=\"og:locale\" content=\"de_DE\" \/>\n<meta property=\"og:type\" content=\"article\" \/>\n<meta property=\"og:title\" content=\"Stammbaum Van Dorsten - Zu Tun for dem Verwaltung der Site\" \/>\n<meta property=\"og:description\" content=\"Das Problem der Genealogie ist, je mehr Sie zu finden, je mehr Fragen stellt sich wieder und je mehr hat man Zu Tun im Verwaltung.\" \/>\n<meta property=\"og:url\" content=\"https:\/\/van-dorsten.eu\/de\/verwaltung\/zu-tun\/?lang=de\" \/>\n<meta property=\"article:modified_time\" content=\"2022-02-16T19:36:11+00:00\" \/>\n<meta name=\"twitter:card\" content=\"summary_large_image\" \/>\n<meta name=\"twitter:label1\" content=\"Gesch\u00e4tzte Lesezeit\" \/>\n\t<meta name=\"twitter:data1\" content=\"2\u00a0Minuten\" \/>\n<script type=\"application\/ld+json\" class=\"yoast-schema-graph\">{\"@context\":\"https:\/\/schema.org\",\"@graph\":[{\"@type\":\"WebPage\",\"@id\":\"https:\/\/van-dorsten.eu\/verwaltung\/zu-tun\/?lang=de\",\"url\":\"https:\/\/van-dorsten.eu\/verwaltung\/zu-tun\/?lang=de\",\"name\":\"Stammbaum Van Dorsten - Zu Tun for dem Verwaltung der Site\",\"isPartOf\":{\"@id\":\"https:\/\/van-dorsten.eu\/de\/#website\"},\"datePublished\":\"2017-05-16T10:30:34+00:00\",\"dateModified\":\"2022-02-16T19:36:11+00:00\",\"description\":\"Das Problem der Genealogie ist, je mehr Sie zu finden, je mehr Fragen stellt sich wieder und je mehr hat man Zu Tun im Verwaltung.\",\"breadcrumb\":{\"@id\":\"https:\/\/van-dorsten.eu\/verwaltung\/zu-tun\/?lang=de#breadcrumb\"},\"inLanguage\":\"de\",\"potentialAction\":[{\"@type\":\"ReadAction\",\"target\":[\"https:\/\/van-dorsten.eu\/verwaltung\/zu-tun\/?lang=de\"]}]},{\"@type\":\"BreadcrumbList\",\"@id\":\"https:\/\/van-dorsten.eu\/verwaltung\/zu-tun\/?lang=de#breadcrumb\",\"itemListElement\":[{\"@type\":\"ListItem\",\"position\":1,\"name\":\"Home\",\"item\":\"https:\/\/van-dorsten.eu\/\"},{\"@type\":\"ListItem\",\"position\":2,\"name\":\"Verwaltung\",\"item\":\"https:\/\/van-dorsten.eu\/admin\/?lang=en\"},{\"@type\":\"ListItem\",\"position\":3,\"name\":\"Zu tun\"}]},{\"@type\":\"WebSite\",\"@id\":\"https:\/\/van-dorsten.eu\/de\/#website\",\"url\":\"https:\/\/van-dorsten.eu\/de\/\",\"name\":\"\",\"description\":\"Genealogie\",\"potentialAction\":[{\"@type\":\"SearchAction\",\"target\":{\"@type\":\"EntryPoint\",\"urlTemplate\":\"https:\/\/van-dorsten.eu\/de\/?s={search_term_string}\"},\"query-input\":{\"@type\":\"PropertyValueSpecification\",\"valueRequired\":true,\"valueName\":\"search_term_string\"}}],\"inLanguage\":\"de\"}]}<\/script>\n<!-- \/ Yoast SEO plugin. -->","yoast_head_json":{"title":"Stammbaum Van Dorsten - Zu Tun for dem Verwaltung der Site","description":"Das Problem der Genealogie ist, je mehr Sie zu finden, je mehr Fragen stellt sich wieder und je mehr hat man Zu Tun im Verwaltung.","robots":{"index":"index","follow":"follow","max-snippet":"max-snippet:-1","max-image-preview":"max-image-preview:large","max-video-preview":"max-video-preview:-1"},"canonical":"https:\/\/van-dorsten.eu\/de\/verwaltung\/zu-tun\/","og_locale":"de_DE","og_type":"article","og_title":"Stammbaum Van Dorsten - Zu Tun for dem Verwaltung der Site","og_description":"Das Problem der Genealogie ist, je mehr Sie zu finden, je mehr Fragen stellt sich wieder und je mehr hat man Zu Tun im Verwaltung.","og_url":"https:\/\/van-dorsten.eu\/de\/verwaltung\/zu-tun\/?lang=de","article_modified_time":"2022-02-16T19:36:11+00:00","twitter_card":"summary_large_image","twitter_misc":{"Gesch\u00e4tzte Lesezeit":"2\u00a0Minuten"},"schema":{"@context":"https:\/\/schema.org","@graph":[{"@type":"WebPage","@id":"https:\/\/van-dorsten.eu\/verwaltung\/zu-tun\/?lang=de","url":"https:\/\/van-dorsten.eu\/verwaltung\/zu-tun\/?lang=de","name":"Stammbaum Van Dorsten - Zu Tun for dem Verwaltung der Site","isPartOf":{"@id":"https:\/\/van-dorsten.eu\/de\/#website"},"datePublished":"2017-05-16T10:30:34+00:00","dateModified":"2022-02-16T19:36:11+00:00","description":"Das Problem der Genealogie ist, je mehr Sie zu finden, je mehr Fragen stellt sich wieder und je mehr hat man Zu Tun im Verwaltung.","breadcrumb":{"@id":"https:\/\/van-dorsten.eu\/verwaltung\/zu-tun\/?lang=de#breadcrumb"},"inLanguage":"de","potentialAction":[{"@type":"ReadAction","target":["https:\/\/van-dorsten.eu\/verwaltung\/zu-tun\/?lang=de"]}]},{"@type":"BreadcrumbList","@id":"https:\/\/van-dorsten.eu\/verwaltung\/zu-tun\/?lang=de#breadcrumb","itemListElement":[{"@type":"ListItem","position":1,"name":"Home","item":"https:\/\/van-dorsten.eu\/"},{"@type":"ListItem","position":2,"name":"Verwaltung","item":"https:\/\/van-dorsten.eu\/admin\/?lang=en"},{"@type":"ListItem","position":3,"name":"Zu tun"}]},{"@type":"WebSite","@id":"https:\/\/van-dorsten.eu\/de\/#website","url":"https:\/\/van-dorsten.eu\/de\/","name":"","description":"Genealogie","potentialAction":[{"@type":"SearchAction","target":{"@type":"EntryPoint","urlTemplate":"https:\/\/van-dorsten.eu\/de\/?s={search_term_string}"},"query-input":{"@type":"PropertyValueSpecification","valueRequired":true,"valueName":"search_term_string"}}],"inLanguage":"de"}]}},"_links":{"self":[{"href":"https:\/\/van-dorsten.eu\/de\/wp-json\/wp\/v2\/pages\/465"}],"collection":[{"href":"https:\/\/van-dorsten.eu\/de\/wp-json\/wp\/v2\/pages"}],"about":[{"href":"https:\/\/van-dorsten.eu\/de\/wp-json\/wp\/v2\/types\/page"}],"author":[{"embeddable":true,"href":"https:\/\/van-dorsten.eu\/de\/wp-json\/wp\/v2\/users\/1"}],"replies":[{"embeddable":true,"href":"https:\/\/van-dorsten.eu\/de\/wp-json\/wp\/v2\/comments?post=465"}],"version-history":[{"count":13,"href":"https:\/\/van-dorsten.eu\/de\/wp-json\/wp\/v2\/pages\/465\/revisions"}],"predecessor-version":[{"id":4226,"href":"https:\/\/van-dorsten.eu\/de\/wp-json\/wp\/v2\/pages\/465\/revisions\/4226"}],"up":[{"embeddable":true,"href":"https:\/\/van-dorsten.eu\/de\/wp-json\/wp\/v2\/pages\/453"}],"wp:attachment":[{"href":"https:\/\/van-dorsten.eu\/de\/wp-json\/wp\/v2\/media?parent=465"}],"curies":[{"name":"wp","href":"https:\/\/api.w.org\/{rel}","templated":true}]}}