{"id":450,"date":"2017-05-16T12:26:07","date_gmt":"2017-05-16T10:26:07","guid":{"rendered":"http:\/\/van-dorsten.eu\/informatie\/weetjedat\/"},"modified":"2022-02-16T20:32:13","modified_gmt":"2022-02-16T19:32:13","slug":"aktivitaeten","status":"publish","type":"page","link":"https:\/\/van-dorsten.eu\/de\/verwaltung\/aktivitaeten\/?lang=de","title":{"rendered":"Aktivit\u00e4ten"},"content":{"rendered":"<div data-elementor-type=\"wp-page\" data-elementor-id=\"450\" class=\"elementor elementor-450\">\n\t\t\t\t\t\t<section class=\"elementor-section elementor-top-section elementor-element elementor-element-43196913 elementor-section-boxed elementor-section-height-default elementor-section-height-default\" data-id=\"43196913\" data-element_type=\"section\">\n\t\t\t\t\t\t<div class=\"elementor-container elementor-column-gap-default\">\n\t\t\t\t\t<div class=\"elementor-column elementor-col-50 elementor-top-column elementor-element elementor-element-55e6b952\" data-id=\"55e6b952\" data-element_type=\"column\" data-settings=\"{&quot;background_background&quot;:&quot;classic&quot;}\">\n\t\t\t<div class=\"elementor-widget-wrap elementor-element-populated\">\n\t\t\t\t\t\t<div class=\"elementor-element elementor-element-419a6d57 elementor-widget elementor-widget-text-editor\" data-id=\"419a6d57\" data-element_type=\"widget\" data-widget_type=\"text-editor.default\">\n\t\t\t\t<div class=\"elementor-widget-container\">\n\t\t\t\t\t\t\t\t\t<h4 style=\"text-align: center;\"><span style=\"color: #808080;\"><strong>Verwaltung &#8211; Aufgaben<\/strong><\/span><\/h4><p>Die Rubrik Verwaltung enth\u00e4lt alles rund um die Verwaltung der Informationen auf dieser Website:<\/p><ul><li>Suchen, erfassen, \u00fcberwachen und verbreiten aller Informationen im Zusammenhang mit dieser Genealogie. Dies ist in der Regel \u00fcber das Internet (durch alle m\u00f6glichen Pfade), aber es passiert auch in physikalischen Archiven und anderen Quellen. Es geht um THS (Taufe, Hochzeit und Sterben) Daten sowie alle anderen Arten von Eintr\u00e4gen.<\/li><li><img fetchpriority=\"high\" decoding=\"async\" class=\"size-full wp-image-3103 alignright\" src=\"https:\/\/van-dorsten.eu\/wp-content\/uploads\/2020\/10\/Navorscher.jpg\" alt=\"\" width=\"320\" height=\"280\" srcset=\"https:\/\/van-dorsten.eu\/wp-content\/uploads\/2020\/10\/Navorscher.jpg 320w, https:\/\/van-dorsten.eu\/wp-content\/uploads\/2020\/10\/Navorscher-300x263.jpg 300w\" sizes=\"(max-width: 320px) 100vw, 320px\" \/>Die regelm\u00e4\u00dfige (monatliche) behalten Sie den \u00dcberblick aller Mutationen in bestimmten einschl\u00e4gigen Archiven. Dies ist insbesondere f\u00fcr jetzt zu den Archiven der GeneaKnowHow, Hogenda, Online-OFB, Overijssel, Gelderland, Niedersachsen und Nordrhein-Westfalen.<\/li><li>Die Suche nach anderen Material, wie relevante Publikationen, heraldische Informationen, Bilder und Fotos in Bezug auf die Stammb\u00e4ume.<\/li><li>Erhalten im Management von bestimmten relevanten Dokumente, wie die Chronik der Familie Van Dorsten und die Ausgabe des Navorscher mit einem Artikel \u00fcber Van Dorsten.<\/li><li>Verarbeitung von neuen Informationen in eigene Dateien und in Beziehung zu den Stammb\u00e4umen.<\/li><li>Analyse aller Daten auf Stammb\u00e4ume zu erweitern und miteinander verbinden.<\/li><li>Transkriptionen f\u00fcr Eintr\u00e4ge in den Archiven zu machen (oder organisieren).<\/li><li>Finden von verwandten Forscher und diese Besuchen oder sonst Kontakt pflegen.<\/li><li>Verwaltung der e-Mail-Adresse auf dieser Seite und Bearbeitung der Kommentare daraufhin.<\/li><li>Erstellen eine e-Mail-Adresse mit der Endung @van-Dorsten.eu f\u00fcr jeden, der das will.<\/li><li>Konvertieren aller registrierten Informationen (insbesondere in Excel, aber auch anderweitig) in mit Aldfear verwaltete Datenbanken und damit Erstellen von Gedcom-Dateien zur Anzeige auf der Website.<\/li><li>Verwaltung aller genealogischen Daten und Zugriff \u00fcber die Website mithilfe der TNG-Software (The Next Generation).<\/li><li>Verwaltung und Pflege der Website, Aktualisierung der Informationen und Ver\u00f6ffentlichung von Nachrichten. All dies mit WordPress mit Astra-Design und Elementor-Unterst\u00fctzung.<\/li><li>Sicher stellen dass diese Website eine Basis f\u00fcr andere genealogische Forschung ist und den Austausch von Informationen anvertrauen k\u00f6nnen.<\/li><\/ul>\t\t\t\t\t\t\t\t<\/div>\n\t\t\t\t<\/div>\n\t\t\t\t\t<\/div>\n\t\t<\/div>\n\t\t\t\t<div class=\"elementor-column elementor-col-50 elementor-top-column elementor-element elementor-element-7d0c508\" data-id=\"7d0c508\" data-element_type=\"column\" data-settings=\"{&quot;background_background&quot;:&quot;classic&quot;}\">\n\t\t\t<div class=\"elementor-widget-wrap elementor-element-populated\">\n\t\t\t\t\t\t<div class=\"elementor-element elementor-element-e20b0a7 elementor-widget elementor-widget-sidebar\" data-id=\"e20b0a7\" data-element_type=\"widget\" data-widget_type=\"sidebar.default\">\n\t\t\t\t<div class=\"elementor-widget-container\">\n\t\t\t\t\t<h3>Account<\/h3>\n<p><\/p>\n<form action=\"\/TNG\/processlogin.php\" method=\"post\" name=\"form1\" data-trp-original-action=\"\/TNG\/processlogin.php\">\n<div class=\"normal\">\n<div class=\"nw\" id=\"loginblock\">\n<div class=\"loginprompt\">Username: <\/div>\n<p>\t\t<input type=\"text\" name=\"tngusername\" class=\"loginfont medfield\" id=\"tngusername\" size=\"15\"><\/p>\n<div class=\"loginprompt\">Password: <\/div>\n<p>\t\t<input type=\"password\" name=\"tngpassword\" class=\"loginfont field\" id=\"tngpassword\" size=\"15\"><\/p>\n<div id=\"resetrow\" style=\"display:none\">\n<div class=\"loginprompt\">Nieuw wachtwoord: <\/div>\n<p>\t\t\t<input type=\"password\" name=\"newpassword\" class=\"medfield\" id=\"newpassword\">\n\t\t<\/div>\n<\/p><\/div>\n<div class=\"login-options\">\n\t\t<input type=\"checkbox\" name=\"remember\" value=\"1\"> Onthouden<br \/>\n\t\t<input type=\"checkbox\" name=\"resetpass\" value=\"1\" onclick=\"if(this.checked) {document.getElementById('resetrow').style.display='';} else {document.getElementById('resetrow').style.display='none';}\"> Wijzigen<\/div>\n<p>\n<a href=\"https:\/\/van-dorsten.eu\/TNG\/login.php\" class=\"btn\" value=\"Registreren\">Wachtwoord vergeten<\/a><\/p>\n<div>\n\t\t<input type=\"submit\" class=\"btn\" value=\"Aanmelden\"><br \/>\n<a href=\"https:\/\/van-dorsten.eu\/TNG\/newacctform.php\" class=\"btn\" value=\"Registreren\">Registreren<\/a><\/p>\n<\/p><\/div>\n<\/div>\n<input type=\"hidden\" name=\"trp-form-language\" value=\"de\"\/><\/form>\n<h3>Zoeken<\/h3>\n<p><\/p>\n<form method=\"get\" action=\"\/TNG\/search.php\" data-trp-original-action=\"\/TNG\/search.php\">\n<div class=\"normal\">\n<div class=\"nw\" id=\"stamboom\">\n<div class=\"loginprompt\">Stamboom<\/div>\n<td class=\"databack\">\n\t\t<select name=\"tree\" id=\"treeselect\" onchange=\"var tree=getTree(this); if( !tree ) tree = 'none'; swapBranches(document.search);\"><option value=\"-x--all--x-\" selected=\"selected\">Alle stambomen<\/option><option value=\"Dordrecht\">Dordrecht<\/option><option value=\"FT01\">Steenwijk<\/option><\/select><br \/>\n\t\t\t\t<select name=\"branch\" id=\"branch\"><option value=\"\">Alle takken<\/option><\/select><\/p>\n<div class=\"voornaam\">Voornaam<\/div>\n<p>\t\t<input type=\"hidden\" value=\"AND\" name=\"mybool\" \/><br \/>\n\t\t\t\t<input name=\"myfirstname\" type=\"text\" id=\"myfirstname\" size=\"15\"\/><\/p>\n<div class=\"achternaam\">Achternaam<\/div>\n<p>\t\t<input name=\"mylastname\" type=\"text\" id=\"mylastname\" size=\"15\" \/><\/p>\n<p>\t\t<input type=\"submit\" name=\"search\" value=\"Zoeken\"><\/p>\n<p>\t\t<span class=\"normal\"><a href=\"\/TNG\/searchform.php\">Geavanceerd zoeken<\/a><\/span>\n\t<\/div>\n<\/div>\n<input type=\"hidden\" name=\"trp-form-language\" value=\"de\"\/><\/form>\n<h3>Website<\/h3>\n<p><\/p>\n<form role=\"search\" method=\"get\" action=\"https:\/\/van-dorsten.eu\/de\/\" class=\"wp-block-search__button-outside wp-block-search__text-button wp-block-search\" data-trp-original-action=\"https:\/\/van-dorsten.eu\/\">\n<div class=\"wp-block-search__inside-wrapper\"><input type=\"search\" id=\"wp-block-search__input-1\" class=\"wp-block-search__input\" name=\"s\" value=\"\" placeholder=\"Type om te zoeken op de website\" required=\"\"><button type=\"submit\" class=\"wp-block-search__button\">Zoeken<\/button><\/div>\n<input type=\"hidden\" name=\"trp-form-language\" value=\"de\"\/><\/form>\n\t\t\t\t<\/div>\n\t\t\t\t<\/div>\n\t\t\t\t\t<\/div>\n\t\t<\/div>\n\t\t\t\t\t<\/div>\n\t\t<\/section>\n\t\t\t\t<\/div>","protected":false},"excerpt":{"rendered":"<p>Verwaltung &#8211; Aufgaben Die Rubrik Verwaltung enth\u00e4lt alles rund um die Verwaltung der Informationen auf dieser Website: Suchen, erfassen, \u00fcberwachen und verbreiten aller Informationen im Zusammenhang mit dieser Genealogie. Dies ist in der Regel \u00fcber das Internet (durch alle m\u00f6glichen Pfade), aber es passiert auch in physikalischen Archiven und anderen Quellen. Es geht um THS &hellip;<\/p>\n<p class=\"read-more\"> <a class=\"\" href=\"https:\/\/van-dorsten.eu\/de\/verwaltung\/aktivitaeten\/?lang=de\"> <span class=\"screen-reader-text\">Aktivit\u00e4ten<\/span> Read More \u00bb<\/a><\/p>","protected":false},"author":1,"featured_media":0,"parent":453,"menu_order":0,"comment_status":"closed","ping_status":"closed","template":"elementor_header_footer","meta":{"site-sidebar-layout":"default","site-content-layout":"default","ast-main-header-display":"","ast-hfb-above-header-display":"","ast-hfb-below-header-display":"","ast-hfb-mobile-header-display":"","site-post-title":"","ast-breadcrumbs-content":"","ast-featured-img":"","footer-sml-layout":"","theme-transparent-header-meta":"default","adv-header-id-meta":"","stick-header-meta":"default","header-above-stick-meta":"","header-main-stick-meta":"","header-below-stick-meta":"","footnotes":""},"yoast_head":"<!-- This site is optimized with the Yoast SEO plugin v24.5 - https:\/\/yoast.com\/wordpress\/plugins\/seo\/ -->\n<title>Van Dorsten Stammbaum - Archiven - Wissen Sie Das<\/title>\n<meta name=\"description\" content=\"Dies ist eine Liste der spezifischen Informationen (Einzelperson oder Familie) bis etwa 1800, interessante Wissenswertes (WissenSieDas) und so etwas\" \/>\n<meta name=\"robots\" content=\"index, follow, max-snippet:-1, max-image-preview:large, max-video-preview:-1\" \/>\n<link rel=\"canonical\" href=\"https:\/\/van-dorsten.eu\/de\/admin\/activities\/\" \/>\n<meta property=\"og:locale\" content=\"de_DE\" \/>\n<meta property=\"og:type\" content=\"article\" \/>\n<meta property=\"og:title\" content=\"Van Dorsten Stammbaum - Archiven - Wissen Sie Das\" \/>\n<meta property=\"og:description\" content=\"Dies ist eine Liste der spezifischen Informationen (Einzelperson oder Familie) bis etwa 1800, interessante Wissenswertes (WissenSieDas) und so etwas\" \/>\n<meta property=\"og:url\" content=\"https:\/\/van-dorsten.eu\/de\/admin\/activities\/?lang=en\" \/>\n<meta property=\"article:modified_time\" content=\"2022-02-16T19:32:13+00:00\" \/>\n<meta property=\"og:image\" content=\"https:\/\/van-dorsten.eu\/wp-content\/uploads\/2020\/10\/Navorscher.jpg\" \/>\n<meta name=\"twitter:card\" content=\"summary_large_image\" \/>\n<meta name=\"twitter:label1\" content=\"Gesch\u00e4tzte Lesezeit\" \/>\n\t<meta name=\"twitter:data1\" content=\"2\u00a0Minuten\" \/>\n<script type=\"application\/ld+json\" class=\"yoast-schema-graph\">{\"@context\":\"https:\/\/schema.org\",\"@graph\":[{\"@type\":\"WebPage\",\"@id\":\"https:\/\/van-dorsten.eu\/admin\/activities\/?lang=en\",\"url\":\"https:\/\/van-dorsten.eu\/admin\/activities\/?lang=en\",\"name\":\"Van Dorsten Stammbaum - Archiven - Wissen Sie Das\",\"isPartOf\":{\"@id\":\"https:\/\/van-dorsten.eu\/de\/#website\"},\"primaryImageOfPage\":{\"@id\":\"https:\/\/van-dorsten.eu\/admin\/activities\/?lang=en#primaryimage\"},\"image\":{\"@id\":\"https:\/\/van-dorsten.eu\/admin\/activities\/?lang=en#primaryimage\"},\"thumbnailUrl\":\"https:\/\/van-dorsten.eu\/wp-content\/uploads\/2020\/10\/Navorscher.jpg\",\"datePublished\":\"2017-05-16T10:26:07+00:00\",\"dateModified\":\"2022-02-16T19:32:13+00:00\",\"description\":\"Dies ist eine Liste der spezifischen Informationen (Einzelperson oder Familie) bis etwa 1800, interessante Wissenswertes (WissenSieDas) und so etwas\",\"breadcrumb\":{\"@id\":\"https:\/\/van-dorsten.eu\/admin\/activities\/?lang=en#breadcrumb\"},\"inLanguage\":\"de\",\"potentialAction\":[{\"@type\":\"ReadAction\",\"target\":[\"https:\/\/van-dorsten.eu\/admin\/activities\/?lang=en\"]}]},{\"@type\":\"ImageObject\",\"inLanguage\":\"de\",\"@id\":\"https:\/\/van-dorsten.eu\/admin\/activities\/?lang=en#primaryimage\",\"url\":\"https:\/\/van-dorsten.eu\/wp-content\/uploads\/2020\/10\/Navorscher.jpg\",\"contentUrl\":\"https:\/\/van-dorsten.eu\/wp-content\/uploads\/2020\/10\/Navorscher.jpg\"},{\"@type\":\"BreadcrumbList\",\"@id\":\"https:\/\/van-dorsten.eu\/admin\/activities\/?lang=en#breadcrumb\",\"itemListElement\":[{\"@type\":\"ListItem\",\"position\":1,\"name\":\"Home\",\"item\":\"https:\/\/van-dorsten.eu\/\"},{\"@type\":\"ListItem\",\"position\":2,\"name\":\"Verwaltung\",\"item\":\"https:\/\/van-dorsten.eu\/admin\/?lang=en\"},{\"@type\":\"ListItem\",\"position\":3,\"name\":\"Aktivit\u00e4ten\"}]},{\"@type\":\"WebSite\",\"@id\":\"https:\/\/van-dorsten.eu\/de\/#website\",\"url\":\"https:\/\/van-dorsten.eu\/de\/\",\"name\":\"\",\"description\":\"Genealogie\",\"potentialAction\":[{\"@type\":\"SearchAction\",\"target\":{\"@type\":\"EntryPoint\",\"urlTemplate\":\"https:\/\/van-dorsten.eu\/de\/?s={search_term_string}\"},\"query-input\":{\"@type\":\"PropertyValueSpecification\",\"valueRequired\":true,\"valueName\":\"search_term_string\"}}],\"inLanguage\":\"de\"}]}<\/script>\n<!-- \/ Yoast SEO plugin. -->","yoast_head_json":{"title":"Van Dorsten Stammbaum - Archiven - Wissen Sie Das","description":"Dies ist eine Liste der spezifischen Informationen (Einzelperson oder Familie) bis etwa 1800, interessante Wissenswertes (WissenSieDas) und so etwas","robots":{"index":"index","follow":"follow","max-snippet":"max-snippet:-1","max-image-preview":"max-image-preview:large","max-video-preview":"max-video-preview:-1"},"canonical":"https:\/\/van-dorsten.eu\/de\/admin\/activities\/","og_locale":"de_DE","og_type":"article","og_title":"Van Dorsten Stammbaum - Archiven - Wissen Sie Das","og_description":"Dies ist eine Liste der spezifischen Informationen (Einzelperson oder Familie) bis etwa 1800, interessante Wissenswertes (WissenSieDas) und so etwas","og_url":"https:\/\/van-dorsten.eu\/de\/admin\/activities\/?lang=en","article_modified_time":"2022-02-16T19:32:13+00:00","og_image":[{"url":"https:\/\/van-dorsten.eu\/wp-content\/uploads\/2020\/10\/Navorscher.jpg","type":"","width":"","height":""}],"twitter_card":"summary_large_image","twitter_misc":{"Gesch\u00e4tzte Lesezeit":"2\u00a0Minuten"},"schema":{"@context":"https:\/\/schema.org","@graph":[{"@type":"WebPage","@id":"https:\/\/van-dorsten.eu\/admin\/activities\/?lang=en","url":"https:\/\/van-dorsten.eu\/admin\/activities\/?lang=en","name":"Van Dorsten Stammbaum - Archiven - Wissen Sie Das","isPartOf":{"@id":"https:\/\/van-dorsten.eu\/de\/#website"},"primaryImageOfPage":{"@id":"https:\/\/van-dorsten.eu\/admin\/activities\/?lang=en#primaryimage"},"image":{"@id":"https:\/\/van-dorsten.eu\/admin\/activities\/?lang=en#primaryimage"},"thumbnailUrl":"https:\/\/van-dorsten.eu\/wp-content\/uploads\/2020\/10\/Navorscher.jpg","datePublished":"2017-05-16T10:26:07+00:00","dateModified":"2022-02-16T19:32:13+00:00","description":"Dies ist eine Liste der spezifischen Informationen (Einzelperson oder Familie) bis etwa 1800, interessante Wissenswertes (WissenSieDas) und so etwas","breadcrumb":{"@id":"https:\/\/van-dorsten.eu\/admin\/activities\/?lang=en#breadcrumb"},"inLanguage":"de","potentialAction":[{"@type":"ReadAction","target":["https:\/\/van-dorsten.eu\/admin\/activities\/?lang=en"]}]},{"@type":"ImageObject","inLanguage":"de","@id":"https:\/\/van-dorsten.eu\/admin\/activities\/?lang=en#primaryimage","url":"https:\/\/van-dorsten.eu\/wp-content\/uploads\/2020\/10\/Navorscher.jpg","contentUrl":"https:\/\/van-dorsten.eu\/wp-content\/uploads\/2020\/10\/Navorscher.jpg"},{"@type":"BreadcrumbList","@id":"https:\/\/van-dorsten.eu\/admin\/activities\/?lang=en#breadcrumb","itemListElement":[{"@type":"ListItem","position":1,"name":"Home","item":"https:\/\/van-dorsten.eu\/"},{"@type":"ListItem","position":2,"name":"Verwaltung","item":"https:\/\/van-dorsten.eu\/admin\/?lang=en"},{"@type":"ListItem","position":3,"name":"Aktivit\u00e4ten"}]},{"@type":"WebSite","@id":"https:\/\/van-dorsten.eu\/de\/#website","url":"https:\/\/van-dorsten.eu\/de\/","name":"","description":"Genealogie","potentialAction":[{"@type":"SearchAction","target":{"@type":"EntryPoint","urlTemplate":"https:\/\/van-dorsten.eu\/de\/?s={search_term_string}"},"query-input":{"@type":"PropertyValueSpecification","valueRequired":true,"valueName":"search_term_string"}}],"inLanguage":"de"}]}},"_links":{"self":[{"href":"https:\/\/van-dorsten.eu\/de\/wp-json\/wp\/v2\/pages\/450"}],"collection":[{"href":"https:\/\/van-dorsten.eu\/de\/wp-json\/wp\/v2\/pages"}],"about":[{"href":"https:\/\/van-dorsten.eu\/de\/wp-json\/wp\/v2\/types\/page"}],"author":[{"embeddable":true,"href":"https:\/\/van-dorsten.eu\/de\/wp-json\/wp\/v2\/users\/1"}],"replies":[{"embeddable":true,"href":"https:\/\/van-dorsten.eu\/de\/wp-json\/wp\/v2\/comments?post=450"}],"version-history":[{"count":11,"href":"https:\/\/van-dorsten.eu\/de\/wp-json\/wp\/v2\/pages\/450\/revisions"}],"predecessor-version":[{"id":4220,"href":"https:\/\/van-dorsten.eu\/de\/wp-json\/wp\/v2\/pages\/450\/revisions\/4220"}],"up":[{"embeddable":true,"href":"https:\/\/van-dorsten.eu\/de\/wp-json\/wp\/v2\/pages\/453"}],"wp:attachment":[{"href":"https:\/\/van-dorsten.eu\/de\/wp-json\/wp\/v2\/media?parent=450"}],"curies":[{"name":"wp","href":"https:\/\/api.w.org\/{rel}","templated":true}]}}