{"id":444,"date":"2017-05-16T12:26:56","date_gmt":"2017-05-16T10:26:56","guid":{"rendered":"http:\/\/van-dorsten.eu\/informatie\/links-algemeen\/"},"modified":"2022-01-05T16:26:38","modified_gmt":"2022-01-05T15:26:38","slug":"internet","status":"publish","type":"page","link":"https:\/\/van-dorsten.eu\/de\/verwaltung\/internet\/?lang=de","title":{"rendered":"Internet"},"content":{"rendered":"<div data-elementor-type=\"wp-page\" data-elementor-id=\"444\" class=\"elementor elementor-444\">\n\t\t\t\t\t\t<section class=\"elementor-section elementor-top-section elementor-element elementor-element-54310d81 elementor-section-boxed elementor-section-height-default elementor-section-height-default\" data-id=\"54310d81\" data-element_type=\"section\">\n\t\t\t\t\t\t<div class=\"elementor-container elementor-column-gap-default\">\n\t\t\t\t\t<div class=\"elementor-column elementor-col-50 elementor-top-column elementor-element elementor-element-130a7233\" data-id=\"130a7233\" data-element_type=\"column\" data-settings=\"{&quot;background_background&quot;:&quot;classic&quot;}\">\n\t\t\t<div class=\"elementor-widget-wrap elementor-element-populated\">\n\t\t\t\t\t\t<div class=\"elementor-element elementor-element-2ff8f0cb elementor-widget elementor-widget-text-editor\" data-id=\"2ff8f0cb\" data-element_type=\"widget\" data-widget_type=\"text-editor.default\">\n\t\t\t\t<div class=\"elementor-widget-container\">\n\t\t\t\t\t\t\t\t\t<h4 style=\"text-align: center;\"><span style=\"color: #ffcc00;\"><strong>Quellen &#8211; Internet<\/strong><\/span><\/h4><p>Es gibt viele Internetseiten, die in die umfangreiche genealogische Forschung verwendet sind. Unten stehend finden Sie eine umfassende \u00dcbersicht \u00fcber die verwendeten Internet-Seiten, nach einer Reihe von Kategorien klassifiziert. Angezeigt wirdt in welcher Sprache der Site verf\u00fcgbar ist (EN = Englisch, DE = Deutsch, NL = Niederl\u00e4ndisch).<\/p><p><strong>Stammbaum-Registrierung-Programme<\/strong><\/p><p>Vielen Seiten sind in allen drei Sprachen verf\u00fcgbar. Wenn dies nicht der Fall ist, wird das gezeigt.<\/p><ul><li><a href=\"https:\/\/www.myheritage.nl\/login?destination_url=https%3A%2F%2Fwww.myheritage.nl%2Findex.php%3Fnext%3D\">MyHeritage<\/a><u>.nl<\/u><\/li><li><a href=\"https:\/\/www.geni.com\/home\">Geni.com<\/a><\/li><li><a href=\"http:\/\/www.geneanet.org\/\">Geneanet.org<\/a><\/li><li><a href=\"https:\/\/www.genealogieonline.nl\/\">GenealogieOnline.nl<\/a><\/li><li><a href=\"http:\/\/www.stamboomzoeker.nl\/\">Stamboomzoeker.nl<\/a> (NL\/EN)<\/li><li><a href=\"https:\/\/www.ancestry.com\/\">Ancestry.com<\/a> (EN)<\/li><li><a href=\"https:\/\/www.findmypast.co.uk\/search\/results?_page=3&amp;lastname=van%20dorsten\">FindMyPast.co.uk<\/a> (EN)<\/li><li><a href=\"http:\/\/www.stamboomonderzoek.com\u2013\">www.stamboomonderzoek.com<\/a> (NL)<\/li><\/ul><p><strong>Nationaler, regionaler und lokaler genealogischen Archive<\/strong><\/p><p>Die meisten Websites stehen nur in NL zur Verf\u00fcgung. Wenn es auch in EN oder DE ist, ist das angegeben.<\/p><ul><li><a href=\"http:\/\/www.gahetna.nl\/\">GaHetNa<\/a>, <a href=\"https:\/\/www.archieven.nl\/nl\/\">Archieven<\/a>, <a href=\"https:\/\/www.wiewaswie.nl\/\">WieWasWie<\/a>, <a href=\"http:\/\/www.openarch.nl\">OpenArch<\/a>, <a href=\"https:\/\/charterbank.huygens.knaw.nl\/?mivast=3593&amp;miadt=3593&amp;mizig=314&amp;miview=tbl&amp;milang=nl&amp;micols=1&amp;mizk_alle=Dorsten\">Charterbank<\/a>\u2013 Integrierten Zugang zu allen Archiven der Niederlande und Belgien (EN\/DE)<\/li><li><a href=\"http:\/\/www.genver.nl\/\">GenVer.nl<\/a>\u00a0&amp;\u00a0<a href=\"http:\/\/www.genealix.nl\/\">Genealix.nl<\/a>\u00a0\u2013 Zugriff auf Indizes und Bilder aus THS-Informationen (NL)<\/li><li><a href=\"https:\/\/www.allefriezen.nl\/\">Alle Friezen<\/a> &amp; <a href=\"https:\/\/www.tresoar.nl\/Pages\/Default.aspx\">Treseor<\/a> \u2013 Friesland (EN)<\/li><li><a href=\"http:\/\/www.allegroningers.nl\/\">Alle Groningers<\/a> &amp; <a href=\"https:\/\/www.groningerarchieven.nl\/\">Archief<\/a> \u2013 Groningen<\/li><li><a href=\"http:\/\/alledrenten.nl\/\">Alle Drenten<\/a> &amp; <a href=\"http:\/\/www.drentsarchief.nl\/\">Archief<\/a> \u2013 Drenthe<\/li><li><a href=\"https:\/\/www.historischcentrumoverijssel.nl\/\">Historisch Centrum Overijssel<\/a> &#8211; Overijssel<\/li><li>&#8211; <a href=\"http:\/\/www.stadsarchiefkampen.nl\/\">Kampen Stadsarchief<\/a> &amp; <a href=\"http:\/\/www.kampennotarieel.nl\">Kampen Notarieel<\/a>, <a href=\"http:\/\/www.ouddalfsen.nl\/\">Historische Kring Dalfsen<\/a> &amp; <a href=\"http:\/\/www.raalte-historie.nl.nu\/\">Historische Kring Raalte<\/a>, <a href=\"http:\/\/www.TwentsStreekarchief.nl\">Twents Streek Archief<\/a><\/li><li>&#8211; <a href=\"http:\/\/www.archieven.nl\/mi\/1648\/?mizig=205\">Steenwijk \u2013 Monsterrollen, Burgerboek en Serckeboeck<\/a><\/li><li><a href=\"https:\/\/www.geldersarchief.nl\/\">Gelders Archief<\/a> \u2013 Gelderland<\/li><li>&#8211; <a href=\"http:\/\/regionaalarchiefrivierenland.nl\/home\">Regionaal Archief Rivierenland<\/a> &amp; <a href=\"https:\/\/regionaalarchiefnijmegen.nl\/\">Regionaal Archief Nijmegen<\/a>, <a href=\"http:\/\/www.genealogiedomein.nl\/\">Genealogiedomein Achterhoek<\/a> \u00a0&amp; <a href=\"http:\/\/www.ecal.nu\/\">Erfgoed Achterhoek Liemers<\/a><\/li><li>&#8211; <a href=\"http:\/\/www.regionaalarchiefzutphen.nl\">Regionaal Archief Zutphen<\/a> &amp; <a href=\"http:\/\/oudvorden.nl\/\">OudVorden<\/a><\/li><li><a href=\"http:\/\/www.hetutrechtsarchief.nl\/\">Het Utrechts Archief<\/a> &#8211; Utrecht<\/li><li>&#8211; <a href=\"http:\/\/www.archiefeemland.nl\/\">Archief Eemland<\/a>, <a href=\"http:\/\/www.rhcrijnstreek.nl\/\">Regionaal Historisch Centrum Rijnstreek en Lopikerwaard<\/a><\/li><li><a href=\"http:\/\/www.hogenda.nl\/\">Holland<\/a> \u2013 Hollandse Genealogische Databank (HoGenDa)<\/li><li><a href=\"http:\/\/noord-hollandsarchief.nl\/\">Noord Hollands Archief<\/a> \u2013 Noord Holland<\/li><li>&#8211; <a href=\"https:\/\/archief.amsterdam\/indexen\/index.nl.html\">Amsterdam<\/a> &amp; <a href=\"https:\/\/www.regionaalarchiefalkmaar.nl\/\">Regionaal Archief Alkmaar<\/a><\/li><li>Zuid Holland hat keine Landesarchiv, Verweis auf <a href=\"http:\/\/www.nationaalarchief.nl\/\">Nationaal Archief<\/a> (EN)<\/li><li>&#8211; <a href=\"http:\/\/www.stadsarchief.rotterdam.nl\/\">Rotterdam<\/a>, <a href=\"https:\/\/www.regionaalarchiefdordrecht.nl\/\">Dordrecht<\/a> &amp; <a href=\"https:\/\/www.dordtenazoeker.nl\/\">Dordtenazoeker<\/a>, <a href=\"https:\/\/www.erfgoedleiden.nl\/\">Leiden<\/a> &amp; <a href=\"http:\/\/collectie-delft.nl\/\">Delft<\/a>, <a href=\"http:\/\/www.allezoetermeerders.nl\/\">Alle Zoetemeerders<\/a> &amp; <a href=\"https:\/\/www.regionaalarchiefgorinchem.nl\/\">Regionaal Archief Gorinchem<\/a><\/li><li>&#8211; <a href=\"http:\/\/www.streekarchiefrijnlandsmidden.nl\/\">Streekarchief Rijnland Midden<\/a> &amp; <a href=\"http:\/\/www.samh.nl\/\">Streek Archief Midden Holland<\/a><\/li><li><a href=\"http:\/\/zeeuwsarchief.nl\/\">Zeeuws Archief<\/a><\/li><li><a href=\"https:\/\/www.bhic.nl\/het-geheugen-van-brabant\">Brabants Archief<\/a><\/li><li>&#8211; <a href=\"http:\/\/westbrabantsarchief.nl\/\">West Brabants Archief<\/a>, <a href=\"http:\/\/www.erfgoedshertogenbosch.nl\/\">Den Bosch<\/a> &amp; <a href=\"https:\/\/stadsarchief.breda.nl\/\">Stadsarchief Breda<\/a>, <a href=\"http:\/\/www.regionaalarchieftilburg.nl\/\">Stadsarchief Tilburg<\/a> &amp; <a href=\"http:\/\/eindhoven.digitalestamboom.nl\/nl\/home.htm\">Stadsarchief Eindhoven<\/a><\/li><li><a href=\"http:\/\/www.allelimburgers.nl\/\">Alle Limburgers<\/a> en het <a href=\"https:\/\/www.rhcl.nl\/nl\/\">Archief<\/a><\/li><li><a href=\"http:\/\/search.arch.be\/\">Belgisch Archief<\/a> \u2013 Die nationalen Archive von Belgien (EN\/DE)<\/li><li>&#8211; <a href=\"http:\/\/www.ArchiefbankBrugge.be\">www.ArchiefbankBrugge.be<\/a><\/li><li><a href=\"http:\/\/www.online-ofb.de\/\">Duitse Familie Gegevens<\/a> \u2013 Familieninformationen pro Platz in Deutschland (DE, kein NL)<\/li><li>\u2013\u00a0<a href=\"http:\/\/data.matricula-online.eu\/\">Matricula<\/a>\u00a0\u2013 Zugang zu katholischen Bildern Deutschland (DE \/ EN)<\/li><li>\u2013\u00a0<a href=\"https:\/\/www.archion.de\/\">Archion<\/a>\u00a0\u2013 Zugang zu protestantischen Bildern Deutschland, bezahlt (DE \/ EN)<\/li><li>\u2013\u00a0<a href=\"http:\/\/www.uelsen-und-umgebung.de\/\">Uelsen Lokaal Archief<\/a>\u00a0(DE, keine NL)<\/li><li>\u2013\u00a0<a href=\"https:\/\/www.ongen.de\/\">OnGen<\/a>\u00a0\u2013 Datenbank f\u00fcr Genealogie zwischen Rhein und Maas (NL \/ DE \/ EN)<\/li><li><a href=\"https:\/\/www.arcinsys.niedersachsen.de\/arcinsys\/einfachsuchen.action?pageName=einfachesuche&amp;methodName=einfach&amp;rechercheBean.defaultfield=&amp;rechercheBean.defaultfield_widget=Dorsten&amp;rechercheBean.von=&amp;rechercheBean.bis=&amp;rechercheBean.einfacheSucheRadioName=alle\">Archief Nedersaksen<\/a> \u2013 Das Archiv von Niedersachsen (DE)<\/li><li><a href=\"http:\/\/www.archive.nrw.de\/LAV_NRW\/jsp\/suchController.jsp\">Archief NRW<\/a> \u2013 Das Archiv von Nordrhein-Westfalen (DE)<\/li><li><strong>Universit\u00e4ten<\/strong> (Registrierung ab Anfang)<ul><li><a href=\"https:\/\/books.google.nl\/books?id=LntWAAAAcAAJ&amp;hl=nl&amp;pg=PP7#v=onepage&amp;q&amp;f=false\">Leiden<\/a> (1575), <a href=\"http:\/\/www.mpaginae.nl\/At\/ASFiframe.htm\">Franeker<\/a> (1588-1650), Liste in <a href=\"https:\/\/tresoar.on.worldcat.org\/oclc\/768892362\">Universit\u00e4tsbibliotheken<\/a> (zB Leuven), <a href=\"https:\/\/apac01.safelinks.protection.outlook.com\/?url=http%3A%2F%2Ffacsimile.ub.rug.nl%2Fcdm%2Fref%2Fcollection%2Fboeken%2Fid%2F4060&amp;data=02%7C01%7CGertjan.van.Dorsten%40Cognizant.com%7C71c06d7a5bbd4971f78908d5544b8605%7Cde08c40719b9427d9fe8edf254300ca7%7C0%7C0%7C636507605771365732&amp;sdata=Z4nClQDfG88anUQouL5RHuEkX45GAWVOA1EL7AekmIY%3D&amp;reserved=0\">Groningen<\/a> (1614)<\/li><li>Utrecht (1636), Liste in Universit\u00e4tsbibliotheken Utrecht, Nijmegen (1625), Harderwijk (1648) \u2013 noch nicht online<\/li><li><a href=\"https:\/\/rag-online.org\/datenbank\/abfrage\">RAG<\/a> (Deutsche Universit\u00e4ten),\u00a0<a href=\"https:\/\/www.portal.uni-koeln.de\/index.php?id=4703\">Keulen<\/a> (DE, 1388) \u2013 Namen noch nicht online, <a href=\"https:\/\/apac01.safelinks.protection.outlook.com\/?url=http%3A%2F%2Fwww.ub.uni-heidelberg.de%2Fhelios%2Fdigi%2Funihdmatrikel.html&amp;data=02%7C01%7CGertjan.van.Dorsten%40Cognizant.com%7C7b57a7be8e74473ab4f408d5574ae527%7Cde08c40719b9427d9fe8edf254300ca7%7C0%7C1%7C636510901579465058&amp;sdata=R%2FAUNkBsyv%2FtsqgnIIi2vjFia5LMyI%2F9%2Bz6gTq1FNqw%3D&amp;reserved=0\">Heidelberg<\/a> (DE, 1386)<\/li><li>Leuven (B, 1425), noch nicht online<\/li><li><a href=\"http:\/\/asfe.unibo.it\/en\">Italien<\/a> (seit 1500)<\/li><\/ul><\/li><li><strong>Soldaten<\/strong><ul><li>Sammlung Wolters (CBG) (getypt)<\/li><li>H\u00f6llandischen Regiment (archive.org)<\/li><li>Soldaten.16mb.com<\/li><\/ul><\/li><li><strong>Schiffahrt<\/strong><ul><li><a href=\"https:\/\/www.libertyellisfoundation.org\/passenger-result\">Liberty Ellis Foundation<\/a> \u2013 Passagierlisten nach New York<\/li><li><a href=\"http:\/\/www.hollandroots.com\/page24.php\u2013\">Holland Roots<\/a> &#8211; Zugang zu mehreren Passagierlisten, vor allem USA<\/li><\/ul><\/li><li><strong>Niederl\u00e4ndisch-Ostindien<\/strong><ul><li>Alle almanache (1818-..) mit Heirat, Tod, Aufenthaltslisten und Beamten<\/li><li>RoosjesRoos.nl \u2013 Standesamt verarbeitet<\/li><li><a href=\"https:\/\/www.stamboomforum.nl\/subfora\/127\/2\/21753\/0\/bronnen_voor_familieonderzoek_nederlands_indie\">Stamboomforum<\/a> \u2013 Eine \u00dcbersicht aller relevanten Websites (alle \u00fcberpr\u00fcft)<\/li><li><a href=\"https:\/\/www.uitdeoudekoektrommel.com\/nederlands-indie\/\">https:\/\/www.uitdeoudekoektrommel.com\/nederlands-indie\/<\/a> &#8211; Alles durchgegangen<\/li><\/ul><\/li><li>Und viele andere lokale Archive<\/li><\/ul><p><strong>Anderen Genealogie-Seiten<\/strong><\/p><ul><li><a href=\"http:\/\/www.geneaknowhow.net\/digi\/bronnen.html\">GeneaKnowHow.net<\/a> \u2013 Digitale Ressourcen Niederlande und Belgien (NE\/EN)<\/li><li><a href=\"http:\/\/cbg.nl\/\">CBG.nl<\/a> Zentralstelle f\u00fcr Familiengeschicht (NL)<\/li><li><a href=\"https:\/\/familysearch.org\/\">FamilySearch.Org<\/a> \u2013 Kopien von Urkunden auf der ganzen Welt (von den Mormonen gemacht)<\/li><li><a href=\"http:\/\/www.pondes.nl\/\">Pondes.nl<\/a> \u2013 Genealogie f\u00fcr Osten der Niederlande (NL\/EN)<\/li><li><a href=\"https:\/\/www.stamboomforum.nl\/\">Stamboomforum.nl<\/a> \u2013 Online-Treffpunkt f\u00fcr Genealogen und Genealogie (NL)<\/li><li><a href=\"http:\/\/www.stamboomgids.nl\">Stamboomgids.nl<\/a> \u2013 F\u00fchrer auf dem Gebiet der Genealogie und Archive (NL)<\/li><li><a href=\"http:\/\/www.voorouders.net\/\">Voorouders.net<\/a> \u2013 Der Ausgangspunkt f\u00fcr die genealogische Forschung in die Niederlande (NL)<\/li><li><a href=\"http:\/\/www.ontdekjouwverhaal.nl\">Nederlandse Genealogische Vereniging<\/a> (NL)<\/li><li><a href=\"http:\/\/194.242.233.132\/denqRG\/index.htm\">Heilige Roomse Rijk<\/a>\u00a0 \u2013 Heiliges R\u00f6misches Reich, die gesamte Verwaltung online (DE)<\/li><li><a href=\"http:\/\/www.online-begraafplaatsen.nl\/zoeken.asp?command=zoek\">Online Begraven<\/a> \u2013 \u00dcbersicht versch\u00fctteten Personen (NL)<\/li><li><a href=\"http:\/\/www.online-familieberichten.nl\">Online Familieberichten<\/a> \u2013 Verschiedene Nachrichten (NL)<\/li><li><a href=\"http:\/\/www.knggw.nl\/raadplegen\/de-nederlandsche-leeuw\/zoeken\/?z=dorsten\">De Nederlandsche Leeuw<\/a> \u2013 Genealogische Magazin mit viel altes Material (NL)<\/li><li><a href=\"http:\/\/www.meertens.knaw.nl\/\">Meertens<\/a> \u2013 Forschung und Dokumentation der niederl\u00e4ndischen Sprache und Kultur (NL\/EN)<\/li><li>Viele andere spezifische genealogische Familienseiten<\/li><\/ul><p><strong>Andere allgemeine Links<\/strong><\/p><ul><li><a href=\"https:\/\/watstaatdaer.nl\/\">Wat staat daer<\/a> \u2013 Training f\u00fcr alte holl\u00e4ndische Sprache (NL)<\/li><li><a href=\"http:\/\/www.rzuser.uni-heidelberg.de\/~cd2\/drw\/ta.htm\">Das Textarchiv des Deutschen Rechtsw\u00f6rterbuchs<\/a> (DRW) (DE)<\/li><li><a href=\"https:\/\/de.wikipedia.org\/wiki\/Dorsten\">Dorsten<\/a> \u2013 Umfangreiche Wiki-Beschreibung des Ortes (DE)<\/li><li><a href=\"http:\/\/www.badenhausen.net\/dorsten\/dorstenm\/dorstenM.htm\">Dorsten Geschiedenis<\/a> \u2013 Geschichte des Ortes Dorsten (DE)<\/li><li><a href=\"http:\/\/www.dorsten.de\u2013\">www.dorsten.de<\/a> \u2013 Aktuelle Informationen des Ortes Dorsten (DE)<\/li><li><a href=\"https:\/\/issuu.com\/provicieoverijssel\/docs\/atlas_van_de_vecht_lr\">Atlas van de Vecht<\/a> \u2013 Beschreibung der alles rund um die Overijsselse Vecht (NL)<\/li><li><a href=\"http:\/\/www.Delpher.nl\">Delpher<\/a> \u2013 Gescannte B\u00fccher (NL)<\/li><li>Und vieles mehr<\/li><\/ul>\t\t\t\t\t\t\t\t<\/div>\n\t\t\t\t<\/div>\n\t\t\t\t\t<\/div>\n\t\t<\/div>\n\t\t\t\t<div class=\"elementor-column elementor-col-50 elementor-top-column elementor-element elementor-element-5bf11fb\" data-id=\"5bf11fb\" data-element_type=\"column\" data-settings=\"{&quot;background_background&quot;:&quot;classic&quot;}\">\n\t\t\t<div class=\"elementor-widget-wrap elementor-element-populated\">\n\t\t\t\t\t\t<div class=\"elementor-element elementor-element-3e61586 elementor-widget elementor-widget-sidebar\" data-id=\"3e61586\" data-element_type=\"widget\" data-widget_type=\"sidebar.default\">\n\t\t\t\t<div class=\"elementor-widget-container\">\n\t\t\t\t\t<h3>Account<\/h3>\n<p><\/p>\n<form action=\"\/TNG\/processlogin.php\" method=\"post\" name=\"form1\" data-trp-original-action=\"\/TNG\/processlogin.php\">\n<div class=\"normal\">\n<div class=\"nw\" id=\"loginblock\">\n<div class=\"loginprompt\">Username: <\/div>\n<p>\t\t<input type=\"text\" name=\"tngusername\" class=\"loginfont medfield\" id=\"tngusername\" size=\"15\"><\/p>\n<div class=\"loginprompt\">Password: <\/div>\n<p>\t\t<input type=\"password\" name=\"tngpassword\" class=\"loginfont field\" id=\"tngpassword\" size=\"15\"><\/p>\n<div id=\"resetrow\" style=\"display:none\">\n<div class=\"loginprompt\">Nieuw wachtwoord: <\/div>\n<p>\t\t\t<input type=\"password\" name=\"newpassword\" class=\"medfield\" id=\"newpassword\">\n\t\t<\/div>\n<\/p><\/div>\n<div class=\"login-options\">\n\t\t<input type=\"checkbox\" name=\"remember\" value=\"1\"> Onthouden<br \/>\n\t\t<input type=\"checkbox\" name=\"resetpass\" value=\"1\" onclick=\"if(this.checked) {document.getElementById('resetrow').style.display='';} else {document.getElementById('resetrow').style.display='none';}\"> Wijzigen<\/div>\n<p>\n<a href=\"https:\/\/van-dorsten.eu\/TNG\/login.php\" class=\"btn\" value=\"Registreren\">Wachtwoord vergeten<\/a><\/p>\n<div>\n\t\t<input type=\"submit\" class=\"btn\" value=\"Aanmelden\"><br \/>\n<a href=\"https:\/\/van-dorsten.eu\/TNG\/newacctform.php\" class=\"btn\" value=\"Registreren\">Registreren<\/a><\/p>\n<\/p><\/div>\n<\/div>\n<input type=\"hidden\" name=\"trp-form-language\" value=\"de\"\/><\/form>\n<h3>Zoeken<\/h3>\n<p><\/p>\n<form method=\"get\" action=\"\/TNG\/search.php\" data-trp-original-action=\"\/TNG\/search.php\">\n<div class=\"normal\">\n<div class=\"nw\" id=\"stamboom\">\n<div class=\"loginprompt\">Stamboom<\/div>\n<td class=\"databack\">\n\t\t<select name=\"tree\" id=\"treeselect\" onchange=\"var tree=getTree(this); if( !tree ) tree = 'none'; swapBranches(document.search);\"><option value=\"-x--all--x-\" selected=\"selected\">Alle stambomen<\/option><option value=\"Dordrecht\">Dordrecht<\/option><option value=\"FT01\">Steenwijk<\/option><\/select><br \/>\n\t\t\t\t<select name=\"branch\" id=\"branch\"><option value=\"\">Alle takken<\/option><\/select><\/p>\n<div class=\"voornaam\">Voornaam<\/div>\n<p>\t\t<input type=\"hidden\" value=\"AND\" name=\"mybool\" \/><br \/>\n\t\t\t\t<input name=\"myfirstname\" type=\"text\" id=\"myfirstname\" size=\"15\"\/><\/p>\n<div class=\"achternaam\">Achternaam<\/div>\n<p>\t\t<input name=\"mylastname\" type=\"text\" id=\"mylastname\" size=\"15\" \/><\/p>\n<p>\t\t<input type=\"submit\" name=\"search\" value=\"Zoeken\"><\/p>\n<p>\t\t<span class=\"normal\"><a href=\"\/TNG\/searchform.php\">Geavanceerd zoeken<\/a><\/span>\n\t<\/div>\n<\/div>\n<input type=\"hidden\" name=\"trp-form-language\" value=\"de\"\/><\/form>\n<h3>Website<\/h3>\n<p><\/p>\n<form role=\"search\" method=\"get\" action=\"https:\/\/van-dorsten.eu\/de\/\" class=\"wp-block-search__button-outside wp-block-search__text-button wp-block-search\" data-trp-original-action=\"https:\/\/van-dorsten.eu\/\">\n<div class=\"wp-block-search__inside-wrapper\"><input type=\"search\" id=\"wp-block-search__input-1\" class=\"wp-block-search__input\" name=\"s\" value=\"\" placeholder=\"Type om te zoeken op de website\" required=\"\"><button type=\"submit\" class=\"wp-block-search__button\">Zoeken<\/button><\/div>\n<input type=\"hidden\" name=\"trp-form-language\" value=\"de\"\/><\/form>\n\t\t\t\t<\/div>\n\t\t\t\t<\/div>\n\t\t\t\t\t<\/div>\n\t\t<\/div>\n\t\t\t\t\t<\/div>\n\t\t<\/section>\n\t\t\t\t<\/div>","protected":false},"excerpt":{"rendered":"<p>Quellen &#8211; Internet Es gibt viele Internetseiten, die in die umfangreiche genealogische Forschung verwendet sind. Unten stehend finden Sie eine umfassende \u00dcbersicht \u00fcber die verwendeten Internet-Seiten, nach einer Reihe von Kategorien klassifiziert. Angezeigt wirdt in welcher Sprache der Site verf\u00fcgbar ist (EN = Englisch, DE = Deutsch, NL = Niederl\u00e4ndisch). Stammbaum-Registrierung-Programme Vielen Seiten sind in &hellip;<\/p>\n<p class=\"read-more\"> <a class=\"\" href=\"https:\/\/van-dorsten.eu\/de\/verwaltung\/internet\/?lang=de\"> <span class=\"screen-reader-text\">Internet<\/span> Read More \u00bb<\/a><\/p>","protected":false},"author":1,"featured_media":0,"parent":453,"menu_order":0,"comment_status":"closed","ping_status":"closed","template":"elementor_header_footer","meta":{"site-sidebar-layout":"default","site-content-layout":"default","ast-main-header-display":"","ast-hfb-above-header-display":"","ast-hfb-below-header-display":"","ast-hfb-mobile-header-display":"","site-post-title":"","ast-breadcrumbs-content":"","ast-featured-img":"","footer-sml-layout":"","theme-transparent-header-meta":"default","adv-header-id-meta":"","stick-header-meta":"default","header-above-stick-meta":"","header-main-stick-meta":"","header-below-stick-meta":"","footnotes":""},"yoast_head":"<!-- This site is optimized with the Yoast SEO plugin v24.5 - https:\/\/yoast.com\/wordpress\/plugins\/seo\/ -->\n<title>Van Dorsten Stammbaum - Quellen - Gebrauchte Internet Links<\/title>\n<meta name=\"description\" content=\"Es gibt viele Internet Links, die in die umfangreiche genealogische Forschung verwendet sind, nach einer Reihe von Kategorien klassifiziert.\" \/>\n<meta name=\"robots\" content=\"index, follow, max-snippet:-1, max-image-preview:large, max-video-preview:-1\" \/>\n<link rel=\"canonical\" href=\"https:\/\/van-dorsten.eu\/de\/admin\/internet\/\" \/>\n<meta property=\"og:locale\" content=\"de_DE\" \/>\n<meta property=\"og:type\" content=\"article\" \/>\n<meta property=\"og:title\" content=\"Van Dorsten Stammbaum - Quellen - Gebrauchte Internet Links\" \/>\n<meta property=\"og:description\" content=\"Es gibt viele Internet Links, die in die umfangreiche genealogische Forschung verwendet sind, nach einer Reihe von Kategorien klassifiziert.\" \/>\n<meta property=\"og:url\" content=\"https:\/\/van-dorsten.eu\/de\/admin\/internet\/?lang=en\" \/>\n<meta property=\"article:modified_time\" content=\"2022-01-05T15:26:38+00:00\" \/>\n<meta name=\"twitter:card\" content=\"summary_large_image\" \/>\n<meta name=\"twitter:label1\" content=\"Gesch\u00e4tzte Lesezeit\" \/>\n\t<meta name=\"twitter:data1\" content=\"4\u00a0Minuten\" \/>\n<script type=\"application\/ld+json\" class=\"yoast-schema-graph\">{\"@context\":\"https:\/\/schema.org\",\"@graph\":[{\"@type\":\"WebPage\",\"@id\":\"https:\/\/van-dorsten.eu\/admin\/internet\/?lang=en\",\"url\":\"https:\/\/van-dorsten.eu\/admin\/internet\/?lang=en\",\"name\":\"Van Dorsten Stammbaum - Quellen - Gebrauchte Internet Links\",\"isPartOf\":{\"@id\":\"https:\/\/van-dorsten.eu\/de\/#website\"},\"datePublished\":\"2017-05-16T10:26:56+00:00\",\"dateModified\":\"2022-01-05T15:26:38+00:00\",\"description\":\"Es gibt viele Internet Links, die in die umfangreiche genealogische Forschung verwendet sind, nach einer Reihe von Kategorien klassifiziert.\",\"breadcrumb\":{\"@id\":\"https:\/\/van-dorsten.eu\/admin\/internet\/?lang=en#breadcrumb\"},\"inLanguage\":\"de\",\"potentialAction\":[{\"@type\":\"ReadAction\",\"target\":[\"https:\/\/van-dorsten.eu\/admin\/internet\/?lang=en\"]}]},{\"@type\":\"BreadcrumbList\",\"@id\":\"https:\/\/van-dorsten.eu\/admin\/internet\/?lang=en#breadcrumb\",\"itemListElement\":[{\"@type\":\"ListItem\",\"position\":1,\"name\":\"Home\",\"item\":\"https:\/\/van-dorsten.eu\/\"},{\"@type\":\"ListItem\",\"position\":2,\"name\":\"Verwaltung\",\"item\":\"https:\/\/van-dorsten.eu\/admin\/?lang=en\"},{\"@type\":\"ListItem\",\"position\":3,\"name\":\"Internet\"}]},{\"@type\":\"WebSite\",\"@id\":\"https:\/\/van-dorsten.eu\/de\/#website\",\"url\":\"https:\/\/van-dorsten.eu\/de\/\",\"name\":\"\",\"description\":\"Genealogie\",\"potentialAction\":[{\"@type\":\"SearchAction\",\"target\":{\"@type\":\"EntryPoint\",\"urlTemplate\":\"https:\/\/van-dorsten.eu\/de\/?s={search_term_string}\"},\"query-input\":{\"@type\":\"PropertyValueSpecification\",\"valueRequired\":true,\"valueName\":\"search_term_string\"}}],\"inLanguage\":\"de\"}]}<\/script>\n<!-- \/ Yoast SEO plugin. -->","yoast_head_json":{"title":"Van Dorsten Stammbaum - Quellen - Gebrauchte Internet Links","description":"Es gibt viele Internet Links, die in die umfangreiche genealogische Forschung verwendet sind, nach einer Reihe von Kategorien klassifiziert.","robots":{"index":"index","follow":"follow","max-snippet":"max-snippet:-1","max-image-preview":"max-image-preview:large","max-video-preview":"max-video-preview:-1"},"canonical":"https:\/\/van-dorsten.eu\/de\/admin\/internet\/","og_locale":"de_DE","og_type":"article","og_title":"Van Dorsten Stammbaum - Quellen - Gebrauchte Internet Links","og_description":"Es gibt viele Internet Links, die in die umfangreiche genealogische Forschung verwendet sind, nach einer Reihe von Kategorien klassifiziert.","og_url":"https:\/\/van-dorsten.eu\/de\/admin\/internet\/?lang=en","article_modified_time":"2022-01-05T15:26:38+00:00","twitter_card":"summary_large_image","twitter_misc":{"Gesch\u00e4tzte Lesezeit":"4\u00a0Minuten"},"schema":{"@context":"https:\/\/schema.org","@graph":[{"@type":"WebPage","@id":"https:\/\/van-dorsten.eu\/admin\/internet\/?lang=en","url":"https:\/\/van-dorsten.eu\/admin\/internet\/?lang=en","name":"Van Dorsten Stammbaum - Quellen - Gebrauchte Internet Links","isPartOf":{"@id":"https:\/\/van-dorsten.eu\/de\/#website"},"datePublished":"2017-05-16T10:26:56+00:00","dateModified":"2022-01-05T15:26:38+00:00","description":"Es gibt viele Internet Links, die in die umfangreiche genealogische Forschung verwendet sind, nach einer Reihe von Kategorien klassifiziert.","breadcrumb":{"@id":"https:\/\/van-dorsten.eu\/admin\/internet\/?lang=en#breadcrumb"},"inLanguage":"de","potentialAction":[{"@type":"ReadAction","target":["https:\/\/van-dorsten.eu\/admin\/internet\/?lang=en"]}]},{"@type":"BreadcrumbList","@id":"https:\/\/van-dorsten.eu\/admin\/internet\/?lang=en#breadcrumb","itemListElement":[{"@type":"ListItem","position":1,"name":"Home","item":"https:\/\/van-dorsten.eu\/"},{"@type":"ListItem","position":2,"name":"Verwaltung","item":"https:\/\/van-dorsten.eu\/admin\/?lang=en"},{"@type":"ListItem","position":3,"name":"Internet"}]},{"@type":"WebSite","@id":"https:\/\/van-dorsten.eu\/de\/#website","url":"https:\/\/van-dorsten.eu\/de\/","name":"","description":"Genealogie","potentialAction":[{"@type":"SearchAction","target":{"@type":"EntryPoint","urlTemplate":"https:\/\/van-dorsten.eu\/de\/?s={search_term_string}"},"query-input":{"@type":"PropertyValueSpecification","valueRequired":true,"valueName":"search_term_string"}}],"inLanguage":"de"}]}},"_links":{"self":[{"href":"https:\/\/van-dorsten.eu\/de\/wp-json\/wp\/v2\/pages\/444"}],"collection":[{"href":"https:\/\/van-dorsten.eu\/de\/wp-json\/wp\/v2\/pages"}],"about":[{"href":"https:\/\/van-dorsten.eu\/de\/wp-json\/wp\/v2\/types\/page"}],"author":[{"embeddable":true,"href":"https:\/\/van-dorsten.eu\/de\/wp-json\/wp\/v2\/users\/1"}],"replies":[{"embeddable":true,"href":"https:\/\/van-dorsten.eu\/de\/wp-json\/wp\/v2\/comments?post=444"}],"version-history":[{"count":14,"href":"https:\/\/van-dorsten.eu\/de\/wp-json\/wp\/v2\/pages\/444\/revisions"}],"predecessor-version":[{"id":3897,"href":"https:\/\/van-dorsten.eu\/de\/wp-json\/wp\/v2\/pages\/444\/revisions\/3897"}],"up":[{"embeddable":true,"href":"https:\/\/van-dorsten.eu\/de\/wp-json\/wp\/v2\/pages\/453"}],"wp:attachment":[{"href":"https:\/\/van-dorsten.eu\/de\/wp-json\/wp\/v2\/media?parent=444"}],"curies":[{"name":"wp","href":"https:\/\/api.w.org\/{rel}","templated":true}]}}