{"id":432,"date":"2017-05-16T12:25:49","date_gmt":"2017-05-16T10:25:49","guid":{"rendered":"http:\/\/van-dorsten.eu\/informatie\/"},"modified":"2022-02-17T19:22:13","modified_gmt":"2022-02-17T18:22:13","slug":"quellen","status":"publish","type":"page","link":"https:\/\/van-dorsten.eu\/de\/quellen\/?lang=de","title":{"rendered":"Quellen"},"content":{"rendered":"<div data-elementor-type=\"wp-page\" data-elementor-id=\"432\" class=\"elementor elementor-432\">\n\t\t\t\t\t\t<section class=\"elementor-section elementor-top-section elementor-element elementor-element-530097be elementor-section-boxed elementor-section-height-default elementor-section-height-default\" data-id=\"530097be\" data-element_type=\"section\">\n\t\t\t\t\t\t<div class=\"elementor-container elementor-column-gap-default\">\n\t\t\t\t\t<div class=\"elementor-column elementor-col-33 elementor-top-column elementor-element elementor-element-1d3d2f8\" data-id=\"1d3d2f8\" data-element_type=\"column\" data-settings=\"{&quot;background_background&quot;:&quot;classic&quot;}\">\n\t\t\t<div class=\"elementor-widget-wrap elementor-element-populated\">\n\t\t\t\t\t\t<div class=\"elementor-element elementor-element-b7995eb elementor-widget elementor-widget-image\" data-id=\"b7995eb\" data-element_type=\"widget\" data-widget_type=\"image.default\">\n\t\t\t\t<div class=\"elementor-widget-container\">\n\t\t\t\t\t\t\t\t\t\t\t\t\t\t\t<img fetchpriority=\"high\" decoding=\"async\" width=\"1024\" height=\"700\" src=\"https:\/\/van-dorsten.eu\/wp-content\/uploads\/2022\/01\/Bronnen-1.jpg\" class=\"attachment-large size-large wp-image-4000\" alt=\"\" srcset=\"https:\/\/van-dorsten.eu\/wp-content\/uploads\/2022\/01\/Bronnen-1.jpg 1024w, https:\/\/van-dorsten.eu\/wp-content\/uploads\/2022\/01\/Bronnen-1-300x205.jpg 300w, https:\/\/van-dorsten.eu\/wp-content\/uploads\/2022\/01\/Bronnen-1-768x525.jpg 768w\" sizes=\"(max-width: 1024px) 100vw, 1024px\" \/>\t\t\t\t\t\t\t\t\t\t\t\t\t\t\t<\/div>\n\t\t\t\t<\/div>\n\t\t\t\t\t<\/div>\n\t\t<\/div>\n\t\t\t\t<div class=\"elementor-column elementor-col-33 elementor-top-column elementor-element elementor-element-61ca8b4\" data-id=\"61ca8b4\" data-element_type=\"column\" data-settings=\"{&quot;background_background&quot;:&quot;classic&quot;}\">\n\t\t\t<div class=\"elementor-widget-wrap elementor-element-populated\">\n\t\t\t\t\t\t<div class=\"elementor-element elementor-element-163d0ab elementor-widget elementor-widget-text-editor\" data-id=\"163d0ab\" data-element_type=\"widget\" data-widget_type=\"text-editor.default\">\n\t\t\t\t<div class=\"elementor-widget-container\">\n\t\t\t\t\t\t\t\t\t<h4 style=\"text-align: center;\"><span style=\"color: #ffcc00;\"><strong>Quellen<\/strong><\/span><\/h4><p>\u00a0<\/p><p>Diese Men\u00fcoption enth\u00e4lt die folgenden Untermen\u00fcoptionen:<\/p><p><strong>Einf\u00fchrung<\/strong> &#8211; Beschreibt, welche Art von Archiven durchsucht wurden, wie dies getan wurde und was dies ergeben hat und noch ergeben kann.<\/p><p><strong>Analyse<\/strong> &#8211; Die Analyse beschreibt, was auf der Grundlage einer umfassenden Analyse aller Referenzen und spezifischen Fakten geschlossen werden kann.<\/p><p><strong>Internet<\/strong> &#8211; Eine umfassende und kategorisierte \u00dcbersicht aller verwendeten und verarbeiteten Internetseiten.<\/p><p><strong>Heraldik<\/strong> &#8211; Eine \u00dcbersicht und Beschreibung der Informationen im Bereich Familienwappen und deren Hintergrund.<\/p><p><strong>Medien<\/strong> &#8211; Eine \u00dcbersicht \u00fcber gefundene spezifische Dokumente, Fotos, Videos und Tonfragmente.<\/p><p><strong>Referenzen<\/strong> &#8211; Die M\u00f6glichkeit, sich einen \u00dcberblick oder bestimmte Elemente aller aufgezeichneten Referenzen zu verschaffen.<\/p>\t\t\t\t\t\t\t\t<\/div>\n\t\t\t\t<\/div>\n\t\t\t\t\t<\/div>\n\t\t<\/div>\n\t\t\t\t<div class=\"elementor-column elementor-col-33 elementor-top-column elementor-element elementor-element-c20a51c\" data-id=\"c20a51c\" data-element_type=\"column\" data-settings=\"{&quot;background_background&quot;:&quot;classic&quot;}\">\n\t\t\t<div class=\"elementor-widget-wrap elementor-element-populated\">\n\t\t\t\t\t\t<div class=\"elementor-element elementor-element-baaf654 elementor-widget elementor-widget-sidebar\" data-id=\"baaf654\" data-element_type=\"widget\" data-widget_type=\"sidebar.default\">\n\t\t\t\t<div class=\"elementor-widget-container\">\n\t\t\t\t\t<h3>Account<\/h3>\n<p><\/p>\n<form action=\"\/TNG\/processlogin.php\" method=\"post\" name=\"form1\" data-trp-original-action=\"\/TNG\/processlogin.php\">\n<div class=\"normal\">\n<div class=\"nw\" id=\"loginblock\">\n<div class=\"loginprompt\">Username: <\/div>\n<p>\t\t<input type=\"text\" name=\"tngusername\" class=\"loginfont medfield\" id=\"tngusername\" size=\"15\"><\/p>\n<div class=\"loginprompt\">Password: <\/div>\n<p>\t\t<input type=\"password\" name=\"tngpassword\" class=\"loginfont field\" id=\"tngpassword\" size=\"15\"><\/p>\n<div id=\"resetrow\" style=\"display:none\">\n<div class=\"loginprompt\">Nieuw wachtwoord: <\/div>\n<p>\t\t\t<input type=\"password\" name=\"newpassword\" class=\"medfield\" id=\"newpassword\">\n\t\t<\/div>\n<\/p><\/div>\n<div class=\"login-options\">\n\t\t<input type=\"checkbox\" name=\"remember\" value=\"1\"> Onthouden<br \/>\n\t\t<input type=\"checkbox\" name=\"resetpass\" value=\"1\" onclick=\"if(this.checked) {document.getElementById('resetrow').style.display='';} else {document.getElementById('resetrow').style.display='none';}\"> Wijzigen<\/div>\n<p>\n<a href=\"https:\/\/van-dorsten.eu\/TNG\/login.php\" class=\"btn\" value=\"Registreren\">Wachtwoord vergeten<\/a><\/p>\n<div>\n\t\t<input type=\"submit\" class=\"btn\" value=\"Aanmelden\"><br \/>\n<a href=\"https:\/\/van-dorsten.eu\/TNG\/newacctform.php\" class=\"btn\" value=\"Registreren\">Registreren<\/a><\/p>\n<\/p><\/div>\n<\/div>\n<input type=\"hidden\" name=\"trp-form-language\" value=\"de\"\/><\/form>\n<h3>Zoeken<\/h3>\n<p><\/p>\n<form method=\"get\" action=\"\/TNG\/search.php\" data-trp-original-action=\"\/TNG\/search.php\">\n<div class=\"normal\">\n<div class=\"nw\" id=\"stamboom\">\n<div class=\"loginprompt\">Stamboom<\/div>\n<td class=\"databack\">\n\t\t<select name=\"tree\" id=\"treeselect\" onchange=\"var tree=getTree(this); if( !tree ) tree = 'none'; swapBranches(document.search);\"><option value=\"-x--all--x-\" selected=\"selected\">Alle stambomen<\/option><option value=\"Dordrecht\">Dordrecht<\/option><option value=\"FT01\">Steenwijk<\/option><\/select><br \/>\n\t\t\t\t<select name=\"branch\" id=\"branch\"><option value=\"\">Alle takken<\/option><\/select><\/p>\n<div class=\"voornaam\">Voornaam<\/div>\n<p>\t\t<input type=\"hidden\" value=\"AND\" name=\"mybool\" \/><br \/>\n\t\t\t\t<input name=\"myfirstname\" type=\"text\" id=\"myfirstname\" size=\"15\"\/><\/p>\n<div class=\"achternaam\">Achternaam<\/div>\n<p>\t\t<input name=\"mylastname\" type=\"text\" id=\"mylastname\" size=\"15\" \/><\/p>\n<p>\t\t<input type=\"submit\" name=\"search\" value=\"Zoeken\"><\/p>\n<p>\t\t<span class=\"normal\"><a href=\"\/TNG\/searchform.php\">Geavanceerd zoeken<\/a><\/span>\n\t<\/div>\n<\/div>\n<input type=\"hidden\" name=\"trp-form-language\" value=\"de\"\/><\/form>\n<h3>Website<\/h3>\n<p><\/p>\n<form role=\"search\" method=\"get\" action=\"https:\/\/van-dorsten.eu\/de\/\" class=\"wp-block-search__button-outside wp-block-search__text-button wp-block-search\" data-trp-original-action=\"https:\/\/van-dorsten.eu\/\">\n<div class=\"wp-block-search__inside-wrapper\"><input type=\"search\" id=\"wp-block-search__input-1\" class=\"wp-block-search__input\" name=\"s\" value=\"\" placeholder=\"Type om te zoeken op de website\" required=\"\"><button type=\"submit\" class=\"wp-block-search__button\">Zoeken<\/button><\/div>\n<input type=\"hidden\" name=\"trp-form-language\" value=\"de\"\/><\/form>\n\t\t\t\t<\/div>\n\t\t\t\t<\/div>\n\t\t\t\t\t<\/div>\n\t\t<\/div>\n\t\t\t\t\t<\/div>\n\t\t<\/section>\n\t\t\t\t<\/div>","protected":false},"excerpt":{"rendered":"<p>Quellen \u00a0 Diese Men\u00fcoption enth\u00e4lt die folgenden Untermen\u00fcoptionen: Einf\u00fchrung &#8211; Beschreibt, welche Art von Archiven durchsucht wurden, wie dies getan wurde und was dies ergeben hat und noch ergeben kann. Analyse &#8211; Die Analyse beschreibt, was auf der Grundlage einer umfassenden Analyse aller Referenzen und spezifischen Fakten geschlossen werden kann. Internet &#8211; Eine umfassende und &hellip;<\/p>\n<p class=\"read-more\"> <a class=\"\" href=\"https:\/\/van-dorsten.eu\/de\/quellen\/?lang=de\"> <span class=\"screen-reader-text\">Quellen<\/span> Read More \u00bb<\/a><\/p>","protected":false},"author":1,"featured_media":0,"parent":0,"menu_order":0,"comment_status":"closed","ping_status":"closed","template":"elementor_header_footer","meta":{"site-sidebar-layout":"default","site-content-layout":"default","ast-main-header-display":"","ast-hfb-above-header-display":"","ast-hfb-below-header-display":"","ast-hfb-mobile-header-display":"","site-post-title":"","ast-breadcrumbs-content":"","ast-featured-img":"","footer-sml-layout":"","theme-transparent-header-meta":"default","adv-header-id-meta":"","stick-header-meta":"","header-above-stick-meta":"","header-main-stick-meta":"","header-below-stick-meta":"","footnotes":""},"yoast_head":"<!-- This site is optimized with the Yoast SEO plugin v24.5 - https:\/\/yoast.com\/wordpress\/plugins\/seo\/ -->\n<title>Van Dorsten Stammbaum - Quellen der Informationen<\/title>\n<meta name=\"description\" content=\"Es gibt sehr viele Quellen f\u00fcr die genealogische Forschung rund um den Namen Van Dorsten, Van Dorssen, Van Dorsen und Van Dorst.\" \/>\n<meta name=\"robots\" content=\"index, follow, max-snippet:-1, max-image-preview:large, max-video-preview:-1\" \/>\n<link rel=\"canonical\" href=\"https:\/\/van-dorsten.eu\/de\/quellen\/\" \/>\n<meta property=\"og:locale\" content=\"de_DE\" \/>\n<meta property=\"og:type\" content=\"article\" \/>\n<meta property=\"og:title\" content=\"Van Dorsten Stammbaum - Quellen der Informationen\" \/>\n<meta property=\"og:description\" content=\"Es gibt sehr viele Quellen f\u00fcr die genealogische Forschung rund um den Namen Van Dorsten, Van Dorssen, Van Dorsen und Van Dorst.\" \/>\n<meta property=\"og:url\" content=\"https:\/\/van-dorsten.eu\/de\/quellen\/?lang=de\" \/>\n<meta property=\"article:modified_time\" content=\"2022-02-17T18:22:13+00:00\" \/>\n<meta property=\"og:image\" content=\"https:\/\/van-dorsten.eu\/wp-content\/uploads\/2022\/01\/Bronnen-1.jpg\" \/>\n<meta name=\"twitter:card\" content=\"summary_large_image\" \/>\n<meta name=\"twitter:label1\" content=\"Gesch\u00e4tzte Lesezeit\" \/>\n\t<meta name=\"twitter:data1\" content=\"1\u00a0Minute\" \/>\n<script type=\"application\/ld+json\" class=\"yoast-schema-graph\">{\"@context\":\"https:\/\/schema.org\",\"@graph\":[{\"@type\":\"WebPage\",\"@id\":\"https:\/\/van-dorsten.eu\/quellen\/?lang=de\",\"url\":\"https:\/\/van-dorsten.eu\/quellen\/?lang=de\",\"name\":\"Van Dorsten Stammbaum - Quellen der Informationen\",\"isPartOf\":{\"@id\":\"https:\/\/van-dorsten.eu\/de\/#website\"},\"primaryImageOfPage\":{\"@id\":\"https:\/\/van-dorsten.eu\/quellen\/?lang=de#primaryimage\"},\"image\":{\"@id\":\"https:\/\/van-dorsten.eu\/quellen\/?lang=de#primaryimage\"},\"thumbnailUrl\":\"https:\/\/van-dorsten.eu\/wp-content\/uploads\/2022\/01\/Bronnen-1.jpg\",\"datePublished\":\"2017-05-16T10:25:49+00:00\",\"dateModified\":\"2022-02-17T18:22:13+00:00\",\"description\":\"Es gibt sehr viele Quellen f\u00fcr die genealogische Forschung rund um den Namen Van Dorsten, Van Dorssen, Van Dorsen und Van Dorst.\",\"breadcrumb\":{\"@id\":\"https:\/\/van-dorsten.eu\/quellen\/?lang=de#breadcrumb\"},\"inLanguage\":\"de\",\"potentialAction\":[{\"@type\":\"ReadAction\",\"target\":[\"https:\/\/van-dorsten.eu\/quellen\/?lang=de\"]}]},{\"@type\":\"ImageObject\",\"inLanguage\":\"de\",\"@id\":\"https:\/\/van-dorsten.eu\/quellen\/?lang=de#primaryimage\",\"url\":\"https:\/\/van-dorsten.eu\/wp-content\/uploads\/2022\/01\/Bronnen-1.jpg\",\"contentUrl\":\"https:\/\/van-dorsten.eu\/wp-content\/uploads\/2022\/01\/Bronnen-1.jpg\"},{\"@type\":\"BreadcrumbList\",\"@id\":\"https:\/\/van-dorsten.eu\/quellen\/?lang=de#breadcrumb\",\"itemListElement\":[{\"@type\":\"ListItem\",\"position\":1,\"name\":\"Home\",\"item\":\"https:\/\/van-dorsten.eu\/\"},{\"@type\":\"ListItem\",\"position\":2,\"name\":\"Quellen\"}]},{\"@type\":\"WebSite\",\"@id\":\"https:\/\/van-dorsten.eu\/de\/#website\",\"url\":\"https:\/\/van-dorsten.eu\/de\/\",\"name\":\"\",\"description\":\"Genealogie\",\"potentialAction\":[{\"@type\":\"SearchAction\",\"target\":{\"@type\":\"EntryPoint\",\"urlTemplate\":\"https:\/\/van-dorsten.eu\/de\/?s={search_term_string}\"},\"query-input\":{\"@type\":\"PropertyValueSpecification\",\"valueRequired\":true,\"valueName\":\"search_term_string\"}}],\"inLanguage\":\"de\"}]}<\/script>\n<!-- \/ Yoast SEO plugin. -->","yoast_head_json":{"title":"Van Dorsten Stammbaum - Quellen der Informationen","description":"Es gibt sehr viele Quellen f\u00fcr die genealogische Forschung rund um den Namen Van Dorsten, Van Dorssen, Van Dorsen und Van Dorst.","robots":{"index":"index","follow":"follow","max-snippet":"max-snippet:-1","max-image-preview":"max-image-preview:large","max-video-preview":"max-video-preview:-1"},"canonical":"https:\/\/van-dorsten.eu\/de\/quellen\/","og_locale":"de_DE","og_type":"article","og_title":"Van Dorsten Stammbaum - Quellen der Informationen","og_description":"Es gibt sehr viele Quellen f\u00fcr die genealogische Forschung rund um den Namen Van Dorsten, Van Dorssen, Van Dorsen und Van Dorst.","og_url":"https:\/\/van-dorsten.eu\/de\/quellen\/?lang=de","article_modified_time":"2022-02-17T18:22:13+00:00","og_image":[{"url":"https:\/\/van-dorsten.eu\/wp-content\/uploads\/2022\/01\/Bronnen-1.jpg","type":"","width":"","height":""}],"twitter_card":"summary_large_image","twitter_misc":{"Gesch\u00e4tzte Lesezeit":"1\u00a0Minute"},"schema":{"@context":"https:\/\/schema.org","@graph":[{"@type":"WebPage","@id":"https:\/\/van-dorsten.eu\/quellen\/?lang=de","url":"https:\/\/van-dorsten.eu\/quellen\/?lang=de","name":"Van Dorsten Stammbaum - Quellen der Informationen","isPartOf":{"@id":"https:\/\/van-dorsten.eu\/de\/#website"},"primaryImageOfPage":{"@id":"https:\/\/van-dorsten.eu\/quellen\/?lang=de#primaryimage"},"image":{"@id":"https:\/\/van-dorsten.eu\/quellen\/?lang=de#primaryimage"},"thumbnailUrl":"https:\/\/van-dorsten.eu\/wp-content\/uploads\/2022\/01\/Bronnen-1.jpg","datePublished":"2017-05-16T10:25:49+00:00","dateModified":"2022-02-17T18:22:13+00:00","description":"Es gibt sehr viele Quellen f\u00fcr die genealogische Forschung rund um den Namen Van Dorsten, Van Dorssen, Van Dorsen und Van Dorst.","breadcrumb":{"@id":"https:\/\/van-dorsten.eu\/quellen\/?lang=de#breadcrumb"},"inLanguage":"de","potentialAction":[{"@type":"ReadAction","target":["https:\/\/van-dorsten.eu\/quellen\/?lang=de"]}]},{"@type":"ImageObject","inLanguage":"de","@id":"https:\/\/van-dorsten.eu\/quellen\/?lang=de#primaryimage","url":"https:\/\/van-dorsten.eu\/wp-content\/uploads\/2022\/01\/Bronnen-1.jpg","contentUrl":"https:\/\/van-dorsten.eu\/wp-content\/uploads\/2022\/01\/Bronnen-1.jpg"},{"@type":"BreadcrumbList","@id":"https:\/\/van-dorsten.eu\/quellen\/?lang=de#breadcrumb","itemListElement":[{"@type":"ListItem","position":1,"name":"Home","item":"https:\/\/van-dorsten.eu\/"},{"@type":"ListItem","position":2,"name":"Quellen"}]},{"@type":"WebSite","@id":"https:\/\/van-dorsten.eu\/de\/#website","url":"https:\/\/van-dorsten.eu\/de\/","name":"","description":"Genealogie","potentialAction":[{"@type":"SearchAction","target":{"@type":"EntryPoint","urlTemplate":"https:\/\/van-dorsten.eu\/de\/?s={search_term_string}"},"query-input":{"@type":"PropertyValueSpecification","valueRequired":true,"valueName":"search_term_string"}}],"inLanguage":"de"}]}},"_links":{"self":[{"href":"https:\/\/van-dorsten.eu\/de\/wp-json\/wp\/v2\/pages\/432"}],"collection":[{"href":"https:\/\/van-dorsten.eu\/de\/wp-json\/wp\/v2\/pages"}],"about":[{"href":"https:\/\/van-dorsten.eu\/de\/wp-json\/wp\/v2\/types\/page"}],"author":[{"embeddable":true,"href":"https:\/\/van-dorsten.eu\/de\/wp-json\/wp\/v2\/users\/1"}],"replies":[{"embeddable":true,"href":"https:\/\/van-dorsten.eu\/de\/wp-json\/wp\/v2\/comments?post=432"}],"version-history":[{"count":17,"href":"https:\/\/van-dorsten.eu\/de\/wp-json\/wp\/v2\/pages\/432\/revisions"}],"predecessor-version":[{"id":4232,"href":"https:\/\/van-dorsten.eu\/de\/wp-json\/wp\/v2\/pages\/432\/revisions\/4232"}],"wp:attachment":[{"href":"https:\/\/van-dorsten.eu\/de\/wp-json\/wp\/v2\/media?parent=432"}],"curies":[{"name":"wp","href":"https:\/\/api.w.org\/{rel}","templated":true}]}}