{"id":426,"date":"2017-05-16T12:24:59","date_gmt":"2017-05-16T10:24:59","guid":{"rendered":"http:\/\/van-dorsten.eu\/archief\/overzicht\/"},"modified":"2022-01-05T16:25:33","modified_gmt":"2022-01-05T15:25:33","slug":"introduktion","status":"publish","type":"page","link":"https:\/\/van-dorsten.eu\/de\/quellen\/introduktion\/?lang=de","title":{"rendered":"Introduktion"},"content":{"rendered":"<div data-elementor-type=\"wp-page\" data-elementor-id=\"426\" class=\"elementor elementor-426\">\n\t\t\t\t\t\t<section class=\"elementor-section elementor-top-section elementor-element elementor-element-1ae7bc29 elementor-section-boxed elementor-section-height-default elementor-section-height-default\" data-id=\"1ae7bc29\" data-element_type=\"section\">\n\t\t\t\t\t\t<div class=\"elementor-container elementor-column-gap-default\">\n\t\t\t\t\t<div class=\"elementor-column elementor-col-50 elementor-top-column elementor-element elementor-element-2d8917a7\" data-id=\"2d8917a7\" data-element_type=\"column\" data-settings=\"{&quot;background_background&quot;:&quot;classic&quot;}\">\n\t\t\t<div class=\"elementor-widget-wrap elementor-element-populated\">\n\t\t\t\t\t\t<div class=\"elementor-element elementor-element-649bbb62 elementor-widget elementor-widget-text-editor\" data-id=\"649bbb62\" data-element_type=\"widget\" data-widget_type=\"text-editor.default\">\n\t\t\t\t<div class=\"elementor-widget-container\">\n\t\t\t\t\t\t\t\t\t<h4 style=\"text-align: center;\"><span style=\"color: #ffcc00;\"><strong>Quellen &#8211; Introduktion<\/strong><\/span><\/h4><p>Es gibt sehr viele Quellen f\u00fcr die genealogische Forschung rund um den Namen Van Dorsten, Van Dorssen, Van Dorsen und Van Dorst. Diese sind in eine Reihe von M\u00f6glichkeiten zu kategorisieren. Dar\u00fcber hinaus k\u00f6nnen sie auch auf verschiedene und mehrere M\u00f6glichkeiten zug\u00e4nglich sein. Dort wo Sie sich fr\u00fcher k\u00f6rperlich verwendeten mussten um die Quellen zugreifen (Archive, pers\u00f6nliches wissen, THS-Register, B\u00fccher, Zeitungen) und original-Texte lesen musste (in der alten Originalsprache), ist dass heutzutage oft \u00fcber das Internet zug\u00e4nglich oder auf andere Weise elektronisch und mehr und mehr durch Indexdateien und Transkriptionen (Betrieb der digitalen Quelle).<\/p><p>Aus diesem Grund sind so auch viele Ereignisse unter den Namen gefunden, die nicht direkt an einen Stammbaum verkn\u00fcpft werden k\u00f6nnen. Aber diese sind interessant f\u00fcr die allgemeine Geschichte an der Name. In der Zeitleiste oben auf der Startseite der Website sehen Sie den Kontext (von au\u00dfen), die auch bestimmen wurden kann welche Archiven interessant sind, und eine Bar mit Veranstaltungen (Genealogie) wo man die wichtigsten Schlussfolgerungen der Analyse auf die Referenzen zur\u00fcck finden kann.<\/p><p>Es gibt viele nationale, regionale\/Bundesl\u00e4nder und lokalen Archiven, die verschiedenen Arten von Archiven mit anderen Anmeldeinformationen enthalten k\u00f6nnen:<\/p><ul><li>THS-Daten (bei Stammb\u00e4ume, au\u00dferhalb des g\u00fcltigen Bereichs hier) \u2013 Zeugen bei andere hier interessant<\/li><li>Notare \u2013 insbesondere Testamente, Sorgerecht Anordnung, Immobilien<\/li><li>Urkunden und Gerichtsbarkeit \u2013 sehr verschiedene Referenzen<\/li><li>Familie Archive von Noble\/reiche Familien \u2013 recht unterschiedlich, z. B. das Arbeitsverh\u00e4ltnis<\/li><li>Milit\u00e4r und Krieg Archive \u2013 sterben, Teilnahme, Registrierung, Noten<\/li><li>Universit\u00e4t Anmeldungen \u2013 wohlhabende Familien, Richtung bekannt, Alter<\/li><li>Steuern \u2013 zu verweisen, um zu leben, Reisen, zugreifen<\/li><li>Konten-Zahlungen und der Grund<\/li><li>Daten der Volksz\u00e4hlung \u2013 oft mit Geh\u00e4use Informationen und Zusammensetzung der Familie<\/li><li>Versand Archive (z. B. VOC) \u2013 Einschiffung, Teilnahme an Reisen, Tod<\/li><li>Handel Verwaltungen \u2013 kaufen und verkaufen, handelspolitischen Ma\u00dfnahmen<\/li><li>Wirtschaftsgeb\u00e4ude\/Registrierungen \u2013 Eigentumsrechte<\/li><li>Genealogische Untersuchungen (der anderen) \u2013 verwenden, \u00fcberpr\u00fcfen an der Quelle<\/li><li>(Alt) genealogische Zeitschriften \u2013 verwenden, \u00fcberpr\u00fcfen an der Quelle<\/li><li>Briefe und andere Post \u2013 kann viele Arten von Anmeldeinformationen enthalten<\/li><li>Krankheit-Verwaltung (z. B. Pest) \u2013 Tod, schon ziemlich genau<\/li><li>Dante \u2013 Besitz und Benutzerverwaltung<\/li><li>B\u00fcrger \u2013 Umzug in eine andere Stadt, Job<\/li><li>Gesch\u00e4ftsvermittler, Waisenh\u00e4user, Pensionen \u2013 Pr\u00e4senz, Zusammensetzung des Haushalts<\/li><li>Christliche Archive (Kloster, Bischof, Kirche, etc.) \u2013 fr\u00fcher sehr wichtig und viel<\/li><li>Alte Artikel (z.B. aus einer Zeitung), digitalisiert alte B\u00fccher<\/li><li>Alte \u00f6ffentliche Verwaltungen, wie das Heilige R\u00f6mische Reich, Sheriffs, etc..<\/li><li>Alte Bibliotheken (z. B. von Zutphen in der Kirche Walberg)<\/li><li>Und vieles mehr.<\/li><\/ul><p>Die Eintr\u00e4ge aus den Archiven (Referenzen) werden jetzt in einer Excel-Tabelle (m\u00f6glicherweise in einer zuk\u00fcnftigen Datenbank) aufgezeichnet, in der registriert wird, wo (Region, Stadt) die Referenz ist, wer erw\u00e4hnt wird und wann sie war. Die Regionen (Provinzen usw.) waren fr\u00fcher viel wichtiger, weil die Kontrolle viel lokaler war und die Archive oft auch auf regionaler Ebene sind. Die wichtigsten Regionen f\u00fcr diese Stammb\u00e4ume sind die niederl\u00e4ndischen Bundesl\u00e4nder Overijssel, Gelderland, Utrecht, S\u00fcdholland sowie die Bundesl\u00e4nder Niedersachsen und NRW.<\/p>\t\t\t\t\t\t\t\t<\/div>\n\t\t\t\t<\/div>\n\t\t\t\t\t<\/div>\n\t\t<\/div>\n\t\t\t\t<div class=\"elementor-column elementor-col-50 elementor-top-column elementor-element elementor-element-856f7b9\" data-id=\"856f7b9\" data-element_type=\"column\" data-settings=\"{&quot;background_background&quot;:&quot;classic&quot;}\">\n\t\t\t<div class=\"elementor-widget-wrap elementor-element-populated\">\n\t\t\t\t\t\t<div class=\"elementor-element elementor-element-5fe819f elementor-widget elementor-widget-sidebar\" data-id=\"5fe819f\" data-element_type=\"widget\" data-widget_type=\"sidebar.default\">\n\t\t\t\t<div class=\"elementor-widget-container\">\n\t\t\t\t\t<h3>Account<\/h3>\n<p><\/p>\n<form action=\"\/TNG\/processlogin.php\" method=\"post\" name=\"form1\" data-trp-original-action=\"\/TNG\/processlogin.php\">\n<div class=\"normal\">\n<div class=\"nw\" id=\"loginblock\">\n<div class=\"loginprompt\">Username: <\/div>\n<p>\t\t<input type=\"text\" name=\"tngusername\" class=\"loginfont medfield\" id=\"tngusername\" size=\"15\"><\/p>\n<div class=\"loginprompt\">Password: <\/div>\n<p>\t\t<input type=\"password\" name=\"tngpassword\" class=\"loginfont field\" id=\"tngpassword\" size=\"15\"><\/p>\n<div id=\"resetrow\" style=\"display:none\">\n<div class=\"loginprompt\">Nieuw wachtwoord: <\/div>\n<p>\t\t\t<input type=\"password\" name=\"newpassword\" class=\"medfield\" id=\"newpassword\">\n\t\t<\/div>\n<\/p><\/div>\n<div class=\"login-options\">\n\t\t<input type=\"checkbox\" name=\"remember\" value=\"1\"> Onthouden<br \/>\n\t\t<input type=\"checkbox\" name=\"resetpass\" value=\"1\" onclick=\"if(this.checked) {document.getElementById('resetrow').style.display='';} else {document.getElementById('resetrow').style.display='none';}\"> Wijzigen<\/div>\n<p>\n<a href=\"https:\/\/van-dorsten.eu\/TNG\/login.php\" class=\"btn\" value=\"Registreren\">Wachtwoord vergeten<\/a><\/p>\n<div>\n\t\t<input type=\"submit\" class=\"btn\" value=\"Aanmelden\"><br \/>\n<a href=\"https:\/\/van-dorsten.eu\/TNG\/newacctform.php\" class=\"btn\" value=\"Registreren\">Registreren<\/a><\/p>\n<\/p><\/div>\n<\/div>\n<input type=\"hidden\" name=\"trp-form-language\" value=\"de\"\/><\/form>\n<h3>Zoeken<\/h3>\n<p><\/p>\n<form method=\"get\" action=\"\/TNG\/search.php\" data-trp-original-action=\"\/TNG\/search.php\">\n<div class=\"normal\">\n<div class=\"nw\" id=\"stamboom\">\n<div class=\"loginprompt\">Stamboom<\/div>\n<td class=\"databack\">\n\t\t<select name=\"tree\" id=\"treeselect\" onchange=\"var tree=getTree(this); if( !tree ) tree = 'none'; swapBranches(document.search);\"><option value=\"-x--all--x-\" selected=\"selected\">Alle stambomen<\/option><option value=\"Dordrecht\">Dordrecht<\/option><option value=\"FT01\">Steenwijk<\/option><\/select><br \/>\n\t\t\t\t<select name=\"branch\" id=\"branch\"><option value=\"\">Alle takken<\/option><\/select><\/p>\n<div class=\"voornaam\">Voornaam<\/div>\n<p>\t\t<input type=\"hidden\" value=\"AND\" name=\"mybool\" \/><br \/>\n\t\t\t\t<input name=\"myfirstname\" type=\"text\" id=\"myfirstname\" size=\"15\"\/><\/p>\n<div class=\"achternaam\">Achternaam<\/div>\n<p>\t\t<input name=\"mylastname\" type=\"text\" id=\"mylastname\" size=\"15\" \/><\/p>\n<p>\t\t<input type=\"submit\" name=\"search\" value=\"Zoeken\"><\/p>\n<p>\t\t<span class=\"normal\"><a href=\"\/TNG\/searchform.php\">Geavanceerd zoeken<\/a><\/span>\n\t<\/div>\n<\/div>\n<input type=\"hidden\" name=\"trp-form-language\" value=\"de\"\/><\/form>\n<h3>Website<\/h3>\n<p><\/p>\n<form role=\"search\" method=\"get\" action=\"https:\/\/van-dorsten.eu\/de\/\" class=\"wp-block-search__button-outside wp-block-search__text-button wp-block-search\" data-trp-original-action=\"https:\/\/van-dorsten.eu\/\">\n<div class=\"wp-block-search__inside-wrapper\"><input type=\"search\" id=\"wp-block-search__input-1\" class=\"wp-block-search__input\" name=\"s\" value=\"\" placeholder=\"Type om te zoeken op de website\" required=\"\"><button type=\"submit\" class=\"wp-block-search__button\">Zoeken<\/button><\/div>\n<input type=\"hidden\" name=\"trp-form-language\" value=\"de\"\/><\/form>\n\t\t\t\t<\/div>\n\t\t\t\t<\/div>\n\t\t\t\t\t<\/div>\n\t\t<\/div>\n\t\t\t\t\t<\/div>\n\t\t<\/section>\n\t\t\t\t<\/div>","protected":false},"excerpt":{"rendered":"<p>Quellen &#8211; Introduktion Es gibt sehr viele Quellen f\u00fcr die genealogische Forschung rund um den Namen Van Dorsten, Van Dorssen, Van Dorsen und Van Dorst. Diese sind in eine Reihe von M\u00f6glichkeiten zu kategorisieren. Dar\u00fcber hinaus k\u00f6nnen sie auch auf verschiedene und mehrere M\u00f6glichkeiten zug\u00e4nglich sein. Dort wo Sie sich fr\u00fcher k\u00f6rperlich verwendeten mussten um &hellip;<\/p>\n<p class=\"read-more\"> <a class=\"\" href=\"https:\/\/van-dorsten.eu\/de\/quellen\/introduktion\/?lang=de\"> <span class=\"screen-reader-text\">Introduktion<\/span> Read More \u00bb<\/a><\/p>","protected":false},"author":1,"featured_media":0,"parent":432,"menu_order":0,"comment_status":"closed","ping_status":"closed","template":"elementor_header_footer","meta":{"site-sidebar-layout":"default","site-content-layout":"default","ast-main-header-display":"","ast-hfb-above-header-display":"","ast-hfb-below-header-display":"","ast-hfb-mobile-header-display":"","site-post-title":"","ast-breadcrumbs-content":"","ast-featured-img":"","footer-sml-layout":"","theme-transparent-header-meta":"default","adv-header-id-meta":"","stick-header-meta":"","header-above-stick-meta":"","header-main-stick-meta":"","header-below-stick-meta":"","footnotes":""},"yoast_head":"<!-- This site is optimized with the Yoast SEO plugin v24.5 - https:\/\/yoast.com\/wordpress\/plugins\/seo\/ -->\n<title>Van Dorsten Stammbaum - Archiven - \u00dcbersicht<\/title>\n<meta name=\"description\" content=\"Es gibt bereits viele Archive durchsucht, aber dies geschah immer auf digitale Quelldateien (also um elektronisch zu suchen).\" \/>\n<meta name=\"robots\" content=\"index, follow, max-snippet:-1, max-image-preview:large, max-video-preview:-1\" \/>\n<link rel=\"canonical\" href=\"https:\/\/van-dorsten.eu\/de\/quellen\/introduktion\/\" \/>\n<meta property=\"og:locale\" content=\"de_DE\" \/>\n<meta property=\"og:type\" content=\"article\" \/>\n<meta property=\"og:title\" content=\"Van Dorsten Stammbaum - Archiven - \u00dcbersicht\" \/>\n<meta property=\"og:description\" content=\"Es gibt bereits viele Archive durchsucht, aber dies geschah immer auf digitale Quelldateien (also um elektronisch zu suchen).\" \/>\n<meta property=\"og:url\" content=\"https:\/\/van-dorsten.eu\/de\/quellen\/introduktion\/?lang=de\" \/>\n<meta property=\"article:modified_time\" content=\"2022-01-05T15:25:33+00:00\" \/>\n<meta name=\"twitter:card\" content=\"summary_large_image\" \/>\n<meta name=\"twitter:label1\" content=\"Gesch\u00e4tzte Lesezeit\" \/>\n\t<meta name=\"twitter:data1\" content=\"3\u00a0Minuten\" \/>\n<script type=\"application\/ld+json\" class=\"yoast-schema-graph\">{\"@context\":\"https:\/\/schema.org\",\"@graph\":[{\"@type\":\"WebPage\",\"@id\":\"https:\/\/van-dorsten.eu\/quellen\/introduktion\/?lang=de\",\"url\":\"https:\/\/van-dorsten.eu\/quellen\/introduktion\/?lang=de\",\"name\":\"Van Dorsten Stammbaum - Archiven - \u00dcbersicht\",\"isPartOf\":{\"@id\":\"https:\/\/van-dorsten.eu\/de\/#website\"},\"datePublished\":\"2017-05-16T10:24:59+00:00\",\"dateModified\":\"2022-01-05T15:25:33+00:00\",\"description\":\"Es gibt bereits viele Archive durchsucht, aber dies geschah immer auf digitale Quelldateien (also um elektronisch zu suchen).\",\"breadcrumb\":{\"@id\":\"https:\/\/van-dorsten.eu\/quellen\/introduktion\/?lang=de#breadcrumb\"},\"inLanguage\":\"de\",\"potentialAction\":[{\"@type\":\"ReadAction\",\"target\":[\"https:\/\/van-dorsten.eu\/quellen\/introduktion\/?lang=de\"]}]},{\"@type\":\"BreadcrumbList\",\"@id\":\"https:\/\/van-dorsten.eu\/quellen\/introduktion\/?lang=de#breadcrumb\",\"itemListElement\":[{\"@type\":\"ListItem\",\"position\":1,\"name\":\"Home\",\"item\":\"https:\/\/van-dorsten.eu\/\"},{\"@type\":\"ListItem\",\"position\":2,\"name\":\"Quellen\",\"item\":\"https:\/\/van-dorsten.eu\/quellen\/?lang=de\"},{\"@type\":\"ListItem\",\"position\":3,\"name\":\"Introduktion\"}]},{\"@type\":\"WebSite\",\"@id\":\"https:\/\/van-dorsten.eu\/de\/#website\",\"url\":\"https:\/\/van-dorsten.eu\/de\/\",\"name\":\"\",\"description\":\"Genealogie\",\"potentialAction\":[{\"@type\":\"SearchAction\",\"target\":{\"@type\":\"EntryPoint\",\"urlTemplate\":\"https:\/\/van-dorsten.eu\/de\/?s={search_term_string}\"},\"query-input\":{\"@type\":\"PropertyValueSpecification\",\"valueRequired\":true,\"valueName\":\"search_term_string\"}}],\"inLanguage\":\"de\"}]}<\/script>\n<!-- \/ Yoast SEO plugin. -->","yoast_head_json":{"title":"Van Dorsten Stammbaum - Archiven - \u00dcbersicht","description":"Es gibt bereits viele Archive durchsucht, aber dies geschah immer auf digitale Quelldateien (also um elektronisch zu suchen).","robots":{"index":"index","follow":"follow","max-snippet":"max-snippet:-1","max-image-preview":"max-image-preview:large","max-video-preview":"max-video-preview:-1"},"canonical":"https:\/\/van-dorsten.eu\/de\/quellen\/introduktion\/","og_locale":"de_DE","og_type":"article","og_title":"Van Dorsten Stammbaum - Archiven - \u00dcbersicht","og_description":"Es gibt bereits viele Archive durchsucht, aber dies geschah immer auf digitale Quelldateien (also um elektronisch zu suchen).","og_url":"https:\/\/van-dorsten.eu\/de\/quellen\/introduktion\/?lang=de","article_modified_time":"2022-01-05T15:25:33+00:00","twitter_card":"summary_large_image","twitter_misc":{"Gesch\u00e4tzte Lesezeit":"3\u00a0Minuten"},"schema":{"@context":"https:\/\/schema.org","@graph":[{"@type":"WebPage","@id":"https:\/\/van-dorsten.eu\/quellen\/introduktion\/?lang=de","url":"https:\/\/van-dorsten.eu\/quellen\/introduktion\/?lang=de","name":"Van Dorsten Stammbaum - Archiven - \u00dcbersicht","isPartOf":{"@id":"https:\/\/van-dorsten.eu\/de\/#website"},"datePublished":"2017-05-16T10:24:59+00:00","dateModified":"2022-01-05T15:25:33+00:00","description":"Es gibt bereits viele Archive durchsucht, aber dies geschah immer auf digitale Quelldateien (also um elektronisch zu suchen).","breadcrumb":{"@id":"https:\/\/van-dorsten.eu\/quellen\/introduktion\/?lang=de#breadcrumb"},"inLanguage":"de","potentialAction":[{"@type":"ReadAction","target":["https:\/\/van-dorsten.eu\/quellen\/introduktion\/?lang=de"]}]},{"@type":"BreadcrumbList","@id":"https:\/\/van-dorsten.eu\/quellen\/introduktion\/?lang=de#breadcrumb","itemListElement":[{"@type":"ListItem","position":1,"name":"Home","item":"https:\/\/van-dorsten.eu\/"},{"@type":"ListItem","position":2,"name":"Quellen","item":"https:\/\/van-dorsten.eu\/quellen\/?lang=de"},{"@type":"ListItem","position":3,"name":"Introduktion"}]},{"@type":"WebSite","@id":"https:\/\/van-dorsten.eu\/de\/#website","url":"https:\/\/van-dorsten.eu\/de\/","name":"","description":"Genealogie","potentialAction":[{"@type":"SearchAction","target":{"@type":"EntryPoint","urlTemplate":"https:\/\/van-dorsten.eu\/de\/?s={search_term_string}"},"query-input":{"@type":"PropertyValueSpecification","valueRequired":true,"valueName":"search_term_string"}}],"inLanguage":"de"}]}},"_links":{"self":[{"href":"https:\/\/van-dorsten.eu\/de\/wp-json\/wp\/v2\/pages\/426"}],"collection":[{"href":"https:\/\/van-dorsten.eu\/de\/wp-json\/wp\/v2\/pages"}],"about":[{"href":"https:\/\/van-dorsten.eu\/de\/wp-json\/wp\/v2\/types\/page"}],"author":[{"embeddable":true,"href":"https:\/\/van-dorsten.eu\/de\/wp-json\/wp\/v2\/users\/1"}],"replies":[{"embeddable":true,"href":"https:\/\/van-dorsten.eu\/de\/wp-json\/wp\/v2\/comments?post=426"}],"version-history":[{"count":10,"href":"https:\/\/van-dorsten.eu\/de\/wp-json\/wp\/v2\/pages\/426\/revisions"}],"predecessor-version":[{"id":3891,"href":"https:\/\/van-dorsten.eu\/de\/wp-json\/wp\/v2\/pages\/426\/revisions\/3891"}],"up":[{"embeddable":true,"href":"https:\/\/van-dorsten.eu\/de\/wp-json\/wp\/v2\/pages\/432"}],"wp:attachment":[{"href":"https:\/\/van-dorsten.eu\/de\/wp-json\/wp\/v2\/media?parent=426"}],"curies":[{"name":"wp","href":"https:\/\/api.w.org\/{rel}","templated":true}]}}