{"id":420,"date":"2017-05-16T12:25:23","date_gmt":"2017-05-16T10:25:23","guid":{"rendered":"http:\/\/van-dorsten.eu\/archief\/analyse\/"},"modified":"2022-01-05T16:26:13","modified_gmt":"2022-01-05T15:26:13","slug":"analyse","status":"publish","type":"page","link":"https:\/\/van-dorsten.eu\/de\/quellen\/analyse\/?lang=de","title":{"rendered":"Analyse"},"content":{"rendered":"<div data-elementor-type=\"wp-page\" data-elementor-id=\"420\" class=\"elementor elementor-420\">\n\t\t\t\t\t\t<section class=\"elementor-section elementor-top-section elementor-element elementor-element-5fae8aa1 elementor-section-boxed elementor-section-height-default elementor-section-height-default\" data-id=\"5fae8aa1\" data-element_type=\"section\">\n\t\t\t\t\t\t<div class=\"elementor-container elementor-column-gap-default\">\n\t\t\t\t\t<div class=\"elementor-column elementor-col-100 elementor-top-column elementor-element elementor-element-5c46dc2d\" data-id=\"5c46dc2d\" data-element_type=\"column\">\n\t\t\t<div class=\"elementor-widget-wrap elementor-element-populated\">\n\t\t\t\t\t\t<div class=\"elementor-element elementor-element-5406807 elementor-widget elementor-widget-image\" data-id=\"5406807\" data-element_type=\"widget\" data-widget_type=\"image.default\">\n\t\t\t\t<div class=\"elementor-widget-container\">\n\t\t\t\t\t\t\t\t\t\t\t\t\t\t\t<img fetchpriority=\"high\" decoding=\"async\" width=\"4012\" height=\"387\" src=\"https:\/\/van-dorsten.eu\/wp-content\/uploads\/2021\/02\/Algemeen-Tijdsbalk.png\" class=\"attachment-full size-full wp-image-2956\" alt=\"\" srcset=\"https:\/\/van-dorsten.eu\/wp-content\/uploads\/2021\/02\/Algemeen-Tijdsbalk.png 4012w, https:\/\/van-dorsten.eu\/wp-content\/uploads\/2021\/02\/Algemeen-Tijdsbalk-300x29.png 300w, https:\/\/van-dorsten.eu\/wp-content\/uploads\/2021\/02\/Algemeen-Tijdsbalk-1024x99.png 1024w, https:\/\/van-dorsten.eu\/wp-content\/uploads\/2021\/02\/Algemeen-Tijdsbalk-768x74.png 768w, https:\/\/van-dorsten.eu\/wp-content\/uploads\/2021\/02\/Algemeen-Tijdsbalk-1536x148.png 1536w, https:\/\/van-dorsten.eu\/wp-content\/uploads\/2021\/02\/Algemeen-Tijdsbalk-2048x198.png 2048w\" sizes=\"(max-width: 4012px) 100vw, 4012px\" \/>\t\t\t\t\t\t\t\t\t\t\t\t\t\t\t<\/div>\n\t\t\t\t<\/div>\n\t\t\t\t\t<\/div>\n\t\t<\/div>\n\t\t\t\t\t<\/div>\n\t\t<\/section>\n\t\t\t\t<section class=\"elementor-section elementor-top-section elementor-element elementor-element-4447710 elementor-section-boxed elementor-section-height-default elementor-section-height-default\" data-id=\"4447710\" data-element_type=\"section\">\n\t\t\t\t\t\t<div class=\"elementor-container elementor-column-gap-default\">\n\t\t\t\t\t<div class=\"elementor-column elementor-col-66 elementor-top-column elementor-element elementor-element-95821e6\" data-id=\"95821e6\" data-element_type=\"column\" data-settings=\"{&quot;background_background&quot;:&quot;classic&quot;}\">\n\t\t\t<div class=\"elementor-widget-wrap elementor-element-populated\">\n\t\t\t\t\t\t<div class=\"elementor-element elementor-element-546fb83 elementor-widget elementor-widget-text-editor\" data-id=\"546fb83\" data-element_type=\"widget\" data-widget_type=\"text-editor.default\">\n\t\t\t\t<div class=\"elementor-widget-container\">\n\t\t\t\t\t\t\t\t\t<h4 style=\"text-align: center;\"><span style=\"color: #ffcc00;\"><strong>Quellen &#8211; Analyse<\/strong><\/span><\/h4><p>Dies ist die allgemeine Analyse basierend auf alle gefundenen Ereignisse bis etwa 1800:<\/p><ul><li>1285-1315 In der bisch\u00f6flichen Verwaltung von Utrecht und der Rechte in der Lagerst\u00e4tte von Amstel (in der N\u00e4he von Utrecht) stehen schon verschiedene Personen mit dem Namen Van Dorssen\/Dorsken\/Dorsghen<\/li><li>1331 die erste Van Dorsten Meldung in Osnabr\u00fcck<\/li><li>1348 die erste Van Dorst Meldung in Baerle<\/li><li>1359-1390 Mehrere Van Dorsten Benachrichtigungen in Rostock (Hansestadt) in Mecklenburgs Urkundenbuch<\/li><li>1386-1406 Handelsberichte Borchard &amp; Wessel van Dorsten im Erbeb\u00fccher von Riga<\/li><li>1389-1478 Vielfach mehrere Personen in der Verwaltung des Heiligen R\u00f6mischen Reiches<\/li><li>1400-1600 verschiedenen geistlichen bekannt als Pfarrer, M\u00f6nch, Nonne, Priester, Prior, Rektor an mehreren Standorten in beiden Erzbist\u00fcmer (K\u00f6ln und Utrecht)<\/li><li>1420-1600 Bis 1500 eine wohlhabenden Familie in Zutphen mit vielen Van Dorstens und mehrere H\u00e4user, auch noch unterschiedliche Referenzen im Zeitraum bis 1600<\/li><li>1400-1450 Lie\u00df sich viele Menschen mit dem Namen in verschiedenen Orten, besonders an den Fl\u00fcssen (Arnheim, Nijmegen, Den Bosch, Zwolle, Deventer, Utrecht, Harderwijk)<\/li><li>1450-1500 Viel Aktivit\u00e4t in Zwolle und Arnhem, nach dem Jahr 1482 auch in Kampen<\/li><li>1500-1550 Der Name wird h\u00e4ufig erw\u00e4hnt in Akten von Kampen (Van Dursten) und Breda (Van Dorst), aber auch viele Male in verschiedenen Dokumenten in Soest, Utrecht und Amersfoort. Noch immer viele Namen in Zutphen, Zwolle und auch die ersten Berichte in Leiden.<\/li><li>1500-1600 Die wohlhabende Familie von Zutphen\/Vorden erfolgt sich in der N\u00e4he von Amersfoort<\/li><li>1500-1680 Die wohlhabende Familie des Stammbaums von Neuenhaus verliert das Vermogen, sondern bekommt noch eine weitere Fortsetzung in Arnheim \u00fcber eine Goldschmied in einem niederl\u00e4ndischen Stamm<\/li><li>1500-1750 Viele Berichte in Kampen, einer wohlhabenden Familie von etwa 1570 bis 1730 (am Ende ein Schiffsreeder in Amsterdam), ein St\u00fcck Land (Dorstener Schlag) benannt und dennoch kontakten in M\u00fcnsterland<\/li><li>1550-1600 Viele Berichte in Amersfoort, Arnhem und Amsterdam<\/li><li>1570-1610 Einer wohlhabenden Familie in Arnheim<\/li><li>1600-1700 \u00dcberall viel genannt, zB in den Archiven der Stadt von Utrecht, Rotterdam, Amsterdam, Leiden, Utrecht, Den Haag und Delft. Auch in Doetinchem, Bredevoort, Leeuwarden.<\/li><li>1620-1670 Wohlhabenden Familie (Seidentuch H\u00e4ndler) in Utrecht<\/li><li>1620-1720 Reichen Stammbaum in Dordrecht \u00fcber Breda aus Dorst (Brauerei, Seidentuch Handel)<\/li><li>1630-1690 Wohlhabenden Handel Familie (B\u00e4ckerei nach Versand und Weinhandel) in Rotterdam<\/li><li>1700-1800 Viele Datens\u00e4tze an sehr vielen Orten (in- und Ausland) und der verschiedenen Natur<\/li><\/ul><p>Es gibt fr\u00fcher mehrere wohlhabende Familien mit dem Namen Van Dorsten. Es scheint wahrscheinlich, dass diese weitgehend miteinander verwandt sind (wie wahrscheinlich ist es, dass es mehrere wohlhabende Familien gibt \u2013 kein Adel \u2013 aus der wohlhabenden Hansestadt Dorsten?).<\/p><p>Dar\u00fcber hinaus ein spezifischer \u00dcberblick \u00fcber sogenannte Wissen Sie Das bis 1800:<\/p><ul><li>Von 1371-1381 wurde Dirk van Dorsten Richter in Wijhe und Umgebung (auch Deventer, Putten)<\/li><li>Von 1386-1396 wurde Hendrick de Dorsten der 1. Magistrat der Universit\u00e4t in Heidelberg (DL)<\/li><li>Um 1400 wurde Johannes van Dorsten eine bekannte Canon (1392-Aachen) und Pastor (1400 Deurne und Bakel)<\/li><li>Von 1402-1495 besa\u00df eine Familie die Farm Groot Jymminck in Vorden (Zutphen); Dieser Bauernhof ist noch vorhanden!<\/li><li>Sohn Willem (von einer Tochter derselben Familie, die mit Emelair verheiratet war) nannte sich Van Dorsten und f\u00fchrte den Zweig in der N\u00e4he von Amersfoort bis zum Beginn des 17. Jahrhunderts fort<\/li><li>Von 1402-1426 war Tyman van Dorschen B\u00fcrgermeister und Stadtrat in Utrecht; Sohn Willem war ein bekannter Schriftsteller (1426-1438) und wurde im Jahre 1438 enthauptet<\/li><li>Im Jahre 1409 wurde Bertramus de Dursten Magistrat der Stadt Dortmund (weitere Berichte im Stift K\u00f6ln)<\/li><li>Im Jahre 1411 wurde Hermannus Prekel de Dursten der kaiserlichen Notar in K\u00f6ln<\/li><li>Von 1420-1426 war Gerhard van Dursten genannt als Rektor der Katharinenkapel (DL-NRW)<\/li><li>Im Jahre 1425 wurde Wenemar de Dursten die p\u00e4pstliche Notar in K\u00f6ln<\/li><li>Im Jahre 1443 war Burchard van Dursten der K\u00f6lner Di\u00f6zese Kleriker Und Schreiber des Ausstellers (in Basel)<\/li><li>Von 1420-1481 war Johannes Bauer de Dorsten Professor in Erfurt und sp\u00e4ter Augustinerm\u00f6nch<\/li><li>Im Jahre 1450 ist Johann van Dorsten Prior des Klosters Ellen und Gr\u00fcnder von Marienborn<\/li><li>Von 1457-1482 zwei Vikare in Walburgskerk in Zutphen (Johan, Claes)<\/li><li>Von 1430-1481 war Aarnout van Dorsten M\u00f6nch und Prior Onderprior einer Kloster in Groningen<\/li><li>Im 1535 starb Philosoph, Schriftgelehrte und Canon Arnold (auch Canon Bruder Ernst) in Utrecht<\/li><li>Sp\u00e4t 16. Jahrhundert war Herman van Dorsten den Wert des Golden Engel in Arnheim<\/li><li>Sp\u00e4t 16. Jahrhundert war Jutta van Dorsten Subprioriune einer Kloster in\/bei Arnheim<\/li><li>Ende des 16. Jahrhunderts gab es in Vlaardingen einen Joris van Dorsten Steech<\/li><li>Von 1520-1680 wurden verschiedene Mitglieder des Stammbaums Neuenhaus B\u00fcrgermeister in Neuenhaus (5), Nordhorn (2) und Emden. Dar\u00fcber hinaus noch viele von ihnen auch Brauer\/Wein H\u00e4ndler; Siehe auch den spezifischen Stammbaum<\/li><li>Im Jahre 1630 ist Johan van Dorsten Canon von St. Marien in Utrecht<\/li><li>Im fr\u00fchen 17. Jahrhundert lebten ein bekannter Dichter \/ Schriftsteller Joost Krijnen (auch Justinius Quirinus oder Jacobus Cornelissen genannt) und der Buchh\u00e4ndler Balthasar Krijnen in Amsterdam und werden in verschiedenen Referenzen genannt<\/li><li>Die Tochter von Jacobs zweiter Frau in Bredevoort wurde die Frau von Rembrandt van Rijn<\/li><li>Im Jahre 1635 war Johan van Dorsten Schulmeister in Brielle und Lieutenant von Orange Vendel sch\u00fctzen. Sein Grabstein ist noch zu besuchen (Foto im Besitz). Die Familie wurde wohlhabend im Handel in Rotterdam<\/li><li>Zwischen 1600-1700 hat der Dordrecht-Stammbaum verschiedene bekannte, wie z. B. ein Rechtsanwalt bei Gericht von Holland, Maler (Sch\u00fcler von Rembrandt) und Mitglied des Board of Admiralty produziert; Siehe auch den spezifischen Stammbaum<\/li><li>Am Ende des 17. Jahrhunderts starb Christiaan Huygens in das Haus der Witwe von Dorsten<\/li><li>Von 1600-1800 wurde ein St\u00fcck Land in der N\u00e4he von Kampen benannt: Dorstens Slag<\/li><li>Gegen 1700 war Dirck van Dursten aus Kampen in einem \u2018Beterhuys\u2019 (f\u00fcr Sch\u00fcrzenj\u00e4ger in der Familie!) in Utrecht<\/li><li>Seit 1700 waren vielen in Zwartsluis Stammbaum Skipper, Schiffsknecht, Segler oder Schiffszimmermann (bis zum letzten Jahrhundert); Siehe auch den spezifischen Stammbaum<\/li><li>Um 1710 war Bernard van Dorsten eine bekannte Stadt Ansager in Breda<\/li><li>Von 1710-1725 war Nicolaas (Claas) Sergeant Major oder Wachtmeister in Kampen<\/li><li>Um 1720 war ein bekannter Reeder Pieter van Dorsten aus Kampen in Amsterdam (Grabstein ist noch da)<\/li><li>Im Jahre 1743 in Utrecht nach Aussage von Zeugen beim Notar eine Willem van Dorsten (Soldat) 30 Jahre verheiratet war, aber regelm\u00e4\u00dfig an einer anderen Frau Kinder bekam<\/li><li>Mitte des 18. Jahrhunderts war Jacob van Dorssen in Vreeland Stammbaum Hilfsbeamter in Loenen und Canon in der Dom-Kirche in Utrecht. Siehe auch den spezifischen Stammbaum<\/li><li>Ab 1750 hat den Leiden-Stammbaum viele B\u00e4cker geliefert; Siehe auch die spezifischen Stammbaum<\/li><li>Der Stammbaum von Bramsche bestand zun\u00e4chst aus Schuhmachern und sp\u00e4ter haupts\u00e4chlich aus B\u00e4ckern, ebenfalls im gro\u00dfen Zweig nach Leiden; Siehe auch den spezifischen Stammbaum<\/li><li>Von 1770-1930 besa\u00df die Steenwijk Stammbaum eine Gerberei; Siehe auch den spezifischen Stammbaum<\/li><li>Im Jahre 1787 wurde Jan Willem van Dorsten \u2018Unterschulze\u2019 in Niederl\u00e4ndisch-Indien<\/li><\/ul><p>Um 1790 wurde Rudolph van Dorsten Gesandter in den Vereinigten Staaten<\/p>\t\t\t\t\t\t\t\t<\/div>\n\t\t\t\t<\/div>\n\t\t\t\t\t<\/div>\n\t\t<\/div>\n\t\t\t\t<div class=\"elementor-column elementor-col-33 elementor-top-column elementor-element elementor-element-dcbf3a1\" data-id=\"dcbf3a1\" data-element_type=\"column\" data-settings=\"{&quot;background_background&quot;:&quot;classic&quot;}\">\n\t\t\t<div class=\"elementor-widget-wrap elementor-element-populated\">\n\t\t\t\t\t\t<div class=\"elementor-element elementor-element-2b11634 elementor-widget elementor-widget-sidebar\" data-id=\"2b11634\" data-element_type=\"widget\" data-widget_type=\"sidebar.default\">\n\t\t\t\t<div class=\"elementor-widget-container\">\n\t\t\t\t\t<h3>Account<\/h3>\n<p><\/p>\n<form action=\"\/TNG\/processlogin.php\" method=\"post\" name=\"form1\" data-trp-original-action=\"\/TNG\/processlogin.php\">\n<div class=\"normal\">\n<div class=\"nw\" id=\"loginblock\">\n<div class=\"loginprompt\">Username: <\/div>\n<p>\t\t<input type=\"text\" name=\"tngusername\" class=\"loginfont medfield\" id=\"tngusername\" size=\"15\"><\/p>\n<div class=\"loginprompt\">Password: <\/div>\n<p>\t\t<input type=\"password\" name=\"tngpassword\" class=\"loginfont field\" id=\"tngpassword\" size=\"15\"><\/p>\n<div id=\"resetrow\" style=\"display:none\">\n<div class=\"loginprompt\">Nieuw wachtwoord: <\/div>\n<p>\t\t\t<input type=\"password\" name=\"newpassword\" class=\"medfield\" id=\"newpassword\">\n\t\t<\/div>\n<\/p><\/div>\n<div class=\"login-options\">\n\t\t<input type=\"checkbox\" name=\"remember\" value=\"1\"> Onthouden<br \/>\n\t\t<input type=\"checkbox\" name=\"resetpass\" value=\"1\" onclick=\"if(this.checked) {document.getElementById('resetrow').style.display='';} else {document.getElementById('resetrow').style.display='none';}\"> Wijzigen<\/div>\n<p>\n<a href=\"https:\/\/van-dorsten.eu\/TNG\/login.php\" class=\"btn\" value=\"Registreren\">Wachtwoord vergeten<\/a><\/p>\n<div>\n\t\t<input type=\"submit\" class=\"btn\" value=\"Aanmelden\"><br \/>\n<a href=\"https:\/\/van-dorsten.eu\/TNG\/newacctform.php\" class=\"btn\" value=\"Registreren\">Registreren<\/a><\/p>\n<\/p><\/div>\n<\/div>\n<input type=\"hidden\" name=\"trp-form-language\" value=\"de\"\/><\/form>\n<h3>Zoeken<\/h3>\n<p><\/p>\n<form method=\"get\" action=\"\/TNG\/search.php\" data-trp-original-action=\"\/TNG\/search.php\">\n<div class=\"normal\">\n<div class=\"nw\" id=\"stamboom\">\n<div class=\"loginprompt\">Stamboom<\/div>\n<td class=\"databack\">\n\t\t<select name=\"tree\" id=\"treeselect\" onchange=\"var tree=getTree(this); if( !tree ) tree = 'none'; swapBranches(document.search);\"><option value=\"-x--all--x-\" selected=\"selected\">Alle stambomen<\/option><option value=\"Dordrecht\">Dordrecht<\/option><option value=\"FT01\">Steenwijk<\/option><\/select><br \/>\n\t\t\t\t<select name=\"branch\" id=\"branch\"><option value=\"\">Alle takken<\/option><\/select><\/p>\n<div class=\"voornaam\">Voornaam<\/div>\n<p>\t\t<input type=\"hidden\" value=\"AND\" name=\"mybool\" \/><br \/>\n\t\t\t\t<input name=\"myfirstname\" type=\"text\" id=\"myfirstname\" size=\"15\"\/><\/p>\n<div class=\"achternaam\">Achternaam<\/div>\n<p>\t\t<input name=\"mylastname\" type=\"text\" id=\"mylastname\" size=\"15\" \/><\/p>\n<p>\t\t<input type=\"submit\" name=\"search\" value=\"Zoeken\"><\/p>\n<p>\t\t<span class=\"normal\"><a href=\"\/TNG\/searchform.php\">Geavanceerd zoeken<\/a><\/span>\n\t<\/div>\n<\/div>\n<input type=\"hidden\" name=\"trp-form-language\" value=\"de\"\/><\/form>\n<h3>Website<\/h3>\n<p><\/p>\n<form role=\"search\" method=\"get\" action=\"https:\/\/van-dorsten.eu\/de\/\" class=\"wp-block-search__button-outside wp-block-search__text-button wp-block-search\" data-trp-original-action=\"https:\/\/van-dorsten.eu\/\">\n<div class=\"wp-block-search__inside-wrapper\"><input type=\"search\" id=\"wp-block-search__input-1\" class=\"wp-block-search__input\" name=\"s\" value=\"\" placeholder=\"Type om te zoeken op de website\" required=\"\"><button type=\"submit\" class=\"wp-block-search__button\">Zoeken<\/button><\/div>\n<input type=\"hidden\" name=\"trp-form-language\" value=\"de\"\/><\/form>\n\t\t\t\t<\/div>\n\t\t\t\t<\/div>\n\t\t\t\t\t<\/div>\n\t\t<\/div>\n\t\t\t\t\t<\/div>\n\t\t<\/section>\n\t\t\t\t<\/div>","protected":false},"excerpt":{"rendered":"<p>Quellen &#8211; Analyse Dies ist die allgemeine Analyse basierend auf alle gefundenen Ereignisse bis etwa 1800: 1285-1315 In der bisch\u00f6flichen Verwaltung von Utrecht und der Rechte in der Lagerst\u00e4tte von Amstel (in der N\u00e4he von Utrecht) stehen schon verschiedene Personen mit dem Namen Van Dorssen\/Dorsken\/Dorsghen 1331 die erste Van Dorsten Meldung in Osnabr\u00fcck 1348 die &hellip;<\/p>\n<p class=\"read-more\"> <a class=\"\" href=\"https:\/\/van-dorsten.eu\/de\/quellen\/analyse\/?lang=de\"> <span class=\"screen-reader-text\">Analyse<\/span> Read More \u00bb<\/a><\/p>","protected":false},"author":1,"featured_media":0,"parent":432,"menu_order":0,"comment_status":"closed","ping_status":"closed","template":"elementor_header_footer","meta":{"site-sidebar-layout":"default","site-content-layout":"default","ast-main-header-display":"","ast-hfb-above-header-display":"","ast-hfb-below-header-display":"","ast-hfb-mobile-header-display":"","site-post-title":"","ast-breadcrumbs-content":"","ast-featured-img":"","footer-sml-layout":"","theme-transparent-header-meta":"default","adv-header-id-meta":"","stick-header-meta":"","header-above-stick-meta":"","header-main-stick-meta":"","header-below-stick-meta":"","footnotes":""},"yoast_head":"<!-- This site is optimized with the Yoast SEO plugin v24.5 - https:\/\/yoast.com\/wordpress\/plugins\/seo\/ -->\n<title>Van Dorsten Stammbaum - Archiven - Analyse der Referenzen<\/title>\n<meta name=\"description\" content=\"Dies ist die allgemeine Analyse basierend auf alle gefundenen Ereignisse bis etwa 1800 und sonstige relatierte Informationen\" \/>\n<meta name=\"robots\" content=\"index, follow, max-snippet:-1, max-image-preview:large, max-video-preview:-1\" \/>\n<link rel=\"canonical\" href=\"https:\/\/van-dorsten.eu\/de\/quellen\/analyse\/\" \/>\n<meta property=\"og:locale\" content=\"de_DE\" \/>\n<meta property=\"og:type\" content=\"article\" \/>\n<meta property=\"og:title\" content=\"Van Dorsten Stammbaum - Archiven - Analyse der Referenzen\" \/>\n<meta property=\"og:description\" content=\"Dies ist die allgemeine Analyse basierend auf alle gefundenen Ereignisse bis etwa 1800 und sonstige relatierte Informationen\" \/>\n<meta property=\"og:url\" content=\"https:\/\/van-dorsten.eu\/de\/quellen\/analyse\/?lang=de\" \/>\n<meta property=\"article:modified_time\" content=\"2022-01-05T15:26:13+00:00\" \/>\n<meta property=\"og:image\" content=\"https:\/\/van-dorsten.eu\/wp-content\/uploads\/2021\/02\/Algemeen-Tijdsbalk.png\" \/>\n<meta name=\"twitter:card\" content=\"summary_large_image\" \/>\n<meta name=\"twitter:label1\" content=\"Gesch\u00e4tzte Lesezeit\" \/>\n\t<meta name=\"twitter:data1\" content=\"6\u00a0Minuten\" \/>\n<script type=\"application\/ld+json\" class=\"yoast-schema-graph\">{\"@context\":\"https:\/\/schema.org\",\"@graph\":[{\"@type\":\"WebPage\",\"@id\":\"https:\/\/van-dorsten.eu\/quellen\/analyse\/?lang=de\",\"url\":\"https:\/\/van-dorsten.eu\/quellen\/analyse\/?lang=de\",\"name\":\"Van Dorsten Stammbaum - Archiven - Analyse der Referenzen\",\"isPartOf\":{\"@id\":\"https:\/\/van-dorsten.eu\/de\/#website\"},\"primaryImageOfPage\":{\"@id\":\"https:\/\/van-dorsten.eu\/quellen\/analyse\/?lang=de#primaryimage\"},\"image\":{\"@id\":\"https:\/\/van-dorsten.eu\/quellen\/analyse\/?lang=de#primaryimage\"},\"thumbnailUrl\":\"https:\/\/van-dorsten.eu\/wp-content\/uploads\/2021\/02\/Algemeen-Tijdsbalk.png\",\"datePublished\":\"2017-05-16T10:25:23+00:00\",\"dateModified\":\"2022-01-05T15:26:13+00:00\",\"description\":\"Dies ist die allgemeine Analyse basierend auf alle gefundenen Ereignisse bis etwa 1800 und sonstige relatierte Informationen\",\"breadcrumb\":{\"@id\":\"https:\/\/van-dorsten.eu\/quellen\/analyse\/?lang=de#breadcrumb\"},\"inLanguage\":\"de\",\"potentialAction\":[{\"@type\":\"ReadAction\",\"target\":[\"https:\/\/van-dorsten.eu\/quellen\/analyse\/?lang=de\"]}]},{\"@type\":\"ImageObject\",\"inLanguage\":\"de\",\"@id\":\"https:\/\/van-dorsten.eu\/quellen\/analyse\/?lang=de#primaryimage\",\"url\":\"https:\/\/van-dorsten.eu\/wp-content\/uploads\/2021\/02\/Algemeen-Tijdsbalk.png\",\"contentUrl\":\"https:\/\/van-dorsten.eu\/wp-content\/uploads\/2021\/02\/Algemeen-Tijdsbalk.png\"},{\"@type\":\"BreadcrumbList\",\"@id\":\"https:\/\/van-dorsten.eu\/quellen\/analyse\/?lang=de#breadcrumb\",\"itemListElement\":[{\"@type\":\"ListItem\",\"position\":1,\"name\":\"Home\",\"item\":\"https:\/\/van-dorsten.eu\/\"},{\"@type\":\"ListItem\",\"position\":2,\"name\":\"Quellen\",\"item\":\"https:\/\/van-dorsten.eu\/quellen\/?lang=de\"},{\"@type\":\"ListItem\",\"position\":3,\"name\":\"Analyse\"}]},{\"@type\":\"WebSite\",\"@id\":\"https:\/\/van-dorsten.eu\/de\/#website\",\"url\":\"https:\/\/van-dorsten.eu\/de\/\",\"name\":\"\",\"description\":\"Genealogie\",\"potentialAction\":[{\"@type\":\"SearchAction\",\"target\":{\"@type\":\"EntryPoint\",\"urlTemplate\":\"https:\/\/van-dorsten.eu\/de\/?s={search_term_string}\"},\"query-input\":{\"@type\":\"PropertyValueSpecification\",\"valueRequired\":true,\"valueName\":\"search_term_string\"}}],\"inLanguage\":\"de\"}]}<\/script>\n<!-- \/ Yoast SEO plugin. -->","yoast_head_json":{"title":"Van Dorsten Stammbaum - Archiven - Analyse der Referenzen","description":"Dies ist die allgemeine Analyse basierend auf alle gefundenen Ereignisse bis etwa 1800 und sonstige relatierte Informationen","robots":{"index":"index","follow":"follow","max-snippet":"max-snippet:-1","max-image-preview":"max-image-preview:large","max-video-preview":"max-video-preview:-1"},"canonical":"https:\/\/van-dorsten.eu\/de\/quellen\/analyse\/","og_locale":"de_DE","og_type":"article","og_title":"Van Dorsten Stammbaum - Archiven - Analyse der Referenzen","og_description":"Dies ist die allgemeine Analyse basierend auf alle gefundenen Ereignisse bis etwa 1800 und sonstige relatierte Informationen","og_url":"https:\/\/van-dorsten.eu\/de\/quellen\/analyse\/?lang=de","article_modified_time":"2022-01-05T15:26:13+00:00","og_image":[{"url":"https:\/\/van-dorsten.eu\/wp-content\/uploads\/2021\/02\/Algemeen-Tijdsbalk.png","type":"","width":"","height":""}],"twitter_card":"summary_large_image","twitter_misc":{"Gesch\u00e4tzte Lesezeit":"6\u00a0Minuten"},"schema":{"@context":"https:\/\/schema.org","@graph":[{"@type":"WebPage","@id":"https:\/\/van-dorsten.eu\/quellen\/analyse\/?lang=de","url":"https:\/\/van-dorsten.eu\/quellen\/analyse\/?lang=de","name":"Van Dorsten Stammbaum - Archiven - Analyse der Referenzen","isPartOf":{"@id":"https:\/\/van-dorsten.eu\/de\/#website"},"primaryImageOfPage":{"@id":"https:\/\/van-dorsten.eu\/quellen\/analyse\/?lang=de#primaryimage"},"image":{"@id":"https:\/\/van-dorsten.eu\/quellen\/analyse\/?lang=de#primaryimage"},"thumbnailUrl":"https:\/\/van-dorsten.eu\/wp-content\/uploads\/2021\/02\/Algemeen-Tijdsbalk.png","datePublished":"2017-05-16T10:25:23+00:00","dateModified":"2022-01-05T15:26:13+00:00","description":"Dies ist die allgemeine Analyse basierend auf alle gefundenen Ereignisse bis etwa 1800 und sonstige relatierte Informationen","breadcrumb":{"@id":"https:\/\/van-dorsten.eu\/quellen\/analyse\/?lang=de#breadcrumb"},"inLanguage":"de","potentialAction":[{"@type":"ReadAction","target":["https:\/\/van-dorsten.eu\/quellen\/analyse\/?lang=de"]}]},{"@type":"ImageObject","inLanguage":"de","@id":"https:\/\/van-dorsten.eu\/quellen\/analyse\/?lang=de#primaryimage","url":"https:\/\/van-dorsten.eu\/wp-content\/uploads\/2021\/02\/Algemeen-Tijdsbalk.png","contentUrl":"https:\/\/van-dorsten.eu\/wp-content\/uploads\/2021\/02\/Algemeen-Tijdsbalk.png"},{"@type":"BreadcrumbList","@id":"https:\/\/van-dorsten.eu\/quellen\/analyse\/?lang=de#breadcrumb","itemListElement":[{"@type":"ListItem","position":1,"name":"Home","item":"https:\/\/van-dorsten.eu\/"},{"@type":"ListItem","position":2,"name":"Quellen","item":"https:\/\/van-dorsten.eu\/quellen\/?lang=de"},{"@type":"ListItem","position":3,"name":"Analyse"}]},{"@type":"WebSite","@id":"https:\/\/van-dorsten.eu\/de\/#website","url":"https:\/\/van-dorsten.eu\/de\/","name":"","description":"Genealogie","potentialAction":[{"@type":"SearchAction","target":{"@type":"EntryPoint","urlTemplate":"https:\/\/van-dorsten.eu\/de\/?s={search_term_string}"},"query-input":{"@type":"PropertyValueSpecification","valueRequired":true,"valueName":"search_term_string"}}],"inLanguage":"de"}]}},"_links":{"self":[{"href":"https:\/\/van-dorsten.eu\/de\/wp-json\/wp\/v2\/pages\/420"}],"collection":[{"href":"https:\/\/van-dorsten.eu\/de\/wp-json\/wp\/v2\/pages"}],"about":[{"href":"https:\/\/van-dorsten.eu\/de\/wp-json\/wp\/v2\/types\/page"}],"author":[{"embeddable":true,"href":"https:\/\/van-dorsten.eu\/de\/wp-json\/wp\/v2\/users\/1"}],"replies":[{"embeddable":true,"href":"https:\/\/van-dorsten.eu\/de\/wp-json\/wp\/v2\/comments?post=420"}],"version-history":[{"count":10,"href":"https:\/\/van-dorsten.eu\/de\/wp-json\/wp\/v2\/pages\/420\/revisions"}],"predecessor-version":[{"id":3894,"href":"https:\/\/van-dorsten.eu\/de\/wp-json\/wp\/v2\/pages\/420\/revisions\/3894"}],"up":[{"embeddable":true,"href":"https:\/\/van-dorsten.eu\/de\/wp-json\/wp\/v2\/pages\/432"}],"wp:attachment":[{"href":"https:\/\/van-dorsten.eu\/de\/wp-json\/wp\/v2\/media?parent=420"}],"curies":[{"name":"wp","href":"https:\/\/api.w.org\/{rel}","templated":true}]}}