{"id":410,"date":"2017-05-16T12:24:04","date_gmt":"2017-05-16T10:24:04","guid":{"rendered":"http:\/\/van-dorsten.eu\/stamboom\/overige\/"},"modified":"2021-04-24T17:19:37","modified_gmt":"2021-04-24T15:19:37","slug":"niederlande-w","status":"publish","type":"page","link":"https:\/\/van-dorsten.eu\/de\/ausgestorben\/niederlande-w\/?lang=de","title":{"rendered":"Westen der Niederlande"},"content":{"rendered":"<div data-elementor-type=\"wp-page\" data-elementor-id=\"410\" class=\"elementor elementor-410\">\n\t\t\t\t\t\t<section class=\"elementor-section elementor-top-section elementor-element elementor-element-6aae6e96 elementor-section-boxed elementor-section-height-default elementor-section-height-default\" data-id=\"6aae6e96\" data-element_type=\"section\">\n\t\t\t\t\t\t<div class=\"elementor-container elementor-column-gap-default\">\n\t\t\t\t\t<div class=\"elementor-column elementor-col-50 elementor-top-column elementor-element elementor-element-5a3d2b6\" data-id=\"5a3d2b6\" data-element_type=\"column\" data-settings=\"{&quot;background_background&quot;:&quot;classic&quot;}\">\n\t\t\t<div class=\"elementor-widget-wrap elementor-element-populated\">\n\t\t\t\t\t\t<div class=\"elementor-element elementor-element-36419876 elementor-widget elementor-widget-text-editor\" data-id=\"36419876\" data-element_type=\"widget\" data-widget_type=\"text-editor.default\">\n\t\t\t\t<div class=\"elementor-widget-container\">\n\t\t\t\t\t\t\t\t\t<h4 style=\"text-align: center;\"><span style=\"color: #ff0000;\"><strong>Ausgestorben &#8211; Westen der Niederlande (Holland)<\/strong><\/span><\/h4><h4><strong>Einleitung<\/strong><\/h4><p>Im Westen der Niederlande, mit den Provinzen Nord- und S\u00fcdholland, gab es nat\u00fcrlich verschiedene Zweige (klein und gro\u00df) von den bekannten Stammb\u00e4umen. Au\u00dferhalb wurden in Nordholland haupts\u00e4chlich kleine Zweige und lose Daten gefunden. In S\u00fcdholland wurden viel mehr und \u00e4ltere Informationen gefunden. Es gab mehrere Niederlassungen von betr\u00e4chtlicher Gr\u00f6\u00dfe (insbesondere das Gebiet Rotterdam).<\/p><p>In allen m\u00f6glichen Archiven von Personen mit dem Namen Van Dorsten (oder Namensvarianten) wurden viele und unterschiedliche Berichte und Referenzen gefunden. Und es wurde nicht nur als Familienname verwendet, sondern war auch regelm\u00e4\u00dfig der Herkunftsort der Personen, da Dorsten bis zum 17. Jahrhundert ab dem 13. Jahrhundert eine wichtige Hansestadt war und sich auch stark auf die Niederlande konzentrierte.<\/p><h4><strong>Nordholland<\/strong><\/h4><p>In dieser Provinz gibt es mehrere kleine Zweige, insbesondere im 17. Jahrhundert, von denen fast alle nach ein oder zwei Generationen nicht mehr existieren (kein Namensinhaber oder vielleicht die Verwendung eines anderen Namens). Bei weitem das meiste davon ist in Amsterdam, aber es gibt auch einige Berichte drau\u00dfen.<\/p><p><strong><img fetchpriority=\"high\" decoding=\"async\" class=\"size-full wp-image-3760 alignright\" src=\"https:\/\/van-dorsten.eu\/wp-content\/uploads\/2021\/04\/Uitgestorven-Nederland-W.jpg\" alt=\"\" width=\"207\" height=\"244\" \/>Amsterdam<\/strong><br \/>Es gibt nat\u00fcrlich viele Erw\u00e4hnungen in der gr\u00f6\u00dften Stadt (seit dem 16. Jahrhundert) und der Hauptstadt der Niederlande. Bis zur Mitte des 17. Jahrhunderts waren dies viele B\u00fcrger und Menschen, die wahrscheinlich tats\u00e4chlich aus der Stadt Dorsten stammten. Dar\u00fcber hinaus trennen viele unabh\u00e4ngige Berichte und Zweige der meisten anderen bekannten Stammb\u00e4ume. Einige kleine Zweige sind doch interessant und bekannt.<br \/>Zu Beginn des 17. Jahrhunderts gab es einen bekannten Dichter \/ Schriftsteller Joost Krijnen, der manchmal von Forschern mit dem Stammbaum von Dordrecht in Verbindung gebracht wurde. Weitere Analysen zeigen jedoch, dass dies von Poorter Joost stammt, der 1549 von Dorsten nach Amsterdam kommt. Sohn Krijn war Buchh\u00e4ndler mit einem Sohn Joost (dem Dichter) und Balthazar (dem Buchh\u00e4ndler). Diese Einstellung endet im 17. Jahrhundert. Ein weiterer interessanter Zweig ist der von Rutger Jans (normalerweise Van Dorssen), der 1602 in Amsterdam heiratete, zuvor 1585 in Leiden verheiratet war und vielleicht derselbe wie derjenige, der 1584 in Rotterdam heiratete. In dieser Zeit gibt es auch zwei B\u00fcrger mit diesem Namen (Leiden 1584, Brauer aus Zwolle; Amsterdam 1568). Er ist wahrscheinlich der Schmied der Armee, der 1611 in Brabant erw\u00e4hnt wurde. Dieser Zweig kam auch im 17. Jahrhundert in eine Sackgasse.<\/p><p><strong>Andere<\/strong><br \/>In Haarlem waren sowohl Pieter van Dorsen als auch Leendert Janssen van Dorsen um 1700 mit den notwendigen Geburten und Ereignissen interessant, die mit dem Vreeland-Stammbaum verwandt scheinen. Auch ein Frans van Dorsten scheint der Vorfahr von Frans in Oijen zu sein. Dar\u00fcber hinaus gibt es in Enkhuizen und Alkmaar die erforderlichen separaten Berichte.<\/p><h4><strong>S\u00fcdholland<\/strong><\/h4><p>Die Provinz S\u00fcdholland hat verschiedene \u00fcberlebende und ausgestorbene Stammb\u00e4ume sowie verschiedene kleine Zweige und viele separate Referenzen aus dem Ende des 14. Jahrhunderts! Die wichtigsten St\u00e4mme und Zweige wurden in Rotterdam und Leiden gefunden, aber dar\u00fcber hinaus wurde viel gefunden, und es gab den ber\u00fchmten Stammbaum von Dordrecht.<\/p><p><strong><img decoding=\"async\" class=\"alignleft wp-image-3757 size-medium\" src=\"https:\/\/van-dorsten.eu\/wp-content\/uploads\/2021\/04\/Uitgestorven-Nederland-W-steden-241x300.jpg\" alt=\"\" width=\"241\" height=\"300\" srcset=\"https:\/\/van-dorsten.eu\/wp-content\/uploads\/2021\/04\/Uitgestorven-Nederland-W-steden-241x300.jpg 241w, https:\/\/van-dorsten.eu\/wp-content\/uploads\/2021\/04\/Uitgestorven-Nederland-W-steden.jpg 611w\" sizes=\"(max-width: 241px) 100vw, 241px\" \/>Rotterdam<\/strong><br \/>Es gab zwei St\u00e4mme in Rotterdam. Ein Stamm begann mit Schulmeister Jan, der in Hoogvliet gefeuert wurde und 1612 in Brielle endete. Er war auch Kapit\u00e4n einer Sch\u00fctzenflagge, starb 1647 und sein Grab kann immer noch bewundert werden. Er erscheint in verschiedenen Referenzen und war ziemlich reich. Seine Abstammung wurde in Rotterdam mit einer reichen Kaufmannsfamilie (Sohn Maximiliaen, Enkel Daem) bis zum Ende des 18. Jahrhunderts fortgesetzt. Der andere Stamm beginnt mit Schiffen Teunis Teunis in Capelle aan de IJssel, die dort 1675 als junger Mann aus Nieuwerkerk aan de IJssel heirateten. Er ist auch ziemlich reich und heiratet 1697 in Rotterdam wieder. Dieser Stamm lebt hier bis ins fr\u00fche 19. Jahrhundert. Und dann gibt es nat\u00fcrlich verschiedene separate Berichte und Zweige bekannter Stammb\u00e4ume.<\/p><p><strong>Leiden<\/strong><br \/>Um 1750 wurde hier ein gro\u00dfer Zweig des Bramsche-Stammbaums begonnen, aber auch davor gab es viele Berichte (einschlie\u00dflich B\u00fcrger, die aus der Stadt Dorsten stammten) und einen kleinen Stamm, der vom Beginn des 17. Jahrhunderts bis zum Ende des 18. Jahrhunderts existierte.<\/p><p><strong>Andere<\/strong><br \/>Verschiedene Berichte wurden auch im Rest der Provinz und in kleinen Niederlassungen in Den Haag, Gouda und Gorinchem ver\u00f6ffentlicht. Insbesondere in den letztgenannten St\u00e4dten gibt es noch viel zu gewinnen, wenn Transkriptionen der Kirchenb\u00fccher angefertigt werden. Es gibt bereits diese f\u00fcr die anderen wichtigen St\u00e4dte in dieser Provinz (Rotterdam, Delft, Leiden und Dordrecht).<\/p>\t\t\t\t\t\t\t\t<\/div>\n\t\t\t\t<\/div>\n\t\t\t\t\t<\/div>\n\t\t<\/div>\n\t\t\t\t<div class=\"elementor-column elementor-col-50 elementor-top-column elementor-element elementor-element-d537103\" data-id=\"d537103\" data-element_type=\"column\" data-settings=\"{&quot;background_background&quot;:&quot;classic&quot;}\">\n\t\t\t<div class=\"elementor-widget-wrap elementor-element-populated\">\n\t\t\t\t\t\t<div class=\"elementor-element elementor-element-424b4da elementor-widget elementor-widget-sidebar\" data-id=\"424b4da\" data-element_type=\"widget\" data-widget_type=\"sidebar.default\">\n\t\t\t\t<div class=\"elementor-widget-container\">\n\t\t\t\t\t<h3>Account<\/h3>\n<p><\/p>\n<form action=\"\/TNG\/processlogin.php\" method=\"post\" name=\"form1\" data-trp-original-action=\"\/TNG\/processlogin.php\">\n<div class=\"normal\">\n<div class=\"nw\" id=\"loginblock\">\n<div class=\"loginprompt\">Username: <\/div>\n<p>\t\t<input type=\"text\" name=\"tngusername\" class=\"loginfont medfield\" id=\"tngusername\" size=\"15\"><\/p>\n<div class=\"loginprompt\">Password: <\/div>\n<p>\t\t<input type=\"password\" name=\"tngpassword\" class=\"loginfont field\" id=\"tngpassword\" size=\"15\"><\/p>\n<div id=\"resetrow\" style=\"display:none\">\n<div class=\"loginprompt\">Nieuw wachtwoord: <\/div>\n<p>\t\t\t<input type=\"password\" name=\"newpassword\" class=\"medfield\" id=\"newpassword\">\n\t\t<\/div>\n<\/p><\/div>\n<div class=\"login-options\">\n\t\t<input type=\"checkbox\" name=\"remember\" value=\"1\"> Onthouden<br \/>\n\t\t<input type=\"checkbox\" name=\"resetpass\" value=\"1\" onclick=\"if(this.checked) {document.getElementById('resetrow').style.display='';} else {document.getElementById('resetrow').style.display='none';}\"> Wijzigen<\/div>\n<p>\n<a href=\"https:\/\/van-dorsten.eu\/TNG\/login.php\" class=\"btn\" value=\"Registreren\">Wachtwoord vergeten<\/a><\/p>\n<div>\n\t\t<input type=\"submit\" class=\"btn\" value=\"Aanmelden\"><br \/>\n<a href=\"https:\/\/van-dorsten.eu\/TNG\/newacctform.php\" class=\"btn\" value=\"Registreren\">Registreren<\/a><\/p>\n<\/p><\/div>\n<\/div>\n<input type=\"hidden\" name=\"trp-form-language\" value=\"de\"\/><\/form>\n<h3>Zoeken<\/h3>\n<p><\/p>\n<form method=\"get\" action=\"\/TNG\/search.php\" data-trp-original-action=\"\/TNG\/search.php\">\n<div class=\"normal\">\n<div class=\"nw\" id=\"stamboom\">\n<div class=\"loginprompt\">Stamboom<\/div>\n<td class=\"databack\">\n\t\t<select name=\"tree\" id=\"treeselect\" onchange=\"var tree=getTree(this); if( !tree ) tree = 'none'; swapBranches(document.search);\"><option value=\"-x--all--x-\" selected=\"selected\">Alle stambomen<\/option><option value=\"Dordrecht\">Dordrecht<\/option><option value=\"FT01\">Steenwijk<\/option><\/select><br \/>\n\t\t\t\t<select name=\"branch\" id=\"branch\"><option value=\"\">Alle takken<\/option><\/select><\/p>\n<div class=\"voornaam\">Voornaam<\/div>\n<p>\t\t<input type=\"hidden\" value=\"AND\" name=\"mybool\" \/><br \/>\n\t\t\t\t<input name=\"myfirstname\" type=\"text\" id=\"myfirstname\" size=\"15\"\/><\/p>\n<div class=\"achternaam\">Achternaam<\/div>\n<p>\t\t<input name=\"mylastname\" type=\"text\" id=\"mylastname\" size=\"15\" \/><\/p>\n<p>\t\t<input type=\"submit\" name=\"search\" value=\"Zoeken\"><\/p>\n<p>\t\t<span class=\"normal\"><a href=\"\/TNG\/searchform.php\">Geavanceerd zoeken<\/a><\/span>\n\t<\/div>\n<\/div>\n<input type=\"hidden\" name=\"trp-form-language\" value=\"de\"\/><\/form>\n<h3>Website<\/h3>\n<p><\/p>\n<form role=\"search\" method=\"get\" action=\"https:\/\/van-dorsten.eu\/de\/\" class=\"wp-block-search__button-outside wp-block-search__text-button wp-block-search\" data-trp-original-action=\"https:\/\/van-dorsten.eu\/\">\n<div class=\"wp-block-search__inside-wrapper\"><input type=\"search\" id=\"wp-block-search__input-1\" class=\"wp-block-search__input\" name=\"s\" value=\"\" placeholder=\"Type om te zoeken op de website\" required=\"\"><button type=\"submit\" class=\"wp-block-search__button\">Zoeken<\/button><\/div>\n<input type=\"hidden\" name=\"trp-form-language\" value=\"de\"\/><\/form>\n\t\t\t\t<\/div>\n\t\t\t\t<\/div>\n\t\t\t\t\t<\/div>\n\t\t<\/div>\n\t\t\t\t\t<\/div>\n\t\t<\/section>\n\t\t\t\t<\/div>","protected":false},"excerpt":{"rendered":"<p>Ausgestorben &#8211; Westen der Niederlande (Holland) Einleitung Im Westen der Niederlande, mit den Provinzen Nord- und S\u00fcdholland, gab es nat\u00fcrlich verschiedene Zweige (klein und gro\u00df) von den bekannten Stammb\u00e4umen. Au\u00dferhalb wurden in Nordholland haupts\u00e4chlich kleine Zweige und lose Daten gefunden. In S\u00fcdholland wurden viel mehr und \u00e4ltere Informationen gefunden. Es gab mehrere Niederlassungen von betr\u00e4chtlicher &hellip;<\/p>\n<p class=\"read-more\"> <a class=\"\" href=\"https:\/\/van-dorsten.eu\/de\/ausgestorben\/niederlande-w\/?lang=de\"> <span class=\"screen-reader-text\">Westen der Niederlande<\/span> Read More \u00bb<\/a><\/p>","protected":false},"author":1,"featured_media":0,"parent":2379,"menu_order":0,"comment_status":"closed","ping_status":"closed","template":"elementor_header_footer","meta":{"site-sidebar-layout":"default","site-content-layout":"default","ast-main-header-display":"","ast-hfb-above-header-display":"","ast-hfb-below-header-display":"","ast-hfb-mobile-header-display":"","site-post-title":"","ast-breadcrumbs-content":"","ast-featured-img":"","footer-sml-layout":"","theme-transparent-header-meta":"default","adv-header-id-meta":"","stick-header-meta":"","header-above-stick-meta":"","header-main-stick-meta":"","header-below-stick-meta":"","footnotes":""},"yoast_head":"<!-- This site is optimized with the Yoast SEO plugin v24.5 - https:\/\/yoast.com\/wordpress\/plugins\/seo\/ -->\n<title>\u00dcbrige Ausland Stamboom - Van Dorsten und relatierte Namen<\/title>\n<meta name=\"description\" content=\"Drau\u00dfen die Niederlande sind vor allem noch Niederlassungen in Deutschland und in den L\u00e4ndern des echte Auswanderung (USA, Kanada, Australien, Neuseeland)\" \/>\n<meta name=\"robots\" content=\"index, follow, max-snippet:-1, max-image-preview:large, max-video-preview:-1\" \/>\n<link rel=\"canonical\" href=\"https:\/\/van-dorsten.eu\/de\/uitgestorven\/west-nl\/\" \/>\n<meta property=\"og:locale\" content=\"de_DE\" \/>\n<meta property=\"og:type\" content=\"article\" \/>\n<meta property=\"og:title\" content=\"\u00dcbrige Ausland Stamboom - Van Dorsten und relatierte Namen\" \/>\n<meta property=\"og:description\" content=\"Drau\u00dfen die Niederlande sind vor allem noch Niederlassungen in Deutschland und in den L\u00e4ndern des echte Auswanderung (USA, Kanada, Australien, Neuseeland)\" \/>\n<meta property=\"og:url\" content=\"https:\/\/van-dorsten.eu\/de\/uitgestorven\/west-nl\/\" \/>\n<meta property=\"article:modified_time\" content=\"2021-04-24T15:19:37+00:00\" \/>\n<meta property=\"og:image\" content=\"https:\/\/van-dorsten.eu\/wp-content\/uploads\/2021\/04\/Uitgestorven-Nederland-W.jpg\" \/>\n<meta name=\"twitter:card\" content=\"summary_large_image\" \/>\n<meta name=\"twitter:label1\" content=\"Gesch\u00e4tzte Lesezeit\" \/>\n\t<meta name=\"twitter:data1\" content=\"4\u00a0Minuten\" \/>\n<script type=\"application\/ld+json\" class=\"yoast-schema-graph\">{\"@context\":\"https:\/\/schema.org\",\"@graph\":[{\"@type\":\"WebPage\",\"@id\":\"https:\/\/van-dorsten.eu\/uitgestorven\/west-nl\/\",\"url\":\"https:\/\/van-dorsten.eu\/uitgestorven\/west-nl\/\",\"name\":\"\u00dcbrige Ausland Stamboom - Van Dorsten und relatierte Namen\",\"isPartOf\":{\"@id\":\"https:\/\/van-dorsten.eu\/de\/#website\"},\"primaryImageOfPage\":{\"@id\":\"https:\/\/van-dorsten.eu\/uitgestorven\/west-nl\/#primaryimage\"},\"image\":{\"@id\":\"https:\/\/van-dorsten.eu\/uitgestorven\/west-nl\/#primaryimage\"},\"thumbnailUrl\":\"https:\/\/van-dorsten.eu\/wp-content\/uploads\/2021\/04\/Uitgestorven-Nederland-W.jpg\",\"datePublished\":\"2017-05-16T10:24:04+00:00\",\"dateModified\":\"2021-04-24T15:19:37+00:00\",\"description\":\"Drau\u00dfen die Niederlande sind vor allem noch Niederlassungen in Deutschland und in den L\u00e4ndern des echte Auswanderung (USA, Kanada, Australien, Neuseeland)\",\"breadcrumb\":{\"@id\":\"https:\/\/van-dorsten.eu\/uitgestorven\/west-nl\/#breadcrumb\"},\"inLanguage\":\"de\",\"potentialAction\":[{\"@type\":\"ReadAction\",\"target\":[\"https:\/\/van-dorsten.eu\/uitgestorven\/west-nl\/\"]}]},{\"@type\":\"ImageObject\",\"inLanguage\":\"de\",\"@id\":\"https:\/\/van-dorsten.eu\/uitgestorven\/west-nl\/#primaryimage\",\"url\":\"https:\/\/van-dorsten.eu\/wp-content\/uploads\/2021\/04\/Uitgestorven-Nederland-W.jpg\",\"contentUrl\":\"https:\/\/van-dorsten.eu\/wp-content\/uploads\/2021\/04\/Uitgestorven-Nederland-W.jpg\"},{\"@type\":\"BreadcrumbList\",\"@id\":\"https:\/\/van-dorsten.eu\/uitgestorven\/west-nl\/#breadcrumb\",\"itemListElement\":[{\"@type\":\"ListItem\",\"position\":1,\"name\":\"Home\",\"item\":\"https:\/\/van-dorsten.eu\/\"},{\"@type\":\"ListItem\",\"position\":2,\"name\":\"Ausgestorben Stammen und Zweige\",\"item\":\"https:\/\/van-dorsten.eu\/uitgestorven\/\"},{\"@type\":\"ListItem\",\"position\":3,\"name\":\"Westen der Niederlande\"}]},{\"@type\":\"WebSite\",\"@id\":\"https:\/\/van-dorsten.eu\/de\/#website\",\"url\":\"https:\/\/van-dorsten.eu\/de\/\",\"name\":\"\",\"description\":\"Genealogie\",\"potentialAction\":[{\"@type\":\"SearchAction\",\"target\":{\"@type\":\"EntryPoint\",\"urlTemplate\":\"https:\/\/van-dorsten.eu\/de\/?s={search_term_string}\"},\"query-input\":{\"@type\":\"PropertyValueSpecification\",\"valueRequired\":true,\"valueName\":\"search_term_string\"}}],\"inLanguage\":\"de\"}]}<\/script>\n<!-- \/ Yoast SEO plugin. -->","yoast_head_json":{"title":"\u00dcbrige Ausland Stamboom - Van Dorsten und relatierte Namen","description":"Drau\u00dfen die Niederlande sind vor allem noch Niederlassungen in Deutschland und in den L\u00e4ndern des echte Auswanderung (USA, Kanada, Australien, Neuseeland)","robots":{"index":"index","follow":"follow","max-snippet":"max-snippet:-1","max-image-preview":"max-image-preview:large","max-video-preview":"max-video-preview:-1"},"canonical":"https:\/\/van-dorsten.eu\/de\/uitgestorven\/west-nl\/","og_locale":"de_DE","og_type":"article","og_title":"\u00dcbrige Ausland Stamboom - Van Dorsten und relatierte Namen","og_description":"Drau\u00dfen die Niederlande sind vor allem noch Niederlassungen in Deutschland und in den L\u00e4ndern des echte Auswanderung (USA, Kanada, Australien, Neuseeland)","og_url":"https:\/\/van-dorsten.eu\/de\/uitgestorven\/west-nl\/","article_modified_time":"2021-04-24T15:19:37+00:00","og_image":[{"url":"https:\/\/van-dorsten.eu\/wp-content\/uploads\/2021\/04\/Uitgestorven-Nederland-W.jpg","type":"","width":"","height":""}],"twitter_card":"summary_large_image","twitter_misc":{"Gesch\u00e4tzte Lesezeit":"4\u00a0Minuten"},"schema":{"@context":"https:\/\/schema.org","@graph":[{"@type":"WebPage","@id":"https:\/\/van-dorsten.eu\/uitgestorven\/west-nl\/","url":"https:\/\/van-dorsten.eu\/uitgestorven\/west-nl\/","name":"\u00dcbrige Ausland Stamboom - Van Dorsten und relatierte Namen","isPartOf":{"@id":"https:\/\/van-dorsten.eu\/de\/#website"},"primaryImageOfPage":{"@id":"https:\/\/van-dorsten.eu\/uitgestorven\/west-nl\/#primaryimage"},"image":{"@id":"https:\/\/van-dorsten.eu\/uitgestorven\/west-nl\/#primaryimage"},"thumbnailUrl":"https:\/\/van-dorsten.eu\/wp-content\/uploads\/2021\/04\/Uitgestorven-Nederland-W.jpg","datePublished":"2017-05-16T10:24:04+00:00","dateModified":"2021-04-24T15:19:37+00:00","description":"Drau\u00dfen die Niederlande sind vor allem noch Niederlassungen in Deutschland und in den L\u00e4ndern des echte Auswanderung (USA, Kanada, Australien, Neuseeland)","breadcrumb":{"@id":"https:\/\/van-dorsten.eu\/uitgestorven\/west-nl\/#breadcrumb"},"inLanguage":"de","potentialAction":[{"@type":"ReadAction","target":["https:\/\/van-dorsten.eu\/uitgestorven\/west-nl\/"]}]},{"@type":"ImageObject","inLanguage":"de","@id":"https:\/\/van-dorsten.eu\/uitgestorven\/west-nl\/#primaryimage","url":"https:\/\/van-dorsten.eu\/wp-content\/uploads\/2021\/04\/Uitgestorven-Nederland-W.jpg","contentUrl":"https:\/\/van-dorsten.eu\/wp-content\/uploads\/2021\/04\/Uitgestorven-Nederland-W.jpg"},{"@type":"BreadcrumbList","@id":"https:\/\/van-dorsten.eu\/uitgestorven\/west-nl\/#breadcrumb","itemListElement":[{"@type":"ListItem","position":1,"name":"Home","item":"https:\/\/van-dorsten.eu\/"},{"@type":"ListItem","position":2,"name":"Ausgestorben Stammen und Zweige","item":"https:\/\/van-dorsten.eu\/uitgestorven\/"},{"@type":"ListItem","position":3,"name":"Westen der Niederlande"}]},{"@type":"WebSite","@id":"https:\/\/van-dorsten.eu\/de\/#website","url":"https:\/\/van-dorsten.eu\/de\/","name":"","description":"Genealogie","potentialAction":[{"@type":"SearchAction","target":{"@type":"EntryPoint","urlTemplate":"https:\/\/van-dorsten.eu\/de\/?s={search_term_string}"},"query-input":{"@type":"PropertyValueSpecification","valueRequired":true,"valueName":"search_term_string"}}],"inLanguage":"de"}]}},"_links":{"self":[{"href":"https:\/\/van-dorsten.eu\/de\/wp-json\/wp\/v2\/pages\/410"}],"collection":[{"href":"https:\/\/van-dorsten.eu\/de\/wp-json\/wp\/v2\/pages"}],"about":[{"href":"https:\/\/van-dorsten.eu\/de\/wp-json\/wp\/v2\/types\/page"}],"author":[{"embeddable":true,"href":"https:\/\/van-dorsten.eu\/de\/wp-json\/wp\/v2\/users\/1"}],"replies":[{"embeddable":true,"href":"https:\/\/van-dorsten.eu\/de\/wp-json\/wp\/v2\/comments?post=410"}],"version-history":[{"count":12,"href":"https:\/\/van-dorsten.eu\/de\/wp-json\/wp\/v2\/pages\/410\/revisions"}],"predecessor-version":[{"id":3774,"href":"https:\/\/van-dorsten.eu\/de\/wp-json\/wp\/v2\/pages\/410\/revisions\/3774"}],"up":[{"embeddable":true,"href":"https:\/\/van-dorsten.eu\/de\/wp-json\/wp\/v2\/pages\/2379"}],"wp:attachment":[{"href":"https:\/\/van-dorsten.eu\/de\/wp-json\/wp\/v2\/media?parent=410"}],"curies":[{"name":"wp","href":"https:\/\/api.w.org\/{rel}","templated":true}]}}