{"id":407,"date":"2017-05-16T12:21:57","date_gmt":"2017-05-16T10:21:57","guid":{"rendered":"http:\/\/van-dorsten.eu\/stamboom\/zwartsluis\/"},"modified":"2021-04-12T19:37:56","modified_gmt":"2021-04-12T17:37:56","slug":"zwartsluis","status":"publish","type":"page","link":"https:\/\/van-dorsten.eu\/de\/stammbaume\/zwartsluis\/?lang=de","title":{"rendered":"Zwartsluis"},"content":{"rendered":"<div data-elementor-type=\"wp-page\" data-elementor-id=\"407\" class=\"elementor elementor-407\">\n\t\t\t\t\t\t<section class=\"elementor-section elementor-top-section elementor-element elementor-element-30be221e elementor-section-boxed elementor-section-height-default elementor-section-height-default\" data-id=\"30be221e\" data-element_type=\"section\">\n\t\t\t\t\t\t<div class=\"elementor-container elementor-column-gap-default\">\n\t\t\t\t\t<div class=\"elementor-column elementor-col-50 elementor-top-column elementor-element elementor-element-c9f0b15\" data-id=\"c9f0b15\" data-element_type=\"column\" data-settings=\"{&quot;background_background&quot;:&quot;classic&quot;}\">\n\t\t\t<div class=\"elementor-widget-wrap elementor-element-populated\">\n\t\t\t\t\t\t<div class=\"elementor-element elementor-element-309b1544 elementor-widget elementor-widget-text-editor\" data-id=\"309b1544\" data-element_type=\"widget\" data-widget_type=\"text-editor.default\">\n\t\t\t\t<div class=\"elementor-widget-container\">\n\t\t\t\t\t\t\t\t\t<h4 style=\"text-align: center;\"><strong><span style=\"color: #008000;\">Stammbaum &#8211; Zwartsluis<\/span><\/strong><\/h4><h4><strong>Einleitung<\/strong><\/h4><p>Dies ist die Beschreibung des Stammbaums mit Herkunft Zwartsluis, wo die erste Tatsache mit der Geburt eines Sohnes im Jahre 1714 von Andries Arentsz und Geesjen Egberts stammen. Dabei sind in die Familie mehrere Schiffer und Matrosen und da gro\u00dfe Familien und auch viele Niederlassungen. Die Familie ist vertelt im ganzen Land und auch anderen L\u00e4ndern. Die Ger\u00fcchte (nach der Chronik von Neuenhaus Stammbaum) in der Familie sind, dass diese Sorte aus dem Stammbaum Neuenhaus abgeleitet wird.<\/p><h4><strong>Stifter Analyse<\/strong><\/h4><p>Der Stifter ist Andries Arentsz die zusammen mit Geesjen Egberts in den Zeitraum 1714 bis 1721 f\u00fcnf S\u00f6hnen hat bekommen. Er starb am 5 Februar 1762, aber ist hier zumindest nicht geboren oder verheiratet (alle Daten aus Zwartsluis sind gut erhalten und es gibt nichts auf alle m\u00f6glichen Kombinationen). Sein Frau ist hier geboren, im Jahre 1688. Bei der Geburt einer der S\u00f6hne war Zeuge Hillegonda van Dorsten, die wahrscheinlich eine Schwester Andries ist. Au\u00dferdem gibt es folgende Ankn\u00fcpfungspunkte, Beobachtungen und \u00dcberlegungen zu machen:<\/p><ul><li>Die Ger\u00fcchte in Zwartsluis Zweig der Familie ist, dass diese Sorte aus dem Neuenhaus Stammbaum von Klaas (Niclaes) van Dorsten (Sohn von Borchard) stammt. Diese Klaas van Dorsten ist registriert im Jahre 1644 in Lingen, engagiert in einem Rechtsstreit in 1650 und starb 2. November 1669. Im Jahre 1644 gab er eine Tochter Johanna. Es gibt mehrere Hinweise (siehe unten), aber bisher keine eindeutigen Beweise zu untermauern.<\/li><li>Ein wichtiger Grund f\u00fcr eine Verbindung zwischen Neuenhaus und Zwartsluis ist die Overijsselse Vecht. Dies war damals ein wichtiger Handel Fluss von Grafschaft Bentheim (zB Handel mit Bernstein), die der IJssel erreicht bei Zwartsluis. Dies ist wahrscheinlich auch der Grund f\u00fcr die Beziehung mit Van Dorsten Referenzen in Zwolle, Kampen, Steenwijk, Vollenhove, Wanneperveen und Dalfsen.<\/li><li>Enkel Arent Egberts von Andries ist sp\u00e4ter im Leben nach Neuenhaus gegangen, um dort zu sterben. Seine Ehe wird auch erw\u00e4hnt in Uelsen (in der N\u00e4he von Neuenhaus), so wie seine Frau es aussieht. Zwei T\u00f6chter sind auch diese Richtung herausgezogen und heirateten dort (in Neuenhaus und eins in der N\u00e4he in Hardenberg).<\/li><li>Hendrik Arents van Dorsten ist im Jahre 1693 in Hasselt (in der N\u00e4he von Zwartsluis) verheiratet und heiratete im Jahre 1701 nochmals, gefolgt von zwei T\u00f6chtern. Dies k\u00f6nnte sehr gut ein Bruder von Andries Arents zijn.<\/li><li>Im Jahre 1705 ist eine Hilligjen Hermans van Dorsten verheiratet in Kampen, dies w\u00fcrde Hillegonda. Es gibt eine anst\u00e4ndige Geschichte in Kampen mit Van Dorsten, und vielleicht verwandt. Obwohl die Familie dort wahrscheinlich weiter hinten geht, im 15. Jahrhundert.<\/li><li>In Vollenhove (in der N\u00e4he von Zwartsluis) ist am 12. April 1661 das Aufgebot von Arent Herms van Dorsten mit Christijna Willems van Linge (vermutlich Lingen bei Neuenhaus). Sie sind verheiratet mit Zertifikat an anderer Stelle (nicht im Abspann). Dies w\u00e4re der Vater, den Vatersnamen Herms k\u00f6nnen verweisen auf Herman van Dorsten aus Neuenhaus, geboren ca. 1610. Es w\u00fcrde in diesem Fall einen noch unbekannten Sohn sein, sondern auch zu den Vatersnamen des Gro\u00dfvaters verweisen (\u00f6fter passiert).<\/li><li>Es besteht ein Arend van Dorsten aus Lingen der nach Batavia fahrt im Jahre 1693. Das w\u00e4re sehr gut ein Sohn von Klaas in Lingen! Es erkl\u00e4rt auch, dass vielen in der Familie fahren gehen. Dies w\u00e4re auch dasselbe wie das vorhergehende. Er geht dort im Jahre 1694 vom Dienst.<\/li><li>Es besteht eine Arent in Leiden (aus Veldhoven) mit Referenzen von 1658 bis 1711 (Tod), scheint nicht verwandt.<\/li><li>Was auff\u00e4llt, ist, dass in Zwartsluis in Taufe B\u00fccher eine Burchart auftritt (hier also kein allgemeiner Name), die Bezeichnung in Neuenhaus war weit verbreitet. Dies ist im Jahre 1714 geboren (als Andries Arents auch Kinder bekommt) von Mutter Jentje Arents {Boele} (Schwester von Andries?) X Albert Jans:<ul><li>Kinder 1698 Jan, 1699 Jan, 1701 Magtelt, 1703 Arent, 1706 Aaltjen, 1709 Jan, 1712 Arent und 1714 Burchart<\/li><li>Die meisten Kinder sind geboren im Au\u03b2engebiet, wo auch Van Dorsten lebte (auch von Wanneperveen!)<\/li><li>Bei den taufen war often ein Annegien Arents Zeuge (andere Schwester?), verheiratet mit Baron Rikse Arent. Kinder 1709 Henrik, 1710 Henrik, 1713 Arent, 1714 Aaltjen, 1717 Arent, 1720 Jan, 1722 Kornelis, 1725 Wolter und 1728 Albert.<\/li><\/ul><\/li><\/ul><h4><strong>Weitere Analysen<\/strong><\/h4><p>Die Datensammlung erfolgt auf der Grundlage der Daten von taufen, heiraten und sterben, sondern auch aus den Kontakten mit verschiedenen Nachkommen in diesem Stammbaum, die auch mit Ahnenforschung besch\u00e4ftigt sind. Alle Informationen sind kontrolliert und erg\u00e4nzt, wodurch der Stammbaum hier umfangreicher ist als einer von ihnen individuell. Dar\u00fcber hinaus gibt es die folgenden Ergebnisse:<\/p><ul><li>Egbert Andries von 1714 nennt man auch Egbert von Ost-Indie. Das gleiche gilt f\u00fcr seinen Sohn Roelof Egberts aus dem Jahr 1750. In der niederl\u00e4ndischen Ost Indien Unternehmensverwaltung ist jedoch in keiner Weise (Vatersnamen, Herkunft, etc.) auch aber etwas zu finden! Es k\u00f6nnte erkl\u00e4rt werden, ob Arent aus Lingen der Vater ist (weil er mit der VOC nach Ostindien segelte).<\/li><li>Es gibt Andries van Dorsen verheiratet mit Lijsbeth Jacobs in Amsterdam wer einen Sohn Andries bekommt in 1717, Familie?<\/li><li>Egbert van Dorsten (1897) von Meppel ist am 16. November 1926 nach Amerika (New Jersey) gezogen, wo noch ein Zweig jetzt weiterlebt. Das ist auch so mit Nachkommen von Roelof (1879) in Ontario.<\/li><li>Nachkommen von Andries (1869) sind ausgewandert nach Kanada-Alberta, wo der Zweig noch existiert.<\/li><li>Und dann gibt es eine anst\u00e4ndige Zweig entstand in Neuseeland mit Nachkommen von Roelof (1866).<\/li><\/ul><h4><strong>Quellen und Wissen Sie Das<\/strong><\/h4><p><img decoding=\"async\" class=\"alignright wp-image-3540\" src=\"https:\/\/van-dorsten.eu\/wp-content\/uploads\/2021\/04\/Stamboom-Zwartsluis-Lambertus-100-jarige.jpg\" alt=\"\" width=\"131\" height=\"200\" \/>Es gibt eine Reihe von interessanten Referenzen im Archiv:<\/p><ul><li>Andries und Hendrik aus Nijmegen gehen in 1730 mit der VOC (Hendrik unter dem Alter von 17 Jahren). Andries ist wirklich ein Namen aus diesem Stammbaum, aber nirgends zu finden. Es w\u00e4re jedoch Andries Arents.<\/li><li>Begrenzte Anzahl von Referenzen auf dem Zwartsluis Stammbaum. Nicht so besonders, das einzig interessante ist Claas, er fragt Remissionen f\u00fcr seine Schwester Aaltje am Ende des 18ten Jahrhunderts.<\/li><li>Lambertus (1840) von Zwolle war erste Constable in Veenhuizen und sp\u00e4ter Kapit\u00e4n in der Handelsmarine. Er hatte bei der 100-Jahr-Jubil\u00e4um noch 5 lebende Kinder, 13 Enkel und 16 Urenkel. Sieben Jahre zuvor hatte er seine 70 j\u00e4hrige Hochzeit gefeiert. Ein Enkel wurde im niederl\u00e4ndischen Indie auf Ceram (1935) ermordet.<\/li><li>Klaaske van Dorsten (1908) von Meppel war 107 Jahre alt nach dem Tod im Jahr 2015!<\/li><li>Klaas van Dorsten (1923) von Meppel wurde die Medal Of Freedom und The Kings Commandation f\u00fcr mutige Verhalten mit der Silber-Laurel als Widerstandsk\u00e4mpfer ausgezeichnet. Er verweigerte jedoch die Widerstand Gedenkkreuz (`Verzetsherdenkingskruis\u2018).<\/li><\/ul><h4><strong>Aktueller Status<\/strong><\/h4><p>Gro\u00dfe Teile des Stammbaums sind auch bei Nachkommen auf MyHeritage gefunden, jedoch gibt es mehr Information als dargestellt:<\/p><ul><li><a href=\"https:\/\/www.myheritage.nl\/site-family-tree-200187221\/dorsten\">MyHeritage &#8211; Johan van Dorsten<\/a><\/li><li><a href=\"https:\/\/www.myheritage.nl\/site-family-tree-270114631\/van-dorsten\">MyHeritage &#8211; Meindert van Dorsten<\/a><\/li><\/ul><p>Nachfolgend finden Sie eine \u00dcbersicht \u00fcber die Aktienserien mit namengebenden Nachkommen. Es gibt besonders viele verschiedene und gro\u00dfe Niederlassungen in den Niederlanden, eine gro\u00dfe Niederlassung in Neuseeland, zwei Niederlassungen in Kanada, eine Niederlassung in den USA und Nachkommen in Finnland und Russland. Unter der Men\u00fcoption Genealogie finden Sie alle Details dieses Stammbaums.<\/p><p><img fetchpriority=\"high\" decoding=\"async\" class=\"alignnone size-full wp-image-3530\" src=\"https:\/\/van-dorsten.eu\/wp-content\/uploads\/2021\/04\/Stamboom-Zwartsluis-Stamreeks-1.png\" alt=\"\" width=\"1866\" height=\"902\" srcset=\"https:\/\/van-dorsten.eu\/wp-content\/uploads\/2021\/04\/Stamboom-Zwartsluis-Stamreeks-1.png 1866w, https:\/\/van-dorsten.eu\/wp-content\/uploads\/2021\/04\/Stamboom-Zwartsluis-Stamreeks-1-300x145.png 300w, https:\/\/van-dorsten.eu\/wp-content\/uploads\/2021\/04\/Stamboom-Zwartsluis-Stamreeks-1-1024x495.png 1024w, https:\/\/van-dorsten.eu\/wp-content\/uploads\/2021\/04\/Stamboom-Zwartsluis-Stamreeks-1-768x371.png 768w, https:\/\/van-dorsten.eu\/wp-content\/uploads\/2021\/04\/Stamboom-Zwartsluis-Stamreeks-1-1536x742.png 1536w\" sizes=\"(max-width: 1866px) 100vw, 1866px\" \/><\/p><p><img decoding=\"async\" class=\"alignnone size-full wp-image-3527\" src=\"https:\/\/van-dorsten.eu\/wp-content\/uploads\/2021\/04\/Stamboom-Zwartsluis-Stamreeks-2.png\" alt=\"\" width=\"1851\" height=\"745\" srcset=\"https:\/\/van-dorsten.eu\/wp-content\/uploads\/2021\/04\/Stamboom-Zwartsluis-Stamreeks-2.png 1851w, https:\/\/van-dorsten.eu\/wp-content\/uploads\/2021\/04\/Stamboom-Zwartsluis-Stamreeks-2-300x121.png 300w, https:\/\/van-dorsten.eu\/wp-content\/uploads\/2021\/04\/Stamboom-Zwartsluis-Stamreeks-2-1024x412.png 1024w, https:\/\/van-dorsten.eu\/wp-content\/uploads\/2021\/04\/Stamboom-Zwartsluis-Stamreeks-2-768x309.png 768w, https:\/\/van-dorsten.eu\/wp-content\/uploads\/2021\/04\/Stamboom-Zwartsluis-Stamreeks-2-1536x618.png 1536w\" sizes=\"(max-width: 1851px) 100vw, 1851px\" \/><\/p>\t\t\t\t\t\t\t\t<\/div>\n\t\t\t\t<\/div>\n\t\t\t\t\t<\/div>\n\t\t<\/div>\n\t\t\t\t<div class=\"elementor-column elementor-col-50 elementor-top-column elementor-element elementor-element-3c7ddef\" data-id=\"3c7ddef\" data-element_type=\"column\" data-settings=\"{&quot;background_background&quot;:&quot;classic&quot;}\">\n\t\t\t<div class=\"elementor-widget-wrap elementor-element-populated\">\n\t\t\t\t\t\t<div class=\"elementor-element elementor-element-9c5b6a6 elementor-widget elementor-widget-sidebar\" data-id=\"9c5b6a6\" data-element_type=\"widget\" data-widget_type=\"sidebar.default\">\n\t\t\t\t<div class=\"elementor-widget-container\">\n\t\t\t\t\t<h3>Account<\/h3>\n<p><\/p>\n<form action=\"\/TNG\/processlogin.php\" method=\"post\" name=\"form1\" data-trp-original-action=\"\/TNG\/processlogin.php\">\n<div class=\"normal\">\n<div class=\"nw\" id=\"loginblock\">\n<div class=\"loginprompt\">Username: <\/div>\n<p>\t\t<input type=\"text\" name=\"tngusername\" class=\"loginfont medfield\" id=\"tngusername\" size=\"15\"><\/p>\n<div class=\"loginprompt\">Password: <\/div>\n<p>\t\t<input type=\"password\" name=\"tngpassword\" class=\"loginfont field\" id=\"tngpassword\" size=\"15\"><\/p>\n<div id=\"resetrow\" style=\"display:none\">\n<div class=\"loginprompt\">Nieuw wachtwoord: <\/div>\n<p>\t\t\t<input type=\"password\" name=\"newpassword\" class=\"medfield\" id=\"newpassword\">\n\t\t<\/div>\n<\/p><\/div>\n<div class=\"login-options\">\n\t\t<input type=\"checkbox\" name=\"remember\" value=\"1\"> Onthouden<br \/>\n\t\t<input type=\"checkbox\" name=\"resetpass\" value=\"1\" onclick=\"if(this.checked) {document.getElementById('resetrow').style.display='';} else {document.getElementById('resetrow').style.display='none';}\"> Wijzigen<\/div>\n<p>\n<a href=\"https:\/\/van-dorsten.eu\/TNG\/login.php\" class=\"btn\" value=\"Registreren\">Wachtwoord vergeten<\/a><\/p>\n<div>\n\t\t<input type=\"submit\" class=\"btn\" value=\"Aanmelden\"><br \/>\n<a href=\"https:\/\/van-dorsten.eu\/TNG\/newacctform.php\" class=\"btn\" value=\"Registreren\">Registreren<\/a><\/p>\n<\/p><\/div>\n<\/div>\n<input type=\"hidden\" name=\"trp-form-language\" value=\"de\"\/><\/form>\n<h3>Zoeken<\/h3>\n<p><\/p>\n<form method=\"get\" action=\"\/TNG\/search.php\" data-trp-original-action=\"\/TNG\/search.php\">\n<div class=\"normal\">\n<div class=\"nw\" id=\"stamboom\">\n<div class=\"loginprompt\">Stamboom<\/div>\n<td class=\"databack\">\n\t\t<select name=\"tree\" id=\"treeselect\" onchange=\"var tree=getTree(this); if( !tree ) tree = 'none'; swapBranches(document.search);\"><option value=\"-x--all--x-\" selected=\"selected\">Alle stambomen<\/option><option value=\"Dordrecht\">Dordrecht<\/option><option value=\"FT01\">Steenwijk<\/option><\/select><br \/>\n\t\t\t\t<select name=\"branch\" id=\"branch\"><option value=\"\">Alle takken<\/option><\/select><\/p>\n<div class=\"voornaam\">Voornaam<\/div>\n<p>\t\t<input type=\"hidden\" value=\"AND\" name=\"mybool\" \/><br \/>\n\t\t\t\t<input name=\"myfirstname\" type=\"text\" id=\"myfirstname\" size=\"15\"\/><\/p>\n<div class=\"achternaam\">Achternaam<\/div>\n<p>\t\t<input name=\"mylastname\" type=\"text\" id=\"mylastname\" size=\"15\" \/><\/p>\n<p>\t\t<input type=\"submit\" name=\"search\" value=\"Zoeken\"><\/p>\n<p>\t\t<span class=\"normal\"><a href=\"\/TNG\/searchform.php\">Geavanceerd zoeken<\/a><\/span>\n\t<\/div>\n<\/div>\n<input type=\"hidden\" name=\"trp-form-language\" value=\"de\"\/><\/form>\n<h3>Website<\/h3>\n<p><\/p>\n<form role=\"search\" method=\"get\" action=\"https:\/\/van-dorsten.eu\/de\/\" class=\"wp-block-search__button-outside wp-block-search__text-button wp-block-search\" data-trp-original-action=\"https:\/\/van-dorsten.eu\/\">\n<div class=\"wp-block-search__inside-wrapper\"><input type=\"search\" id=\"wp-block-search__input-1\" class=\"wp-block-search__input\" name=\"s\" value=\"\" placeholder=\"Type om te zoeken op de website\" required=\"\"><button type=\"submit\" class=\"wp-block-search__button\">Zoeken<\/button><\/div>\n<input type=\"hidden\" name=\"trp-form-language\" value=\"de\"\/><\/form>\n\t\t\t\t<\/div>\n\t\t\t\t<\/div>\n\t\t\t\t\t<\/div>\n\t\t<\/div>\n\t\t\t\t\t<\/div>\n\t\t<\/section>\n\t\t\t\t<\/div>","protected":false},"excerpt":{"rendered":"<p>Stammbaum &#8211; Zwartsluis Einleitung Dies ist die Beschreibung des Stammbaums mit Herkunft Zwartsluis, wo die erste Tatsache mit der Geburt eines Sohnes im Jahre 1714 von Andries Arentsz und Geesjen Egberts stammen. Dabei sind in die Familie mehrere Schiffer und Matrosen und da gro\u00dfe Familien und auch viele Niederlassungen. Die Familie ist vertelt im ganzen &hellip;<\/p>\n<p class=\"read-more\"> <a class=\"\" href=\"https:\/\/van-dorsten.eu\/de\/stammbaume\/zwartsluis\/?lang=de\"> <span class=\"screen-reader-text\">Zwartsluis<\/span> Read More \u00bb<\/a><\/p>","protected":false},"author":1,"featured_media":0,"parent":360,"menu_order":0,"comment_status":"closed","ping_status":"closed","template":"elementor_header_footer","meta":{"site-sidebar-layout":"default","site-content-layout":"default","ast-main-header-display":"","ast-hfb-above-header-display":"","ast-hfb-below-header-display":"","ast-hfb-mobile-header-display":"","site-post-title":"","ast-breadcrumbs-content":"","ast-featured-img":"","footer-sml-layout":"","theme-transparent-header-meta":"","adv-header-id-meta":"","stick-header-meta":"","header-above-stick-meta":"","header-main-stick-meta":"","header-below-stick-meta":"","footnotes":""},"yoast_head":"<!-- This site is optimized with the Yoast SEO plugin v24.5 - https:\/\/yoast.com\/wordpress\/plugins\/seo\/ -->\n<title>Zwartsluis -<\/title>\n<meta name=\"description\" content=\"Dies ist die Beschreibung des Stammbaums mit Herkunft Zwartsluis, 1e Tatsache der Geburt eines Sohnes im Jahre 1714 von Andries Arentsz und Geesjen Egberts.\" \/>\n<meta name=\"robots\" content=\"index, follow, max-snippet:-1, max-image-preview:large, max-video-preview:-1\" \/>\n<link rel=\"canonical\" href=\"https:\/\/van-dorsten.eu\/de\/stammbaume\/zwartsluis\/\" \/>\n<meta property=\"og:locale\" content=\"de_DE\" \/>\n<meta property=\"og:type\" content=\"article\" \/>\n<meta property=\"og:title\" content=\"Zwartsluis -\" \/>\n<meta property=\"og:description\" content=\"Dies ist die Beschreibung des Stammbaums mit Herkunft Zwartsluis, 1e Tatsache der Geburt eines Sohnes im Jahre 1714 von Andries Arentsz und Geesjen Egberts.\" \/>\n<meta property=\"og:url\" content=\"https:\/\/van-dorsten.eu\/de\/stammbaume\/zwartsluis\/\" \/>\n<meta property=\"article:modified_time\" content=\"2021-04-12T17:37:56+00:00\" \/>\n<meta property=\"og:image\" content=\"https:\/\/van-dorsten.eu\/wp-content\/uploads\/2021\/04\/Stamboom-Zwartsluis-Lambertus-100-jarige.jpg\" \/>\n<meta name=\"twitter:card\" content=\"summary_large_image\" \/>\n<meta name=\"twitter:label1\" content=\"Gesch\u00e4tzte Lesezeit\" \/>\n\t<meta name=\"twitter:data1\" content=\"6\u00a0Minuten\" \/>\n<script type=\"application\/ld+json\" class=\"yoast-schema-graph\">{\"@context\":\"https:\/\/schema.org\",\"@graph\":[{\"@type\":\"WebPage\",\"@id\":\"https:\/\/van-dorsten.eu\/de\/stammbaume\/zwartsluis\/\",\"url\":\"https:\/\/van-dorsten.eu\/de\/stammbaume\/zwartsluis\/\",\"name\":\"Zwartsluis -\",\"isPartOf\":{\"@id\":\"https:\/\/van-dorsten.eu\/de\/#website\"},\"primaryImageOfPage\":{\"@id\":\"https:\/\/van-dorsten.eu\/de\/stammbaume\/zwartsluis\/#primaryimage\"},\"image\":{\"@id\":\"https:\/\/van-dorsten.eu\/de\/stammbaume\/zwartsluis\/#primaryimage\"},\"thumbnailUrl\":\"https:\/\/van-dorsten.eu\/wp-content\/uploads\/2021\/04\/Stamboom-Zwartsluis-Lambertus-100-jarige.jpg\",\"datePublished\":\"2017-05-16T10:21:57+00:00\",\"dateModified\":\"2021-04-12T17:37:56+00:00\",\"description\":\"Dies ist die Beschreibung des Stammbaums mit Herkunft Zwartsluis, 1e Tatsache der Geburt eines Sohnes im Jahre 1714 von Andries Arentsz und Geesjen Egberts.\",\"breadcrumb\":{\"@id\":\"https:\/\/van-dorsten.eu\/de\/stammbaume\/zwartsluis\/#breadcrumb\"},\"inLanguage\":\"de\",\"potentialAction\":[{\"@type\":\"ReadAction\",\"target\":[\"https:\/\/van-dorsten.eu\/de\/stammbaume\/zwartsluis\/\"]}]},{\"@type\":\"ImageObject\",\"inLanguage\":\"de\",\"@id\":\"https:\/\/van-dorsten.eu\/de\/stammbaume\/zwartsluis\/#primaryimage\",\"url\":\"https:\/\/van-dorsten.eu\/wp-content\/uploads\/2021\/04\/Stamboom-Zwartsluis-Lambertus-100-jarige.jpg\",\"contentUrl\":\"https:\/\/van-dorsten.eu\/wp-content\/uploads\/2021\/04\/Stamboom-Zwartsluis-Lambertus-100-jarige.jpg\"},{\"@type\":\"BreadcrumbList\",\"@id\":\"https:\/\/van-dorsten.eu\/de\/stammbaume\/zwartsluis\/#breadcrumb\",\"itemListElement\":[{\"@type\":\"ListItem\",\"position\":1,\"name\":\"Home\",\"item\":\"https:\/\/van-dorsten.eu\/\"},{\"@type\":\"ListItem\",\"position\":2,\"name\":\"Stammb\u00e4ume\",\"item\":\"https:\/\/van-dorsten.eu\/de\/stammbaume\/\"},{\"@type\":\"ListItem\",\"position\":3,\"name\":\"Zwartsluis\"}]},{\"@type\":\"WebSite\",\"@id\":\"https:\/\/van-dorsten.eu\/de\/#website\",\"url\":\"https:\/\/van-dorsten.eu\/de\/\",\"name\":\"\",\"description\":\"Genealogie\",\"potentialAction\":[{\"@type\":\"SearchAction\",\"target\":{\"@type\":\"EntryPoint\",\"urlTemplate\":\"https:\/\/van-dorsten.eu\/de\/?s={search_term_string}\"},\"query-input\":{\"@type\":\"PropertyValueSpecification\",\"valueRequired\":true,\"valueName\":\"search_term_string\"}}],\"inLanguage\":\"de\"}]}<\/script>\n<!-- \/ Yoast SEO plugin. -->","yoast_head_json":{"title":"Zwartsluis -","description":"Dies ist die Beschreibung des Stammbaums mit Herkunft Zwartsluis, 1e Tatsache der Geburt eines Sohnes im Jahre 1714 von Andries Arentsz und Geesjen Egberts.","robots":{"index":"index","follow":"follow","max-snippet":"max-snippet:-1","max-image-preview":"max-image-preview:large","max-video-preview":"max-video-preview:-1"},"canonical":"https:\/\/van-dorsten.eu\/de\/stammbaume\/zwartsluis\/","og_locale":"de_DE","og_type":"article","og_title":"Zwartsluis -","og_description":"Dies ist die Beschreibung des Stammbaums mit Herkunft Zwartsluis, 1e Tatsache der Geburt eines Sohnes im Jahre 1714 von Andries Arentsz und Geesjen Egberts.","og_url":"https:\/\/van-dorsten.eu\/de\/stammbaume\/zwartsluis\/","article_modified_time":"2021-04-12T17:37:56+00:00","og_image":[{"url":"https:\/\/van-dorsten.eu\/wp-content\/uploads\/2021\/04\/Stamboom-Zwartsluis-Lambertus-100-jarige.jpg","type":"","width":"","height":""}],"twitter_card":"summary_large_image","twitter_misc":{"Gesch\u00e4tzte Lesezeit":"6\u00a0Minuten"},"schema":{"@context":"https:\/\/schema.org","@graph":[{"@type":"WebPage","@id":"https:\/\/van-dorsten.eu\/de\/stammbaume\/zwartsluis\/","url":"https:\/\/van-dorsten.eu\/de\/stammbaume\/zwartsluis\/","name":"Zwartsluis -","isPartOf":{"@id":"https:\/\/van-dorsten.eu\/de\/#website"},"primaryImageOfPage":{"@id":"https:\/\/van-dorsten.eu\/de\/stammbaume\/zwartsluis\/#primaryimage"},"image":{"@id":"https:\/\/van-dorsten.eu\/de\/stammbaume\/zwartsluis\/#primaryimage"},"thumbnailUrl":"https:\/\/van-dorsten.eu\/wp-content\/uploads\/2021\/04\/Stamboom-Zwartsluis-Lambertus-100-jarige.jpg","datePublished":"2017-05-16T10:21:57+00:00","dateModified":"2021-04-12T17:37:56+00:00","description":"Dies ist die Beschreibung des Stammbaums mit Herkunft Zwartsluis, 1e Tatsache der Geburt eines Sohnes im Jahre 1714 von Andries Arentsz und Geesjen Egberts.","breadcrumb":{"@id":"https:\/\/van-dorsten.eu\/de\/stammbaume\/zwartsluis\/#breadcrumb"},"inLanguage":"de","potentialAction":[{"@type":"ReadAction","target":["https:\/\/van-dorsten.eu\/de\/stammbaume\/zwartsluis\/"]}]},{"@type":"ImageObject","inLanguage":"de","@id":"https:\/\/van-dorsten.eu\/de\/stammbaume\/zwartsluis\/#primaryimage","url":"https:\/\/van-dorsten.eu\/wp-content\/uploads\/2021\/04\/Stamboom-Zwartsluis-Lambertus-100-jarige.jpg","contentUrl":"https:\/\/van-dorsten.eu\/wp-content\/uploads\/2021\/04\/Stamboom-Zwartsluis-Lambertus-100-jarige.jpg"},{"@type":"BreadcrumbList","@id":"https:\/\/van-dorsten.eu\/de\/stammbaume\/zwartsluis\/#breadcrumb","itemListElement":[{"@type":"ListItem","position":1,"name":"Home","item":"https:\/\/van-dorsten.eu\/"},{"@type":"ListItem","position":2,"name":"Stammb\u00e4ume","item":"https:\/\/van-dorsten.eu\/de\/stammbaume\/"},{"@type":"ListItem","position":3,"name":"Zwartsluis"}]},{"@type":"WebSite","@id":"https:\/\/van-dorsten.eu\/de\/#website","url":"https:\/\/van-dorsten.eu\/de\/","name":"","description":"Genealogie","potentialAction":[{"@type":"SearchAction","target":{"@type":"EntryPoint","urlTemplate":"https:\/\/van-dorsten.eu\/de\/?s={search_term_string}"},"query-input":{"@type":"PropertyValueSpecification","valueRequired":true,"valueName":"search_term_string"}}],"inLanguage":"de"}]}},"_links":{"self":[{"href":"https:\/\/van-dorsten.eu\/de\/wp-json\/wp\/v2\/pages\/407"}],"collection":[{"href":"https:\/\/van-dorsten.eu\/de\/wp-json\/wp\/v2\/pages"}],"about":[{"href":"https:\/\/van-dorsten.eu\/de\/wp-json\/wp\/v2\/types\/page"}],"author":[{"embeddable":true,"href":"https:\/\/van-dorsten.eu\/de\/wp-json\/wp\/v2\/users\/1"}],"replies":[{"embeddable":true,"href":"https:\/\/van-dorsten.eu\/de\/wp-json\/wp\/v2\/comments?post=407"}],"version-history":[{"count":11,"href":"https:\/\/van-dorsten.eu\/de\/wp-json\/wp\/v2\/pages\/407\/revisions"}],"predecessor-version":[{"id":3551,"href":"https:\/\/van-dorsten.eu\/de\/wp-json\/wp\/v2\/pages\/407\/revisions\/3551"}],"up":[{"embeddable":true,"href":"https:\/\/van-dorsten.eu\/de\/wp-json\/wp\/v2\/pages\/360"}],"wp:attachment":[{"href":"https:\/\/van-dorsten.eu\/de\/wp-json\/wp\/v2\/media?parent=407"}],"curies":[{"name":"wp","href":"https:\/\/api.w.org\/{rel}","templated":true}]}}