{"id":401,"date":"2017-05-16T12:21:43","date_gmt":"2017-05-16T10:21:43","guid":{"rendered":"http:\/\/van-dorsten.eu\/stamboom\/steenwijk\/"},"modified":"2021-04-12T21:36:34","modified_gmt":"2021-04-12T19:36:34","slug":"steenwijk","status":"publish","type":"page","link":"https:\/\/van-dorsten.eu\/de\/stammbaume\/steenwijk\/?lang=de","title":{"rendered":"Steenwijk (Dalfsen)"},"content":{"rendered":"<div data-elementor-type=\"wp-page\" data-elementor-id=\"401\" class=\"elementor elementor-401\">\n\t\t\t\t\t\t<section class=\"elementor-section elementor-top-section elementor-element elementor-element-38f7e962 elementor-section-boxed elementor-section-height-default elementor-section-height-default\" data-id=\"38f7e962\" data-element_type=\"section\">\n\t\t\t\t\t\t<div class=\"elementor-container elementor-column-gap-default\">\n\t\t\t\t\t<div class=\"elementor-column elementor-col-50 elementor-top-column elementor-element elementor-element-63b920b4\" data-id=\"63b920b4\" data-element_type=\"column\" data-settings=\"{&quot;background_background&quot;:&quot;classic&quot;}\">\n\t\t\t<div class=\"elementor-widget-wrap elementor-element-populated\">\n\t\t\t\t\t\t<div class=\"elementor-element elementor-element-43d56f05 elementor-widget elementor-widget-text-editor\" data-id=\"43d56f05\" data-element_type=\"widget\" data-widget_type=\"text-editor.default\">\n\t\t\t\t<div class=\"elementor-widget-container\">\n\t\t\t\t\t\t\t\t\t<h4 style=\"text-align: center;\"><span style=\"color: #008000;\"><strong>Stammbaum &#8211; Steenwijk<\/strong><\/span><\/h4><h4><strong>Einleitung<\/strong><\/h4><p>Dies ist der Stammbaum des Administrators und Entwerfer dieser Website. Auff\u00e4llig ist, dass die v\u00e4terliche Linie sehr begrenzt ist und fast eine Linie des Vorg\u00e4ngers verheiratet im Jahre 1683 in Zwolle bis jetzt. Es gibt ein paar Seitenzweige aber, die sind alle nach ein Generation gestoppt. Ab 1745 lebte die Familie in Steenwijk, zuvor in Dalfsen.<\/p><h4><strong>Stifter Analyse<\/strong><\/h4><p>Der Stifter ist Bartelt Peeters, heiratete 1. Juli 1683 (Aufgebot 2 Juni) als J\u00fcngling in Zwolle mit Henderickijn Gerrits aus der Luttekestraat in Zwolle. Er ist Fahrer (Milit\u00e4r), sie nehmen ihren Wohnsitz in Dalfsen (wo er schon lebt?) und bekommen drei Kinder in 1684, 1686 und 1687. Er starb f\u00fcr Januar 1693 (mit also noch kleine Kinder) als seine Frau Berent Gerrits van Delden heiratete (wieder in Zwolle heiraten und wohnen in Dalfsen) und sie kriegen noch drei Kinder. Au\u00dferdem gibt es folgende Ankn\u00fcpfungspunkte, Beobachtungen und \u00dcberlegungen zu machen:<\/p><ul><li>In alle versammelten Daten ist er die einzige Bartelt.<\/li><li>Es gibt keine Sorgerecht Daten nach seinem Tod auf seine Kinder.<\/li><li>Die Enkel (einschlie\u00dflich Hendrik) waren die ersten, die den Namen Van Dorsten verwenden, bis dann nur Vatersnamen.<\/li><li>Er war Milit\u00e4r und k\u00f6nnte gut aus anderen Regionen gekommen sein, es ist auch nichts bekannt \u00fcber das Alter. Was interessant und relevant ist ist das die beiden niederl\u00e4ndischen Kriege in diesem Zeitraum (mit Frankreich) sind von 1672-1678 und 1688-1697. Er kann gut in der ersten (vielleicht sogar angemeldet) gek\u00e4mpft haben und in der zweite umkommen sein.<\/li><li>Er diente unter Oberst Schullert (Johan Albrecht Graf van Schellaert):<ul><li>Herr von Doorwerth, Chamberlain Kaiser der Deutschen Reiches, Jagermeister Veluwe, Gouverneur Steenwijk (1674-1682). Reiste viel und besuchten den h\u00f6chsten Kreisen.<\/li><li>Hat an verschiedenen Orten legiert wesen, aber vor allem die Legierung in Steenwijk die meisten der zehn Jahre vor Dalfsen, sind sehr interessant. Ein gro\u00dfer Teil des 17. Jahrhunderts sind die Armee Inschrift hier (auf der Website von Steenwijk) erhalten, aber genau jene spezifischen Zeitraum fehlt ein Teil.<\/li><\/ul><\/li><li>Auff\u00e4llig ist das von 1680 bis 1683 ein Borchert van Dorsten als Diener (Kai) auf der Burg zu Ruijtenborgh in Dalfsen gedient hat, ein Nachkomme des Stammbaums Neuenhaus. Er ist im Jahre 1683 mit Zertifikat nach Sch\u00fcttorp gegangen (in der N\u00e4he von Nordhorn und Neuenhaus) und heiratete dort im Jahre 1686.<\/li><li>Eine historische m\u00f6glich verwandte Zweig, ist der Raalte (siehe \u00dcbrige). Es handelt sich um Gerrit Jurriaensz van Dorsten mit Kindern, die vor allem zu Zwolle und Amsterdam gegangen sind. Enkel Hendrik van Dorsten (von Bartelt) ist zwischen 1740 und 1745 zun\u00e4chst zwei Jahre in Raalte gewesen, bevor er abreiste nach Steenwijk.<\/li><li>Eine weitere historische Zweig der m\u00f6glich verwandt ist, ist dass der Wanneperveen (siehe \u00dcbrige). Der Stamm-Inhaber es ist Wolter van Dorsten, die Wolter von Herman in Neuenhaus (starb im Jahre 1693) sein konnte. Sohn Peter ist im Jahre 1693 in Wanneperveen (sowie Bruder Andries 1699) kommen. Dies hatte einen Sohn Hans, die im Jahre 1711 in Steenwijk Geesjen Jacobs aus Eesveen verheiratet (aber ging leben in Wanneperveen). Seine Tochter Geertruid ist im Jahre 1738 nach Steenwijk gekommen, im Jahre 1741 verheiratet mit Fredrik Bot und mit dem bekam sie 5 Kinder (1741-1756). In diesem Zeitraum kam (1745) auch Hendrik von Dalfsen nach Steenwijk zu heiraten.<\/li><li>In Bezug auf die Namensgebung und Milit\u00e4r, beenden Sie diese gut mit dem damaligen Zweige in Doetinchem und Leeuwarden.<\/li><li>Optionen eine m\u00f6gliche Vater Peter (und zugeh\u00f6rige Namen) von Bartelt:<ul><li>Im Jahre 1655 kam Peter van Dorsten in Zwolle wohnen mit seiner Frau (Schreiben vom garantieren durch P. Muntz, von einer wohlhabenden Familie in Zwolle. Wahrscheinlich aus dem Stamm Neuenhaus, vielleicht jener der im 1616 studierten in Groningen, dort auch Studenten der Muntz-Familie. Dar\u00fcber hinaus war es ein weiterer Muntz in Zwolle, verheiratet mit Geertruyt von Dorsten, im gleichen Zeitraum, vermutlich auch von der Stamm aus Neuenhaus.). Die Ehefrau von Peter starb im Jahre 1662 und 1664 starb er selbst. Ist das Zufall oder vielleicht der Vater von Bartelt Peters (das w\u00e4re schon etwas \u00e4lter, als im Jahre 1683). Die Frage ist, ob ein `armer` Soldat Familie sein konnte der `reiche` Neuenhaus Stammbaum?<\/li><li>Im Archiv im mid-17th Jahrhundert werden nur Optionen aufgef\u00fchrt in Amsterdam, Vreeland, Dordrecht, Leiden, Utrecht, Breda und Maastricht, aber allen nicht so wahrscheinlich.<\/li><\/ul><\/li><li>Warum war der erste Sohn von Sohn Peter genannt Gerrijd und nicht Bartelt (oder Hendrik nach der Mutter)?<\/li><li>Auff\u00e4llig ist dass die Vorfahren ein Milit\u00e4r ist, die w\u00fcrde vorschlagen dass er nicht so wohlhabend war. Aber der Enkel ist im Jahre 1745 eine wohlhabende Burger in Steenwijk. Er ist im Jahre 1748 (laut ein Artikel im Zeitung) Orange Anh\u00e4nger und B\u00fcrger in Steenwijk. Sein Enkel wurde sp\u00e4ter eine anst\u00e4ndige Firma (Gerberei), und geh\u00f6rte zu den wohlhabenden Menschen in Steenwijk in dem Jahrhundert danach.<\/li><\/ul><h4><strong>Weitere Analysen<\/strong><\/h4><p>Der gr\u00f6\u00dfte Teil der Informationen \u00fcber alle Mitglieder in der Familie ist bekannt. Die paar Zweige, die da sind, waren vor allem T\u00f6chter oder gestorben S\u00f6hne ohne Kinder. Es gibt nur einige Ausnahmen:<\/p><ul><li>Der Gerrit, geboren im Jahre 1862, hatte um 1890 eine Frau Schwanger gemacht und bei seine Familie verbannen (Status, so das konnte doch nicht sein). Er ging nach S\u00fcdafrika und ist dort mit einem S\u00fcdafrikaner verheiratet. Wegen des Bauernkrieges ist er um 1900 zur\u00fcck gekehrt und bekam einen Sohn. Dann ging er mit seiner Familie nach Australien und starb dort. Sein Sohn Gerrit-Jan ist verheiratet, hatte eine Tochter und war in einem Motorrad-Unfall ums Leben gekommen.<\/li><li>Geert wurde geboren im Jahr 1774, den Tod ist nicht im THS Daten gefunden. Theoretisch w\u00e4re es immer noch Nachkommen konnten. Bei der Volksz\u00e4hlung von 1795, scheint es wegen angesichts der Zahl, die er noch am Leben war.<\/li><\/ul><h4><strong>Quellen und Wissen Sie Das<\/strong><\/h4><p><img fetchpriority=\"high\" decoding=\"async\" class=\"alignright wp-image-3570\" src=\"https:\/\/van-dorsten.eu\/wp-content\/uploads\/2021\/04\/Stamboom-Steenwijk-Leerlooierij.jpg\" alt=\"\" width=\"334\" height=\"214\" srcset=\"https:\/\/van-dorsten.eu\/wp-content\/uploads\/2021\/04\/Stamboom-Steenwijk-Leerlooierij.jpg 800w, https:\/\/van-dorsten.eu\/wp-content\/uploads\/2021\/04\/Stamboom-Steenwijk-Leerlooierij-300x192.jpg 300w, https:\/\/van-dorsten.eu\/wp-content\/uploads\/2021\/04\/Stamboom-Steenwijk-Leerlooierij-768x492.jpg 768w\" sizes=\"(max-width: 334px) 100vw, 334px\" \/>Im Archiv gibt es einige interessante Verweise:<\/p><ul><li>Der Stifter war Milit\u00e4r, starb aber wenn die Kinder j\u00fcnger als 10 Jahre waren.<\/li><li>Hendrik kauft im Jahre 1746 in Steenwijk das kleine B\u00fcrgerrecht und in 1755 das gro\u00dfe B\u00fcrgerrecht.<\/li><li>Er verkauft im Jahre 1753 in Dalfsen (wenn er es nicht mehr lebt) ein St\u00fcck Land an den Ehemann seiner Schwester.<\/li><li>Er kauft im Jahre 1760 eine Scheune au\u00dferhalb der Woldport in Steenwijk, dies ist die Basis der Gerberei m\u00f6glicherweise.<\/li><li>Der Enkel von Hendrik, die sich in Steenwijk eine Gerberei hatte und geh\u00f6rte zu den wohlhabenden Familien der Steenwijk. Diese Gerberei hat 100 bis 150 Jahren bestehen.<\/li><li>Es gibt mehrere Handelsgesch\u00e4fte im 19. Jahrhundert, aber vor allem der Verkauf von Immobilien in Meppel in 1811 ist interessant,<\/li><\/ul><h4><strong>Aktueller Status<\/strong><\/h4><p>Derzeit gibt es nur noch einen Namenstr\u00e4ger (meine Person) mit einem Sohn und einer Tochter. Sie finden diesen <a href=\"https:\/\/www.myheritage.nl\/site-family-tree-199216851\/van-dorsten\">Stammbaum<\/a> auch auf MyHeritage. Unten finden Sie eine \u00dcbersicht \u00fcber die Stammesregion. Unter der Men\u00fcoption Genealogie finden Sie alle Details dieses Stammbaums.<\/p><p><img decoding=\"async\" class=\"alignnone size-full wp-image-3567\" src=\"https:\/\/van-dorsten.eu\/wp-content\/uploads\/2021\/04\/Stamboom-Steenwijk-Stamreeks.png\" alt=\"\" width=\"888\" height=\"802\" srcset=\"https:\/\/van-dorsten.eu\/wp-content\/uploads\/2021\/04\/Stamboom-Steenwijk-Stamreeks.png 888w, https:\/\/van-dorsten.eu\/wp-content\/uploads\/2021\/04\/Stamboom-Steenwijk-Stamreeks-300x271.png 300w, https:\/\/van-dorsten.eu\/wp-content\/uploads\/2021\/04\/Stamboom-Steenwijk-Stamreeks-768x694.png 768w\" sizes=\"(max-width: 888px) 100vw, 888px\" \/><\/p>\t\t\t\t\t\t\t\t<\/div>\n\t\t\t\t<\/div>\n\t\t\t\t\t<\/div>\n\t\t<\/div>\n\t\t\t\t<div class=\"elementor-column elementor-col-50 elementor-top-column elementor-element elementor-element-951dce8\" data-id=\"951dce8\" data-element_type=\"column\" data-settings=\"{&quot;background_background&quot;:&quot;classic&quot;}\">\n\t\t\t<div class=\"elementor-widget-wrap elementor-element-populated\">\n\t\t\t\t\t\t<div class=\"elementor-element elementor-element-aed99ed elementor-widget elementor-widget-sidebar\" data-id=\"aed99ed\" data-element_type=\"widget\" data-widget_type=\"sidebar.default\">\n\t\t\t\t<div class=\"elementor-widget-container\">\n\t\t\t\t\t<h3>Account<\/h3>\n<p><\/p>\n<form action=\"\/TNG\/processlogin.php\" method=\"post\" name=\"form1\" data-trp-original-action=\"\/TNG\/processlogin.php\">\n<div class=\"normal\">\n<div class=\"nw\" id=\"loginblock\">\n<div class=\"loginprompt\">Username: <\/div>\n<p>\t\t<input type=\"text\" name=\"tngusername\" class=\"loginfont medfield\" id=\"tngusername\" size=\"15\"><\/p>\n<div class=\"loginprompt\">Password: <\/div>\n<p>\t\t<input type=\"password\" name=\"tngpassword\" class=\"loginfont field\" id=\"tngpassword\" size=\"15\"><\/p>\n<div id=\"resetrow\" style=\"display:none\">\n<div class=\"loginprompt\">Nieuw wachtwoord: <\/div>\n<p>\t\t\t<input type=\"password\" name=\"newpassword\" class=\"medfield\" id=\"newpassword\">\n\t\t<\/div>\n<\/p><\/div>\n<div class=\"login-options\">\n\t\t<input type=\"checkbox\" name=\"remember\" value=\"1\"> Onthouden<br \/>\n\t\t<input type=\"checkbox\" name=\"resetpass\" value=\"1\" onclick=\"if(this.checked) {document.getElementById('resetrow').style.display='';} else {document.getElementById('resetrow').style.display='none';}\"> Wijzigen<\/div>\n<p>\n<a href=\"https:\/\/van-dorsten.eu\/TNG\/login.php\" class=\"btn\" value=\"Registreren\">Wachtwoord vergeten<\/a><\/p>\n<div>\n\t\t<input type=\"submit\" class=\"btn\" value=\"Aanmelden\"><br \/>\n<a href=\"https:\/\/van-dorsten.eu\/TNG\/newacctform.php\" class=\"btn\" value=\"Registreren\">Registreren<\/a><\/p>\n<\/p><\/div>\n<\/div>\n<input type=\"hidden\" name=\"trp-form-language\" value=\"de\"\/><\/form>\n<h3>Zoeken<\/h3>\n<p><\/p>\n<form method=\"get\" action=\"\/TNG\/search.php\" data-trp-original-action=\"\/TNG\/search.php\">\n<div class=\"normal\">\n<div class=\"nw\" id=\"stamboom\">\n<div class=\"loginprompt\">Stamboom<\/div>\n<td class=\"databack\">\n\t\t<select name=\"tree\" id=\"treeselect\" onchange=\"var tree=getTree(this); if( !tree ) tree = 'none'; swapBranches(document.search);\"><option value=\"-x--all--x-\" selected=\"selected\">Alle stambomen<\/option><option value=\"Dordrecht\">Dordrecht<\/option><option value=\"FT01\">Steenwijk<\/option><\/select><br \/>\n\t\t\t\t<select name=\"branch\" id=\"branch\"><option value=\"\">Alle takken<\/option><\/select><\/p>\n<div class=\"voornaam\">Voornaam<\/div>\n<p>\t\t<input type=\"hidden\" value=\"AND\" name=\"mybool\" \/><br \/>\n\t\t\t\t<input name=\"myfirstname\" type=\"text\" id=\"myfirstname\" size=\"15\"\/><\/p>\n<div class=\"achternaam\">Achternaam<\/div>\n<p>\t\t<input name=\"mylastname\" type=\"text\" id=\"mylastname\" size=\"15\" \/><\/p>\n<p>\t\t<input type=\"submit\" name=\"search\" value=\"Zoeken\"><\/p>\n<p>\t\t<span class=\"normal\"><a href=\"\/TNG\/searchform.php\">Geavanceerd zoeken<\/a><\/span>\n\t<\/div>\n<\/div>\n<input type=\"hidden\" name=\"trp-form-language\" value=\"de\"\/><\/form>\n<h3>Website<\/h3>\n<p><\/p>\n<form role=\"search\" method=\"get\" action=\"https:\/\/van-dorsten.eu\/de\/\" class=\"wp-block-search__button-outside wp-block-search__text-button wp-block-search\" data-trp-original-action=\"https:\/\/van-dorsten.eu\/\">\n<div class=\"wp-block-search__inside-wrapper\"><input type=\"search\" id=\"wp-block-search__input-1\" class=\"wp-block-search__input\" name=\"s\" value=\"\" placeholder=\"Type om te zoeken op de website\" required=\"\"><button type=\"submit\" class=\"wp-block-search__button\">Zoeken<\/button><\/div>\n<input type=\"hidden\" name=\"trp-form-language\" value=\"de\"\/><\/form>\n\t\t\t\t<\/div>\n\t\t\t\t<\/div>\n\t\t\t\t\t<\/div>\n\t\t<\/div>\n\t\t\t\t\t<\/div>\n\t\t<\/section>\n\t\t\t\t<\/div>","protected":false},"excerpt":{"rendered":"<p>Stammbaum &#8211; Steenwijk Einleitung Dies ist der Stammbaum des Administrators und Entwerfer dieser Website. Auff\u00e4llig ist, dass die v\u00e4terliche Linie sehr begrenzt ist und fast eine Linie des Vorg\u00e4ngers verheiratet im Jahre 1683 in Zwolle bis jetzt. Es gibt ein paar Seitenzweige aber, die sind alle nach ein Generation gestoppt. Ab 1745 lebte die Familie &hellip;<\/p>\n<p class=\"read-more\"> <a class=\"\" href=\"https:\/\/van-dorsten.eu\/de\/stammbaume\/steenwijk\/?lang=de\"> <span class=\"screen-reader-text\">Steenwijk (Dalfsen)<\/span> Read More \u00bb<\/a><\/p>","protected":false},"author":1,"featured_media":0,"parent":360,"menu_order":0,"comment_status":"closed","ping_status":"closed","template":"elementor_header_footer","meta":{"site-sidebar-layout":"default","site-content-layout":"default","ast-main-header-display":"","ast-hfb-above-header-display":"","ast-hfb-below-header-display":"","ast-hfb-mobile-header-display":"","site-post-title":"","ast-breadcrumbs-content":"","ast-featured-img":"","footer-sml-layout":"","theme-transparent-header-meta":"default","adv-header-id-meta":"","stick-header-meta":"","header-above-stick-meta":"","header-main-stick-meta":"","header-below-stick-meta":"","footnotes":""},"yoast_head":"<!-- This site is optimized with the Yoast SEO plugin v24.5 - https:\/\/yoast.com\/wordpress\/plugins\/seo\/ -->\n<title>Steenwijk (Dalfsen) -<\/title>\n<meta name=\"description\" content=\"Dies ist der Stammbaum des Administrators und Entwerfer dieser Website. Auff\u00e4llig ist, dass die v\u00e4terliche Linie sehr begrenzt ist.\" \/>\n<meta name=\"robots\" content=\"index, follow, max-snippet:-1, max-image-preview:large, max-video-preview:-1\" \/>\n<link rel=\"canonical\" href=\"https:\/\/van-dorsten.eu\/de\/stammbaume\/steenwijk\/\" \/>\n<meta property=\"og:locale\" content=\"de_DE\" \/>\n<meta property=\"og:type\" content=\"article\" \/>\n<meta property=\"og:title\" content=\"Steenwijk (Dalfsen) -\" \/>\n<meta property=\"og:description\" content=\"Dies ist der Stammbaum des Administrators und Entwerfer dieser Website. Auff\u00e4llig ist, dass die v\u00e4terliche Linie sehr begrenzt ist.\" \/>\n<meta property=\"og:url\" content=\"https:\/\/van-dorsten.eu\/de\/stammbaume\/steenwijk\/\" \/>\n<meta property=\"article:modified_time\" content=\"2021-04-12T19:36:34+00:00\" \/>\n<meta property=\"og:image\" content=\"https:\/\/van-dorsten.eu\/wp-content\/uploads\/2021\/04\/Stamboom-Steenwijk-Leerlooierij.jpg\" \/>\n<meta name=\"twitter:card\" content=\"summary_large_image\" \/>\n<meta name=\"twitter:label1\" content=\"Gesch\u00e4tzte Lesezeit\" \/>\n\t<meta name=\"twitter:data1\" content=\"6\u00a0Minuten\" \/>\n<script type=\"application\/ld+json\" class=\"yoast-schema-graph\">{\"@context\":\"https:\/\/schema.org\",\"@graph\":[{\"@type\":\"WebPage\",\"@id\":\"https:\/\/van-dorsten.eu\/de\/stammbaume\/steenwijk\/\",\"url\":\"https:\/\/van-dorsten.eu\/de\/stammbaume\/steenwijk\/\",\"name\":\"Steenwijk (Dalfsen) -\",\"isPartOf\":{\"@id\":\"https:\/\/van-dorsten.eu\/de\/#website\"},\"primaryImageOfPage\":{\"@id\":\"https:\/\/van-dorsten.eu\/de\/stammbaume\/steenwijk\/#primaryimage\"},\"image\":{\"@id\":\"https:\/\/van-dorsten.eu\/de\/stammbaume\/steenwijk\/#primaryimage\"},\"thumbnailUrl\":\"https:\/\/van-dorsten.eu\/wp-content\/uploads\/2021\/04\/Stamboom-Steenwijk-Leerlooierij.jpg\",\"datePublished\":\"2017-05-16T10:21:43+00:00\",\"dateModified\":\"2021-04-12T19:36:34+00:00\",\"description\":\"Dies ist der Stammbaum des Administrators und Entwerfer dieser Website. Auff\u00e4llig ist, dass die v\u00e4terliche Linie sehr begrenzt ist.\",\"breadcrumb\":{\"@id\":\"https:\/\/van-dorsten.eu\/de\/stammbaume\/steenwijk\/#breadcrumb\"},\"inLanguage\":\"de\",\"potentialAction\":[{\"@type\":\"ReadAction\",\"target\":[\"https:\/\/van-dorsten.eu\/de\/stammbaume\/steenwijk\/\"]}]},{\"@type\":\"ImageObject\",\"inLanguage\":\"de\",\"@id\":\"https:\/\/van-dorsten.eu\/de\/stammbaume\/steenwijk\/#primaryimage\",\"url\":\"https:\/\/van-dorsten.eu\/wp-content\/uploads\/2021\/04\/Stamboom-Steenwijk-Leerlooierij.jpg\",\"contentUrl\":\"https:\/\/van-dorsten.eu\/wp-content\/uploads\/2021\/04\/Stamboom-Steenwijk-Leerlooierij.jpg\"},{\"@type\":\"BreadcrumbList\",\"@id\":\"https:\/\/van-dorsten.eu\/de\/stammbaume\/steenwijk\/#breadcrumb\",\"itemListElement\":[{\"@type\":\"ListItem\",\"position\":1,\"name\":\"Home\",\"item\":\"https:\/\/van-dorsten.eu\/\"},{\"@type\":\"ListItem\",\"position\":2,\"name\":\"Stammb\u00e4ume\",\"item\":\"https:\/\/van-dorsten.eu\/de\/stammbaume\/\"},{\"@type\":\"ListItem\",\"position\":3,\"name\":\"Steenwijk (Dalfsen)\"}]},{\"@type\":\"WebSite\",\"@id\":\"https:\/\/van-dorsten.eu\/de\/#website\",\"url\":\"https:\/\/van-dorsten.eu\/de\/\",\"name\":\"\",\"description\":\"Genealogie\",\"potentialAction\":[{\"@type\":\"SearchAction\",\"target\":{\"@type\":\"EntryPoint\",\"urlTemplate\":\"https:\/\/van-dorsten.eu\/de\/?s={search_term_string}\"},\"query-input\":{\"@type\":\"PropertyValueSpecification\",\"valueRequired\":true,\"valueName\":\"search_term_string\"}}],\"inLanguage\":\"de\"}]}<\/script>\n<!-- \/ Yoast SEO plugin. -->","yoast_head_json":{"title":"Steenwijk (Dalfsen) -","description":"Dies ist der Stammbaum des Administrators und Entwerfer dieser Website. Auff\u00e4llig ist, dass die v\u00e4terliche Linie sehr begrenzt ist.","robots":{"index":"index","follow":"follow","max-snippet":"max-snippet:-1","max-image-preview":"max-image-preview:large","max-video-preview":"max-video-preview:-1"},"canonical":"https:\/\/van-dorsten.eu\/de\/stammbaume\/steenwijk\/","og_locale":"de_DE","og_type":"article","og_title":"Steenwijk (Dalfsen) -","og_description":"Dies ist der Stammbaum des Administrators und Entwerfer dieser Website. Auff\u00e4llig ist, dass die v\u00e4terliche Linie sehr begrenzt ist.","og_url":"https:\/\/van-dorsten.eu\/de\/stammbaume\/steenwijk\/","article_modified_time":"2021-04-12T19:36:34+00:00","og_image":[{"url":"https:\/\/van-dorsten.eu\/wp-content\/uploads\/2021\/04\/Stamboom-Steenwijk-Leerlooierij.jpg","type":"","width":"","height":""}],"twitter_card":"summary_large_image","twitter_misc":{"Gesch\u00e4tzte Lesezeit":"6\u00a0Minuten"},"schema":{"@context":"https:\/\/schema.org","@graph":[{"@type":"WebPage","@id":"https:\/\/van-dorsten.eu\/de\/stammbaume\/steenwijk\/","url":"https:\/\/van-dorsten.eu\/de\/stammbaume\/steenwijk\/","name":"Steenwijk (Dalfsen) -","isPartOf":{"@id":"https:\/\/van-dorsten.eu\/de\/#website"},"primaryImageOfPage":{"@id":"https:\/\/van-dorsten.eu\/de\/stammbaume\/steenwijk\/#primaryimage"},"image":{"@id":"https:\/\/van-dorsten.eu\/de\/stammbaume\/steenwijk\/#primaryimage"},"thumbnailUrl":"https:\/\/van-dorsten.eu\/wp-content\/uploads\/2021\/04\/Stamboom-Steenwijk-Leerlooierij.jpg","datePublished":"2017-05-16T10:21:43+00:00","dateModified":"2021-04-12T19:36:34+00:00","description":"Dies ist der Stammbaum des Administrators und Entwerfer dieser Website. Auff\u00e4llig ist, dass die v\u00e4terliche Linie sehr begrenzt ist.","breadcrumb":{"@id":"https:\/\/van-dorsten.eu\/de\/stammbaume\/steenwijk\/#breadcrumb"},"inLanguage":"de","potentialAction":[{"@type":"ReadAction","target":["https:\/\/van-dorsten.eu\/de\/stammbaume\/steenwijk\/"]}]},{"@type":"ImageObject","inLanguage":"de","@id":"https:\/\/van-dorsten.eu\/de\/stammbaume\/steenwijk\/#primaryimage","url":"https:\/\/van-dorsten.eu\/wp-content\/uploads\/2021\/04\/Stamboom-Steenwijk-Leerlooierij.jpg","contentUrl":"https:\/\/van-dorsten.eu\/wp-content\/uploads\/2021\/04\/Stamboom-Steenwijk-Leerlooierij.jpg"},{"@type":"BreadcrumbList","@id":"https:\/\/van-dorsten.eu\/de\/stammbaume\/steenwijk\/#breadcrumb","itemListElement":[{"@type":"ListItem","position":1,"name":"Home","item":"https:\/\/van-dorsten.eu\/"},{"@type":"ListItem","position":2,"name":"Stammb\u00e4ume","item":"https:\/\/van-dorsten.eu\/de\/stammbaume\/"},{"@type":"ListItem","position":3,"name":"Steenwijk (Dalfsen)"}]},{"@type":"WebSite","@id":"https:\/\/van-dorsten.eu\/de\/#website","url":"https:\/\/van-dorsten.eu\/de\/","name":"","description":"Genealogie","potentialAction":[{"@type":"SearchAction","target":{"@type":"EntryPoint","urlTemplate":"https:\/\/van-dorsten.eu\/de\/?s={search_term_string}"},"query-input":{"@type":"PropertyValueSpecification","valueRequired":true,"valueName":"search_term_string"}}],"inLanguage":"de"}]}},"_links":{"self":[{"href":"https:\/\/van-dorsten.eu\/de\/wp-json\/wp\/v2\/pages\/401"}],"collection":[{"href":"https:\/\/van-dorsten.eu\/de\/wp-json\/wp\/v2\/pages"}],"about":[{"href":"https:\/\/van-dorsten.eu\/de\/wp-json\/wp\/v2\/types\/page"}],"author":[{"embeddable":true,"href":"https:\/\/van-dorsten.eu\/de\/wp-json\/wp\/v2\/users\/1"}],"replies":[{"embeddable":true,"href":"https:\/\/van-dorsten.eu\/de\/wp-json\/wp\/v2\/comments?post=401"}],"version-history":[{"count":10,"href":"https:\/\/van-dorsten.eu\/de\/wp-json\/wp\/v2\/pages\/401\/revisions"}],"predecessor-version":[{"id":3586,"href":"https:\/\/van-dorsten.eu\/de\/wp-json\/wp\/v2\/pages\/401\/revisions\/3586"}],"up":[{"embeddable":true,"href":"https:\/\/van-dorsten.eu\/de\/wp-json\/wp\/v2\/pages\/360"}],"wp:attachment":[{"href":"https:\/\/van-dorsten.eu\/de\/wp-json\/wp\/v2\/media?parent=401"}],"curies":[{"name":"wp","href":"https:\/\/api.w.org\/{rel}","templated":true}]}}