{"id":389,"date":"2017-05-16T12:22:08","date_gmt":"2017-05-16T10:22:08","guid":{"rendered":"http:\/\/van-dorsten.eu\/stamboom\/kampen\/"},"modified":"2021-04-20T22:55:30","modified_gmt":"2021-04-20T20:55:30","slug":"niederlande-no","status":"publish","type":"page","link":"https:\/\/van-dorsten.eu\/de\/ausgestorben\/niederlande-no\/?lang=de","title":{"rendered":"Nordosten der Niederlande"},"content":{"rendered":"<div data-elementor-type=\"wp-page\" data-elementor-id=\"389\" class=\"elementor elementor-389\">\n\t\t\t\t\t\t<section class=\"elementor-section elementor-top-section elementor-element elementor-element-2c01df2f elementor-section-boxed elementor-section-height-default elementor-section-height-default\" data-id=\"2c01df2f\" data-element_type=\"section\">\n\t\t\t\t\t\t<div class=\"elementor-container elementor-column-gap-default\">\n\t\t\t\t\t<div class=\"elementor-column elementor-col-50 elementor-top-column elementor-element elementor-element-2fc9f31f\" data-id=\"2fc9f31f\" data-element_type=\"column\" data-settings=\"{&quot;background_background&quot;:&quot;classic&quot;}\">\n\t\t\t<div class=\"elementor-widget-wrap elementor-element-populated\">\n\t\t\t\t\t\t<div class=\"elementor-element elementor-element-34eea248 elementor-widget elementor-widget-text-editor\" data-id=\"34eea248\" data-element_type=\"widget\" data-widget_type=\"text-editor.default\">\n\t\t\t\t<div class=\"elementor-widget-container\">\n\t\t\t\t\t\t\t\t\t<h4 style=\"text-align: center;\"><span style=\"color: #ff0000;\"><strong>Ausgestorben &#8211; Nordosten der Niederlande<\/strong><\/span><\/h4><h4><strong>Einleitung<\/strong><\/h4><p><img decoding=\"async\" class=\"alignright wp-image-3716\" src=\"https:\/\/van-dorsten.eu\/wp-content\/uploads\/2021\/04\/Uitgestorven-Nederland-NO-150x150.jpg\" alt=\"\" width=\"100\" height=\"100\" srcset=\"https:\/\/van-dorsten.eu\/wp-content\/uploads\/2021\/04\/Uitgestorven-Nederland-NO-150x150.jpg 150w, https:\/\/van-dorsten.eu\/wp-content\/uploads\/2021\/04\/Uitgestorven-Nederland-NO.jpg 273w\" sizes=\"(max-width: 100px) 100vw, 100px\" \/>Im Nordosten der Niederlande mit den Provinzen Groningen, Friesland, Drenthe, Overijssel (angrenzender Landkreis Bentheim in Deutschland) und Gelderland scheinen die meisten gefundenen Daten ohnehin verwandt zu sein. Neben den \u00fcberlebenden Stammb\u00e4umen von Neuenhaus, Zwartsluis und Steenwijk scheinen auch die meisten anderen Daten damit in Zusammenhang zu stehen. In allen m\u00f6glichen Archiven von Personen mit dem Namen Van Dorsten (oder Namensvarianten) wurden viele und unterschiedliche Berichte und Referenzen gefunden. Die Hansestadt Dorsten wurde nicht nur als Familienname verwendet, sondern war auch regelm\u00e4\u00dfig der Herkunftsort der Menschen. Da Provinzen (Regionen) fr\u00fcher viel wichtiger waren, wird im Folgenden eine Beschreibung pro Provinz gegeben.<\/p><h4><strong>Friesland, Groningen und Drenthe<\/strong><\/h4><p>In Groningen und Drenthe wurden nur wenige Berichte und Referenzen erstellt. Friesland hatte die notwendigen kleinen Zweige und Entladereferenzen, aber dies betraf haupts\u00e4chlich die Zeit um 1700 und insbesondere Soldaten mit ihren Familien.<\/p><h4><strong>Overijssel<\/strong><\/h4><p>Die Provinz Overijssel ist eine Region mit vielen Erw\u00e4hnungen und Referenzen aus sehr fr\u00fchen Tagen. Neben den St\u00e4mmen Zwartsluis und Dalfsen \/ Steenwijk, die hier um 1700 entstanden sind (und wahrscheinlich aus Neuenhaus stammen), gibt es hier auch viele andere (und \u00e4ltere) Referenzen. Es besteht auch eine vern\u00fcnftige Chance, dass es mit Neuenhaus zusammenh\u00e4ngt. Auff\u00e4llig ist, dass im 18. Jahrhundert viele Stammb\u00e4ume in dieser Region nach Amsterdam aufgef\u00e4chert wurden. Vor 1550 gibt es haupts\u00e4chlich Berichte aus den Hansest\u00e4dten (teilweise weil sie bereits mehr Verwaltung hatten) und hier und da eine Reihe separater Berichte. Eine Reihe von Orten und St\u00e4mmen sind erw\u00e4hnenswert:<img fetchpriority=\"high\" decoding=\"async\" class=\"wp-image-3713 size-medium alignleft\" src=\"https:\/\/van-dorsten.eu\/wp-content\/uploads\/2021\/04\/Uitgestorven-Nederland-NO-Overijssel-291x300.jpg\" alt=\"\" width=\"291\" height=\"300\" srcset=\"https:\/\/van-dorsten.eu\/wp-content\/uploads\/2021\/04\/Uitgestorven-Nederland-NO-Overijssel-291x300.jpg 291w, https:\/\/van-dorsten.eu\/wp-content\/uploads\/2021\/04\/Uitgestorven-Nederland-NO-Overijssel.jpg 660w\" sizes=\"(max-width: 291px) 100vw, 291px\" \/><\/p><ul><li><strong>Zwolle (Hansestadt)<\/strong> &#8211; In Zwolle gibt es seit Beginn des 15. Jahrhunderts (bis weit ins 16. Jahrhundert) verschiedene Erw\u00e4hnungen in den Archiven, die darauf hinweisen, dass es zu diesem Zeitpunkt wahrscheinlich bereits einen Zweig gab, die gegenseitigen Beziehungen jedoch immer noch nicht bestehen schwer zu bestimmen. Ab der Mitte des 16. Jahrhunderts handelte es sich haupts\u00e4chlich um einen der bekannten Stammb\u00e4ume.<\/li><li><strong>Kampen (Hansestadt)<\/strong> &#8211; In Kampen gab es viele Berichte vom sp\u00e4ten 15. bis zum fr\u00fchen 18. Jahrhundert. Es scheint, dass hier (besonders am Anfang) eine wohlhabende Familie lebte, die im 16. Jahrhundert noch klare Beziehungen zum M\u00fcnsterland und der Umgebung von Dorsten hatte. Und obwohl viele Archive bereits als Transkripte verf\u00fcgbar sind, sind die gegenseitigen Beziehungen noch weitgehend unklar. Aus den DTB-Daten von vor 1800 kann jedoch noch viel gewonnen werden. Aus einer der Niederlassungen ist eine bekannte Niederlassung in Richtung Amsterdam hervorgegangen. Es gab auch ein St\u00fcck Land namens &#8220;Van Dorsten Slag&#8221; f\u00fcr einige hundert Jahre, das vermutlich im 16.\/17. Jahrhundert der wohlhabenden Familie geh\u00f6rte.<\/li><li><strong>Wanneperveen<\/strong> &#8211; In Wanneperveen gab es im 18. Jahrhundert einige Zeit einen kleinen Zweig, der wahrscheinlich mit Zwartsluis und \/ oder Steenwijk verwandt war. Dies f\u00e4cherte sich sp\u00e4ter nach Amsterdam auf und h\u00f6rte dort auf zu existieren.<\/li><li><strong>Raalte<\/strong> &#8211; Ende des 17. Jahrhunderts wurde in Raalte auch eine Niederlassung gegr\u00fcndet, die m\u00f6glicherweise mit Zwartsluis und \/ oder Steenwijk verwandt war. Es f\u00e4cherte sich auch nach Amsterdam auf und starb dort im 18. Jahrhundert aus.<\/li><li>Zus\u00e4tzlich zu den oben genannten gibt es in Deventer (vor langer Zeit auch in der Hansestadt) mehrere Berichte und an anderer Stelle eine Reihe separater Berichte, darunter den \u00e4ltesten in Wijhe (vor 1400).<\/li><\/ul><h4><strong>Gelderland<\/strong><\/h4><p>Die Provinz Gelderland ist auch eine Region mit vielen Erw\u00e4hnungen und Referenzen aus langer Zeit. Von den meisten der hier gefundenen losen Zweige wurden jedoch noch keine Beziehungen zu den bekannten Stammb\u00e4umen und keine aktuellen Nachkommen gefunden. Kleinere oder gr\u00f6\u00dfere Niederlassungen wurden in verschiedenen St\u00e4dten gefunden: Zutphen, Arnhem, Nijmegen, Doetinchem, Zaltbommel, Tuijl und Harderwijk. Dar\u00fcber hinaus entstand der einst in Doesburg entstandene Amersfoort-Stammbaum, und der niederl\u00e4ndische Zweig des Neuenhaus-Stammbaums lie\u00df sich zun\u00e4chst \u00fcber Groningen in Arnheim nieder. Eine Reihe von Orten und St\u00e4mmen sind erw\u00e4hnenswert:<\/p><ul><li><strong><img decoding=\"async\" class=\"alignright wp-image-3719\" src=\"https:\/\/van-dorsten.eu\/wp-content\/uploads\/2021\/04\/Uitgestorven-Nederland-NO-Gelderland-300x202.jpg\" alt=\"\" width=\"401\" height=\"270\" srcset=\"https:\/\/van-dorsten.eu\/wp-content\/uploads\/2021\/04\/Uitgestorven-Nederland-NO-Gelderland-300x202.jpg 300w, https:\/\/van-dorsten.eu\/wp-content\/uploads\/2021\/04\/Uitgestorven-Nederland-NO-Gelderland.jpg 607w\" sizes=\"(max-width: 401px) 100vw, 401px\" \/>Zutphen (Hansestadt)<\/strong> &#8211; Zutphen hatte einen interessanten Stammbaum einer wohlhabenden Van-Dorsten-Familie mit Mitgliedern in wichtigen Positionen und ziemlich vielen Grundst\u00fccken sehr fr\u00fch (15. Jahrhundert, damals die wichtigste Stadt in den Niederlanden) in Zutphen. Es gibt Hinweise darauf, dass ein Richter Derick van Whije (bereits 1371 erw\u00e4hnt) der Vorfahr davon war. 1402 wurde in Vorden ein Bauernhof gekauft, der bis 1496 im Besitz war (der renovierte Hof ist noch vorhanden). Eine Tochter aus dieser Familie heiratete jemanden aus der niederadeligen Emilaer-Familie in Achtevelt bei Amersfoort. Sein Sohn Willem nannte sich wieder Van Dorsten und setzte diese Niederlassung in Amersfoort weitere 150 Jahre fort. Im 15. Jahrhundert gab es viele Hinweise auf verschiedene Familienmitglieder und einige H\u00e4user befanden sich in Zutphen. Die Referenzen wurden bis Mitte des 16. Jahrhunderts fortgesetzt.<\/li><li><strong>Arnhem und Nijmegen (Hansest\u00e4dte)<\/strong> &#8211; Zu Beginn des 15. Jahrhunderts gibt es in Arnhem bereits eine Familie Van Dorsten; Henrick van Dorsten ist ein Transportunternehmen und taucht an verschiedenen Orten in der Region auf. Er hat einen Bruder Gerrit (erscheint in einem Testament von 1436) und der Vater wird wahrscheinlich auch Henrick genannt. Es gibt Hinweise darauf, dass diese Familie mit Zutphen und Nijmegen verwandt ist. In Arnheim und Nimwegen (und Umgebung) im 15. und 16. Jahrhundert gibt es einige Erw\u00e4hnungen, die gr\u00f6\u00dftenteils verwandt zu sein scheinen. Nur in Nimwegen gibt es die notwendigen Hinweise auf Soldaten, insbesondere im 16. Jahrhundert. Ende des 15. und 16. Jahrhunderts ist ein Van Dorsten ein Stadtverwalter in Arnheim. Mitte des 16. Jahrhunderts wurde dort ein Jan \/ Johan registriert, der recht wohlhabend sein muss und Referenzen in der gesamten Region hat. K\u00f6nnte dies der reiche Kaufmann sein, der sich 10 bis 20 Jahre sp\u00e4ter in Kampen anmeldet? Und in diesem Jahrhundert gibt es auch eine andere wohlhabende Familie mit S\u00f6hnen, die alt werden und alle scheinen nur T\u00f6chter zu haben, die reich heiraten. Ab 1725 gibt es haupts\u00e4chlich Hinweise auf den niederl\u00e4ndischen Zweig des Neuenhaus-Stammbaums.<\/li><li><strong>Doetinchem<\/strong> &#8211; Hier war ein kleiner, aber interessanter Zweig, der vom Ende des 16. bis zum Ende des 17. Jahrhunderts begann. Es enth\u00e4lt auch Soldaten und Namen, die mit anderen Garnisonsst\u00e4dten verwandt sind. Auf jeden Fall war einer von ihnen in Den Bosch stationiert. Es gibt Ehen mit anderen bekannten Familien (Ten Ham, Tengbergen, Molt, Tinnegieters). In der Folgezeit tauchen auch in den D\u00f6rfern der Region einige Hinweise auf.<\/li><li><strong>Andere (Zaltbommel, Tuijl &amp; Harderwijk)<\/strong> &#8211; An verschiedenen anderen Standorten gibt es zu verschiedenen Zeitpunkten kleine Niederlassungen, darunter Tuijl, Harderwijk und Zaltbommel. Und dann immer noch viele lose Erw\u00e4hnungen aus der Fr\u00fchgeschichte (unter anderem sehr fr\u00fchere Geistliche an verschiedenen Orten, auch weil Dorsten ein wichtiger Ort in der Di\u00f6zese K\u00f6ln war).<\/li><\/ul><h4><strong>Status<\/strong><\/h4><p>Es gibt keine namengebenden Nachkommen anderer Zweige mehr. Es wird erwartet, dass das gesamte hier gefundene Material zum Stammbaum Neuenhaus (und Zwartsluis \/ Steenwijk) passt. Die Herausforderung besteht daher darin, diese Beziehungen in Zukunft aufbauen zu k\u00f6nnen.<\/p>\t\t\t\t\t\t\t\t<\/div>\n\t\t\t\t<\/div>\n\t\t\t\t\t<\/div>\n\t\t<\/div>\n\t\t\t\t<div class=\"elementor-column elementor-col-50 elementor-top-column elementor-element elementor-element-f2e4912\" data-id=\"f2e4912\" data-element_type=\"column\" data-settings=\"{&quot;background_background&quot;:&quot;classic&quot;}\">\n\t\t\t<div class=\"elementor-widget-wrap elementor-element-populated\">\n\t\t\t\t\t\t<div class=\"elementor-element elementor-element-e916fe7 elementor-widget elementor-widget-sidebar\" data-id=\"e916fe7\" data-element_type=\"widget\" data-widget_type=\"sidebar.default\">\n\t\t\t\t<div class=\"elementor-widget-container\">\n\t\t\t\t\t<h3>Account<\/h3>\n<p><\/p>\n<form action=\"\/TNG\/processlogin.php\" method=\"post\" name=\"form1\" data-trp-original-action=\"\/TNG\/processlogin.php\">\n<div class=\"normal\">\n<div class=\"nw\" id=\"loginblock\">\n<div class=\"loginprompt\">Username: <\/div>\n<p>\t\t<input type=\"text\" name=\"tngusername\" class=\"loginfont medfield\" id=\"tngusername\" size=\"15\"><\/p>\n<div class=\"loginprompt\">Password: <\/div>\n<p>\t\t<input type=\"password\" name=\"tngpassword\" class=\"loginfont field\" id=\"tngpassword\" size=\"15\"><\/p>\n<div id=\"resetrow\" style=\"display:none\">\n<div class=\"loginprompt\">Nieuw wachtwoord: <\/div>\n<p>\t\t\t<input type=\"password\" name=\"newpassword\" class=\"medfield\" id=\"newpassword\">\n\t\t<\/div>\n<\/p><\/div>\n<div class=\"login-options\">\n\t\t<input type=\"checkbox\" name=\"remember\" value=\"1\"> Onthouden<br \/>\n\t\t<input type=\"checkbox\" name=\"resetpass\" value=\"1\" onclick=\"if(this.checked) {document.getElementById('resetrow').style.display='';} else {document.getElementById('resetrow').style.display='none';}\"> Wijzigen<\/div>\n<p>\n<a href=\"https:\/\/van-dorsten.eu\/TNG\/login.php\" class=\"btn\" value=\"Registreren\">Wachtwoord vergeten<\/a><\/p>\n<div>\n\t\t<input type=\"submit\" class=\"btn\" value=\"Aanmelden\"><br \/>\n<a href=\"https:\/\/van-dorsten.eu\/TNG\/newacctform.php\" class=\"btn\" value=\"Registreren\">Registreren<\/a><\/p>\n<\/p><\/div>\n<\/div>\n<input type=\"hidden\" name=\"trp-form-language\" value=\"de\"\/><\/form>\n<h3>Zoeken<\/h3>\n<p><\/p>\n<form method=\"get\" action=\"\/TNG\/search.php\" data-trp-original-action=\"\/TNG\/search.php\">\n<div class=\"normal\">\n<div class=\"nw\" id=\"stamboom\">\n<div class=\"loginprompt\">Stamboom<\/div>\n<td class=\"databack\">\n\t\t<select name=\"tree\" id=\"treeselect\" onchange=\"var tree=getTree(this); if( !tree ) tree = 'none'; swapBranches(document.search);\"><option value=\"-x--all--x-\" selected=\"selected\">Alle stambomen<\/option><option value=\"Dordrecht\">Dordrecht<\/option><option value=\"FT01\">Steenwijk<\/option><\/select><br \/>\n\t\t\t\t<select name=\"branch\" id=\"branch\"><option value=\"\">Alle takken<\/option><\/select><\/p>\n<div class=\"voornaam\">Voornaam<\/div>\n<p>\t\t<input type=\"hidden\" value=\"AND\" name=\"mybool\" \/><br \/>\n\t\t\t\t<input name=\"myfirstname\" type=\"text\" id=\"myfirstname\" size=\"15\"\/><\/p>\n<div class=\"achternaam\">Achternaam<\/div>\n<p>\t\t<input name=\"mylastname\" type=\"text\" id=\"mylastname\" size=\"15\" \/><\/p>\n<p>\t\t<input type=\"submit\" name=\"search\" value=\"Zoeken\"><\/p>\n<p>\t\t<span class=\"normal\"><a href=\"\/TNG\/searchform.php\">Geavanceerd zoeken<\/a><\/span>\n\t<\/div>\n<\/div>\n<input type=\"hidden\" name=\"trp-form-language\" value=\"de\"\/><\/form>\n<h3>Website<\/h3>\n<p><\/p>\n<form role=\"search\" method=\"get\" action=\"https:\/\/van-dorsten.eu\/de\/\" class=\"wp-block-search__button-outside wp-block-search__text-button wp-block-search\" data-trp-original-action=\"https:\/\/van-dorsten.eu\/\">\n<div class=\"wp-block-search__inside-wrapper\"><input type=\"search\" id=\"wp-block-search__input-1\" class=\"wp-block-search__input\" name=\"s\" value=\"\" placeholder=\"Type om te zoeken op de website\" required=\"\"><button type=\"submit\" class=\"wp-block-search__button\">Zoeken<\/button><\/div>\n<input type=\"hidden\" name=\"trp-form-language\" value=\"de\"\/><\/form>\n\t\t\t\t<\/div>\n\t\t\t\t<\/div>\n\t\t\t\t\t<\/div>\n\t\t<\/div>\n\t\t\t\t\t<\/div>\n\t\t<\/section>\n\t\t\t\t<\/div>","protected":false},"excerpt":{"rendered":"<p>Ausgestorben &#8211; Nordosten der Niederlande Einleitung Im Nordosten der Niederlande mit den Provinzen Groningen, Friesland, Drenthe, Overijssel (angrenzender Landkreis Bentheim in Deutschland) und Gelderland scheinen die meisten gefundenen Daten ohnehin verwandt zu sein. Neben den \u00fcberlebenden Stammb\u00e4umen von Neuenhaus, Zwartsluis und Steenwijk scheinen auch die meisten anderen Daten damit in Zusammenhang zu stehen. In allen &hellip;<\/p>\n<p class=\"read-more\"> <a class=\"\" href=\"https:\/\/van-dorsten.eu\/de\/ausgestorben\/niederlande-no\/?lang=de\"> <span class=\"screen-reader-text\">Nordosten der Niederlande<\/span> Read More \u00bb<\/a><\/p>","protected":false},"author":1,"featured_media":0,"parent":2379,"menu_order":0,"comment_status":"closed","ping_status":"closed","template":"elementor_header_footer","meta":{"site-sidebar-layout":"default","site-content-layout":"default","ast-main-header-display":"","ast-hfb-above-header-display":"","ast-hfb-below-header-display":"","ast-hfb-mobile-header-display":"","site-post-title":"","ast-breadcrumbs-content":"","ast-featured-img":"","footer-sml-layout":"","theme-transparent-header-meta":"default","adv-header-id-meta":"","stick-header-meta":"","header-above-stick-meta":"","header-main-stick-meta":"","header-below-stick-meta":"","footnotes":""},"yoast_head":"<!-- This site is optimized with the Yoast SEO plugin v24.5 - https:\/\/yoast.com\/wordpress\/plugins\/seo\/ -->\n<title>Nordosten der Niederlande -<\/title>\n<meta name=\"description\" content=\"Im NO Niederlande (Groningen, Friesland, Drenthe, Overijssel, Gelderland mit Amersfoort und Bentheim) scheinen die meisten Daten relatiert.\" \/>\n<meta name=\"robots\" content=\"index, follow, max-snippet:-1, max-image-preview:large, max-video-preview:-1\" \/>\n<link rel=\"canonical\" href=\"https:\/\/van-dorsten.eu\/de\/uitgestorven\/nederland-no\/\" \/>\n<meta property=\"og:locale\" content=\"de_DE\" \/>\n<meta property=\"og:type\" content=\"article\" \/>\n<meta property=\"og:title\" content=\"Nordosten der Niederlande -\" \/>\n<meta property=\"og:description\" content=\"Im NO Niederlande (Groningen, Friesland, Drenthe, Overijssel, Gelderland mit Amersfoort und Bentheim) scheinen die meisten Daten relatiert.\" \/>\n<meta property=\"og:url\" content=\"https:\/\/van-dorsten.eu\/de\/uitgestorven\/nederland-no\/\" \/>\n<meta property=\"article:modified_time\" content=\"2021-04-20T20:55:30+00:00\" \/>\n<meta property=\"og:image\" content=\"https:\/\/van-dorsten.eu\/wp-content\/uploads\/2021\/04\/Uitgestorven-Nederland-NO-150x150.jpg\" \/>\n<meta name=\"twitter:card\" content=\"summary_large_image\" \/>\n<meta name=\"twitter:label1\" content=\"Gesch\u00e4tzte Lesezeit\" \/>\n\t<meta name=\"twitter:data1\" content=\"6\u00a0Minuten\" \/>\n<script type=\"application\/ld+json\" class=\"yoast-schema-graph\">{\"@context\":\"https:\/\/schema.org\",\"@graph\":[{\"@type\":\"WebPage\",\"@id\":\"https:\/\/van-dorsten.eu\/uitgestorven\/nederland-no\/\",\"url\":\"https:\/\/van-dorsten.eu\/uitgestorven\/nederland-no\/\",\"name\":\"Nordosten der Niederlande -\",\"isPartOf\":{\"@id\":\"https:\/\/van-dorsten.eu\/de\/#website\"},\"primaryImageOfPage\":{\"@id\":\"https:\/\/van-dorsten.eu\/uitgestorven\/nederland-no\/#primaryimage\"},\"image\":{\"@id\":\"https:\/\/van-dorsten.eu\/uitgestorven\/nederland-no\/#primaryimage\"},\"thumbnailUrl\":\"https:\/\/van-dorsten.eu\/wp-content\/uploads\/2021\/04\/Uitgestorven-Nederland-NO-150x150.jpg\",\"datePublished\":\"2017-05-16T10:22:08+00:00\",\"dateModified\":\"2021-04-20T20:55:30+00:00\",\"description\":\"Im NO Niederlande (Groningen, Friesland, Drenthe, Overijssel, Gelderland mit Amersfoort und Bentheim) scheinen die meisten Daten relatiert.\",\"breadcrumb\":{\"@id\":\"https:\/\/van-dorsten.eu\/uitgestorven\/nederland-no\/#breadcrumb\"},\"inLanguage\":\"de\",\"potentialAction\":[{\"@type\":\"ReadAction\",\"target\":[\"https:\/\/van-dorsten.eu\/uitgestorven\/nederland-no\/\"]}]},{\"@type\":\"ImageObject\",\"inLanguage\":\"de\",\"@id\":\"https:\/\/van-dorsten.eu\/uitgestorven\/nederland-no\/#primaryimage\",\"url\":\"https:\/\/van-dorsten.eu\/wp-content\/uploads\/2021\/04\/Uitgestorven-Nederland-NO-150x150.jpg\",\"contentUrl\":\"https:\/\/van-dorsten.eu\/wp-content\/uploads\/2021\/04\/Uitgestorven-Nederland-NO-150x150.jpg\"},{\"@type\":\"BreadcrumbList\",\"@id\":\"https:\/\/van-dorsten.eu\/uitgestorven\/nederland-no\/#breadcrumb\",\"itemListElement\":[{\"@type\":\"ListItem\",\"position\":1,\"name\":\"Home\",\"item\":\"https:\/\/van-dorsten.eu\/\"},{\"@type\":\"ListItem\",\"position\":2,\"name\":\"Ausgestorben Stammen und Zweige\",\"item\":\"https:\/\/van-dorsten.eu\/uitgestorven\/\"},{\"@type\":\"ListItem\",\"position\":3,\"name\":\"Nordosten der Niederlande\"}]},{\"@type\":\"WebSite\",\"@id\":\"https:\/\/van-dorsten.eu\/de\/#website\",\"url\":\"https:\/\/van-dorsten.eu\/de\/\",\"name\":\"\",\"description\":\"Genealogie\",\"potentialAction\":[{\"@type\":\"SearchAction\",\"target\":{\"@type\":\"EntryPoint\",\"urlTemplate\":\"https:\/\/van-dorsten.eu\/de\/?s={search_term_string}\"},\"query-input\":{\"@type\":\"PropertyValueSpecification\",\"valueRequired\":true,\"valueName\":\"search_term_string\"}}],\"inLanguage\":\"de\"}]}<\/script>\n<!-- \/ Yoast SEO plugin. -->","yoast_head_json":{"title":"Nordosten der Niederlande -","description":"Im NO Niederlande (Groningen, Friesland, Drenthe, Overijssel, Gelderland mit Amersfoort und Bentheim) scheinen die meisten Daten relatiert.","robots":{"index":"index","follow":"follow","max-snippet":"max-snippet:-1","max-image-preview":"max-image-preview:large","max-video-preview":"max-video-preview:-1"},"canonical":"https:\/\/van-dorsten.eu\/de\/uitgestorven\/nederland-no\/","og_locale":"de_DE","og_type":"article","og_title":"Nordosten der Niederlande -","og_description":"Im NO Niederlande (Groningen, Friesland, Drenthe, Overijssel, Gelderland mit Amersfoort und Bentheim) scheinen die meisten Daten relatiert.","og_url":"https:\/\/van-dorsten.eu\/de\/uitgestorven\/nederland-no\/","article_modified_time":"2021-04-20T20:55:30+00:00","og_image":[{"url":"https:\/\/van-dorsten.eu\/wp-content\/uploads\/2021\/04\/Uitgestorven-Nederland-NO-150x150.jpg","type":"","width":"","height":""}],"twitter_card":"summary_large_image","twitter_misc":{"Gesch\u00e4tzte Lesezeit":"6\u00a0Minuten"},"schema":{"@context":"https:\/\/schema.org","@graph":[{"@type":"WebPage","@id":"https:\/\/van-dorsten.eu\/uitgestorven\/nederland-no\/","url":"https:\/\/van-dorsten.eu\/uitgestorven\/nederland-no\/","name":"Nordosten der Niederlande -","isPartOf":{"@id":"https:\/\/van-dorsten.eu\/de\/#website"},"primaryImageOfPage":{"@id":"https:\/\/van-dorsten.eu\/uitgestorven\/nederland-no\/#primaryimage"},"image":{"@id":"https:\/\/van-dorsten.eu\/uitgestorven\/nederland-no\/#primaryimage"},"thumbnailUrl":"https:\/\/van-dorsten.eu\/wp-content\/uploads\/2021\/04\/Uitgestorven-Nederland-NO-150x150.jpg","datePublished":"2017-05-16T10:22:08+00:00","dateModified":"2021-04-20T20:55:30+00:00","description":"Im NO Niederlande (Groningen, Friesland, Drenthe, Overijssel, Gelderland mit Amersfoort und Bentheim) scheinen die meisten Daten relatiert.","breadcrumb":{"@id":"https:\/\/van-dorsten.eu\/uitgestorven\/nederland-no\/#breadcrumb"},"inLanguage":"de","potentialAction":[{"@type":"ReadAction","target":["https:\/\/van-dorsten.eu\/uitgestorven\/nederland-no\/"]}]},{"@type":"ImageObject","inLanguage":"de","@id":"https:\/\/van-dorsten.eu\/uitgestorven\/nederland-no\/#primaryimage","url":"https:\/\/van-dorsten.eu\/wp-content\/uploads\/2021\/04\/Uitgestorven-Nederland-NO-150x150.jpg","contentUrl":"https:\/\/van-dorsten.eu\/wp-content\/uploads\/2021\/04\/Uitgestorven-Nederland-NO-150x150.jpg"},{"@type":"BreadcrumbList","@id":"https:\/\/van-dorsten.eu\/uitgestorven\/nederland-no\/#breadcrumb","itemListElement":[{"@type":"ListItem","position":1,"name":"Home","item":"https:\/\/van-dorsten.eu\/"},{"@type":"ListItem","position":2,"name":"Ausgestorben Stammen und Zweige","item":"https:\/\/van-dorsten.eu\/uitgestorven\/"},{"@type":"ListItem","position":3,"name":"Nordosten der Niederlande"}]},{"@type":"WebSite","@id":"https:\/\/van-dorsten.eu\/de\/#website","url":"https:\/\/van-dorsten.eu\/de\/","name":"","description":"Genealogie","potentialAction":[{"@type":"SearchAction","target":{"@type":"EntryPoint","urlTemplate":"https:\/\/van-dorsten.eu\/de\/?s={search_term_string}"},"query-input":{"@type":"PropertyValueSpecification","valueRequired":true,"valueName":"search_term_string"}}],"inLanguage":"de"}]}},"_links":{"self":[{"href":"https:\/\/van-dorsten.eu\/de\/wp-json\/wp\/v2\/pages\/389"}],"collection":[{"href":"https:\/\/van-dorsten.eu\/de\/wp-json\/wp\/v2\/pages"}],"about":[{"href":"https:\/\/van-dorsten.eu\/de\/wp-json\/wp\/v2\/types\/page"}],"author":[{"embeddable":true,"href":"https:\/\/van-dorsten.eu\/de\/wp-json\/wp\/v2\/users\/1"}],"replies":[{"embeddable":true,"href":"https:\/\/van-dorsten.eu\/de\/wp-json\/wp\/v2\/comments?post=389"}],"version-history":[{"count":11,"href":"https:\/\/van-dorsten.eu\/de\/wp-json\/wp\/v2\/pages\/389\/revisions"}],"predecessor-version":[{"id":3738,"href":"https:\/\/van-dorsten.eu\/de\/wp-json\/wp\/v2\/pages\/389\/revisions\/3738"}],"up":[{"embeddable":true,"href":"https:\/\/van-dorsten.eu\/de\/wp-json\/wp\/v2\/pages\/2379"}],"wp:attachment":[{"href":"https:\/\/van-dorsten.eu\/de\/wp-json\/wp\/v2\/media?parent=389"}],"curies":[{"name":"wp","href":"https:\/\/api.w.org\/{rel}","templated":true}]}}