{"id":384,"date":"2017-05-16T12:22:44","date_gmt":"2017-05-16T10:22:44","guid":{"rendered":"http:\/\/van-dorsten.eu\/stamboom\/dordrecht\/"},"modified":"2022-02-16T20:05:13","modified_gmt":"2022-02-16T19:05:13","slug":"dordrecht","status":"publish","type":"page","link":"https:\/\/van-dorsten.eu\/de\/ausgestorben\/dordrecht\/?lang=de","title":{"rendered":"Dordrecht (Breda)"},"content":{"rendered":"<div data-elementor-type=\"wp-page\" data-elementor-id=\"384\" class=\"elementor elementor-384\">\n\t\t\t\t\t\t<section class=\"elementor-section elementor-top-section elementor-element elementor-element-7d9876f6 elementor-section-boxed elementor-section-height-default elementor-section-height-default\" data-id=\"7d9876f6\" data-element_type=\"section\">\n\t\t\t\t\t\t<div class=\"elementor-container elementor-column-gap-default\">\n\t\t\t\t\t<div class=\"elementor-column elementor-col-50 elementor-top-column elementor-element elementor-element-bec6632\" data-id=\"bec6632\" data-element_type=\"column\" data-settings=\"{&quot;background_background&quot;:&quot;classic&quot;}\">\n\t\t\t<div class=\"elementor-widget-wrap elementor-element-populated\">\n\t\t\t\t\t\t<div class=\"elementor-element elementor-element-38257d9f elementor-widget elementor-widget-text-editor\" data-id=\"38257d9f\" data-element_type=\"widget\" data-widget_type=\"text-editor.default\">\n\t\t\t\t<div class=\"elementor-widget-container\">\n\t\t\t\t\t\t\t\t\t<h4 style=\"text-align: center;\"><span style=\"color: #ff0000;\"><strong>Stammbaum &#8211; Dordrecht (Breda &#8211; Dorst)<\/strong><\/span><\/h4><h4><strong>Einleitung<\/strong><\/h4><p>Der Dordrecht-Stammbaum ist ein ausgestorbener Stammbaum haupts\u00e4chlich im Westen der Niederlande, der mehrere ber\u00fchmte Personen hervorgebracht hat. Der Vorfahr stammt aus der Mitte des 16. Jahrhunderts, stammt aus Dorst bei Breda und reiste zu Beginn des 80-j\u00e4hrigen Krieges (Besetzung von Breda durch Spanier) \u00fcber Breda nach Dordrecht. Es wurden keine namengebenden Nachkommen mehr gefunden, obwohl der Zweig, der insbesondere nach Den Haag abreiste, m\u00f6glicherweise neue Erkenntnisse liefert, wenn die dortigen Quellen weiter untersucht werden. Ein weiterer kleinerer historischer Stammbaum wurde in Breda mit diesem Namen gefunden (m\u00f6glicherweise verwandt) und in Dordrecht hat auch ein Stammbaum Van Dorsser begonnen (existiert noch heute), m\u00f6glicherweise auch verwandt.<\/p><h4><strong>Stifter Analyse<\/strong><\/h4><p>Der Stifter ist Adriaen Franck Willemszn, die im Jahre 1564 als Poorter (B\u00fcrger) einschreiben in Breda, stammt aus Dorst unter Oosterhout und mit der Job Moutmaecker. Er ist verheiratet mit Lijsbeth Cornelis Henricxz van der Mijl und hat bereits mehrere Kinder (einschlie\u00dflich Frans und Cornelis, die sp\u00e4ter den Stamm fortgesetzt haben). Er jagt seinen Bruder Peter, die bereits im Jahre 1562 eingeschrieben sind und hat auch einen Bruder Aelbrecht, der sp\u00e4ter mit seiner Familie (mit mehreren S\u00f6hnen) in Gilze lebt. Jeder nutzt nur Vatersnamen und nicht den Nachnamen Van Dorsten (das geschieht nur in Dordrecht).<\/p><p>Um 1580 (bis zum Ende des Jahrhunderts werden die H\u00e4user in Breda verkauft), zogt die ganze Familie zu Dordrecht (Breda ist besetzt von den Spaniern im Jahre 1581 und viele Einwohner finden den Tod, vermutlich aus diesem Grund verlassen). \u00dcbrigens versterbt auch Lijsbeth 1579-1580. Adriaen fahrt um 1590 ab nach Haarlem, heirat Jenneken Cornelis Claesdr (Kinder bleiben in Dordrecht), kommt in 1597 wieder zur\u00fcck und stirbt um 1600. Adriaen war (oder bekam) ziemlich wohlhabend.<\/p><p>Au\u00dferdem gibt es folgende Ankn\u00fcpfungspunkte, Beobachtungen und \u00dcberlegungen zu machen:<\/p><ul><li>Die Archivdaten in Haarlem sind noch nicht allen digitalisiert, es w\u00e4re sogar noch mehr Informationen.<\/li><li>Seltsam ist, dass die S\u00f6hne von Adriaen (Frans und Cornelis) zwischen 1590 und 1610 Kinder bekommen haben. Diese Geburtsdaten, spiegeln jedoch nicht in Breda und auch nicht in Dordrecht. Sie k\u00f6nnen irgendwo sonst noch interim gelebt haben?<\/li><li>Adriaen und die S\u00f6hne sind Zijdelaeckenkopers in Dordrecht geworden und sp\u00e4ter noch mehr in der Familie.<\/li><li>Es ist merkw\u00fcrdig, dass es den Nachnamen Van Dorsten angenommen hat, w\u00e4hrend sonst jeder von Dorst (beginnend im fr\u00fchen 15. Jahrhundert) sich Van Dorst (immer noch eine bestehende Nachnamen) hat genannt. Es scheint, dass sehr fr\u00fcher (13.\/14. Jahrhundert?) es kurz Dorsten war, aber dies bleibt auseinander. Eine Theorie k\u00f6nnte sein, dass man war von der Stadt Dorsten oder von anderswo und hatte bereits den Namen, aber dies ist m\u00f6glicherweise zu weit hergeholt.<\/li><li>Es ist noch viel in den gerichtlichen Archiven von Oosterhout f\u00fcr den Zeitraum 1400-1600 zu finden, aber auch hier reflektiert nichts anderes auf die Familie.<\/li><li>Es ist ein Zweig, die sp\u00e4ter in Breda Van Dorsten hei\u00df und beginnt mit Vincent Lucassen, der um 1630 heiratet. Vielleicht ist dies auch aus diesem Stammbaum.<\/li><\/ul><h4><strong>Weitere Analysen<\/strong><\/h4><p>Der Stifter hatte drei S\u00f6hne: Frans, Cornelis und Jan, unten beschrieben.<\/p><p><strong>Sohn Jan<\/strong> ist wenig \u00fcber bekannt, au\u00dfer dass er 1581 noch minderj\u00e4hrig war und somit im Zeitraum 1560-1580 geboren werden wird. Es ist die Angabe, dass Cahalina Jans van Dorsten in Dordrecht, geboren ca. 1622, eine Tochter w\u00e4re. Die Frage ist, ob dies Jan kann sein, die sp\u00e4ter als Schulmeister \u00fcber Heenvliet in Brielle als Familienvater eine vern\u00fcnftige (und erfolgreiche) Niederlassung in Rotterdam landet. Bruder Frans war auch Lehrer bis 1626.<\/p><p><strong>Sohn Frans<\/strong> war verheiratet mit Margaretha Cotermans und bekam in den Jahren 1585-1605 (keine Geburt erholt!) vier S\u00f6hne und drei T\u00f6chter (jede von ihnen ist verheiratet). Auch von die Kinder in Dordrecht (laut Navorscher) werden viele Geburtsdaten in die umfangreichen vorhandenen THS (Taufen, Heiraten, Sterben)-Daten nicht abgerufen k\u00f6nnen. Es scheint das hier eine Quelle ist verschwunden oder das sie in der N\u00e4he von Dordrecht gelebt haben.<\/p><ul><li><strong>Jan<\/strong> heiratete Gertruyt van Gerwen und bekam zwischen 1630 und 1650 drei S\u00f6hne (keine Geburt erholt!): Ambrosius war Rechtsanwalt in Amsterdam, Matthijs war Skipper auf den Binnengew\u00e4ssern und Jacobus war Maler (Sch\u00fcler Rembrandts). Sie sind alle in Amsterdam begraben, aber keine hat eine Ehefrau oder Kinder!<\/li><li><strong>Cornelis<\/strong> verheiratete Ermptgen Verboom und bekam mehrere T\u00f6chter, die alle in Dordrecht verheiratet sind.<\/li><li><strong>Adriaen<\/strong> verheiratet mit Johanna van Balen und habe eine Tochter (heiratete in Dordrecht) und zwei S\u00f6hne:<ul><li>Frans ist verheiratet mit Geertruyd Tegelberch, zog sich in Den Haag und bekam eine Familie. Weiter sollte dies wieder einmal angeschaut werden wenn die Daten von den Haag Digital lesbar aussortiert sind.<\/li><li>Maerten ist verheiratet mit Ariaentje Keijsers und lebte weiterhin in Dordrecht. Ein Enkel zog Anfang des 18. Jahrhunderts nach Rotterdam, wo die Stamm sich auf jeden Fall bis zum fr\u00fchen 20. Jahrhundert fortsetzte.<\/li><\/ul><\/li><li><strong>Jacob<\/strong> ist wenig von bekannt, er ist im Jahre 1655 gestorben. Ist dies der Vater von Herman und Theunis, sehe unten?<\/li><\/ul><p><strong>Sohn Cornelis<\/strong> heiratete Susanna Verheijden (1595). Hier die Quellen sind manchmal widerw\u00e4rtig und m\u00f6glicherweise waren zwei Cornelis Adriaensen in Dordrecht. Laut dem Archiv gibt es mindestens f\u00fcnf Kinder geboren von 1613 bis 1623 von Cornelis van Dorsten (aber sollte auf jeden Fall auch Kinder geboren sein zuvor, worunter Adriaen), von dem nichts weiter zur\u00fcckgefunden ist. Diese Adriaen heiratete im Jahre 1621 (also vor dem Jahre 1600 geboren) und 1636, aber fast sicher hat nur in der zweiten Ehe mehrere Kinder. Es war ein Sohn Cornelis wer hat \u00fcber 50 geworden, den aber wahrscheinlich nicht verheiratet ist, und einen Sohn Peter. Pieter bekam f\u00fcnf T\u00f6chter und f\u00fcnf S\u00f6hne, aber nur einem Sohn ist verheiratet und bekam Kinder, aber der Stammbaum werde nicht fortgesetzt.<\/p><p>Dann gibt es ein separater Zweig in Dordrecht von <strong>Herman und Theunis Jacobse<\/strong> zu berichten:<\/p><ul><li>Dieser hier hei\u00dft Van Dorsser und hat Namen tragende Nachkommen (also nicht ausgestorben).<\/li><li>Durch Vatersnamen ist der Vater bestimmt auf Jakob, aber von anderen ist auch ein Stammbaum (im Internet) gemacht, in dem der Vater als Teunis Teunis ist bestimmt (Stifter von diesem Stammbaum).<\/li><li>Referenzen bis 1811 dieses Stammes waren oft mit Van Dorsser, aber auch regelm\u00e4\u00dfig Dorsten, Dorser, Dorssen und Dorsen. Es ist also die Frage ob dies ein Zweig der Van Dorsten ist. Die Nachwelt hat den Namen auf dem Standesamt Van Dorsser angenommen. Dies ist auch der einzige Van Dorrsser Sorte, die in den Niederlanden existiert. Ist dies kein Name-Variante, dann ist die Frage von wo dieser Name abgeleitet ist?<\/li><li>Wenn es Jacob ist (und Van Dorsten), ist die Frage, wo das herkommt. Der Bevorzugte ist Jacob van Frans Adriaensz, bereits geboren vor 1600. Er w\u00fcrde dann auch von Cornelis gewesen sein k\u00f6nnen. Und es w\u00fcrde auch noch Jacob van Aelbrecht, die auch von Breda nach Dordrecht gekommen ist.<\/li><li>Herman hat einen kleinen Zweig, der vor allem mit Vatersnamen gebildet wird, aber detaillierte Forschung und einen einzelnen Nachnamen Eintrag macht dies doch korrekt. Er bekommt mehrere S\u00f6hne, von denen einen wieder auch mehrere S\u00f6hne bekommen hat, aber schlie\u00dflich den Stammbaum nicht fortgesetzt.<\/li><li>Teunis bekam mehrere Kinder, darunter ein Sohn Herman (1642) verheiratete Neeltje Stevens Vertholen. Dies hatte zwei T\u00f6chter und zwei S\u00f6hne, die alle geheiratet haben. Steven Hermense hat das Genus weiter fortgesetzt wobei am Ende des achtzehnten Jahrhunderts drei Sohnen verheiratet sind. Dies ist der aktuelle Stamm Van Dorsser.<\/li><\/ul><h4><strong>Quellen und Wissen Sie Das<\/strong><\/h4><ul><li>Verschiedene Referenzen in Breda von 1564 bis 1599, haupts\u00e4chlich Erbschaftsvereinbarungen und Hausverk\u00e4ufe.<\/li><li>Viele Referenzen in Dordrecht von 1612 bis 1800 von vielen Familienmitgliedern und aller Art, auch verschiedene Referenzen an anderen Orten in der Region.<\/li><li>Die Berichte aus den Haag sind jetzt vor allem indirekt (aus anderen Quellen). Als die Quellen von den Haag selbst werden digitalisiert (elektronisch scanbare) f\u00e4llt hier noch neues Material zu finden.<\/li><li>Das Schutzalter ist eine interessante Aussage von Jacobus in Amsterdam 1667, dies betrifft die Sch\u00fcler des Malers Rembrandt van Rijn.<\/li><li>Dar\u00fcber hinaus die erforderlichen Benachrichtigungen wo Adriaen als Anwalt (fr\u00fches 18. Jahrhundert) auftritt.<\/li><li>Von 1681 auch viele Berichte von der separaten Zweigen Theunis und Herman Jacobse.<\/li><li>Es war einer reichen Familie und es war h\u00e4ufig mit anderen ber\u00fchmten reiche Familien in Dordrecht verheiratet.<\/li><li>Es gibt viele Seidentuch H\u00e4ndler in der Familie (auch in Utrecht eine Reihe).<\/li><li>Ambrosius verfolgte drei Studien an der Universit\u00e4t Leiden: Faculty of Arts (1653), Rechte (1663) und ohne Fakult\u00e4t (1686).<\/li><li>Christiaan Huygens starb im Haus der Witwe (Geertruyd Tegelberch) der Frans in den Haag.<\/li><li>Sohn Adriaen von Frans studierte Rechtswissenschaften in Leiden und wurde Rechtsanwalt bei Gericht von Holland.<\/li><li>Cornelis van Adriaen Cornelissen war Kommissar in Rotterdam, Bruder Peter in Dordrecht.<\/li><li>Adriaen Cornelissen war Mitglied des Board of Admiralty in 1661.<\/li><li>Johanna van Balen (Adriaen Fransz) heiratete nach seinem Tod im Jahre 1656 mit Dirck van Delen aus Arnemuiden wer eine Gedenktafel hat geschaffen seiner drei Frauen (jetzt im Besitz der Kirche in Arnemuiden).<\/li><\/ul><h4><strong>Aktueller Status<\/strong><\/h4><p>Die Beschreibung der Dordrecht Familie (vor allem f\u00fcr 1700) k\u00f6nnen Sie au\u00dferdem auch finden an ein Nachkomme einer Tochter aus dieser Familie, Sie has auch viele zus\u00e4tzliche Informationen \u00fcber die Navorscher gefunden und die Analyse des Stifter in Richtung Breda gemacht:<\/p><ul><li><a href=\"http:\/\/alsemgeest.hele.nl\/search.php?mylastname=VAN+DORSTEN&amp;lnqualify=equals&amp;mybool=AND\">Alsemgeest \u2013 Henny van den Broek<\/a><\/li><\/ul><p>Die Beschreibung der Van Dorsser Familie k\u00f6nnen Sie hier finden:<\/p><ul><li><a href=\"https:\/\/www.familiedemeijer.nl\/families\/van-dorsser\">Familie de Meijer &#8211; Van Dorsser<\/a><\/li><li><a href=\"https:\/\/www.genealogieonline.nl\/stamboom-van-dorsser\/I24.php\">GenealogieOnline \u2013 Van Dorsser<\/a><\/li><\/ul><p>Unter der Men\u00fcoption Genealogie finden Sie alle Details dieses Stammbaums.<\/p>\t\t\t\t\t\t\t\t<\/div>\n\t\t\t\t<\/div>\n\t\t\t\t\t<\/div>\n\t\t<\/div>\n\t\t\t\t<div class=\"elementor-column elementor-col-50 elementor-top-column elementor-element elementor-element-03ee7a0\" data-id=\"03ee7a0\" data-element_type=\"column\" data-settings=\"{&quot;background_background&quot;:&quot;classic&quot;}\">\n\t\t\t<div class=\"elementor-widget-wrap elementor-element-populated\">\n\t\t\t\t\t\t<div class=\"elementor-element elementor-element-1aac222 elementor-widget elementor-widget-sidebar\" data-id=\"1aac222\" data-element_type=\"widget\" data-widget_type=\"sidebar.default\">\n\t\t\t\t<div class=\"elementor-widget-container\">\n\t\t\t\t\t<h3>Account<\/h3>\n<p><\/p>\n<form action=\"\/TNG\/processlogin.php\" method=\"post\" name=\"form1\" data-trp-original-action=\"\/TNG\/processlogin.php\">\n<div class=\"normal\">\n<div class=\"nw\" id=\"loginblock\">\n<div class=\"loginprompt\">Username: <\/div>\n<p>\t\t<input type=\"text\" name=\"tngusername\" class=\"loginfont medfield\" id=\"tngusername\" size=\"15\"><\/p>\n<div class=\"loginprompt\">Password: <\/div>\n<p>\t\t<input type=\"password\" name=\"tngpassword\" class=\"loginfont field\" id=\"tngpassword\" size=\"15\"><\/p>\n<div id=\"resetrow\" style=\"display:none\">\n<div class=\"loginprompt\">Nieuw wachtwoord: <\/div>\n<p>\t\t\t<input type=\"password\" name=\"newpassword\" class=\"medfield\" id=\"newpassword\">\n\t\t<\/div>\n<\/p><\/div>\n<div class=\"login-options\">\n\t\t<input type=\"checkbox\" name=\"remember\" value=\"1\"> Onthouden<br \/>\n\t\t<input type=\"checkbox\" name=\"resetpass\" value=\"1\" onclick=\"if(this.checked) {document.getElementById('resetrow').style.display='';} else {document.getElementById('resetrow').style.display='none';}\"> Wijzigen<\/div>\n<p>\n<a href=\"https:\/\/van-dorsten.eu\/TNG\/login.php\" class=\"btn\" value=\"Registreren\">Wachtwoord vergeten<\/a><\/p>\n<div>\n\t\t<input type=\"submit\" class=\"btn\" value=\"Aanmelden\"><br \/>\n<a href=\"https:\/\/van-dorsten.eu\/TNG\/newacctform.php\" class=\"btn\" value=\"Registreren\">Registreren<\/a><\/p>\n<\/p><\/div>\n<\/div>\n<input type=\"hidden\" name=\"trp-form-language\" value=\"de\"\/><\/form>\n<h3>Zoeken<\/h3>\n<p><\/p>\n<form method=\"get\" action=\"\/TNG\/search.php\" data-trp-original-action=\"\/TNG\/search.php\">\n<div class=\"normal\">\n<div class=\"nw\" id=\"stamboom\">\n<div class=\"loginprompt\">Stamboom<\/div>\n<td class=\"databack\">\n\t\t<select name=\"tree\" id=\"treeselect\" onchange=\"var tree=getTree(this); if( !tree ) tree = 'none'; swapBranches(document.search);\"><option value=\"-x--all--x-\" selected=\"selected\">Alle stambomen<\/option><option value=\"Dordrecht\">Dordrecht<\/option><option value=\"FT01\">Steenwijk<\/option><\/select><br \/>\n\t\t\t\t<select name=\"branch\" id=\"branch\"><option value=\"\">Alle takken<\/option><\/select><\/p>\n<div class=\"voornaam\">Voornaam<\/div>\n<p>\t\t<input type=\"hidden\" value=\"AND\" name=\"mybool\" \/><br \/>\n\t\t\t\t<input name=\"myfirstname\" type=\"text\" id=\"myfirstname\" size=\"15\"\/><\/p>\n<div class=\"achternaam\">Achternaam<\/div>\n<p>\t\t<input name=\"mylastname\" type=\"text\" id=\"mylastname\" size=\"15\" \/><\/p>\n<p>\t\t<input type=\"submit\" name=\"search\" value=\"Zoeken\"><\/p>\n<p>\t\t<span class=\"normal\"><a href=\"\/TNG\/searchform.php\">Geavanceerd zoeken<\/a><\/span>\n\t<\/div>\n<\/div>\n<input type=\"hidden\" name=\"trp-form-language\" value=\"de\"\/><\/form>\n<h3>Website<\/h3>\n<p><\/p>\n<form role=\"search\" method=\"get\" action=\"https:\/\/van-dorsten.eu\/de\/\" class=\"wp-block-search__button-outside wp-block-search__text-button wp-block-search\" data-trp-original-action=\"https:\/\/van-dorsten.eu\/\">\n<div class=\"wp-block-search__inside-wrapper\"><input type=\"search\" id=\"wp-block-search__input-1\" class=\"wp-block-search__input\" name=\"s\" value=\"\" placeholder=\"Type om te zoeken op de website\" required=\"\"><button type=\"submit\" class=\"wp-block-search__button\">Zoeken<\/button><\/div>\n<input type=\"hidden\" name=\"trp-form-language\" value=\"de\"\/><\/form>\n\t\t\t\t<\/div>\n\t\t\t\t<\/div>\n\t\t\t\t\t<\/div>\n\t\t<\/div>\n\t\t\t\t\t<\/div>\n\t\t<\/section>\n\t\t\t\t<\/div>","protected":false},"excerpt":{"rendered":"<p>Stammbaum &#8211; Dordrecht (Breda &#8211; Dorst) Einleitung Der Dordrecht-Stammbaum ist ein ausgestorbener Stammbaum haupts\u00e4chlich im Westen der Niederlande, der mehrere ber\u00fchmte Personen hervorgebracht hat. Der Vorfahr stammt aus der Mitte des 16. Jahrhunderts, stammt aus Dorst bei Breda und reiste zu Beginn des 80-j\u00e4hrigen Krieges (Besetzung von Breda durch Spanier) \u00fcber Breda nach Dordrecht. Es &hellip;<\/p>\n<p class=\"read-more\"> <a class=\"\" href=\"https:\/\/van-dorsten.eu\/de\/ausgestorben\/dordrecht\/?lang=de\"> <span class=\"screen-reader-text\">Dordrecht (Breda)<\/span> Read More \u00bb<\/a><\/p>","protected":false},"author":1,"featured_media":0,"parent":2379,"menu_order":0,"comment_status":"closed","ping_status":"closed","template":"elementor_header_footer","meta":{"site-sidebar-layout":"default","site-content-layout":"default","ast-main-header-display":"","ast-hfb-above-header-display":"","ast-hfb-below-header-display":"","ast-hfb-mobile-header-display":"","site-post-title":"","ast-breadcrumbs-content":"","ast-featured-img":"","footer-sml-layout":"","theme-transparent-header-meta":"default","adv-header-id-meta":"","stick-header-meta":"","header-above-stick-meta":"","header-main-stick-meta":"","header-below-stick-meta":"","footnotes":""},"yoast_head":"<!-- This site is optimized with the Yoast SEO plugin v24.5 - https:\/\/yoast.com\/wordpress\/plugins\/seo\/ -->\n<title>Dordrecht (Breda) -<\/title>\n<meta name=\"description\" content=\"Der Dordrecht Stammbaum ist zusammen mit Neuenhaus der bekannteste und wohlhabendsten Stamm und hat mehrere bekannte Pers\u00f6nlichkeiten hervorgebracht.\" \/>\n<meta name=\"robots\" content=\"index, follow, max-snippet:-1, max-image-preview:large, max-video-preview:-1\" \/>\n<link rel=\"canonical\" href=\"https:\/\/van-dorsten.eu\/de\/extinct\/dordrecht\/\" \/>\n<meta property=\"og:locale\" content=\"de_DE\" \/>\n<meta property=\"og:type\" content=\"article\" \/>\n<meta property=\"og:title\" content=\"Dordrecht (Breda) -\" \/>\n<meta property=\"og:description\" content=\"Der Dordrecht Stammbaum ist zusammen mit Neuenhaus der bekannteste und wohlhabendsten Stamm und hat mehrere bekannte Pers\u00f6nlichkeiten hervorgebracht.\" \/>\n<meta property=\"og:url\" content=\"https:\/\/van-dorsten.eu\/de\/extinct\/dordrecht\/?lang=en\" \/>\n<meta property=\"article:modified_time\" content=\"2022-02-16T19:05:13+00:00\" \/>\n<meta name=\"twitter:card\" content=\"summary_large_image\" \/>\n<meta name=\"twitter:label1\" content=\"Gesch\u00e4tzte Lesezeit\" \/>\n\t<meta name=\"twitter:data1\" content=\"8\u00a0Minuten\" \/>\n<script type=\"application\/ld+json\" class=\"yoast-schema-graph\">{\"@context\":\"https:\/\/schema.org\",\"@graph\":[{\"@type\":\"WebPage\",\"@id\":\"https:\/\/van-dorsten.eu\/extinct\/dordrecht\/?lang=en\",\"url\":\"https:\/\/van-dorsten.eu\/extinct\/dordrecht\/?lang=en\",\"name\":\"Dordrecht (Breda) -\",\"isPartOf\":{\"@id\":\"https:\/\/van-dorsten.eu\/de\/#website\"},\"datePublished\":\"2017-05-16T10:22:44+00:00\",\"dateModified\":\"2022-02-16T19:05:13+00:00\",\"description\":\"Der Dordrecht Stammbaum ist zusammen mit Neuenhaus der bekannteste und wohlhabendsten Stamm und hat mehrere bekannte Pers\u00f6nlichkeiten hervorgebracht.\",\"breadcrumb\":{\"@id\":\"https:\/\/van-dorsten.eu\/extinct\/dordrecht\/?lang=en#breadcrumb\"},\"inLanguage\":\"de\",\"potentialAction\":[{\"@type\":\"ReadAction\",\"target\":[\"https:\/\/van-dorsten.eu\/extinct\/dordrecht\/?lang=en\"]}]},{\"@type\":\"BreadcrumbList\",\"@id\":\"https:\/\/van-dorsten.eu\/extinct\/dordrecht\/?lang=en#breadcrumb\",\"itemListElement\":[{\"@type\":\"ListItem\",\"position\":1,\"name\":\"Home\",\"item\":\"https:\/\/van-dorsten.eu\/\"},{\"@type\":\"ListItem\",\"position\":2,\"name\":\"Ausgestorben Stammen und Zweige\",\"item\":\"https:\/\/van-dorsten.eu\/uitgestorven\/\"},{\"@type\":\"ListItem\",\"position\":3,\"name\":\"Dordrecht (Breda)\"}]},{\"@type\":\"WebSite\",\"@id\":\"https:\/\/van-dorsten.eu\/de\/#website\",\"url\":\"https:\/\/van-dorsten.eu\/de\/\",\"name\":\"\",\"description\":\"Genealogie\",\"potentialAction\":[{\"@type\":\"SearchAction\",\"target\":{\"@type\":\"EntryPoint\",\"urlTemplate\":\"https:\/\/van-dorsten.eu\/de\/?s={search_term_string}\"},\"query-input\":{\"@type\":\"PropertyValueSpecification\",\"valueRequired\":true,\"valueName\":\"search_term_string\"}}],\"inLanguage\":\"de\"}]}<\/script>\n<!-- \/ Yoast SEO plugin. -->","yoast_head_json":{"title":"Dordrecht (Breda) -","description":"Der Dordrecht Stammbaum ist zusammen mit Neuenhaus der bekannteste und wohlhabendsten Stamm und hat mehrere bekannte Pers\u00f6nlichkeiten hervorgebracht.","robots":{"index":"index","follow":"follow","max-snippet":"max-snippet:-1","max-image-preview":"max-image-preview:large","max-video-preview":"max-video-preview:-1"},"canonical":"https:\/\/van-dorsten.eu\/de\/extinct\/dordrecht\/","og_locale":"de_DE","og_type":"article","og_title":"Dordrecht (Breda) -","og_description":"Der Dordrecht Stammbaum ist zusammen mit Neuenhaus der bekannteste und wohlhabendsten Stamm und hat mehrere bekannte Pers\u00f6nlichkeiten hervorgebracht.","og_url":"https:\/\/van-dorsten.eu\/de\/extinct\/dordrecht\/?lang=en","article_modified_time":"2022-02-16T19:05:13+00:00","twitter_card":"summary_large_image","twitter_misc":{"Gesch\u00e4tzte Lesezeit":"8\u00a0Minuten"},"schema":{"@context":"https:\/\/schema.org","@graph":[{"@type":"WebPage","@id":"https:\/\/van-dorsten.eu\/extinct\/dordrecht\/?lang=en","url":"https:\/\/van-dorsten.eu\/extinct\/dordrecht\/?lang=en","name":"Dordrecht (Breda) -","isPartOf":{"@id":"https:\/\/van-dorsten.eu\/de\/#website"},"datePublished":"2017-05-16T10:22:44+00:00","dateModified":"2022-02-16T19:05:13+00:00","description":"Der Dordrecht Stammbaum ist zusammen mit Neuenhaus der bekannteste und wohlhabendsten Stamm und hat mehrere bekannte Pers\u00f6nlichkeiten hervorgebracht.","breadcrumb":{"@id":"https:\/\/van-dorsten.eu\/extinct\/dordrecht\/?lang=en#breadcrumb"},"inLanguage":"de","potentialAction":[{"@type":"ReadAction","target":["https:\/\/van-dorsten.eu\/extinct\/dordrecht\/?lang=en"]}]},{"@type":"BreadcrumbList","@id":"https:\/\/van-dorsten.eu\/extinct\/dordrecht\/?lang=en#breadcrumb","itemListElement":[{"@type":"ListItem","position":1,"name":"Home","item":"https:\/\/van-dorsten.eu\/"},{"@type":"ListItem","position":2,"name":"Ausgestorben Stammen und Zweige","item":"https:\/\/van-dorsten.eu\/uitgestorven\/"},{"@type":"ListItem","position":3,"name":"Dordrecht (Breda)"}]},{"@type":"WebSite","@id":"https:\/\/van-dorsten.eu\/de\/#website","url":"https:\/\/van-dorsten.eu\/de\/","name":"","description":"Genealogie","potentialAction":[{"@type":"SearchAction","target":{"@type":"EntryPoint","urlTemplate":"https:\/\/van-dorsten.eu\/de\/?s={search_term_string}"},"query-input":{"@type":"PropertyValueSpecification","valueRequired":true,"valueName":"search_term_string"}}],"inLanguage":"de"}]}},"_links":{"self":[{"href":"https:\/\/van-dorsten.eu\/de\/wp-json\/wp\/v2\/pages\/384"}],"collection":[{"href":"https:\/\/van-dorsten.eu\/de\/wp-json\/wp\/v2\/pages"}],"about":[{"href":"https:\/\/van-dorsten.eu\/de\/wp-json\/wp\/v2\/types\/page"}],"author":[{"embeddable":true,"href":"https:\/\/van-dorsten.eu\/de\/wp-json\/wp\/v2\/users\/1"}],"replies":[{"embeddable":true,"href":"https:\/\/van-dorsten.eu\/de\/wp-json\/wp\/v2\/comments?post=384"}],"version-history":[{"count":12,"href":"https:\/\/van-dorsten.eu\/de\/wp-json\/wp\/v2\/pages\/384\/revisions"}],"predecessor-version":[{"id":4200,"href":"https:\/\/van-dorsten.eu\/de\/wp-json\/wp\/v2\/pages\/384\/revisions\/4200"}],"up":[{"embeddable":true,"href":"https:\/\/van-dorsten.eu\/de\/wp-json\/wp\/v2\/pages\/2379"}],"wp:attachment":[{"href":"https:\/\/van-dorsten.eu\/de\/wp-json\/wp\/v2\/media?parent=384"}],"curies":[{"name":"wp","href":"https:\/\/api.w.org\/{rel}","templated":true}]}}