{"id":375,"date":"2017-05-16T12:23:16","date_gmt":"2017-05-16T10:23:16","guid":{"rendered":"http:\/\/van-dorsten.eu\/stamboom\/breda\/"},"modified":"2021-04-16T09:39:52","modified_gmt":"2021-04-16T07:39:52","slug":"ruhrgebiet","status":"publish","type":"page","link":"https:\/\/van-dorsten.eu\/de\/stammbaume\/ruhrgebiet\/?lang=de","title":{"rendered":"Ruhrgebiet (Dortmund \/ Dinslaken)"},"content":{"rendered":"<div data-elementor-type=\"wp-page\" data-elementor-id=\"375\" class=\"elementor elementor-375\">\n\t\t\t\t\t\t<section class=\"elementor-section elementor-top-section elementor-element elementor-element-22920b1a elementor-section-boxed elementor-section-height-default elementor-section-height-default\" data-id=\"22920b1a\" data-element_type=\"section\">\n\t\t\t\t\t\t<div class=\"elementor-container elementor-column-gap-default\">\n\t\t\t\t\t<div class=\"elementor-column elementor-col-50 elementor-top-column elementor-element elementor-element-6ab27e42\" data-id=\"6ab27e42\" data-element_type=\"column\" data-settings=\"{&quot;background_background&quot;:&quot;classic&quot;}\">\n\t\t\t<div class=\"elementor-widget-wrap elementor-element-populated\">\n\t\t\t\t\t\t<div class=\"elementor-element elementor-element-7e1ace99 elementor-widget elementor-widget-text-editor\" data-id=\"7e1ace99\" data-element_type=\"widget\" data-widget_type=\"text-editor.default\">\n\t\t\t\t<div class=\"elementor-widget-container\">\n\t\t\t\t\t\t\t\t\t<h4 style=\"text-align: center;\"><span style=\"color: #008000;\"><strong>Stammbaum &#8211; Ruhrgebiet<\/strong><\/span><\/h4><p><strong>Einleitung<\/strong><\/p><p>In der Region Dorsten an der Nordseite des Ruhrgebiets sind zwei \u00fcberlebende Stammb\u00e4ume bekannt, deren Ursprung nicht weit zur\u00fcckreicht. Einer stammte aus Dortmund, der andere aus Dinslaken. Hier gibt es noch viel zu entdecken, wenn die Kirchenb\u00fccher weiter untersucht werden.<\/p><p><strong>Stifter Analyse<\/strong><\/p><p><img fetchpriority=\"high\" decoding=\"async\" class=\"size-full wp-image-3622 alignright\" src=\"https:\/\/van-dorsten.eu\/wp-content\/uploads\/2021\/04\/Stamboom-Roergebied-Stamreeks.jpg\" alt=\"\" width=\"578\" height=\"346\" srcset=\"https:\/\/van-dorsten.eu\/wp-content\/uploads\/2021\/04\/Stamboom-Roergebied-Stamreeks.jpg 578w, https:\/\/van-dorsten.eu\/wp-content\/uploads\/2021\/04\/Stamboom-Roergebied-Stamreeks-300x180.jpg 300w\" sizes=\"(max-width: 578px) 100vw, 578px\" \/>Der heutige Vorfahr Dortmunds hei\u00dft August, heiratete um 1900 und hatte in den folgenden zwanzig Jahren Kinder. Sonst ist wenig dar\u00fcber bekannt. Der heutige Vorfahr von Dinslaken hei\u00dft Johann, heiratete 1872 Elisabeth Gehrmann und war Fabrikarbeiter. Dar\u00fcber hinaus gibt es folgende Ausgangspunkte und Beobachtungen:<\/p><ul><li>In der Region sind zwischen 1600 und 1900 ziemlich viele Van Dorstens bekannt. In Dortmund wurde jedoch \u00fcberhaupt nichts gefunden (Quelle Ancestry).<\/li><li>In Dinslaken wurden zwischen 1800 und 1900 viele Daten gefunden. Die gegenseitigen Beziehungen sind jedoch noch unklar.<\/li><\/ul><p><strong>Weitere Analysen<\/strong><\/p><p>Angesichts der kurzen Geschichte kann dazu nur sehr wenig gesagt werden.<\/p><p><strong>Quellen und Wissen Sie Das<\/strong><\/p><ul><li><p>N \/ A<\/p><\/li><\/ul><p><strong>Aktueller Status<\/strong><\/p><p>In der folgenden Tabelle sind nur die Zweige aufgef\u00fchrt, in denen noch Nachkommen leben (in Klammern die Geburtsjahre). Diese finden Sie auch in der folgenden grafischen \u00dcbersicht (mit allen Lagerzweigen).<\/p>\t\t\t\t\t\t\t\t<\/div>\n\t\t\t\t<\/div>\n\t\t\t\t\t<\/div>\n\t\t<\/div>\n\t\t\t\t<div class=\"elementor-column elementor-col-50 elementor-top-column elementor-element elementor-element-1a8eda8\" data-id=\"1a8eda8\" data-element_type=\"column\" data-settings=\"{&quot;background_background&quot;:&quot;classic&quot;}\">\n\t\t\t<div class=\"elementor-widget-wrap elementor-element-populated\">\n\t\t\t\t\t\t<div class=\"elementor-element elementor-element-c178570 elementor-widget elementor-widget-sidebar\" data-id=\"c178570\" data-element_type=\"widget\" data-widget_type=\"sidebar.default\">\n\t\t\t\t<div class=\"elementor-widget-container\">\n\t\t\t\t\t<h3>Account<\/h3>\n<p><\/p>\n<form action=\"\/TNG\/processlogin.php\" method=\"post\" name=\"form1\" data-trp-original-action=\"\/TNG\/processlogin.php\">\n<div class=\"normal\">\n<div class=\"nw\" id=\"loginblock\">\n<div class=\"loginprompt\">Username: <\/div>\n<p>\t\t<input type=\"text\" name=\"tngusername\" class=\"loginfont medfield\" id=\"tngusername\" size=\"15\"><\/p>\n<div class=\"loginprompt\">Password: <\/div>\n<p>\t\t<input type=\"password\" name=\"tngpassword\" class=\"loginfont field\" id=\"tngpassword\" size=\"15\"><\/p>\n<div id=\"resetrow\" style=\"display:none\">\n<div class=\"loginprompt\">Nieuw wachtwoord: <\/div>\n<p>\t\t\t<input type=\"password\" name=\"newpassword\" class=\"medfield\" id=\"newpassword\">\n\t\t<\/div>\n<\/p><\/div>\n<div class=\"login-options\">\n\t\t<input type=\"checkbox\" name=\"remember\" value=\"1\"> Onthouden<br \/>\n\t\t<input type=\"checkbox\" name=\"resetpass\" value=\"1\" onclick=\"if(this.checked) {document.getElementById('resetrow').style.display='';} else {document.getElementById('resetrow').style.display='none';}\"> Wijzigen<\/div>\n<p>\n<a href=\"https:\/\/van-dorsten.eu\/TNG\/login.php\" class=\"btn\" value=\"Registreren\">Wachtwoord vergeten<\/a><\/p>\n<div>\n\t\t<input type=\"submit\" class=\"btn\" value=\"Aanmelden\"><br \/>\n<a href=\"https:\/\/van-dorsten.eu\/TNG\/newacctform.php\" class=\"btn\" value=\"Registreren\">Registreren<\/a><\/p>\n<\/p><\/div>\n<\/div>\n<input type=\"hidden\" name=\"trp-form-language\" value=\"de\"\/><\/form>\n<h3>Zoeken<\/h3>\n<p><\/p>\n<form method=\"get\" action=\"\/TNG\/search.php\" data-trp-original-action=\"\/TNG\/search.php\">\n<div class=\"normal\">\n<div class=\"nw\" id=\"stamboom\">\n<div class=\"loginprompt\">Stamboom<\/div>\n<td class=\"databack\">\n\t\t<select name=\"tree\" id=\"treeselect\" onchange=\"var tree=getTree(this); if( !tree ) tree = 'none'; swapBranches(document.search);\"><option value=\"-x--all--x-\" selected=\"selected\">Alle stambomen<\/option><option value=\"Dordrecht\">Dordrecht<\/option><option value=\"FT01\">Steenwijk<\/option><\/select><br \/>\n\t\t\t\t<select name=\"branch\" id=\"branch\"><option value=\"\">Alle takken<\/option><\/select><\/p>\n<div class=\"voornaam\">Voornaam<\/div>\n<p>\t\t<input type=\"hidden\" value=\"AND\" name=\"mybool\" \/><br \/>\n\t\t\t\t<input name=\"myfirstname\" type=\"text\" id=\"myfirstname\" size=\"15\"\/><\/p>\n<div class=\"achternaam\">Achternaam<\/div>\n<p>\t\t<input name=\"mylastname\" type=\"text\" id=\"mylastname\" size=\"15\" \/><\/p>\n<p>\t\t<input type=\"submit\" name=\"search\" value=\"Zoeken\"><\/p>\n<p>\t\t<span class=\"normal\"><a href=\"\/TNG\/searchform.php\">Geavanceerd zoeken<\/a><\/span>\n\t<\/div>\n<\/div>\n<input type=\"hidden\" name=\"trp-form-language\" value=\"de\"\/><\/form>\n<h3>Website<\/h3>\n<p><\/p>\n<form role=\"search\" method=\"get\" action=\"https:\/\/van-dorsten.eu\/de\/\" class=\"wp-block-search__button-outside wp-block-search__text-button wp-block-search\" data-trp-original-action=\"https:\/\/van-dorsten.eu\/\">\n<div class=\"wp-block-search__inside-wrapper\"><input type=\"search\" id=\"wp-block-search__input-1\" class=\"wp-block-search__input\" name=\"s\" value=\"\" placeholder=\"Type om te zoeken op de website\" required=\"\"><button type=\"submit\" class=\"wp-block-search__button\">Zoeken<\/button><\/div>\n<input type=\"hidden\" name=\"trp-form-language\" value=\"de\"\/><\/form>\n\t\t\t\t<\/div>\n\t\t\t\t<\/div>\n\t\t\t\t\t<\/div>\n\t\t<\/div>\n\t\t\t\t\t<\/div>\n\t\t<\/section>\n\t\t\t\t<\/div>","protected":false},"excerpt":{"rendered":"<p>Stammbaum &#8211; Ruhrgebiet Einleitung In der Region Dorsten an der Nordseite des Ruhrgebiets sind zwei \u00fcberlebende Stammb\u00e4ume bekannt, deren Ursprung nicht weit zur\u00fcckreicht. Einer stammte aus Dortmund, der andere aus Dinslaken. Hier gibt es noch viel zu entdecken, wenn die Kirchenb\u00fccher weiter untersucht werden. Stifter Analyse Der heutige Vorfahr Dortmunds hei\u00dft August, heiratete um 1900 &hellip;<\/p>\n<p class=\"read-more\"> <a class=\"\" href=\"https:\/\/van-dorsten.eu\/de\/stammbaume\/ruhrgebiet\/?lang=de\"> <span class=\"screen-reader-text\">Ruhrgebiet (Dortmund \/ Dinslaken)<\/span> Read More \u00bb<\/a><\/p>","protected":false},"author":1,"featured_media":0,"parent":360,"menu_order":0,"comment_status":"closed","ping_status":"closed","template":"elementor_header_footer","meta":{"site-sidebar-layout":"default","site-content-layout":"default","ast-main-header-display":"","ast-hfb-above-header-display":"","ast-hfb-below-header-display":"","ast-hfb-mobile-header-display":"","site-post-title":"","ast-breadcrumbs-content":"","ast-featured-img":"","footer-sml-layout":"","theme-transparent-header-meta":"default","adv-header-id-meta":"","stick-header-meta":"","header-above-stick-meta":"","header-main-stick-meta":"","header-below-stick-meta":"","footnotes":""},"yoast_head":"<!-- This site is optimized with the Yoast SEO plugin v24.5 - https:\/\/yoast.com\/wordpress\/plugins\/seo\/ -->\n<title>Ruhrgebiet (Dortmund \/ Dinslaken) -<\/title>\n<meta name=\"description\" content=\"Im S\u00fcden der Niederlande mit den Provinzen Zeeland, Limburg und Nord-Brabant sind f\u00fcr 1811 nicht viele Zweige der bekannten Stammb\u00e4ume beobachtet.\" \/>\n<meta name=\"robots\" content=\"index, follow, max-snippet:-1, max-image-preview:large, max-video-preview:-1\" \/>\n<link rel=\"canonical\" href=\"https:\/\/van-dorsten.eu\/de\/stammbaume\/ruhrgebiet\/\" \/>\n<meta property=\"og:locale\" content=\"de_DE\" \/>\n<meta property=\"og:type\" content=\"article\" \/>\n<meta property=\"og:title\" content=\"Ruhrgebiet (Dortmund \/ Dinslaken) -\" \/>\n<meta property=\"og:description\" content=\"Im S\u00fcden der Niederlande mit den Provinzen Zeeland, Limburg und Nord-Brabant sind f\u00fcr 1811 nicht viele Zweige der bekannten Stammb\u00e4ume beobachtet.\" \/>\n<meta property=\"og:url\" content=\"https:\/\/van-dorsten.eu\/de\/stammbaume\/ruhrgebiet\/\" \/>\n<meta property=\"article:modified_time\" content=\"2021-04-16T07:39:52+00:00\" \/>\n<meta property=\"og:image\" content=\"https:\/\/van-dorsten.eu\/wp-content\/uploads\/2021\/04\/Stamboom-Roergebied-Stamreeks.jpg\" \/>\n<meta name=\"twitter:card\" content=\"summary_large_image\" \/>\n<meta name=\"twitter:label1\" content=\"Gesch\u00e4tzte Lesezeit\" \/>\n\t<meta name=\"twitter:data1\" content=\"2\u00a0Minuten\" \/>\n<script type=\"application\/ld+json\" class=\"yoast-schema-graph\">{\"@context\":\"https:\/\/schema.org\",\"@graph\":[{\"@type\":\"WebPage\",\"@id\":\"https:\/\/van-dorsten.eu\/de\/stammbaume\/ruhrgebiet\/\",\"url\":\"https:\/\/van-dorsten.eu\/de\/stammbaume\/ruhrgebiet\/\",\"name\":\"Ruhrgebiet (Dortmund \/ Dinslaken) -\",\"isPartOf\":{\"@id\":\"https:\/\/van-dorsten.eu\/de\/#website\"},\"primaryImageOfPage\":{\"@id\":\"https:\/\/van-dorsten.eu\/de\/stammbaume\/ruhrgebiet\/#primaryimage\"},\"image\":{\"@id\":\"https:\/\/van-dorsten.eu\/de\/stammbaume\/ruhrgebiet\/#primaryimage\"},\"thumbnailUrl\":\"https:\/\/van-dorsten.eu\/wp-content\/uploads\/2021\/04\/Stamboom-Roergebied-Stamreeks.jpg\",\"datePublished\":\"2017-05-16T10:23:16+00:00\",\"dateModified\":\"2021-04-16T07:39:52+00:00\",\"description\":\"Im S\u00fcden der Niederlande mit den Provinzen Zeeland, Limburg und Nord-Brabant sind f\u00fcr 1811 nicht viele Zweige der bekannten Stammb\u00e4ume beobachtet.\",\"breadcrumb\":{\"@id\":\"https:\/\/van-dorsten.eu\/de\/stammbaume\/ruhrgebiet\/#breadcrumb\"},\"inLanguage\":\"de\",\"potentialAction\":[{\"@type\":\"ReadAction\",\"target\":[\"https:\/\/van-dorsten.eu\/de\/stammbaume\/ruhrgebiet\/\"]}]},{\"@type\":\"ImageObject\",\"inLanguage\":\"de\",\"@id\":\"https:\/\/van-dorsten.eu\/de\/stammbaume\/ruhrgebiet\/#primaryimage\",\"url\":\"https:\/\/van-dorsten.eu\/wp-content\/uploads\/2021\/04\/Stamboom-Roergebied-Stamreeks.jpg\",\"contentUrl\":\"https:\/\/van-dorsten.eu\/wp-content\/uploads\/2021\/04\/Stamboom-Roergebied-Stamreeks.jpg\"},{\"@type\":\"BreadcrumbList\",\"@id\":\"https:\/\/van-dorsten.eu\/de\/stammbaume\/ruhrgebiet\/#breadcrumb\",\"itemListElement\":[{\"@type\":\"ListItem\",\"position\":1,\"name\":\"Home\",\"item\":\"https:\/\/van-dorsten.eu\/\"},{\"@type\":\"ListItem\",\"position\":2,\"name\":\"Stammb\u00e4ume\",\"item\":\"https:\/\/van-dorsten.eu\/de\/stammbaume\/\"},{\"@type\":\"ListItem\",\"position\":3,\"name\":\"Ruhrgebiet (Dortmund \/ Dinslaken)\"}]},{\"@type\":\"WebSite\",\"@id\":\"https:\/\/van-dorsten.eu\/de\/#website\",\"url\":\"https:\/\/van-dorsten.eu\/de\/\",\"name\":\"\",\"description\":\"Genealogie\",\"potentialAction\":[{\"@type\":\"SearchAction\",\"target\":{\"@type\":\"EntryPoint\",\"urlTemplate\":\"https:\/\/van-dorsten.eu\/de\/?s={search_term_string}\"},\"query-input\":{\"@type\":\"PropertyValueSpecification\",\"valueRequired\":true,\"valueName\":\"search_term_string\"}}],\"inLanguage\":\"de\"}]}<\/script>\n<!-- \/ Yoast SEO plugin. -->","yoast_head_json":{"title":"Ruhrgebiet (Dortmund \/ Dinslaken) -","description":"Im S\u00fcden der Niederlande mit den Provinzen Zeeland, Limburg und Nord-Brabant sind f\u00fcr 1811 nicht viele Zweige der bekannten Stammb\u00e4ume beobachtet.","robots":{"index":"index","follow":"follow","max-snippet":"max-snippet:-1","max-image-preview":"max-image-preview:large","max-video-preview":"max-video-preview:-1"},"canonical":"https:\/\/van-dorsten.eu\/de\/stammbaume\/ruhrgebiet\/","og_locale":"de_DE","og_type":"article","og_title":"Ruhrgebiet (Dortmund \/ Dinslaken) -","og_description":"Im S\u00fcden der Niederlande mit den Provinzen Zeeland, Limburg und Nord-Brabant sind f\u00fcr 1811 nicht viele Zweige der bekannten Stammb\u00e4ume beobachtet.","og_url":"https:\/\/van-dorsten.eu\/de\/stammbaume\/ruhrgebiet\/","article_modified_time":"2021-04-16T07:39:52+00:00","og_image":[{"url":"https:\/\/van-dorsten.eu\/wp-content\/uploads\/2021\/04\/Stamboom-Roergebied-Stamreeks.jpg","type":"","width":"","height":""}],"twitter_card":"summary_large_image","twitter_misc":{"Gesch\u00e4tzte Lesezeit":"2\u00a0Minuten"},"schema":{"@context":"https:\/\/schema.org","@graph":[{"@type":"WebPage","@id":"https:\/\/van-dorsten.eu\/de\/stammbaume\/ruhrgebiet\/","url":"https:\/\/van-dorsten.eu\/de\/stammbaume\/ruhrgebiet\/","name":"Ruhrgebiet (Dortmund \/ Dinslaken) -","isPartOf":{"@id":"https:\/\/van-dorsten.eu\/de\/#website"},"primaryImageOfPage":{"@id":"https:\/\/van-dorsten.eu\/de\/stammbaume\/ruhrgebiet\/#primaryimage"},"image":{"@id":"https:\/\/van-dorsten.eu\/de\/stammbaume\/ruhrgebiet\/#primaryimage"},"thumbnailUrl":"https:\/\/van-dorsten.eu\/wp-content\/uploads\/2021\/04\/Stamboom-Roergebied-Stamreeks.jpg","datePublished":"2017-05-16T10:23:16+00:00","dateModified":"2021-04-16T07:39:52+00:00","description":"Im S\u00fcden der Niederlande mit den Provinzen Zeeland, Limburg und Nord-Brabant sind f\u00fcr 1811 nicht viele Zweige der bekannten Stammb\u00e4ume beobachtet.","breadcrumb":{"@id":"https:\/\/van-dorsten.eu\/de\/stammbaume\/ruhrgebiet\/#breadcrumb"},"inLanguage":"de","potentialAction":[{"@type":"ReadAction","target":["https:\/\/van-dorsten.eu\/de\/stammbaume\/ruhrgebiet\/"]}]},{"@type":"ImageObject","inLanguage":"de","@id":"https:\/\/van-dorsten.eu\/de\/stammbaume\/ruhrgebiet\/#primaryimage","url":"https:\/\/van-dorsten.eu\/wp-content\/uploads\/2021\/04\/Stamboom-Roergebied-Stamreeks.jpg","contentUrl":"https:\/\/van-dorsten.eu\/wp-content\/uploads\/2021\/04\/Stamboom-Roergebied-Stamreeks.jpg"},{"@type":"BreadcrumbList","@id":"https:\/\/van-dorsten.eu\/de\/stammbaume\/ruhrgebiet\/#breadcrumb","itemListElement":[{"@type":"ListItem","position":1,"name":"Home","item":"https:\/\/van-dorsten.eu\/"},{"@type":"ListItem","position":2,"name":"Stammb\u00e4ume","item":"https:\/\/van-dorsten.eu\/de\/stammbaume\/"},{"@type":"ListItem","position":3,"name":"Ruhrgebiet (Dortmund \/ Dinslaken)"}]},{"@type":"WebSite","@id":"https:\/\/van-dorsten.eu\/de\/#website","url":"https:\/\/van-dorsten.eu\/de\/","name":"","description":"Genealogie","potentialAction":[{"@type":"SearchAction","target":{"@type":"EntryPoint","urlTemplate":"https:\/\/van-dorsten.eu\/de\/?s={search_term_string}"},"query-input":{"@type":"PropertyValueSpecification","valueRequired":true,"valueName":"search_term_string"}}],"inLanguage":"de"}]}},"_links":{"self":[{"href":"https:\/\/van-dorsten.eu\/de\/wp-json\/wp\/v2\/pages\/375"}],"collection":[{"href":"https:\/\/van-dorsten.eu\/de\/wp-json\/wp\/v2\/pages"}],"about":[{"href":"https:\/\/van-dorsten.eu\/de\/wp-json\/wp\/v2\/types\/page"}],"author":[{"embeddable":true,"href":"https:\/\/van-dorsten.eu\/de\/wp-json\/wp\/v2\/users\/1"}],"replies":[{"embeddable":true,"href":"https:\/\/van-dorsten.eu\/de\/wp-json\/wp\/v2\/comments?post=375"}],"version-history":[{"count":16,"href":"https:\/\/van-dorsten.eu\/de\/wp-json\/wp\/v2\/pages\/375\/revisions"}],"predecessor-version":[{"id":3640,"href":"https:\/\/van-dorsten.eu\/de\/wp-json\/wp\/v2\/pages\/375\/revisions\/3640"}],"up":[{"embeddable":true,"href":"https:\/\/van-dorsten.eu\/de\/wp-json\/wp\/v2\/pages\/360"}],"wp:attachment":[{"href":"https:\/\/van-dorsten.eu\/de\/wp-json\/wp\/v2\/media?parent=375"}],"curies":[{"name":"wp","href":"https:\/\/api.w.org\/{rel}","templated":true}]}}