{"id":371,"date":"2017-05-16T12:23:50","date_gmt":"2017-05-16T10:23:50","guid":{"rendered":"http:\/\/van-dorsten.eu\/stamboom\/amsterdam\/"},"modified":"2021-04-17T14:51:02","modified_gmt":"2021-04-17T12:51:02","slug":"vechta","status":"publish","type":"page","link":"https:\/\/van-dorsten.eu\/de\/stammbaume\/vechta\/?lang=de","title":{"rendered":"Vechta \/ Visbek (Minster &#8211; Ohio) {Dorsten}"},"content":{"rendered":"<div data-elementor-type=\"wp-page\" data-elementor-id=\"371\" class=\"elementor elementor-371\">\n\t\t\t\t\t\t<section class=\"elementor-section elementor-top-section elementor-element elementor-element-2ab947c8 elementor-section-boxed elementor-section-height-default elementor-section-height-default\" data-id=\"2ab947c8\" data-element_type=\"section\">\n\t\t\t\t\t\t<div class=\"elementor-container elementor-column-gap-default\">\n\t\t\t\t\t<div class=\"elementor-column elementor-col-50 elementor-top-column elementor-element elementor-element-21cb0451\" data-id=\"21cb0451\" data-element_type=\"column\" data-settings=\"{&quot;background_background&quot;:&quot;classic&quot;}\">\n\t\t\t<div class=\"elementor-widget-wrap elementor-element-populated\">\n\t\t\t\t\t\t<div class=\"elementor-element elementor-element-20568286 elementor-widget elementor-widget-text-editor\" data-id=\"20568286\" data-element_type=\"widget\" data-widget_type=\"text-editor.default\">\n\t\t\t\t<div class=\"elementor-widget-container\">\n\t\t\t\t\t\t\t\t\t<h4 style=\"text-align: center;\"><span style=\"color: #008000;\"><strong>Stammbaum &#8211; Vechta (Minster &#8211; Ohio)<\/strong><\/span><\/h4><h4><strong>Einleitung<\/strong><\/h4><p>Dies ist ein Stammbaum (Dorsten, ohne \u2018van\u2019) von betr\u00e4chtlicher Gr\u00f6\u00dfe in den Vereinigten Staaten, der von zwei Br\u00fcdern (oder Cousins?) Stammt, die 1833 aus Deutschland kamen (Vechta, Visbek, Emsteck). Dort wurde auch der Name Van Dorsten verwendet, dessen Herkunft (noch) unklar ist.<\/p><h4><strong>Stifter Analyse<\/strong><\/h4><p>Der Vorfahr ist Anthony (Anton) oder Wilhelm Heinrich von Dorsten von zwei M\u00e4nnern, die Ende des 18. Jahrhunderts in Visbek und Emsteck geboren wurden, die ersten Kinder in Lutten und Vechta hatten und 1833 nach Ohio in den USA gingen. Dar\u00fcber hinaus gibt es folgende Hinweise und Beobachtungen:<\/p><ul><li>Durch die Analyse der Kirche-Register der Orte in Deutschland kann hier wahrscheinlich noch viel gewonnen werden. Dies kann auch \u00fcber Indexdateien des genealogischen Vereins Oldenburg erfolgen.<\/li><li>Die Ehe des 1. Mannes wurde im Kirchebucher von Visbek gefunden.<\/li><li>Die Geburt des zweiten Mannes wurde im Kirchebucher (katholisch, Vater war katholisch, Mutter protestantisch) in Emstek gefunden und in Lutten verheiratet.<\/li><li>Laut einem Bericht \u00fcber Ancestor hatte Anthony am 24.7.1796 in Hannover eine milit\u00e4rische Ehe (Banns ver\u00f6ffentlicht) (Quelle noch nicht gefunden).<\/li><li>Au\u00dferdem ist dies nicht weit von Bramsche entfernt, wo ein sehr gro\u00dfer Stammbaum Van Dorsten entstanden ist. Es kann also eine Gabelung davon sein.<\/li><\/ul><h4><strong>Weitere Analysen<\/strong><\/h4><p>Einer der Nachkommen in den USA hat diesen Stammbaum vollst\u00e4ndig aus der Auswanderung kartiert.<\/p><h4><strong>Quellen und Wissen Sie Das<\/strong><\/h4><ul><li>N \/ A<\/li><\/ul><h4><strong>Aktueller Status<\/strong><\/h4><p>Sie finden Teile dieses Stammbaums bei Ancestry (Thomas Gueth), Geni (Allen Dale Smith) und Geneanet (MilesMeyer und WendelnTB). Nachfolgend finden Sie eine \u00dcbersicht \u00fcber die Aktienserien mit namengebenden Nachkommen. Unter der Men\u00fcoption Genealogie finden Sie alle Details dieses Stammbaums.<\/p><p><img fetchpriority=\"high\" decoding=\"async\" class=\"alignnone size-full wp-image-3641\" src=\"https:\/\/van-dorsten.eu\/wp-content\/uploads\/2021\/04\/Stamboom-Vechta-Stamreeks.png\" alt=\"\" width=\"1185\" height=\"384\" srcset=\"https:\/\/van-dorsten.eu\/wp-content\/uploads\/2021\/04\/Stamboom-Vechta-Stamreeks.png 1185w, https:\/\/van-dorsten.eu\/wp-content\/uploads\/2021\/04\/Stamboom-Vechta-Stamreeks-300x97.png 300w, https:\/\/van-dorsten.eu\/wp-content\/uploads\/2021\/04\/Stamboom-Vechta-Stamreeks-1024x332.png 1024w, https:\/\/van-dorsten.eu\/wp-content\/uploads\/2021\/04\/Stamboom-Vechta-Stamreeks-768x249.png 768w\" sizes=\"(max-width: 1185px) 100vw, 1185px\" \/><\/p>\t\t\t\t\t\t\t\t<\/div>\n\t\t\t\t<\/div>\n\t\t\t\t\t<\/div>\n\t\t<\/div>\n\t\t\t\t<div class=\"elementor-column elementor-col-50 elementor-top-column elementor-element elementor-element-40d37c6\" data-id=\"40d37c6\" data-element_type=\"column\" data-settings=\"{&quot;background_background&quot;:&quot;classic&quot;}\">\n\t\t\t<div class=\"elementor-widget-wrap elementor-element-populated\">\n\t\t\t\t\t\t<div class=\"elementor-element elementor-element-c226a2c elementor-widget elementor-widget-sidebar\" data-id=\"c226a2c\" data-element_type=\"widget\" data-widget_type=\"sidebar.default\">\n\t\t\t\t<div class=\"elementor-widget-container\">\n\t\t\t\t\t<h3>Account<\/h3>\n<p><\/p>\n<form action=\"\/TNG\/processlogin.php\" method=\"post\" name=\"form1\" data-trp-original-action=\"\/TNG\/processlogin.php\">\n<div class=\"normal\">\n<div class=\"nw\" id=\"loginblock\">\n<div class=\"loginprompt\">Username: <\/div>\n<p>\t\t<input type=\"text\" name=\"tngusername\" class=\"loginfont medfield\" id=\"tngusername\" size=\"15\"><\/p>\n<div class=\"loginprompt\">Password: <\/div>\n<p>\t\t<input type=\"password\" name=\"tngpassword\" class=\"loginfont field\" id=\"tngpassword\" size=\"15\"><\/p>\n<div id=\"resetrow\" style=\"display:none\">\n<div class=\"loginprompt\">Nieuw wachtwoord: <\/div>\n<p>\t\t\t<input type=\"password\" name=\"newpassword\" class=\"medfield\" id=\"newpassword\">\n\t\t<\/div>\n<\/p><\/div>\n<div class=\"login-options\">\n\t\t<input type=\"checkbox\" name=\"remember\" value=\"1\"> Onthouden<br \/>\n\t\t<input type=\"checkbox\" name=\"resetpass\" value=\"1\" onclick=\"if(this.checked) {document.getElementById('resetrow').style.display='';} else {document.getElementById('resetrow').style.display='none';}\"> Wijzigen<\/div>\n<p>\n<a href=\"https:\/\/van-dorsten.eu\/TNG\/login.php\" class=\"btn\" value=\"Registreren\">Wachtwoord vergeten<\/a><\/p>\n<div>\n\t\t<input type=\"submit\" class=\"btn\" value=\"Aanmelden\"><br \/>\n<a href=\"https:\/\/van-dorsten.eu\/TNG\/newacctform.php\" class=\"btn\" value=\"Registreren\">Registreren<\/a><\/p>\n<\/p><\/div>\n<\/div>\n<input type=\"hidden\" name=\"trp-form-language\" value=\"de\"\/><\/form>\n<h3>Zoeken<\/h3>\n<p><\/p>\n<form method=\"get\" action=\"\/TNG\/search.php\" data-trp-original-action=\"\/TNG\/search.php\">\n<div class=\"normal\">\n<div class=\"nw\" id=\"stamboom\">\n<div class=\"loginprompt\">Stamboom<\/div>\n<td class=\"databack\">\n\t\t<select name=\"tree\" id=\"treeselect\" onchange=\"var tree=getTree(this); if( !tree ) tree = 'none'; swapBranches(document.search);\"><option value=\"-x--all--x-\" selected=\"selected\">Alle stambomen<\/option><option value=\"Dordrecht\">Dordrecht<\/option><option value=\"FT01\">Steenwijk<\/option><\/select><br \/>\n\t\t\t\t<select name=\"branch\" id=\"branch\"><option value=\"\">Alle takken<\/option><\/select><\/p>\n<div class=\"voornaam\">Voornaam<\/div>\n<p>\t\t<input type=\"hidden\" value=\"AND\" name=\"mybool\" \/><br \/>\n\t\t\t\t<input name=\"myfirstname\" type=\"text\" id=\"myfirstname\" size=\"15\"\/><\/p>\n<div class=\"achternaam\">Achternaam<\/div>\n<p>\t\t<input name=\"mylastname\" type=\"text\" id=\"mylastname\" size=\"15\" \/><\/p>\n<p>\t\t<input type=\"submit\" name=\"search\" value=\"Zoeken\"><\/p>\n<p>\t\t<span class=\"normal\"><a href=\"\/TNG\/searchform.php\">Geavanceerd zoeken<\/a><\/span>\n\t<\/div>\n<\/div>\n<input type=\"hidden\" name=\"trp-form-language\" value=\"de\"\/><\/form>\n<h3>Website<\/h3>\n<p><\/p>\n<form role=\"search\" method=\"get\" action=\"https:\/\/van-dorsten.eu\/de\/\" class=\"wp-block-search__button-outside wp-block-search__text-button wp-block-search\" data-trp-original-action=\"https:\/\/van-dorsten.eu\/\">\n<div class=\"wp-block-search__inside-wrapper\"><input type=\"search\" id=\"wp-block-search__input-1\" class=\"wp-block-search__input\" name=\"s\" value=\"\" placeholder=\"Type om te zoeken op de website\" required=\"\"><button type=\"submit\" class=\"wp-block-search__button\">Zoeken<\/button><\/div>\n<input type=\"hidden\" name=\"trp-form-language\" value=\"de\"\/><\/form>\n\t\t\t\t<\/div>\n\t\t\t\t<\/div>\n\t\t\t\t\t<\/div>\n\t\t<\/div>\n\t\t\t\t\t<\/div>\n\t\t<\/section>\n\t\t\t\t<\/div>","protected":false},"excerpt":{"rendered":"<p>Stammbaum &#8211; Vechta (Minster &#8211; Ohio) Einleitung Dies ist ein Stammbaum (Dorsten, ohne \u2018van\u2019) von betr\u00e4chtlicher Gr\u00f6\u00dfe in den Vereinigten Staaten, der von zwei Br\u00fcdern (oder Cousins?) Stammt, die 1833 aus Deutschland kamen (Vechta, Visbek, Emsteck). Dort wurde auch der Name Van Dorsten verwendet, dessen Herkunft (noch) unklar ist. Stifter Analyse Der Vorfahr ist Anthony &hellip;<\/p>\n<p class=\"read-more\"> <a class=\"\" href=\"https:\/\/van-dorsten.eu\/de\/stammbaume\/vechta\/?lang=de\"> <span class=\"screen-reader-text\">Vechta \/ Visbek (Minster &#8211; Ohio) {Dorsten}<\/span> Read More \u00bb<\/a><\/p>","protected":false},"author":1,"featured_media":0,"parent":360,"menu_order":0,"comment_status":"closed","ping_status":"closed","template":"elementor_header_footer","meta":{"site-sidebar-layout":"default","site-content-layout":"default","ast-main-header-display":"","ast-hfb-above-header-display":"","ast-hfb-below-header-display":"","ast-hfb-mobile-header-display":"","site-post-title":"","ast-breadcrumbs-content":"","ast-featured-img":"","footer-sml-layout":"","theme-transparent-header-meta":"default","adv-header-id-meta":"","stick-header-meta":"","header-above-stick-meta":"","header-main-stick-meta":"","header-below-stick-meta":"","footnotes":""},"yoast_head":"<!-- This site is optimized with the Yoast SEO plugin v24.5 - https:\/\/yoast.com\/wordpress\/plugins\/seo\/ -->\n<title>Vechta \/ Visbek (Minster - Ohio) {Dorsten} -<\/title>\n<meta name=\"description\" content=\"Im Westen der Niederlande mit Nord- und S\u00fcd-Holland sind nat\u00fcrlich verschiedene Zweige (klein und gro\u00df) von der bekannten Stammb\u00e4ume\" \/>\n<meta name=\"robots\" content=\"index, follow, max-snippet:-1, max-image-preview:large, max-video-preview:-1\" \/>\n<link rel=\"canonical\" href=\"https:\/\/van-dorsten.eu\/de\/stammbaume\/vechta\/\" \/>\n<meta property=\"og:locale\" content=\"de_DE\" \/>\n<meta property=\"og:type\" content=\"article\" \/>\n<meta property=\"og:title\" content=\"Vechta \/ Visbek (Minster - Ohio) {Dorsten} -\" \/>\n<meta property=\"og:description\" content=\"Im Westen der Niederlande mit Nord- und S\u00fcd-Holland sind nat\u00fcrlich verschiedene Zweige (klein und gro\u00df) von der bekannten Stammb\u00e4ume\" \/>\n<meta property=\"og:url\" content=\"https:\/\/van-dorsten.eu\/de\/stammbaume\/vechta\/\" \/>\n<meta property=\"article:modified_time\" content=\"2021-04-17T12:51:02+00:00\" \/>\n<meta property=\"og:image\" content=\"https:\/\/van-dorsten.eu\/wp-content\/uploads\/2021\/04\/Stamboom-Vechta-Stamreeks.png\" \/>\n<meta name=\"twitter:card\" content=\"summary_large_image\" \/>\n<meta name=\"twitter:label1\" content=\"Gesch\u00e4tzte Lesezeit\" \/>\n\t<meta name=\"twitter:data1\" content=\"2\u00a0Minuten\" \/>\n<script type=\"application\/ld+json\" class=\"yoast-schema-graph\">{\"@context\":\"https:\/\/schema.org\",\"@graph\":[{\"@type\":\"WebPage\",\"@id\":\"https:\/\/van-dorsten.eu\/de\/stammbaume\/vechta\/\",\"url\":\"https:\/\/van-dorsten.eu\/de\/stammbaume\/vechta\/\",\"name\":\"Vechta \/ Visbek (Minster - Ohio) {Dorsten} -\",\"isPartOf\":{\"@id\":\"https:\/\/van-dorsten.eu\/de\/#website\"},\"primaryImageOfPage\":{\"@id\":\"https:\/\/van-dorsten.eu\/de\/stammbaume\/vechta\/#primaryimage\"},\"image\":{\"@id\":\"https:\/\/van-dorsten.eu\/de\/stammbaume\/vechta\/#primaryimage\"},\"thumbnailUrl\":\"https:\/\/van-dorsten.eu\/wp-content\/uploads\/2021\/04\/Stamboom-Vechta-Stamreeks.png\",\"datePublished\":\"2017-05-16T10:23:50+00:00\",\"dateModified\":\"2021-04-17T12:51:02+00:00\",\"description\":\"Im Westen der Niederlande mit Nord- und S\u00fcd-Holland sind nat\u00fcrlich verschiedene Zweige (klein und gro\u00df) von der bekannten Stammb\u00e4ume\",\"breadcrumb\":{\"@id\":\"https:\/\/van-dorsten.eu\/de\/stammbaume\/vechta\/#breadcrumb\"},\"inLanguage\":\"de\",\"potentialAction\":[{\"@type\":\"ReadAction\",\"target\":[\"https:\/\/van-dorsten.eu\/de\/stammbaume\/vechta\/\"]}]},{\"@type\":\"ImageObject\",\"inLanguage\":\"de\",\"@id\":\"https:\/\/van-dorsten.eu\/de\/stammbaume\/vechta\/#primaryimage\",\"url\":\"https:\/\/van-dorsten.eu\/wp-content\/uploads\/2021\/04\/Stamboom-Vechta-Stamreeks.png\",\"contentUrl\":\"https:\/\/van-dorsten.eu\/wp-content\/uploads\/2021\/04\/Stamboom-Vechta-Stamreeks.png\"},{\"@type\":\"BreadcrumbList\",\"@id\":\"https:\/\/van-dorsten.eu\/de\/stammbaume\/vechta\/#breadcrumb\",\"itemListElement\":[{\"@type\":\"ListItem\",\"position\":1,\"name\":\"Home\",\"item\":\"https:\/\/van-dorsten.eu\/\"},{\"@type\":\"ListItem\",\"position\":2,\"name\":\"Stammb\u00e4ume\",\"item\":\"https:\/\/van-dorsten.eu\/de\/stammbaume\/\"},{\"@type\":\"ListItem\",\"position\":3,\"name\":\"Vechta \/ Visbek (Minster &#8211; Ohio) {Dorsten}\"}]},{\"@type\":\"WebSite\",\"@id\":\"https:\/\/van-dorsten.eu\/de\/#website\",\"url\":\"https:\/\/van-dorsten.eu\/de\/\",\"name\":\"\",\"description\":\"Genealogie\",\"potentialAction\":[{\"@type\":\"SearchAction\",\"target\":{\"@type\":\"EntryPoint\",\"urlTemplate\":\"https:\/\/van-dorsten.eu\/de\/?s={search_term_string}\"},\"query-input\":{\"@type\":\"PropertyValueSpecification\",\"valueRequired\":true,\"valueName\":\"search_term_string\"}}],\"inLanguage\":\"de\"}]}<\/script>\n<!-- \/ Yoast SEO plugin. -->","yoast_head_json":{"title":"Vechta \/ Visbek (Minster - Ohio) {Dorsten} -","description":"Im Westen der Niederlande mit Nord- und S\u00fcd-Holland sind nat\u00fcrlich verschiedene Zweige (klein und gro\u00df) von der bekannten Stammb\u00e4ume","robots":{"index":"index","follow":"follow","max-snippet":"max-snippet:-1","max-image-preview":"max-image-preview:large","max-video-preview":"max-video-preview:-1"},"canonical":"https:\/\/van-dorsten.eu\/de\/stammbaume\/vechta\/","og_locale":"de_DE","og_type":"article","og_title":"Vechta \/ Visbek (Minster - Ohio) {Dorsten} -","og_description":"Im Westen der Niederlande mit Nord- und S\u00fcd-Holland sind nat\u00fcrlich verschiedene Zweige (klein und gro\u00df) von der bekannten Stammb\u00e4ume","og_url":"https:\/\/van-dorsten.eu\/de\/stammbaume\/vechta\/","article_modified_time":"2021-04-17T12:51:02+00:00","og_image":[{"url":"https:\/\/van-dorsten.eu\/wp-content\/uploads\/2021\/04\/Stamboom-Vechta-Stamreeks.png","type":"","width":"","height":""}],"twitter_card":"summary_large_image","twitter_misc":{"Gesch\u00e4tzte Lesezeit":"2\u00a0Minuten"},"schema":{"@context":"https:\/\/schema.org","@graph":[{"@type":"WebPage","@id":"https:\/\/van-dorsten.eu\/de\/stammbaume\/vechta\/","url":"https:\/\/van-dorsten.eu\/de\/stammbaume\/vechta\/","name":"Vechta \/ Visbek (Minster - Ohio) {Dorsten} -","isPartOf":{"@id":"https:\/\/van-dorsten.eu\/de\/#website"},"primaryImageOfPage":{"@id":"https:\/\/van-dorsten.eu\/de\/stammbaume\/vechta\/#primaryimage"},"image":{"@id":"https:\/\/van-dorsten.eu\/de\/stammbaume\/vechta\/#primaryimage"},"thumbnailUrl":"https:\/\/van-dorsten.eu\/wp-content\/uploads\/2021\/04\/Stamboom-Vechta-Stamreeks.png","datePublished":"2017-05-16T10:23:50+00:00","dateModified":"2021-04-17T12:51:02+00:00","description":"Im Westen der Niederlande mit Nord- und S\u00fcd-Holland sind nat\u00fcrlich verschiedene Zweige (klein und gro\u00df) von der bekannten Stammb\u00e4ume","breadcrumb":{"@id":"https:\/\/van-dorsten.eu\/de\/stammbaume\/vechta\/#breadcrumb"},"inLanguage":"de","potentialAction":[{"@type":"ReadAction","target":["https:\/\/van-dorsten.eu\/de\/stammbaume\/vechta\/"]}]},{"@type":"ImageObject","inLanguage":"de","@id":"https:\/\/van-dorsten.eu\/de\/stammbaume\/vechta\/#primaryimage","url":"https:\/\/van-dorsten.eu\/wp-content\/uploads\/2021\/04\/Stamboom-Vechta-Stamreeks.png","contentUrl":"https:\/\/van-dorsten.eu\/wp-content\/uploads\/2021\/04\/Stamboom-Vechta-Stamreeks.png"},{"@type":"BreadcrumbList","@id":"https:\/\/van-dorsten.eu\/de\/stammbaume\/vechta\/#breadcrumb","itemListElement":[{"@type":"ListItem","position":1,"name":"Home","item":"https:\/\/van-dorsten.eu\/"},{"@type":"ListItem","position":2,"name":"Stammb\u00e4ume","item":"https:\/\/van-dorsten.eu\/de\/stammbaume\/"},{"@type":"ListItem","position":3,"name":"Vechta \/ Visbek (Minster &#8211; Ohio) {Dorsten}"}]},{"@type":"WebSite","@id":"https:\/\/van-dorsten.eu\/de\/#website","url":"https:\/\/van-dorsten.eu\/de\/","name":"","description":"Genealogie","potentialAction":[{"@type":"SearchAction","target":{"@type":"EntryPoint","urlTemplate":"https:\/\/van-dorsten.eu\/de\/?s={search_term_string}"},"query-input":{"@type":"PropertyValueSpecification","valueRequired":true,"valueName":"search_term_string"}}],"inLanguage":"de"}]}},"_links":{"self":[{"href":"https:\/\/van-dorsten.eu\/de\/wp-json\/wp\/v2\/pages\/371"}],"collection":[{"href":"https:\/\/van-dorsten.eu\/de\/wp-json\/wp\/v2\/pages"}],"about":[{"href":"https:\/\/van-dorsten.eu\/de\/wp-json\/wp\/v2\/types\/page"}],"author":[{"embeddable":true,"href":"https:\/\/van-dorsten.eu\/de\/wp-json\/wp\/v2\/users\/1"}],"replies":[{"embeddable":true,"href":"https:\/\/van-dorsten.eu\/de\/wp-json\/wp\/v2\/comments?post=371"}],"version-history":[{"count":13,"href":"https:\/\/van-dorsten.eu\/de\/wp-json\/wp\/v2\/pages\/371\/revisions"}],"predecessor-version":[{"id":3665,"href":"https:\/\/van-dorsten.eu\/de\/wp-json\/wp\/v2\/pages\/371\/revisions\/3665"}],"up":[{"embeddable":true,"href":"https:\/\/van-dorsten.eu\/de\/wp-json\/wp\/v2\/pages\/360"}],"wp:attachment":[{"href":"https:\/\/van-dorsten.eu\/de\/wp-json\/wp\/v2\/media?parent=371"}],"curies":[{"name":"wp","href":"https:\/\/api.w.org\/{rel}","templated":true}]}}