{"id":360,"date":"2017-05-16T12:15:00","date_gmt":"2017-05-16T10:15:00","guid":{"rendered":"http:\/\/van-dorsten.eu\/stamboom\/"},"modified":"2021-03-29T23:26:28","modified_gmt":"2021-03-29T21:26:28","slug":"stammbaume","status":"publish","type":"page","link":"https:\/\/van-dorsten.eu\/de\/stammbaume\/?lang=de","title":{"rendered":"Stammb\u00e4ume"},"content":{"rendered":"<div data-elementor-type=\"wp-page\" data-elementor-id=\"360\" class=\"elementor elementor-360\">\n\t\t\t\t\t\t<section class=\"elementor-section elementor-top-section elementor-element elementor-element-694fe0e3 elementor-section-boxed elementor-section-height-default elementor-section-height-default\" data-id=\"694fe0e3\" data-element_type=\"section\">\n\t\t\t\t\t\t<div class=\"elementor-container elementor-column-gap-default\">\n\t\t\t\t\t<div class=\"elementor-column elementor-col-33 elementor-top-column elementor-element elementor-element-31238d86\" data-id=\"31238d86\" data-element_type=\"column\" data-settings=\"{&quot;background_background&quot;:&quot;classic&quot;}\">\n\t\t\t<div class=\"elementor-widget-wrap elementor-element-populated\">\n\t\t\t\t\t\t<div class=\"elementor-element elementor-element-1addb6de elementor-widget elementor-widget-text-editor\" data-id=\"1addb6de\" data-element_type=\"widget\" data-widget_type=\"text-editor.default\">\n\t\t\t\t<div class=\"elementor-widget-container\">\n\t\t\t\t\t\t\t\t\t<h4 style=\"text-align: center;\"><strong><span style=\"color: #008000;\">Stammb\u00e4ume<\/span><\/strong><\/h4><p><br \/>Die folgenden noch vorhandenen Stammb\u00e4ume werden ausf\u00fchrlich beschrieben (basierend auf dem Herkunftsort):<\/p><p><strong>Neuenhaus<\/strong> (D) &#8211; Ab ca. 1500 mit noch aktiven Niederlassungen in Deutschland, S\u00fcdafrika, den USA und den Niederlanden.<\/p><p><strong>Zwartsluis<\/strong> (NL) &#8211; Ein umfangreicher Stamm seit 1714, haupts\u00e4chlich in den Niederlanden, aber auch in verschiedenen Niederlassungen im Ausland.<\/p><p><strong>Steenwijk<\/strong> (NL) &#8211; Ein kleiner Stamm seit 1683 mit einem aktiven Nachkommen des Namenstr\u00e4gers in den Niederlanden.<\/p><p><strong>Bramsche<\/strong> (D) &#8211; Ein gro\u00dfer Stamm seit 1612 aus Bramsche mit gro\u00dfen Niederlassungen in den Niederlanden und USA.<\/p><p><strong>Vechta<\/strong> (D, Dorsten) &#8211; Dieser gro\u00dfe Stamm kam 1833 von Vechta (Oldenburg) nach Ohio in den USA.<\/p><p><strong>Ruhrgebiet<\/strong> (D) &#8211; Zwei kleine St\u00e4mme in Deutschland entstanden im 19. Jahrhundert in Dinslaken und Dortmund.<\/p><p><strong>Jutphaas<\/strong> (NL, Van Dorssen) &#8211; Ein gro\u00dfer Bestand aus dem Jahr 1750 in Jutphaas mit vielen Nachkommen in den Niederlanden und im Ausland.<\/p><p><strong>Amersfoort<\/strong> (NL, Van Dorssen) &#8211; Entstanden als Van Dorsten um 1650 in Doesburg und in der ersten H\u00e4lfte des 18. Jahrhunderts wurde Van Dorssen in Amersfoort mit Nachkommen in den Niederlanden und Australien.<\/p>\t\t\t\t\t\t\t\t<\/div>\n\t\t\t\t<\/div>\n\t\t\t\t\t<\/div>\n\t\t<\/div>\n\t\t\t\t<div class=\"elementor-column elementor-col-33 elementor-top-column elementor-element elementor-element-43e37fd\" data-id=\"43e37fd\" data-element_type=\"column\" data-settings=\"{&quot;background_background&quot;:&quot;classic&quot;}\">\n\t\t\t<div class=\"elementor-widget-wrap elementor-element-populated\">\n\t\t\t\t\t\t<div class=\"elementor-element elementor-element-a3e0474 elementor-widget elementor-widget-image\" data-id=\"a3e0474\" data-element_type=\"widget\" data-widget_type=\"image.default\">\n\t\t\t\t<div class=\"elementor-widget-container\">\n\t\t\t\t\t\t\t\t\t\t\t\t\t\t\t<img fetchpriority=\"high\" decoding=\"async\" width=\"1024\" height=\"838\" src=\"https:\/\/van-dorsten.eu\/wp-content\/uploads\/2021\/02\/Algemeen-Dorsten-Topografie-1024x838.jpg\" class=\"attachment-large size-large wp-image-2949\" alt=\"\" srcset=\"https:\/\/van-dorsten.eu\/wp-content\/uploads\/2021\/02\/Algemeen-Dorsten-Topografie-1024x838.jpg 1024w, https:\/\/van-dorsten.eu\/wp-content\/uploads\/2021\/02\/Algemeen-Dorsten-Topografie-300x245.jpg 300w, https:\/\/van-dorsten.eu\/wp-content\/uploads\/2021\/02\/Algemeen-Dorsten-Topografie-768x628.jpg 768w, https:\/\/van-dorsten.eu\/wp-content\/uploads\/2021\/02\/Algemeen-Dorsten-Topografie.jpg 1099w\" sizes=\"(max-width: 1024px) 100vw, 1024px\" \/>\t\t\t\t\t\t\t\t\t\t\t\t\t\t\t<\/div>\n\t\t\t\t<\/div>\n\t\t\t\t\t<\/div>\n\t\t<\/div>\n\t\t\t\t<div class=\"elementor-column elementor-col-33 elementor-top-column elementor-element elementor-element-4507cdf\" data-id=\"4507cdf\" data-element_type=\"column\" data-settings=\"{&quot;background_background&quot;:&quot;classic&quot;}\">\n\t\t\t<div class=\"elementor-widget-wrap elementor-element-populated\">\n\t\t\t\t\t\t<div class=\"elementor-element elementor-element-d7d8f6d elementor-widget elementor-widget-sidebar\" data-id=\"d7d8f6d\" data-element_type=\"widget\" data-widget_type=\"sidebar.default\">\n\t\t\t\t<div class=\"elementor-widget-container\">\n\t\t\t\t\t<h3>Account<\/h3>\n<p><\/p>\n<form action=\"\/TNG\/processlogin.php\" method=\"post\" name=\"form1\" data-trp-original-action=\"\/TNG\/processlogin.php\">\n<div class=\"normal\">\n<div class=\"nw\" id=\"loginblock\">\n<div class=\"loginprompt\">Username: <\/div>\n<p>\t\t<input type=\"text\" name=\"tngusername\" class=\"loginfont medfield\" id=\"tngusername\" size=\"15\"><\/p>\n<div class=\"loginprompt\">Password: <\/div>\n<p>\t\t<input type=\"password\" name=\"tngpassword\" class=\"loginfont field\" id=\"tngpassword\" size=\"15\"><\/p>\n<div id=\"resetrow\" style=\"display:none\">\n<div class=\"loginprompt\">Nieuw wachtwoord: <\/div>\n<p>\t\t\t<input type=\"password\" name=\"newpassword\" class=\"medfield\" id=\"newpassword\">\n\t\t<\/div>\n<\/p><\/div>\n<div class=\"login-options\">\n\t\t<input type=\"checkbox\" name=\"remember\" value=\"1\"> Onthouden<br \/>\n\t\t<input type=\"checkbox\" name=\"resetpass\" value=\"1\" onclick=\"if(this.checked) {document.getElementById('resetrow').style.display='';} else {document.getElementById('resetrow').style.display='none';}\"> Wijzigen<\/div>\n<p>\n<a href=\"https:\/\/van-dorsten.eu\/TNG\/login.php\" class=\"btn\" value=\"Registreren\">Wachtwoord vergeten<\/a><\/p>\n<div>\n\t\t<input type=\"submit\" class=\"btn\" value=\"Aanmelden\"><br \/>\n<a href=\"https:\/\/van-dorsten.eu\/TNG\/newacctform.php\" class=\"btn\" value=\"Registreren\">Registreren<\/a><\/p>\n<\/p><\/div>\n<\/div>\n<input type=\"hidden\" name=\"trp-form-language\" value=\"de\"\/><\/form>\n<h3>Zoeken<\/h3>\n<p><\/p>\n<form method=\"get\" action=\"\/TNG\/search.php\" data-trp-original-action=\"\/TNG\/search.php\">\n<div class=\"normal\">\n<div class=\"nw\" id=\"stamboom\">\n<div class=\"loginprompt\">Stamboom<\/div>\n<td class=\"databack\">\n\t\t<select name=\"tree\" id=\"treeselect\" onchange=\"var tree=getTree(this); if( !tree ) tree = 'none'; swapBranches(document.search);\"><option value=\"-x--all--x-\" selected=\"selected\">Alle stambomen<\/option><option value=\"Dordrecht\">Dordrecht<\/option><option value=\"FT01\">Steenwijk<\/option><\/select><br \/>\n\t\t\t\t<select name=\"branch\" id=\"branch\"><option value=\"\">Alle takken<\/option><\/select><\/p>\n<div class=\"voornaam\">Voornaam<\/div>\n<p>\t\t<input type=\"hidden\" value=\"AND\" name=\"mybool\" \/><br \/>\n\t\t\t\t<input name=\"myfirstname\" type=\"text\" id=\"myfirstname\" size=\"15\"\/><\/p>\n<div class=\"achternaam\">Achternaam<\/div>\n<p>\t\t<input name=\"mylastname\" type=\"text\" id=\"mylastname\" size=\"15\" \/><\/p>\n<p>\t\t<input type=\"submit\" name=\"search\" value=\"Zoeken\"><\/p>\n<p>\t\t<span class=\"normal\"><a href=\"\/TNG\/searchform.php\">Geavanceerd zoeken<\/a><\/span>\n\t<\/div>\n<\/div>\n<input type=\"hidden\" name=\"trp-form-language\" value=\"de\"\/><\/form>\n<h3>Website<\/h3>\n<p><\/p>\n<form role=\"search\" method=\"get\" action=\"https:\/\/van-dorsten.eu\/de\/\" class=\"wp-block-search__button-outside wp-block-search__text-button wp-block-search\" data-trp-original-action=\"https:\/\/van-dorsten.eu\/\">\n<div class=\"wp-block-search__inside-wrapper\"><input type=\"search\" id=\"wp-block-search__input-1\" class=\"wp-block-search__input\" name=\"s\" value=\"\" placeholder=\"Type om te zoeken op de website\" required=\"\"><button type=\"submit\" class=\"wp-block-search__button\">Zoeken<\/button><\/div>\n<input type=\"hidden\" name=\"trp-form-language\" value=\"de\"\/><\/form>\n\t\t\t\t<\/div>\n\t\t\t\t<\/div>\n\t\t\t\t\t<\/div>\n\t\t<\/div>\n\t\t\t\t\t<\/div>\n\t\t<\/section>\n\t\t\t\t<\/div>","protected":false},"excerpt":{"rendered":"<p>Stammb\u00e4ume Die folgenden noch vorhandenen Stammb\u00e4ume werden ausf\u00fchrlich beschrieben (basierend auf dem Herkunftsort): Neuenhaus (D) &#8211; Ab ca. 1500 mit noch aktiven Niederlassungen in Deutschland, S\u00fcdafrika, den USA und den Niederlanden. Zwartsluis (NL) &#8211; Ein umfangreicher Stamm seit 1714, haupts\u00e4chlich in den Niederlanden, aber auch in verschiedenen Niederlassungen im Ausland. Steenwijk (NL) &#8211; Ein kleiner &hellip;<\/p>\n<p class=\"read-more\"> <a class=\"\" href=\"https:\/\/van-dorsten.eu\/de\/stammbaume\/?lang=de\"> <span class=\"screen-reader-text\">Stammb\u00e4ume<\/span> Read More \u00bb<\/a><\/p>","protected":false},"author":1,"featured_media":0,"parent":0,"menu_order":0,"comment_status":"closed","ping_status":"closed","template":"elementor_header_footer","meta":{"site-sidebar-layout":"default","site-content-layout":"default","ast-main-header-display":"","ast-hfb-above-header-display":"","ast-hfb-below-header-display":"","ast-hfb-mobile-header-display":"","site-post-title":"","ast-breadcrumbs-content":"","ast-featured-img":"","footer-sml-layout":"","theme-transparent-header-meta":"default","adv-header-id-meta":"","stick-header-meta":"","header-above-stick-meta":"","header-main-stick-meta":"","header-below-stick-meta":"","footnotes":""},"yoast_head":"<!-- This site is optimized with the Yoast SEO plugin v24.5 - https:\/\/yoast.com\/wordpress\/plugins\/seo\/ -->\n<title>Stammb\u00e4ume -<\/title>\n<meta name=\"description\" content=\"Unter dem Men\u00fc Option Stammbaum sind alle gefundenen Stammb\u00e4ume, beide noch auf bestehende als auch historische Stammb\u00e4ume.\" \/>\n<meta name=\"robots\" content=\"index, follow, max-snippet:-1, max-image-preview:large, max-video-preview:-1\" \/>\n<link rel=\"canonical\" href=\"https:\/\/van-dorsten.eu\/de\/stammbaume\/\" \/>\n<meta property=\"og:locale\" content=\"de_DE\" \/>\n<meta property=\"og:type\" content=\"article\" \/>\n<meta property=\"og:title\" content=\"Stammb\u00e4ume -\" \/>\n<meta property=\"og:description\" content=\"Unter dem Men\u00fc Option Stammbaum sind alle gefundenen Stammb\u00e4ume, beide noch auf bestehende als auch historische Stammb\u00e4ume.\" \/>\n<meta property=\"og:url\" content=\"https:\/\/van-dorsten.eu\/de\/stammbaume\/\" \/>\n<meta property=\"article:modified_time\" content=\"2021-03-29T21:26:28+00:00\" \/>\n<meta property=\"og:image\" content=\"https:\/\/van-dorsten.eu\/wp-content\/uploads\/2021\/02\/Algemeen-Dorsten-Topografie-1024x838.jpg\" \/>\n<meta name=\"twitter:card\" content=\"summary_large_image\" \/>\n<meta name=\"twitter:label1\" content=\"Gesch\u00e4tzte Lesezeit\" \/>\n\t<meta name=\"twitter:data1\" content=\"2\u00a0Minuten\" \/>\n<script type=\"application\/ld+json\" class=\"yoast-schema-graph\">{\"@context\":\"https:\/\/schema.org\",\"@graph\":[{\"@type\":\"WebPage\",\"@id\":\"https:\/\/van-dorsten.eu\/de\/stammbaume\/\",\"url\":\"https:\/\/van-dorsten.eu\/de\/stammbaume\/\",\"name\":\"Stammb\u00e4ume -\",\"isPartOf\":{\"@id\":\"https:\/\/van-dorsten.eu\/de\/#website\"},\"primaryImageOfPage\":{\"@id\":\"https:\/\/van-dorsten.eu\/de\/stammbaume\/#primaryimage\"},\"image\":{\"@id\":\"https:\/\/van-dorsten.eu\/de\/stammbaume\/#primaryimage\"},\"thumbnailUrl\":\"https:\/\/van-dorsten.eu\/wp-content\/uploads\/2021\/02\/Algemeen-Dorsten-Topografie-1024x838.jpg\",\"datePublished\":\"2017-05-16T10:15:00+00:00\",\"dateModified\":\"2021-03-29T21:26:28+00:00\",\"description\":\"Unter dem Men\u00fc Option Stammbaum sind alle gefundenen Stammb\u00e4ume, beide noch auf bestehende als auch historische Stammb\u00e4ume.\",\"breadcrumb\":{\"@id\":\"https:\/\/van-dorsten.eu\/de\/stammbaume\/#breadcrumb\"},\"inLanguage\":\"de\",\"potentialAction\":[{\"@type\":\"ReadAction\",\"target\":[\"https:\/\/van-dorsten.eu\/de\/stammbaume\/\"]}]},{\"@type\":\"ImageObject\",\"inLanguage\":\"de\",\"@id\":\"https:\/\/van-dorsten.eu\/de\/stammbaume\/#primaryimage\",\"url\":\"https:\/\/van-dorsten.eu\/wp-content\/uploads\/2021\/02\/Algemeen-Dorsten-Topografie-1024x838.jpg\",\"contentUrl\":\"https:\/\/van-dorsten.eu\/wp-content\/uploads\/2021\/02\/Algemeen-Dorsten-Topografie-1024x838.jpg\"},{\"@type\":\"BreadcrumbList\",\"@id\":\"https:\/\/van-dorsten.eu\/de\/stammbaume\/#breadcrumb\",\"itemListElement\":[{\"@type\":\"ListItem\",\"position\":1,\"name\":\"Home\",\"item\":\"https:\/\/van-dorsten.eu\/\"},{\"@type\":\"ListItem\",\"position\":2,\"name\":\"Stammb\u00e4ume\"}]},{\"@type\":\"WebSite\",\"@id\":\"https:\/\/van-dorsten.eu\/de\/#website\",\"url\":\"https:\/\/van-dorsten.eu\/de\/\",\"name\":\"\",\"description\":\"Genealogie\",\"potentialAction\":[{\"@type\":\"SearchAction\",\"target\":{\"@type\":\"EntryPoint\",\"urlTemplate\":\"https:\/\/van-dorsten.eu\/de\/?s={search_term_string}\"},\"query-input\":{\"@type\":\"PropertyValueSpecification\",\"valueRequired\":true,\"valueName\":\"search_term_string\"}}],\"inLanguage\":\"de\"}]}<\/script>\n<!-- \/ Yoast SEO plugin. -->","yoast_head_json":{"title":"Stammb\u00e4ume -","description":"Unter dem Men\u00fc Option Stammbaum sind alle gefundenen Stammb\u00e4ume, beide noch auf bestehende als auch historische Stammb\u00e4ume.","robots":{"index":"index","follow":"follow","max-snippet":"max-snippet:-1","max-image-preview":"max-image-preview:large","max-video-preview":"max-video-preview:-1"},"canonical":"https:\/\/van-dorsten.eu\/de\/stammbaume\/","og_locale":"de_DE","og_type":"article","og_title":"Stammb\u00e4ume -","og_description":"Unter dem Men\u00fc Option Stammbaum sind alle gefundenen Stammb\u00e4ume, beide noch auf bestehende als auch historische Stammb\u00e4ume.","og_url":"https:\/\/van-dorsten.eu\/de\/stammbaume\/","article_modified_time":"2021-03-29T21:26:28+00:00","og_image":[{"url":"https:\/\/van-dorsten.eu\/wp-content\/uploads\/2021\/02\/Algemeen-Dorsten-Topografie-1024x838.jpg","type":"","width":"","height":""}],"twitter_card":"summary_large_image","twitter_misc":{"Gesch\u00e4tzte Lesezeit":"2\u00a0Minuten"},"schema":{"@context":"https:\/\/schema.org","@graph":[{"@type":"WebPage","@id":"https:\/\/van-dorsten.eu\/de\/stammbaume\/","url":"https:\/\/van-dorsten.eu\/de\/stammbaume\/","name":"Stammb\u00e4ume -","isPartOf":{"@id":"https:\/\/van-dorsten.eu\/de\/#website"},"primaryImageOfPage":{"@id":"https:\/\/van-dorsten.eu\/de\/stammbaume\/#primaryimage"},"image":{"@id":"https:\/\/van-dorsten.eu\/de\/stammbaume\/#primaryimage"},"thumbnailUrl":"https:\/\/van-dorsten.eu\/wp-content\/uploads\/2021\/02\/Algemeen-Dorsten-Topografie-1024x838.jpg","datePublished":"2017-05-16T10:15:00+00:00","dateModified":"2021-03-29T21:26:28+00:00","description":"Unter dem Men\u00fc Option Stammbaum sind alle gefundenen Stammb\u00e4ume, beide noch auf bestehende als auch historische Stammb\u00e4ume.","breadcrumb":{"@id":"https:\/\/van-dorsten.eu\/de\/stammbaume\/#breadcrumb"},"inLanguage":"de","potentialAction":[{"@type":"ReadAction","target":["https:\/\/van-dorsten.eu\/de\/stammbaume\/"]}]},{"@type":"ImageObject","inLanguage":"de","@id":"https:\/\/van-dorsten.eu\/de\/stammbaume\/#primaryimage","url":"https:\/\/van-dorsten.eu\/wp-content\/uploads\/2021\/02\/Algemeen-Dorsten-Topografie-1024x838.jpg","contentUrl":"https:\/\/van-dorsten.eu\/wp-content\/uploads\/2021\/02\/Algemeen-Dorsten-Topografie-1024x838.jpg"},{"@type":"BreadcrumbList","@id":"https:\/\/van-dorsten.eu\/de\/stammbaume\/#breadcrumb","itemListElement":[{"@type":"ListItem","position":1,"name":"Home","item":"https:\/\/van-dorsten.eu\/"},{"@type":"ListItem","position":2,"name":"Stammb\u00e4ume"}]},{"@type":"WebSite","@id":"https:\/\/van-dorsten.eu\/de\/#website","url":"https:\/\/van-dorsten.eu\/de\/","name":"","description":"Genealogie","potentialAction":[{"@type":"SearchAction","target":{"@type":"EntryPoint","urlTemplate":"https:\/\/van-dorsten.eu\/de\/?s={search_term_string}"},"query-input":{"@type":"PropertyValueSpecification","valueRequired":true,"valueName":"search_term_string"}}],"inLanguage":"de"}]}},"_links":{"self":[{"href":"https:\/\/van-dorsten.eu\/de\/wp-json\/wp\/v2\/pages\/360"}],"collection":[{"href":"https:\/\/van-dorsten.eu\/de\/wp-json\/wp\/v2\/pages"}],"about":[{"href":"https:\/\/van-dorsten.eu\/de\/wp-json\/wp\/v2\/types\/page"}],"author":[{"embeddable":true,"href":"https:\/\/van-dorsten.eu\/de\/wp-json\/wp\/v2\/users\/1"}],"replies":[{"embeddable":true,"href":"https:\/\/van-dorsten.eu\/de\/wp-json\/wp\/v2\/comments?post=360"}],"version-history":[{"count":19,"href":"https:\/\/van-dorsten.eu\/de\/wp-json\/wp\/v2\/pages\/360\/revisions"}],"predecessor-version":[{"id":3489,"href":"https:\/\/van-dorsten.eu\/de\/wp-json\/wp\/v2\/pages\/360\/revisions\/3489"}],"wp:attachment":[{"href":"https:\/\/van-dorsten.eu\/de\/wp-json\/wp\/v2\/media?parent=360"}],"curies":[{"name":"wp","href":"https:\/\/api.w.org\/{rel}","templated":true}]}}