{"id":355,"date":"2017-05-16T12:20:10","date_gmt":"2017-05-16T10:20:10","guid":{"rendered":"http:\/\/van-dorsten.eu\/achtergrond\/verspreiding\/"},"modified":"2021-02-21T23:32:48","modified_gmt":"2021-02-21T22:32:48","slug":"verbreitung","status":"publish","type":"page","link":"https:\/\/van-dorsten.eu\/de\/hintergrund\/verbreitung\/?lang=de","title":{"rendered":"Verbreitung des Namens"},"content":{"rendered":"<div data-elementor-type=\"wp-page\" data-elementor-id=\"355\" class=\"elementor elementor-355\">\n\t\t\t\t\t\t<section class=\"elementor-section elementor-top-section elementor-element elementor-element-1a4b4265 elementor-section-boxed elementor-section-height-default elementor-section-height-default\" data-id=\"1a4b4265\" data-element_type=\"section\">\n\t\t\t\t\t\t<div class=\"elementor-container elementor-column-gap-default\">\n\t\t\t\t\t<div class=\"elementor-column elementor-col-50 elementor-top-column elementor-element elementor-element-2459e121\" data-id=\"2459e121\" data-element_type=\"column\" data-settings=\"{&quot;background_background&quot;:&quot;classic&quot;}\">\n\t\t\t<div class=\"elementor-widget-wrap elementor-element-populated\">\n\t\t\t\t\t\t<div class=\"elementor-element elementor-element-469ec8e7 elementor-widget elementor-widget-text-editor\" data-id=\"469ec8e7\" data-element_type=\"widget\" data-widget_type=\"text-editor.default\">\n\t\t\t\t<div class=\"elementor-widget-container\">\n\t\t\t\t\t\t\t\t\t<h4 style=\"text-align: center;\"><strong><span style=\"color: #ff6600;\">Hintergrung &#8211; Verbreitung des Namens<\/span><\/strong><\/h4><p><br \/><span style=\"color: #000000;\">Es ist schwer, jetzt noch \u00fcber die letzten 1000 Jahre zu sagen, wie und warum Menschen mit dem Namen Van Dorsten geographisch verteilt sind, aber es gibt eine Reihe wichtiger Ursachen. Dar\u00fcber hinaus ist die Mobilit\u00e4t im Laufe der Zeit auch mehr geworden, in der Vergangenheit lassen die meisten Menschen viel mehr in der Gegend Leben und arbeiten. Es h\u00e4ngt auch von der Herkunft, wobei wird ausgegangen von Hanse-Stadt Dorsten, aber auch Dorst. Sie werden dann sehen, dass die Streuung von der Stadt Dorsten viel breiter ist und verschiedene Gr\u00fcnde gibt (wie unten beschrieben), wo die Menschen von Dorst, vor allem in diesem Umfeld blieben (mit den Namen Van Dorst, aber mit einer Ausnahme f\u00fcr Van Dorsten in Dordrecht). Die phonetische Aufnahme der Namen war auch nicht immer klar.<\/span><\/p><p><span style=\"color: #000000;\">Auf jeden Fall was sticht, dass dort bereits f\u00fcr 1500 an mehreren Standorten in Nordeuropa (Rostock, Riga, Neuenhaus, Utrecht, Kampen, Arnheim, Zwolle) wohlhabende Familien Van Dorsten gefunden werden und manchmal Menschen des Adels verheiratet waren. Dieser Reichtum muss jetzt vom Markt eilen. Die Frage ist dann, ob es mehrere wohlhabende Familien gab, die auch \u00fcber Nordeuropa verbreitet werden und von Dorsten genannt wurden. Die Chance scheint hoch, die dies auf das gleiche Familie zur\u00fcckverfolgt werden kann. In der Chronik der Neuenhaus-Baum relatierten die Familienforscher, basiert auf dem Wappen der Familie, der Reichtum wie m\u00f6glich aus der sp\u00e4teren Kreuzz\u00fcge in Osteuropa.<\/span><\/p><h4><span style=\"color: #000000;\"><strong>Geistlichkeit<\/strong><\/span><\/h4><p><span style=\"color: #000000;\">Glauben war fr\u00fcher sehr wichtig f\u00fcr die Menschen. Der Ort Dorsten geh\u00f6rte zum Erzbistum K\u00f6ln und nahm einen wichtigen Platz. Die aktuelle Erzbistums Utrecht dann fiel unter das Erzbistum K\u00f6ln und ist nur in 1559 ausgeschieden und werden Sie unabh\u00e4ngig. Beide geh\u00f6rten das Heilige R\u00f6mische Reich (umfangreiche Administration online). Zwischen 1250 und 1550 gibt es mehrere Kleriker in den Archiven mit den Namen und\/oder die Herkunft von Dorsten. Diese waren oft an anderen Orten oder reiste f\u00fcr den Glauben von der Region.<\/span><\/p><h4><span style=\"color: #000000;\"><strong>Handel<\/strong><\/span><\/h4><ul><li><span style=\"color: #000000;\">In der Zeit von 1200 bis 1600 war immer mehr kommerziell vertrieben. Dies geschah insbesondere durch und zwischen den St\u00e4dten der Hanse, die in der Regel auf der Wasserstra\u00dfe Lagen. In allen gro\u00dfen kommerziellen St\u00e4dte der Niederlande kamen vielen neuen B\u00fcrger von Dorsten.<\/span><\/li><li><span style=\"color: #000000;\"><img fetchpriority=\"high\" decoding=\"async\" class=\"alignright wp-image-545\" src=\"https:\/\/van-dorsten.eu\/wp-content\/uploads\/2017\/05\/Hanzesteden-243x300.jpg\" alt=\"\" width=\"324\" height=\"400\" srcset=\"https:\/\/van-dorsten.eu\/wp-content\/uploads\/2017\/05\/Hanzesteden-243x300.jpg 243w, https:\/\/van-dorsten.eu\/wp-content\/uploads\/2017\/05\/Hanzesteden.jpg 721w\" sizes=\"(max-width: 324px) 100vw, 324px\" \/>Sie bezogen sich insbesondere um Kaufleute, Mitglieder der Schiffsbesatzung und bestimmte Berufe erforderlich um irgendwo B\u00fcrger zu bekommen.<\/span><\/li><li><span style=\"color: #000000;\">In der Zeit von 1386-1406 gibt es mehrere Berichte aus (die Hansestadt) Riga von Van Dorstens, einschlie\u00dflich einer Borchardus von Durst.<\/span><\/li><li><span style=\"color: #000000;\">Daher gibt es zwischen 1400 und 1500 (wenn Dorsten weniger wichtig wurde) viele Berichte in andere Hansest\u00e4dte wie Zutphen (das goldene Jahrhundert, sehr wichtige Hansestadt, Vorden ist in der N\u00e4he), Harderwijk, Den Bosch, Utrecht, Arnheim und Nimwegen (vor allem 1. H\u00e4lfte des 15 Jahrhundert) und dann zu Amersfoort, Gouda, Zwolle und Kampen (2. H\u00e4lfte 15 Jh.). Dies war vor allem \u00fcber den Rhein, die Waal und der IJssel.<\/span><\/li><li><span style=\"color: #000000;\">Im 16. Jahrhundert war auf jeden Fall des Stammes in Kampen noch in regelm\u00e4\u00dfigem Kontakt mit Familienmitgliedern im M\u00fcnsterland (beinhaltet auch Dorsten).<\/span><\/li><li><span style=\"color: #000000;\">Um 1500 wurde ein Stamm in Neuenhaus angefangen. Dies ist auf die Overijsselse Vecht Fluss, zu dieser Zeit eine wichtige Verbindung f\u00fcr den Handel von Bentheim, vor allem f\u00fcr Bernstein (K\u00f6niglicher Palast Amsterdam, Freiheitsstatue New York). Der Fluss Vecht m\u00fcndet in die IJssel bei Zwartsluis (wo sp\u00e4ter auch ein Stamm entstanden ist) und in der N\u00e4he von Wanneperveen\/Steenwijk (wo eine andere Familie stammt).<\/span><\/li><li><span style=\"color: #000000;\">In der gesamten Region (bis Riga) wurden die alte holl\u00e4ndische (germanische) Sprache gesprochen. In der Grafschaft Bentheim wurde dann ab Mitte des 18. Jahrhunderts Deutsch gesprochen.<\/span><\/li><li><span style=\"color: #000000;\">Auch in der Verwaltung des Heiligen R\u00f6mischen Reiches sind mehrere Berichte \u00fcber Van Dorsten.<\/span><\/li><li><span style=\"color: #000000;\">Es gibt Anhaltspunkte daf\u00fcr, dass Menschen aus den westlichen Hansest\u00e4dten \u00fcber die 2. Generation Kreuzz\u00fcge (die baltischen Staaten) durch das Heilige R\u00f6mische Reich und der Deutsche Orden in L\u00e4ndern wie Estland, Lettland und Litauen sich niederlassen haben und dann wann den Kampf verloren war, wohlhabend und eben reich zur\u00fcck kamen.<\/span><\/li><li><span style=\"color: #000000;\">In der Zeit von 1600 bis 1800 wurde mit dem &#8220;Osten&#8221; (zB Niederl\u00e4ndisch-Indien \u00fcber die Niederl\u00e4ndische Ostindien-Kompanie) und &#8220;Westen&#8221; gehandelt (Amerika durch die WIC). In dieser Zeit finden Sie in den Archiven mehrere Berichte von Namensvettern der als Seeleute angemeldet wurden oder sich in diesen L\u00e4ndern niederlassen.<\/span><\/li><li><span style=\"color: #000000;\">Kommission Grundlage f\u00fcr die Ausbreitung war auch, dass Menschen mit Geld (einschlie\u00dflich reicher H\u00e4ndler) Kinder an Universit\u00e4ten (wie Heidelberg, K\u00f6ln, Groningen und Leiden) studieren lassen. Der erste Magistrat der Stadt Heidelberg (1. Universit\u00e4t Deutschlands) wurde sogar eine Hendrick van Dorsten (1386-1396)!<\/span><\/li><li><span style=\"color: #000000;\">Das diese Familien zum wohlhabenderen B\u00fcrger geh\u00f6rten zeigte auch die Tatsache, dass sie an mehreren Orten Magistrate oder Sheriffs lieferten.<\/span><\/li><\/ul><h4><span style=\"color: #000000;\"><strong>Soldaten<\/strong><\/span><\/h4><p><span style=\"color: #000000;\">Auch die S\u00f6hne die Milit\u00e4r wurden, verbreiten den Namen und k\u00f6nnte unerwartet in anderen St\u00e4dten der Garnison oder Kriegsgebieten erscheinen lassen. Auch in den sp\u00e4teren Kriegen des Glaubens (wie der Drei\u00dfigj\u00e4hrige Krieg in Deutschland und der Achtzigj\u00e4hrige Krieg in die Niederlanden, beide im 1. H\u00e4lfte 17. Jahrhundert) sind sicherlich Personen mit dem Namen involviert wesen. Eine Herausforderung war, dass die Verwaltung nicht immer genau (oder verloren) ist gegangen und dass es irgendwo ein Stamm kann auftauchen oder verschwinden.<\/span><br \/><span style=\"color: #000000;\">Als die VOC und die WIC der Handel in der Welt beherrschen (das goldene Zeitalter der Niederlande), gab es auch viele Soldaten (und andere Funktionen) in Betrieb, die in ihren Verwaltungen gefunden werden k\u00f6nnen und sich m\u00f6glicherweise auch in den verschiedenen L\u00e4ndern niederlassen.<\/span><\/p><h4><strong><span style=\"color: #000000;\">Kriege und Katastrophen<img decoding=\"async\" class=\"alignleft wp-image-1334 size-medium\" src=\"https:\/\/van-dorsten.eu\/wp-content\/uploads\/2018\/12\/Garnizoensplaatsen-1600-1800-300x300.jpg\" alt=\"\" width=\"300\" height=\"300\" srcset=\"https:\/\/van-dorsten.eu\/wp-content\/uploads\/2018\/12\/Garnizoensplaatsen-1600-1800-300x300.jpg 300w, https:\/\/van-dorsten.eu\/wp-content\/uploads\/2018\/12\/Garnizoensplaatsen-1600-1800-150x150.jpg 150w, https:\/\/van-dorsten.eu\/wp-content\/uploads\/2018\/12\/Garnizoensplaatsen-1600-1800-768x768.jpg 768w, https:\/\/van-dorsten.eu\/wp-content\/uploads\/2018\/12\/Garnizoensplaatsen-1600-1800.jpg 934w\" sizes=\"(max-width: 300px) 100vw, 300px\" \/><\/span><\/strong><\/h4><p><span style=\"color: #000000;\">Ein Grund f\u00fcr die Menschen irgendwo zu verlassen war Doom von au\u00dfen, wie Kriege, Pl\u00fcnderungen, Krankheit und Feuer. Die wichtigsten (relevanten) Kriege sind auch auf der Startseite im Zusammenhang mit Bild an der Spitze und am Hintergrund Kontext Geschichte aufgef\u00fchrt. Nachfolgend sind einige (m\u00f6glichen) relevanten Auswirkungen von Kriegen und Katastrophen ernannt:<\/span><\/p><ul><li><span style=\"color: #000000;\">Die Geldrischer Kriege (14.-16. Jahrhundert) bestimmt die gesamte Region um ihn herum und war vielleicht ein Grund f\u00fcr die Entstehung des Stammes in Neuenhaus.<\/span><\/li><li><span style=\"color: #000000;\">Die Achtzigj\u00e4hrigen Krieg von den Niederlande mit Spanien ist der Grund f\u00fcr die Entstehung des Stammes in Dordrecht, weil Breda von den Spaniern erobert wurde und man musste fliehen.<\/span><\/li><li><span style=\"color: #000000;\">Infolge des Drei\u00dfigj\u00e4hrigen Krieges, ein Teil des Neuenhaus Stammbaum ging nach Emden im Norden. Dieser schwere Glaubenskrieg hat wahrscheinlich mehr Einfluss.<\/span><\/li><li><span style=\"color: #000000;\">Der franz\u00f6sisch-niederl\u00e4ndischen Krieg und der Neunj\u00e4hrigen Krieg mit Frankreich am Ende des 17. Jahrhunderts beziehen sich m\u00f6glicherweise auf den Vorg\u00e4nger des Stammes in Steenwijk. Dies betrifft ein Soldat wahrscheinlich begann w\u00e4hrend des ersten Krieges und starb in der zweiten.<\/span><\/li><li><span style=\"color: #000000;\">Verschiedene Krankheiten hatte katastrophale Folgen f\u00fcr die Bev\u00f6lkerung. Insbesondere durch die Pest konnte ein gro\u00dfer Teil der Bev\u00f6lkerung ausgestorben geworden, diese herrscht im Jahre 1459 in Dorsten. Dar\u00fcber hinaus benennt deren Administration (durch Bruderschaft Beatae Mariae Virginis) die erste gute Namen Eintragung in Dorsten.<\/span><\/li><li><span style=\"color: #000000;\">Besonders im 15. und 16. Jahrhundert sind in vielen St\u00e4dten gro\u00dfe brennen (die meisten Geb\u00e4ude wurden damals noch von Holz), wobei ein gro\u00dfer Teil der Stadt abbrennen k\u00f6nnte und auch oft Dokumentation wurden zerst\u00f6rt.<\/span><\/li><\/ul><h4><strong><span style=\"color: #000000;\">Aktuelle Situation<\/span><\/strong><\/h4><p><span style=\"color: #000000;\">Auf der Website CBGfamilienamen.nl k\u00f6nnen Sie sehen, wie die Verbreitung heute in den Niederlanden ist.<\/span><\/p>\t\t\t\t\t\t\t\t<\/div>\n\t\t\t\t<\/div>\n\t\t\t\t\t<\/div>\n\t\t<\/div>\n\t\t\t\t<div class=\"elementor-column elementor-col-50 elementor-top-column elementor-element elementor-element-ac8f26c\" data-id=\"ac8f26c\" data-element_type=\"column\" data-settings=\"{&quot;background_background&quot;:&quot;classic&quot;}\">\n\t\t\t<div class=\"elementor-widget-wrap elementor-element-populated\">\n\t\t\t\t\t\t<div class=\"elementor-element elementor-element-f4cf2b1 elementor-widget elementor-widget-sidebar\" data-id=\"f4cf2b1\" data-element_type=\"widget\" data-widget_type=\"sidebar.default\">\n\t\t\t\t<div class=\"elementor-widget-container\">\n\t\t\t\t\t<h3>Account<\/h3>\n<p><\/p>\n<form action=\"\/TNG\/processlogin.php\" method=\"post\" name=\"form1\" data-trp-original-action=\"\/TNG\/processlogin.php\">\n<div class=\"normal\">\n<div class=\"nw\" id=\"loginblock\">\n<div class=\"loginprompt\">Username: <\/div>\n<p>\t\t<input type=\"text\" name=\"tngusername\" class=\"loginfont medfield\" id=\"tngusername\" size=\"15\"><\/p>\n<div class=\"loginprompt\">Password: <\/div>\n<p>\t\t<input type=\"password\" name=\"tngpassword\" class=\"loginfont field\" id=\"tngpassword\" size=\"15\"><\/p>\n<div id=\"resetrow\" style=\"display:none\">\n<div class=\"loginprompt\">Nieuw wachtwoord: <\/div>\n<p>\t\t\t<input type=\"password\" name=\"newpassword\" class=\"medfield\" id=\"newpassword\">\n\t\t<\/div>\n<\/p><\/div>\n<div class=\"login-options\">\n\t\t<input type=\"checkbox\" name=\"remember\" value=\"1\"> Onthouden<br \/>\n\t\t<input type=\"checkbox\" name=\"resetpass\" value=\"1\" onclick=\"if(this.checked) {document.getElementById('resetrow').style.display='';} else {document.getElementById('resetrow').style.display='none';}\"> Wijzigen<\/div>\n<p>\n<a href=\"https:\/\/van-dorsten.eu\/TNG\/login.php\" class=\"btn\" value=\"Registreren\">Wachtwoord vergeten<\/a><\/p>\n<div>\n\t\t<input type=\"submit\" class=\"btn\" value=\"Aanmelden\"><br \/>\n<a href=\"https:\/\/van-dorsten.eu\/TNG\/newacctform.php\" class=\"btn\" value=\"Registreren\">Registreren<\/a><\/p>\n<\/p><\/div>\n<\/div>\n<input type=\"hidden\" name=\"trp-form-language\" value=\"de\"\/><\/form>\n<h3>Zoeken<\/h3>\n<p><\/p>\n<form method=\"get\" action=\"\/TNG\/search.php\" data-trp-original-action=\"\/TNG\/search.php\">\n<div class=\"normal\">\n<div class=\"nw\" id=\"stamboom\">\n<div class=\"loginprompt\">Stamboom<\/div>\n<td class=\"databack\">\n\t\t<select name=\"tree\" id=\"treeselect\" onchange=\"var tree=getTree(this); if( !tree ) tree = 'none'; swapBranches(document.search);\"><option value=\"-x--all--x-\" selected=\"selected\">Alle stambomen<\/option><option value=\"Dordrecht\">Dordrecht<\/option><option value=\"FT01\">Steenwijk<\/option><\/select><br \/>\n\t\t\t\t<select name=\"branch\" id=\"branch\"><option value=\"\">Alle takken<\/option><\/select><\/p>\n<div class=\"voornaam\">Voornaam<\/div>\n<p>\t\t<input type=\"hidden\" value=\"AND\" name=\"mybool\" \/><br \/>\n\t\t\t\t<input name=\"myfirstname\" type=\"text\" id=\"myfirstname\" size=\"15\"\/><\/p>\n<div class=\"achternaam\">Achternaam<\/div>\n<p>\t\t<input name=\"mylastname\" type=\"text\" id=\"mylastname\" size=\"15\" \/><\/p>\n<p>\t\t<input type=\"submit\" name=\"search\" value=\"Zoeken\"><\/p>\n<p>\t\t<span class=\"normal\"><a href=\"\/TNG\/searchform.php\">Geavanceerd zoeken<\/a><\/span>\n\t<\/div>\n<\/div>\n<input type=\"hidden\" name=\"trp-form-language\" value=\"de\"\/><\/form>\n<h3>Website<\/h3>\n<p><\/p>\n<form role=\"search\" method=\"get\" action=\"https:\/\/van-dorsten.eu\/de\/\" class=\"wp-block-search__button-outside wp-block-search__text-button wp-block-search\" data-trp-original-action=\"https:\/\/van-dorsten.eu\/\">\n<div class=\"wp-block-search__inside-wrapper\"><input type=\"search\" id=\"wp-block-search__input-1\" class=\"wp-block-search__input\" name=\"s\" value=\"\" placeholder=\"Type om te zoeken op de website\" required=\"\"><button type=\"submit\" class=\"wp-block-search__button\">Zoeken<\/button><\/div>\n<input type=\"hidden\" name=\"trp-form-language\" value=\"de\"\/><\/form>\n\t\t\t\t<\/div>\n\t\t\t\t<\/div>\n\t\t\t\t\t<\/div>\n\t\t<\/div>\n\t\t\t\t\t<\/div>\n\t\t<\/section>\n\t\t\t\t<\/div>","protected":false},"excerpt":{"rendered":"<p>Hintergrung &#8211; Verbreitung des Namens Es ist schwer, jetzt noch \u00fcber die letzten 1000 Jahre zu sagen, wie und warum Menschen mit dem Namen Van Dorsten geographisch verteilt sind, aber es gibt eine Reihe wichtiger Ursachen. Dar\u00fcber hinaus ist die Mobilit\u00e4t im Laufe der Zeit auch mehr geworden, in der Vergangenheit lassen die meisten Menschen &hellip;<\/p>\n<p class=\"read-more\"> <a class=\"\" href=\"https:\/\/van-dorsten.eu\/de\/hintergrund\/verbreitung\/?lang=de\"> <span class=\"screen-reader-text\">Verbreitung des Namens<\/span> Read More \u00bb<\/a><\/p>","protected":false},"author":1,"featured_media":0,"parent":319,"menu_order":0,"comment_status":"closed","ping_status":"closed","template":"elementor_header_footer","meta":{"site-sidebar-layout":"default","site-content-layout":"default","ast-main-header-display":"","ast-hfb-above-header-display":"","ast-hfb-below-header-display":"","ast-hfb-mobile-header-display":"","site-post-title":"","ast-breadcrumbs-content":"","ast-featured-img":"","footer-sml-layout":"","theme-transparent-header-meta":"default","adv-header-id-meta":"","stick-header-meta":"","header-above-stick-meta":"","header-main-stick-meta":"","header-below-stick-meta":"","footnotes":""},"yoast_head":"<!-- This site is optimized with the Yoast SEO plugin v24.5 - https:\/\/yoast.com\/wordpress\/plugins\/seo\/ -->\n<title>Van Dorsten Stammbaum - Hintergrund Verbreitung Name<\/title>\n<meta name=\"description\" content=\"Es ist schwer, jetzt noch \u00fcber die letzten 1000 Jahre zu sagen, wie und warum Menschen mit dem Namen Van Dorsten geographisch verteilt sind.\" \/>\n<meta name=\"robots\" content=\"index, follow, max-snippet:-1, max-image-preview:large, max-video-preview:-1\" \/>\n<link rel=\"canonical\" href=\"https:\/\/van-dorsten.eu\/de\/hintergrund\/verbreitung\/\" \/>\n<meta property=\"og:locale\" content=\"de_DE\" \/>\n<meta property=\"og:type\" content=\"article\" \/>\n<meta property=\"og:title\" content=\"Van Dorsten Stammbaum - Hintergrund Verbreitung Name\" \/>\n<meta property=\"og:description\" content=\"Es ist schwer, jetzt noch \u00fcber die letzten 1000 Jahre zu sagen, wie und warum Menschen mit dem Namen Van Dorsten geographisch verteilt sind.\" \/>\n<meta property=\"og:url\" content=\"https:\/\/van-dorsten.eu\/de\/hintergrund\/verbreitung\/\" \/>\n<meta property=\"article:modified_time\" content=\"2021-02-21T22:32:48+00:00\" \/>\n<meta property=\"og:image\" content=\"https:\/\/van-dorsten.eu\/wp-content\/uploads\/2017\/05\/Hanzesteden-243x300.jpg\" \/>\n<meta name=\"twitter:card\" content=\"summary_large_image\" \/>\n<meta name=\"twitter:label1\" content=\"Gesch\u00e4tzte Lesezeit\" \/>\n\t<meta name=\"twitter:data1\" content=\"6\u00a0Minuten\" \/>\n<script type=\"application\/ld+json\" class=\"yoast-schema-graph\">{\"@context\":\"https:\/\/schema.org\",\"@graph\":[{\"@type\":\"WebPage\",\"@id\":\"https:\/\/van-dorsten.eu\/de\/hintergrund\/verbreitung\/\",\"url\":\"https:\/\/van-dorsten.eu\/de\/hintergrund\/verbreitung\/\",\"name\":\"Van Dorsten Stammbaum - Hintergrund Verbreitung Name\",\"isPartOf\":{\"@id\":\"https:\/\/van-dorsten.eu\/de\/#website\"},\"primaryImageOfPage\":{\"@id\":\"https:\/\/van-dorsten.eu\/de\/hintergrund\/verbreitung\/#primaryimage\"},\"image\":{\"@id\":\"https:\/\/van-dorsten.eu\/de\/hintergrund\/verbreitung\/#primaryimage\"},\"thumbnailUrl\":\"https:\/\/van-dorsten.eu\/wp-content\/uploads\/2017\/05\/Hanzesteden-243x300.jpg\",\"datePublished\":\"2017-05-16T10:20:10+00:00\",\"dateModified\":\"2021-02-21T22:32:48+00:00\",\"description\":\"Es ist schwer, jetzt noch \u00fcber die letzten 1000 Jahre zu sagen, wie und warum Menschen mit dem Namen Van Dorsten geographisch verteilt sind.\",\"breadcrumb\":{\"@id\":\"https:\/\/van-dorsten.eu\/de\/hintergrund\/verbreitung\/#breadcrumb\"},\"inLanguage\":\"de\",\"potentialAction\":[{\"@type\":\"ReadAction\",\"target\":[\"https:\/\/van-dorsten.eu\/de\/hintergrund\/verbreitung\/\"]}]},{\"@type\":\"ImageObject\",\"inLanguage\":\"de\",\"@id\":\"https:\/\/van-dorsten.eu\/de\/hintergrund\/verbreitung\/#primaryimage\",\"url\":\"https:\/\/van-dorsten.eu\/wp-content\/uploads\/2017\/05\/Hanzesteden-243x300.jpg\",\"contentUrl\":\"https:\/\/van-dorsten.eu\/wp-content\/uploads\/2017\/05\/Hanzesteden-243x300.jpg\"},{\"@type\":\"BreadcrumbList\",\"@id\":\"https:\/\/van-dorsten.eu\/de\/hintergrund\/verbreitung\/#breadcrumb\",\"itemListElement\":[{\"@type\":\"ListItem\",\"position\":1,\"name\":\"Home\",\"item\":\"https:\/\/van-dorsten.eu\/\"},{\"@type\":\"ListItem\",\"position\":2,\"name\":\"Hintergrund\",\"item\":\"https:\/\/van-dorsten.eu\/de\/hintergrund\/\"},{\"@type\":\"ListItem\",\"position\":3,\"name\":\"Verbreitung des Namens\"}]},{\"@type\":\"WebSite\",\"@id\":\"https:\/\/van-dorsten.eu\/de\/#website\",\"url\":\"https:\/\/van-dorsten.eu\/de\/\",\"name\":\"\",\"description\":\"Genealogie\",\"potentialAction\":[{\"@type\":\"SearchAction\",\"target\":{\"@type\":\"EntryPoint\",\"urlTemplate\":\"https:\/\/van-dorsten.eu\/de\/?s={search_term_string}\"},\"query-input\":{\"@type\":\"PropertyValueSpecification\",\"valueRequired\":true,\"valueName\":\"search_term_string\"}}],\"inLanguage\":\"de\"}]}<\/script>\n<!-- \/ Yoast SEO plugin. -->","yoast_head_json":{"title":"Van Dorsten Stammbaum - Hintergrund Verbreitung Name","description":"Es ist schwer, jetzt noch \u00fcber die letzten 1000 Jahre zu sagen, wie und warum Menschen mit dem Namen Van Dorsten geographisch verteilt sind.","robots":{"index":"index","follow":"follow","max-snippet":"max-snippet:-1","max-image-preview":"max-image-preview:large","max-video-preview":"max-video-preview:-1"},"canonical":"https:\/\/van-dorsten.eu\/de\/hintergrund\/verbreitung\/","og_locale":"de_DE","og_type":"article","og_title":"Van Dorsten Stammbaum - Hintergrund Verbreitung Name","og_description":"Es ist schwer, jetzt noch \u00fcber die letzten 1000 Jahre zu sagen, wie und warum Menschen mit dem Namen Van Dorsten geographisch verteilt sind.","og_url":"https:\/\/van-dorsten.eu\/de\/hintergrund\/verbreitung\/","article_modified_time":"2021-02-21T22:32:48+00:00","og_image":[{"url":"https:\/\/van-dorsten.eu\/wp-content\/uploads\/2017\/05\/Hanzesteden-243x300.jpg","type":"","width":"","height":""}],"twitter_card":"summary_large_image","twitter_misc":{"Gesch\u00e4tzte Lesezeit":"6\u00a0Minuten"},"schema":{"@context":"https:\/\/schema.org","@graph":[{"@type":"WebPage","@id":"https:\/\/van-dorsten.eu\/de\/hintergrund\/verbreitung\/","url":"https:\/\/van-dorsten.eu\/de\/hintergrund\/verbreitung\/","name":"Van Dorsten Stammbaum - Hintergrund Verbreitung Name","isPartOf":{"@id":"https:\/\/van-dorsten.eu\/de\/#website"},"primaryImageOfPage":{"@id":"https:\/\/van-dorsten.eu\/de\/hintergrund\/verbreitung\/#primaryimage"},"image":{"@id":"https:\/\/van-dorsten.eu\/de\/hintergrund\/verbreitung\/#primaryimage"},"thumbnailUrl":"https:\/\/van-dorsten.eu\/wp-content\/uploads\/2017\/05\/Hanzesteden-243x300.jpg","datePublished":"2017-05-16T10:20:10+00:00","dateModified":"2021-02-21T22:32:48+00:00","description":"Es ist schwer, jetzt noch \u00fcber die letzten 1000 Jahre zu sagen, wie und warum Menschen mit dem Namen Van Dorsten geographisch verteilt sind.","breadcrumb":{"@id":"https:\/\/van-dorsten.eu\/de\/hintergrund\/verbreitung\/#breadcrumb"},"inLanguage":"de","potentialAction":[{"@type":"ReadAction","target":["https:\/\/van-dorsten.eu\/de\/hintergrund\/verbreitung\/"]}]},{"@type":"ImageObject","inLanguage":"de","@id":"https:\/\/van-dorsten.eu\/de\/hintergrund\/verbreitung\/#primaryimage","url":"https:\/\/van-dorsten.eu\/wp-content\/uploads\/2017\/05\/Hanzesteden-243x300.jpg","contentUrl":"https:\/\/van-dorsten.eu\/wp-content\/uploads\/2017\/05\/Hanzesteden-243x300.jpg"},{"@type":"BreadcrumbList","@id":"https:\/\/van-dorsten.eu\/de\/hintergrund\/verbreitung\/#breadcrumb","itemListElement":[{"@type":"ListItem","position":1,"name":"Home","item":"https:\/\/van-dorsten.eu\/"},{"@type":"ListItem","position":2,"name":"Hintergrund","item":"https:\/\/van-dorsten.eu\/de\/hintergrund\/"},{"@type":"ListItem","position":3,"name":"Verbreitung des Namens"}]},{"@type":"WebSite","@id":"https:\/\/van-dorsten.eu\/de\/#website","url":"https:\/\/van-dorsten.eu\/de\/","name":"","description":"Genealogie","potentialAction":[{"@type":"SearchAction","target":{"@type":"EntryPoint","urlTemplate":"https:\/\/van-dorsten.eu\/de\/?s={search_term_string}"},"query-input":{"@type":"PropertyValueSpecification","valueRequired":true,"valueName":"search_term_string"}}],"inLanguage":"de"}]}},"_links":{"self":[{"href":"https:\/\/van-dorsten.eu\/de\/wp-json\/wp\/v2\/pages\/355"}],"collection":[{"href":"https:\/\/van-dorsten.eu\/de\/wp-json\/wp\/v2\/pages"}],"about":[{"href":"https:\/\/van-dorsten.eu\/de\/wp-json\/wp\/v2\/types\/page"}],"author":[{"embeddable":true,"href":"https:\/\/van-dorsten.eu\/de\/wp-json\/wp\/v2\/users\/1"}],"replies":[{"embeddable":true,"href":"https:\/\/van-dorsten.eu\/de\/wp-json\/wp\/v2\/comments?post=355"}],"version-history":[{"count":11,"href":"https:\/\/van-dorsten.eu\/de\/wp-json\/wp\/v2\/pages\/355\/revisions"}],"predecessor-version":[{"id":3129,"href":"https:\/\/van-dorsten.eu\/de\/wp-json\/wp\/v2\/pages\/355\/revisions\/3129"}],"up":[{"embeddable":true,"href":"https:\/\/van-dorsten.eu\/de\/wp-json\/wp\/v2\/pages\/319"}],"wp:attachment":[{"href":"https:\/\/van-dorsten.eu\/de\/wp-json\/wp\/v2\/media?parent=355"}],"curies":[{"name":"wp","href":"https:\/\/api.w.org\/{rel}","templated":true}]}}