{"id":350,"date":"2017-05-16T12:20:21","date_gmt":"2017-05-16T10:20:21","guid":{"rendered":"http:\/\/van-dorsten.eu\/achtergrond\/tijdsbeeld\/"},"modified":"2021-02-21T23:42:53","modified_gmt":"2021-02-21T22:42:53","slug":"kontext","status":"publish","type":"page","link":"https:\/\/van-dorsten.eu\/de\/hintergrund\/kontext\/?lang=de","title":{"rendered":"Kontext Geschichte"},"content":{"rendered":"<div data-elementor-type=\"wp-page\" data-elementor-id=\"350\" class=\"elementor elementor-350\">\n\t\t\t\t\t\t<section class=\"elementor-section elementor-top-section elementor-element elementor-element-38a1b0f6 elementor-section-boxed elementor-section-height-default elementor-section-height-default\" data-id=\"38a1b0f6\" data-element_type=\"section\">\n\t\t\t\t\t\t<div class=\"elementor-container elementor-column-gap-default\">\n\t\t\t\t\t<div class=\"elementor-column elementor-col-50 elementor-top-column elementor-element elementor-element-75091f\" data-id=\"75091f\" data-element_type=\"column\" data-settings=\"{&quot;background_background&quot;:&quot;classic&quot;}\">\n\t\t\t<div class=\"elementor-widget-wrap elementor-element-populated\">\n\t\t\t\t\t\t<div class=\"elementor-element elementor-element-170629e7 elementor-widget elementor-widget-text-editor\" data-id=\"170629e7\" data-element_type=\"widget\" data-widget_type=\"text-editor.default\">\n\t\t\t\t<div class=\"elementor-widget-container\">\n\t\t\t\t\t\t\t\t\t<h4 style=\"text-align: center;\"><strong><span style=\"color: #ff6600;\">Hintergrund &#8211; Kontext Geschichte<\/span><\/strong><\/h4>\n<p><span style=\"color: #000000;\"><br>Im folgenden werden wichtige Ereignisse beschrieben in die Kontext der Geschichte, die Migrationen der Menschen und das \u00dcberleben der (Teile von) St\u00e4mme betreffen. Dies k\u00f6nnen auch gefunden werden in der Zeitleiste auf der Website. Auch f\u00fcr die entsprechenden Orte wird einen kurzen Hintergrund gegeben. F\u00fcr eine ausf\u00fchrliche gute Beschreibung der verschiedenen Veranstaltungen ist es am besten, Wikipedia zu konsultieren.<\/span><\/p>\n<table>\n<tbody>\n<tr>\n<td width=\"136\"><span style=\"color: #000000;\"><b><i>Kreuzz\u00fcge<\/i><\/b><\/span><\/td>\n<td width=\"509\"><span style=\"color: #000000;\">Diese wurden von 1096-1272; auf Wunsch des Papstes zogen gro\u00dfe Mengen von Menschen nach Jerusalem. Obwohl wenig mehr \u00fcber die Bedeutung zu sagen ist, besagt eine Analyse in der Chronik Van Dorsten dass das Wappen der Familie wahrscheinlich stammt von den Kreuzz\u00fcgen auf der Grundlage einer Beschreibung von einem Europ\u00e4er in Pal\u00e4stina in der 12. Jahrhundert.<\/span><\/td>\n<\/tr>\n<tr>\n<td width=\"136\"><span style=\"color: #000000;\"><i><b>Deutsche Orden<\/b><\/i><\/span><\/td>\n<td width=\"509\"><span style=\"color: #000000;\">Dieser Auftrag bestand von 1190 (geboren w\u00e4hrend des Heiligen R\u00f6mischen Reiches). Es bestand damals haupts\u00e4chlich aus adligen Westfalens. Die Glanzzeit des Livl\u00e4ndischen Ordens (Teil des Deutschen Ordens) war von 1309-1410 und man war endlich aus dieser Region in der Mitte des 15. Jahrhunderts vertrieben. Der Deutsche Orden war bis im letzten Jahrhundert!<\/span><\/td>\n<\/tr>\n<tr>\n<td width=\"136\"><span style=\"color: #000000;\"><i><b>St\u00e4dtebund der Hanse<\/b><\/i><\/span><\/td>\n<td width=\"509\"><span style=\"color: #000000;\">Der Kaufmannshanse (Kooperation St\u00e4dte) wurde Mitte des 12. Jahrhunderts gegr\u00fcndet, aus wo Mitte des 13. Jahrhunderts der St\u00e4dtehanse stammt mit dem Glanzzeit in der Mitte des 15. Jahrhunderts. Es lockte viele H\u00e4ndler zu anderen Hansest\u00e4dten vor allem rund um die Ostsee und der Nordsee und lie\u00df sich auch \u00fcberall. Die wohlhabenden Hansestadt Dorsten waren auch sehr aktiv.<\/span><\/td>\n<\/tr>\n<tr>\n<td width=\"136\"><span style=\"color: #000000;\"><i><b>Goldenes Zeitalter<\/b><\/i><\/span><\/td>\n<td width=\"509\"><span style=\"color: #000000;\">Dies ist im 17. Jahrhundert in Holland (Niederlande). In den zwei Jahrhunderten zuvor ging alles schon immer besser mit dem Handel, aber dies war eine sehr reiche Zeit und das Hinterland (in Deutschland) konzentrierte sich auch auf die Niederlande und viele Menschen gingen dort. Mit die Gr\u00fcndung der niederl\u00e4ndischen Ostindien-Kompanie im Jahre 1602 gingen sich auch viele Menschen im Osten und im Westen gr\u00fcnden.<\/span><\/td>\n<\/tr>\n<tr>\n<td width=\"136\">&nbsp;<\/td>\n<td width=\"509\">&nbsp;<\/td>\n<\/tr>\n<tr>\n<td width=\"136\"><span style=\"color: #000000;\"><i><b>Geldrische Kriege<\/b><\/i><\/span><\/td>\n<td width=\"509\"><span style=\"color: #000000;\">F\u00fcr das Herzogtum Geldern waren mehrere gro\u03b2e Kriege im 14. Bis 16. Jahrhundert, die die gesamte Region (Niederlande, Belgien und Bundesl\u00e4nder) betroffen und die lokalen weitreichende Konsequenzen hatte.<\/span><\/td>\n<\/tr>\n<tr>\n<td width=\"136\"><span style=\"color: #000000;\"><i><b>Achtzigj\u00e4hrigen Krieg<\/b><\/i><\/span><\/td>\n<td width=\"509\"><span style=\"color: #000000;\">Der Krieg zwischen den Niederlanden und Spanien (1568-1648) nach dem Aufstand der Niederlande im Jahre 1568 (vor allem durch die Kollision des aufstrebenden evangelischen Glaubens gegen die grausame katholischen spanischen Unterdr\u00fcckung). Im Jahre 1581 wurde die Republik der Sieben Vereinigten Provinzen gegr\u00fcndet und den spanischen K\u00f6nig abgesetzt.<\/span><\/td>\n<\/tr>\n<tr>\n<td width=\"136\"><span style=\"color: #000000;\"><i><b>Drei\u00dfigj\u00e4hrigen Krieges<\/b><\/i><\/span><\/td>\n<td width=\"509\"><span style=\"color: #000000;\">Der Drei\u00dfigj\u00e4hrigen Krieges (1618-1648) war ein gro\u00dfer Glaubenskrieg (mit politischen Motiven) und fandet statt in weiten Teilen Europas. Es hatte in Deutschland (und das Heilige R\u00f6mische Reich) gro\u00dfe Folgen.<\/span><\/td>\n<\/tr>\n<tr>\n<td width=\"136\"><span style=\"color: #000000;\"><i><b>Franz\u00f6sisch-niederl\u00e4ndischen Krieg<\/b><\/i><\/span><\/td>\n<td width=\"509\"><span style=\"color: #000000;\">Der Krieg (1672-1678) wobei die Franzosen unter K\u00f6nig Louis XIV fast alle den Niederlande und der gesamten Region rund um M\u00fcnster und Dorsten eroberten. F\u00fcr die Niederlande war dies tats\u00e4chlich das Ende des Goldenen Zeitalters.<\/span><\/td>\n<\/tr>\n<tr>\n<td width=\"136\"><span style=\"color: #000000;\"><i><b>Neunj\u00e4hrigen Krieg<\/b><\/i><\/span><\/td>\n<td width=\"509\"><span style=\"color: #000000;\">Einen neuen Krieg mit Frankreich (1688-1697) wo die Niederlande zusammen mit England die Franzosen zu halten in den s\u00fcdlichen Niederlanden.<\/span><\/td>\n<\/tr>\n<tr>\n<td width=\"136\"><span style=\"color: #000000;\"><b><i>Napoleonische \u00c4ra<\/i><\/b><\/span><\/td>\n<td width=\"509\"><span style=\"color: #000000;\">Die franz\u00f6sische Besetzung von ganz Europa (Niederlande 1799-1815), wo ein Bruder Napoleons in den Niederlanden in Kraft war (viele Opfer).<\/span><\/td>\n<\/tr>\n<tr>\n<td width=\"136\"><span style=\"color: #000000;\"><i><b>Ersten Weltkrieg<\/b><\/i><\/span><\/td>\n<td width=\"509\"><span style=\"color: #000000;\">Der Krieg von den Achsenm\u00e4chten (mit dem Deutschen Reich und \u00d6sterreich-Ungarn) gegen den Rest Europas, die Niederlande jedoch blieb neutral.<\/span><\/td>\n<\/tr>\n<tr>\n<td width=\"136\"><span style=\"color: #000000;\"><i><b>Zweiten Weltkrieg<\/b><\/i><\/span><\/td>\n<td width=\"509\"><span style=\"color: #000000;\">Der globale Krieg von Deutschland, Italien und Japan mit vielen Opfern.<\/span><\/td>\n<\/tr>\n<tr>\n<td width=\"136\">&nbsp;<\/td>\n<td width=\"509\">&nbsp;<\/td>\n<\/tr>\n<tr>\n<td width=\"136\"><span style=\"color: #000000;\"><i><b>Amersfoort<\/b><\/i><\/span><\/td>\n<td width=\"509\"><span style=\"color: #000000;\">Stadtrechte im Jahre 1259, Gro\u00dfstadt Feuer in 1340. Im 16. Jahrhundert waren viele Krieg-Acts und dann ist es wirtschaftlich bergab gegangen.<\/span><\/td>\n<\/tr>\n<tr>\n<td width=\"136\"><span style=\"color: #000000;\"><i><b>Amsterdam<\/b><\/i><\/span><\/td>\n<td width=\"509\"><span style=\"color: #000000;\">Stadtrechte um 1300, wuchs in das goldene Zeitalter als eines der wichtigsten Hafen- und Handelsst\u00e4dte der Welt. Im Jahre 1452 eine gro\u00dfe Gro\u00dfstadt Feuer.<\/span><\/td>\n<\/tr>\n<tr>\n<td width=\"136\"><span style=\"color: #000000;\"><i><b>Arnhem<\/b><\/i><\/span><\/td>\n<td width=\"509\"><span style=\"color: #000000;\">Stadtrechte im Jahre 1233, Mitglied der Hanse im Jahre 1441. Im Jahre 1813 gab es schwere K\u00e4mpfe zwischen den Franzosen macht und preu\u00dfischen Truppen.<\/span><\/td>\n<\/tr>\n<tr>\n<td width=\"136\"><span style=\"color: #000000;\"><i><b>Braemsche (DL)<\/b><\/i><\/span><\/td>\n<td width=\"509\"><span style=\"color: #000000;\">Alte Stadt an die Hase aus der Zeit von Karl dem Gro\u00dfen, fr\u00fcher viel Tuchmacher.<\/span><\/td>\n<\/tr>\n<tr>\n<td width=\"136\"><span style=\"color: #000000;\"><i><b>Breda<\/b><\/i><\/span><\/td>\n<td width=\"509\"><span style=\"color: #000000;\">Stadtrechte im Jahre 1252, Gro\u00dfstadt feuern in 1490 und 1534. Am Ende des 16. Jahrhunderts besetzt von den Spaniern.<\/span><\/td>\n<\/tr>\n<tr>\n<td width=\"136\"><span style=\"color: #000000;\"><i><b>Deventer<\/b><\/i><\/span><\/td>\n<td width=\"509\"><span style=\"color: #000000;\">Hansestadt, Stadtrechte in 1123, ist eine der \u00e4ltesten St\u00e4dte in den Niederlanden.<\/span><\/td>\n<\/tr>\n<tr>\n<td width=\"136\"><span style=\"color: #000000;\"><i><b>Dordrecht<\/b><\/i><\/span><\/td>\n<td width=\"509\"><span style=\"color: #000000;\">Stadtrechte in 1220. Dordrecht entwickelte sich im 14. Jahrhundert bis ein Hauptnahrungsmittel der Mais, Holz und Wein und wurde um 1400 die gr\u00f6\u00dfte (und \u00e4lteste) Stadt Holland. Im Jahre 1572 war hier das erste freie Staaten treffen und wurde William der Orange als Prinz der unabh\u00e4ngigen Niederlande anerkannt.<\/span><\/td>\n<\/tr>\n<tr>\n<td width=\"136\"><span style=\"color: #000000;\"><i><b>Kampen<\/b><\/i><\/span><\/td>\n<td width=\"509\"><span style=\"color: #000000;\">Im 14. Jahrhundert wuchs Kampen zu einem der leistungsst\u00e4rksten und f\u00fchrenden St\u00e4dte des Nord-West-Europa. Erst 1700 war dieser Vergangenheit.<\/span><\/td>\n<\/tr>\n<tr>\n<td width=\"136\"><span style=\"color: #000000;\"><i><b>Leiden<\/b><\/i><\/span><\/td>\n<td width=\"509\"><span style=\"color: #000000;\">Stadtrechte im Jahre 1266, Belagerung durch die Spanier und entsetzt 1574 (ein Drittel der Einwohner kamen zu), Bl\u00fcte Zeit im goldenen Zeitalter.<\/span><\/td>\n<\/tr>\n<tr>\n<td width=\"136\"><span style=\"color: #000000;\"><i><b>Neuenhaus (D)<\/b><\/i><\/span><\/td>\n<td width=\"509\"><span style=\"color: #000000;\">Gegr\u00fcndet im Jahre 1317 und Stadtrechte im Jahr 1369. Gelegen am derzeitig wichtige Fluss der Vecht welcher bei Zwartsluis im Zuiderzee kam.<\/span><\/td>\n<\/tr>\n<tr>\n<td width=\"136\"><span style=\"color: #000000;\"><i><b>Nijmegen<\/b><\/i><\/span><\/td>\n<td width=\"509\"><span style=\"color: #000000;\">Nijmegen ist eine sehr alte Stadt aus der R\u00f6merzeit (100 n. Chr.). 1230 wurde es freie Reichsstadt und Hansestadt in 1402.<\/span><\/td>\n<\/tr>\n<tr>\n<td width=\"136\"><span style=\"color: #000000;\"><i><b>Rotterdam<\/b><\/i><\/span><\/td>\n<td width=\"509\"><span style=\"color: #000000;\">Stadtrechte im Jahre 1340, es war ein wichtiger Ort, um 1500. Im Jahre 1572 wurde es von spanischen Truppen gepl\u00fcndert.<\/span><\/td>\n<\/tr>\n<tr>\n<td width=\"136\"><span style=\"color: #000000;\"><i><b>Steenwijk<\/b><\/i><\/span><\/td>\n<td width=\"509\"><span style=\"color: #000000;\">Stadtrechte im Jahre 1296. Im Jahre 1523 eine Gro\u00dfstadt Feuer von Geldrische Truppen. In 1580-1581 eine schwere Belagerung aber man hat gehalten. Bald darauf kam eine Pestepidemie, wodurch 2300 der 2500 Einwohner starben.<\/span><\/td>\n<\/tr>\n<tr>\n<td width=\"136\"><span style=\"color: #000000;\"><i><b>Utrecht<\/b><\/i><\/span><\/td>\n<td width=\"509\"><span style=\"color: #000000;\">Ein Bischof seit dem 8. Jahrhundert, Stadtrechte im Jahr 1122. Ab dem 12. Jahrhundert, konkurrierten die Grafen von Holland und Gelre\/Geldern um die Macht in Utrecht (geboren in r\u00f6mischer Zeit). Bis zur Mitte des 16. Jahrhunderts, gr\u00f6\u00dfte Stadt im Norden der Niederlande.<\/span><\/td>\n<\/tr>\n<tr>\n<td width=\"136\"><span style=\"color: #000000;\"><i><b>Zutphen<\/b><\/i><\/span><\/td>\n<td width=\"509\"><span style=\"color: #000000;\">Eine der \u00e4ltesten St\u00e4dte in den Niederlanden, sehr wichtig als hanseatische Stadt; das 14. Jahrhundert war das goldene Zeitalter. Am 17 November 1572 war ein Massaker durch die Spanier. Okkupation und Belagerungen zwischen 1582 und 1591, den gr\u00f6\u00dften Teil der Einwohner hat die Stadt verlassen.<\/span><\/td>\n<\/tr>\n<tr>\n<td width=\"136\"><span style=\"color: #000000;\"><i><b>Zwartsluis<\/b><\/i><\/span><\/td>\n<td width=\"509\"><span style=\"color: #000000;\">Wurde erst im Jahre 1398 als Transithafen f\u00fcr Torf erw\u00e4hnt. Gelegen am M\u00fcndung der Vecht, die Verbindung mit Dalfsen und Neuenhaus.<\/span><\/td>\n<\/tr>\n<tr>\n<td width=\"136\"><span style=\"color: #000000;\"><i><b>Zwolle<\/b><\/i><\/span><\/td>\n<td width=\"509\"><span style=\"color: #000000;\">Bekam Stadtrechte in 1230; wurde in 1448 als eine Stadt des Deutschen Reiches aufgenommen. Im 15. Jahrhundert war das goldene Zeitalter. Wurde w\u00e4hrend der Achtzigj\u00e4hrige Krieg nicht von den Spaniern zur\u00fcckerobert.<\/span><\/td>\n<\/tr>\n<\/tbody>\n<\/table>\t\t\t\t\t\t\t\t<\/div>\n\t\t\t\t<\/div>\n\t\t\t\t\t<\/div>\n\t\t<\/div>\n\t\t\t\t<div class=\"elementor-column elementor-col-50 elementor-top-column elementor-element elementor-element-401578e\" data-id=\"401578e\" data-element_type=\"column\" data-settings=\"{&quot;background_background&quot;:&quot;classic&quot;}\">\n\t\t\t<div class=\"elementor-widget-wrap elementor-element-populated\">\n\t\t\t\t\t\t<div class=\"elementor-element elementor-element-6a1501d elementor-widget elementor-widget-sidebar\" data-id=\"6a1501d\" data-element_type=\"widget\" data-widget_type=\"sidebar.default\">\n\t\t\t\t<div class=\"elementor-widget-container\">\n\t\t\t\t\t<h3>Account<\/h3>\n<p><\/p>\n<form action=\"\/TNG\/processlogin.php\" method=\"post\" name=\"form1\" data-trp-original-action=\"\/TNG\/processlogin.php\">\n<div class=\"normal\">\n<div class=\"nw\" id=\"loginblock\">\n<div class=\"loginprompt\">Username: <\/div>\n<p>\t\t<input type=\"text\" name=\"tngusername\" class=\"loginfont medfield\" id=\"tngusername\" size=\"15\"><\/p>\n<div class=\"loginprompt\">Password: <\/div>\n<p>\t\t<input type=\"password\" name=\"tngpassword\" class=\"loginfont field\" id=\"tngpassword\" size=\"15\"><\/p>\n<div id=\"resetrow\" style=\"display:none\">\n<div class=\"loginprompt\">Nieuw wachtwoord: <\/div>\n<p>\t\t\t<input type=\"password\" name=\"newpassword\" class=\"medfield\" id=\"newpassword\">\n\t\t<\/div>\n<\/p><\/div>\n<div class=\"login-options\">\n\t\t<input type=\"checkbox\" name=\"remember\" value=\"1\"> Onthouden<br \/>\n\t\t<input type=\"checkbox\" name=\"resetpass\" value=\"1\" onclick=\"if(this.checked) {document.getElementById('resetrow').style.display='';} else {document.getElementById('resetrow').style.display='none';}\"> Wijzigen<\/div>\n<p>\n<a href=\"https:\/\/van-dorsten.eu\/TNG\/login.php\" class=\"btn\" value=\"Registreren\">Wachtwoord vergeten<\/a><\/p>\n<div>\n\t\t<input type=\"submit\" class=\"btn\" value=\"Aanmelden\"><br \/>\n<a href=\"https:\/\/van-dorsten.eu\/TNG\/newacctform.php\" class=\"btn\" value=\"Registreren\">Registreren<\/a><\/p>\n<\/p><\/div>\n<\/div>\n<input type=\"hidden\" name=\"trp-form-language\" value=\"de\"\/><\/form>\n<h3>Zoeken<\/h3>\n<p><\/p>\n<form method=\"get\" action=\"\/TNG\/search.php\" data-trp-original-action=\"\/TNG\/search.php\">\n<div class=\"normal\">\n<div class=\"nw\" id=\"stamboom\">\n<div class=\"loginprompt\">Stamboom<\/div>\n<td class=\"databack\">\n\t\t<select name=\"tree\" id=\"treeselect\" onchange=\"var tree=getTree(this); if( !tree ) tree = 'none'; swapBranches(document.search);\"><option value=\"-x--all--x-\" selected=\"selected\">Alle stambomen<\/option><option value=\"Dordrecht\">Dordrecht<\/option><option value=\"FT01\">Steenwijk<\/option><\/select><br \/>\n\t\t\t\t<select name=\"branch\" id=\"branch\"><option value=\"\">Alle takken<\/option><\/select><\/p>\n<div class=\"voornaam\">Voornaam<\/div>\n<p>\t\t<input type=\"hidden\" value=\"AND\" name=\"mybool\" \/><br \/>\n\t\t\t\t<input name=\"myfirstname\" type=\"text\" id=\"myfirstname\" size=\"15\"\/><\/p>\n<div class=\"achternaam\">Achternaam<\/div>\n<p>\t\t<input name=\"mylastname\" type=\"text\" id=\"mylastname\" size=\"15\" \/><\/p>\n<p>\t\t<input type=\"submit\" name=\"search\" value=\"Zoeken\"><\/p>\n<p>\t\t<span class=\"normal\"><a href=\"\/TNG\/searchform.php\">Geavanceerd zoeken<\/a><\/span>\n\t<\/div>\n<\/div>\n<input type=\"hidden\" name=\"trp-form-language\" value=\"de\"\/><\/form>\n<h3>Website<\/h3>\n<p><\/p>\n<form role=\"search\" method=\"get\" action=\"https:\/\/van-dorsten.eu\/de\/\" class=\"wp-block-search__button-outside wp-block-search__text-button wp-block-search\" data-trp-original-action=\"https:\/\/van-dorsten.eu\/\">\n<div class=\"wp-block-search__inside-wrapper\"><input type=\"search\" id=\"wp-block-search__input-1\" class=\"wp-block-search__input\" name=\"s\" value=\"\" placeholder=\"Type om te zoeken op de website\" required=\"\"><button type=\"submit\" class=\"wp-block-search__button\">Zoeken<\/button><\/div>\n<input type=\"hidden\" name=\"trp-form-language\" value=\"de\"\/><\/form>\n\t\t\t\t<\/div>\n\t\t\t\t<\/div>\n\t\t\t\t\t<\/div>\n\t\t<\/div>\n\t\t\t\t\t<\/div>\n\t\t<\/section>\n\t\t\t\t<\/div>","protected":false},"excerpt":{"rendered":"<p>Hintergrund &#8211; Kontext Geschichte Im folgenden werden wichtige Ereignisse beschrieben in die Kontext der Geschichte, die Migrationen der Menschen und das \u00dcberleben der (Teile von) St\u00e4mme betreffen. Dies k\u00f6nnen auch gefunden werden in der Zeitleiste auf der Website. Auch f\u00fcr die entsprechenden Orte wird einen kurzen Hintergrund gegeben. F\u00fcr eine ausf\u00fchrliche gute Beschreibung der verschiedenen &hellip;<\/p>\n<p class=\"read-more\"> <a class=\"\" href=\"https:\/\/van-dorsten.eu\/de\/hintergrund\/kontext\/?lang=de\"> <span class=\"screen-reader-text\">Kontext Geschichte<\/span> Read More \u00bb<\/a><\/p>","protected":false},"author":1,"featured_media":0,"parent":319,"menu_order":0,"comment_status":"closed","ping_status":"closed","template":"elementor_header_footer","meta":{"site-sidebar-layout":"default","site-content-layout":"default","ast-main-header-display":"","ast-hfb-above-header-display":"","ast-hfb-below-header-display":"","ast-hfb-mobile-header-display":"","site-post-title":"","ast-breadcrumbs-content":"","ast-featured-img":"","footer-sml-layout":"","theme-transparent-header-meta":"default","adv-header-id-meta":"","stick-header-meta":"","header-above-stick-meta":"","header-main-stick-meta":"","header-below-stick-meta":"","footnotes":""},"yoast_head":"<!-- This site is optimized with the Yoast SEO plugin v24.5 - https:\/\/yoast.com\/wordpress\/plugins\/seo\/ -->\n<title>Van Dorsten Stammbaum - Hintergrund Kontext Geschichte<\/title>\n<meta name=\"description\" content=\"Im folgenden werden wichtige Ereignisse beschrieben in die Kontext der Geschichte, die Migrationen der Menschen betreffen.\" \/>\n<meta name=\"robots\" content=\"index, follow, max-snippet:-1, max-image-preview:large, max-video-preview:-1\" \/>\n<link rel=\"canonical\" href=\"https:\/\/van-dorsten.eu\/de\/hintergrund\/kontext\/\" \/>\n<meta property=\"og:locale\" content=\"de_DE\" \/>\n<meta property=\"og:type\" content=\"article\" \/>\n<meta property=\"og:title\" content=\"Van Dorsten Stammbaum - Hintergrund Kontext Geschichte\" \/>\n<meta property=\"og:description\" content=\"Im folgenden werden wichtige Ereignisse beschrieben in die Kontext der Geschichte, die Migrationen der Menschen betreffen.\" \/>\n<meta property=\"og:url\" content=\"https:\/\/van-dorsten.eu\/de\/hintergrund\/kontext\/\" \/>\n<meta property=\"article:modified_time\" content=\"2021-02-21T22:42:53+00:00\" \/>\n<meta name=\"twitter:card\" content=\"summary_large_image\" \/>\n<meta name=\"twitter:label1\" content=\"Gesch\u00e4tzte Lesezeit\" \/>\n\t<meta name=\"twitter:data1\" content=\"5\u00a0Minuten\" \/>\n<script type=\"application\/ld+json\" class=\"yoast-schema-graph\">{\"@context\":\"https:\/\/schema.org\",\"@graph\":[{\"@type\":\"WebPage\",\"@id\":\"https:\/\/van-dorsten.eu\/de\/hintergrund\/kontext\/\",\"url\":\"https:\/\/van-dorsten.eu\/de\/hintergrund\/kontext\/\",\"name\":\"Van Dorsten Stammbaum - Hintergrund Kontext Geschichte\",\"isPartOf\":{\"@id\":\"https:\/\/van-dorsten.eu\/de\/#website\"},\"datePublished\":\"2017-05-16T10:20:21+00:00\",\"dateModified\":\"2021-02-21T22:42:53+00:00\",\"description\":\"Im folgenden werden wichtige Ereignisse beschrieben in die Kontext der Geschichte, die Migrationen der Menschen betreffen.\",\"breadcrumb\":{\"@id\":\"https:\/\/van-dorsten.eu\/de\/hintergrund\/kontext\/#breadcrumb\"},\"inLanguage\":\"de\",\"potentialAction\":[{\"@type\":\"ReadAction\",\"target\":[\"https:\/\/van-dorsten.eu\/de\/hintergrund\/kontext\/\"]}]},{\"@type\":\"BreadcrumbList\",\"@id\":\"https:\/\/van-dorsten.eu\/de\/hintergrund\/kontext\/#breadcrumb\",\"itemListElement\":[{\"@type\":\"ListItem\",\"position\":1,\"name\":\"Home\",\"item\":\"https:\/\/van-dorsten.eu\/\"},{\"@type\":\"ListItem\",\"position\":2,\"name\":\"Hintergrund\",\"item\":\"https:\/\/van-dorsten.eu\/de\/hintergrund\/\"},{\"@type\":\"ListItem\",\"position\":3,\"name\":\"Kontext Geschichte\"}]},{\"@type\":\"WebSite\",\"@id\":\"https:\/\/van-dorsten.eu\/de\/#website\",\"url\":\"https:\/\/van-dorsten.eu\/de\/\",\"name\":\"\",\"description\":\"Genealogie\",\"potentialAction\":[{\"@type\":\"SearchAction\",\"target\":{\"@type\":\"EntryPoint\",\"urlTemplate\":\"https:\/\/van-dorsten.eu\/de\/?s={search_term_string}\"},\"query-input\":{\"@type\":\"PropertyValueSpecification\",\"valueRequired\":true,\"valueName\":\"search_term_string\"}}],\"inLanguage\":\"de\"}]}<\/script>\n<!-- \/ Yoast SEO plugin. -->","yoast_head_json":{"title":"Van Dorsten Stammbaum - Hintergrund Kontext Geschichte","description":"Im folgenden werden wichtige Ereignisse beschrieben in die Kontext der Geschichte, die Migrationen der Menschen betreffen.","robots":{"index":"index","follow":"follow","max-snippet":"max-snippet:-1","max-image-preview":"max-image-preview:large","max-video-preview":"max-video-preview:-1"},"canonical":"https:\/\/van-dorsten.eu\/de\/hintergrund\/kontext\/","og_locale":"de_DE","og_type":"article","og_title":"Van Dorsten Stammbaum - Hintergrund Kontext Geschichte","og_description":"Im folgenden werden wichtige Ereignisse beschrieben in die Kontext der Geschichte, die Migrationen der Menschen betreffen.","og_url":"https:\/\/van-dorsten.eu\/de\/hintergrund\/kontext\/","article_modified_time":"2021-02-21T22:42:53+00:00","twitter_card":"summary_large_image","twitter_misc":{"Gesch\u00e4tzte Lesezeit":"5\u00a0Minuten"},"schema":{"@context":"https:\/\/schema.org","@graph":[{"@type":"WebPage","@id":"https:\/\/van-dorsten.eu\/de\/hintergrund\/kontext\/","url":"https:\/\/van-dorsten.eu\/de\/hintergrund\/kontext\/","name":"Van Dorsten Stammbaum - Hintergrund Kontext Geschichte","isPartOf":{"@id":"https:\/\/van-dorsten.eu\/de\/#website"},"datePublished":"2017-05-16T10:20:21+00:00","dateModified":"2021-02-21T22:42:53+00:00","description":"Im folgenden werden wichtige Ereignisse beschrieben in die Kontext der Geschichte, die Migrationen der Menschen betreffen.","breadcrumb":{"@id":"https:\/\/van-dorsten.eu\/de\/hintergrund\/kontext\/#breadcrumb"},"inLanguage":"de","potentialAction":[{"@type":"ReadAction","target":["https:\/\/van-dorsten.eu\/de\/hintergrund\/kontext\/"]}]},{"@type":"BreadcrumbList","@id":"https:\/\/van-dorsten.eu\/de\/hintergrund\/kontext\/#breadcrumb","itemListElement":[{"@type":"ListItem","position":1,"name":"Home","item":"https:\/\/van-dorsten.eu\/"},{"@type":"ListItem","position":2,"name":"Hintergrund","item":"https:\/\/van-dorsten.eu\/de\/hintergrund\/"},{"@type":"ListItem","position":3,"name":"Kontext Geschichte"}]},{"@type":"WebSite","@id":"https:\/\/van-dorsten.eu\/de\/#website","url":"https:\/\/van-dorsten.eu\/de\/","name":"","description":"Genealogie","potentialAction":[{"@type":"SearchAction","target":{"@type":"EntryPoint","urlTemplate":"https:\/\/van-dorsten.eu\/de\/?s={search_term_string}"},"query-input":{"@type":"PropertyValueSpecification","valueRequired":true,"valueName":"search_term_string"}}],"inLanguage":"de"}]}},"_links":{"self":[{"href":"https:\/\/van-dorsten.eu\/de\/wp-json\/wp\/v2\/pages\/350"}],"collection":[{"href":"https:\/\/van-dorsten.eu\/de\/wp-json\/wp\/v2\/pages"}],"about":[{"href":"https:\/\/van-dorsten.eu\/de\/wp-json\/wp\/v2\/types\/page"}],"author":[{"embeddable":true,"href":"https:\/\/van-dorsten.eu\/de\/wp-json\/wp\/v2\/users\/1"}],"replies":[{"embeddable":true,"href":"https:\/\/van-dorsten.eu\/de\/wp-json\/wp\/v2\/comments?post=350"}],"version-history":[{"count":9,"href":"https:\/\/van-dorsten.eu\/de\/wp-json\/wp\/v2\/pages\/350\/revisions"}],"predecessor-version":[{"id":3132,"href":"https:\/\/van-dorsten.eu\/de\/wp-json\/wp\/v2\/pages\/350\/revisions\/3132"}],"up":[{"embeddable":true,"href":"https:\/\/van-dorsten.eu\/de\/wp-json\/wp\/v2\/pages\/319"}],"wp:attachment":[{"href":"https:\/\/van-dorsten.eu\/de\/wp-json\/wp\/v2\/media?parent=350"}],"curies":[{"name":"wp","href":"https:\/\/api.w.org\/{rel}","templated":true}]}}