{"id":344,"date":"2017-05-16T12:16:47","date_gmt":"2017-05-16T10:16:47","guid":{"rendered":"http:\/\/van-dorsten.eu\/achtergrond\/stamboom-opzet\/"},"modified":"2021-02-21T11:52:53","modified_gmt":"2021-02-21T10:52:53","slug":"stammbaum","status":"publish","type":"page","link":"https:\/\/van-dorsten.eu\/de\/hintergrund\/stammbaum\/?lang=de","title":{"rendered":"Stammbaum Auswirkung"},"content":{"rendered":"<div data-elementor-type=\"wp-page\" data-elementor-id=\"344\" class=\"elementor elementor-344\">\n\t\t\t\t\t\t<section class=\"elementor-section elementor-top-section elementor-element elementor-element-0b6b2f3 elementor-section-boxed elementor-section-height-default elementor-section-height-default\" data-id=\"0b6b2f3\" data-element_type=\"section\">\n\t\t\t\t\t\t<div class=\"elementor-container elementor-column-gap-default\">\n\t\t\t\t\t<div class=\"elementor-column elementor-col-66 elementor-top-column elementor-element elementor-element-ff3cf9c\" data-id=\"ff3cf9c\" data-element_type=\"column\" data-settings=\"{&quot;background_background&quot;:&quot;classic&quot;}\">\n\t\t\t<div class=\"elementor-widget-wrap elementor-element-populated\">\n\t\t\t\t\t\t<div class=\"elementor-element elementor-element-f66b190 elementor-widget elementor-widget-text-editor\" data-id=\"f66b190\" data-element_type=\"widget\" data-widget_type=\"text-editor.default\">\n\t\t\t\t<div class=\"elementor-widget-container\">\n\t\t\t\t\t\t\t\t\t<h4 style=\"text-align: center;\"><span style=\"color: #ff6600;\"><strong>Hintergrund &#8211; Stammbaum Auswirkung<\/strong><\/span><\/h4><p><br \/><img fetchpriority=\"high\" decoding=\"async\" class=\"alignleft wp-image-862 size-medium\" src=\"https:\/\/van-dorsten.eu\/wp-content\/uploads\/2017\/05\/Boom-Stamboom-300x206.jpg\" alt=\"\" width=\"300\" height=\"206\" srcset=\"https:\/\/van-dorsten.eu\/wp-content\/uploads\/2017\/05\/Boom-Stamboom-300x206.jpg 300w, https:\/\/van-dorsten.eu\/wp-content\/uploads\/2017\/05\/Boom-Stamboom-768x527.jpg 768w, https:\/\/van-dorsten.eu\/wp-content\/uploads\/2017\/05\/Boom-Stamboom-1024x702.jpg 1024w, https:\/\/van-dorsten.eu\/wp-content\/uploads\/2017\/05\/Boom-Stamboom.jpg 1323w\" sizes=\"(max-width: 300px) 100vw, 300px\" \/>Bei der Suche nach dem Stammbaum gab es mehrere Stammb\u00e4ume mit dem gleichen Nachnamen aber die Zahl der Menschen mit diesem Namen (in den Niederlanden) war doch relativ begrenzt. Der Hoffnung und Erwartung war, dass dies alles miteinander in Zusammenhang stehen k\u00f6nnten. Vor der Einf\u00fchrung des Standesamtes wurden Namen phonetisch und auch nur Patronyms (Vatersnamen) aufgezeichnet. Daher wurde die Suche auf die (m\u00f6glicherweise) verwandten Namen Van Dorssen, Van Dorsser und Van Dorst ausgedehnt (letztere auf 1700 beschr\u00e4nkt). F\u00fcr alle lebenden Nachkommen weltweit mit dem Namen ist nun bekannt, von welchem Stammbaum sie abstammen. Bei der Ausarbeitung wurde beschlossen, die sogenannte Aktienserie, die m\u00e4nnliche Linie (Lagername), aufzuzeichnen. Ehepartner und Kinder von T\u00f6chtern wurden noch registriert, aber nicht weiter.<\/p><p>Die verschiedenen Stammb\u00e4ume, von denen noch namengebende Nachkommen leben, wurden nach ihrem Herkunftsort benannt. Diese finden Sie auch auf der Startseite in der topografischen Karte und in der historischen Kontextleiste unter Roots. Alle verbleibenden St\u00e4mme und losen Daten werden unter Ausgestorben beschrieben. Das ultimative Ziel ist nat\u00fcrlich, all diese St\u00e4mme so vollst\u00e4ndig wie m\u00f6glich zu machen, so weit wie m\u00f6glich in die Vergangenheit zu reisen und sich miteinander verbinden zu k\u00f6nnen. Dies ist sicherlich noch m\u00f6glich und mit Hilfe der Informationen im Archiv k\u00f6nnen einige Beziehungen hergestellt werden und in den kommenden Jahren wird viel neues Material erwartet. Seit 1400 steht viel Archivmaterial zur Verf\u00fcgung und insbesondere die Urkunden der Notare k\u00f6nnen noch Hinweise geben.<\/p><p>Mit allem jetzt bekannt, gibt es die folgende Vermutungen:<\/p><ul><li>Die meisten existierenden St\u00e4mme \u00fcber den Fl\u00fcssen in den Niederlanden sind wahrscheinlich miteinander verwandt. Dies sind Neuenhaus, Steenwijk, Zwartsluis und Amersfoort (letzteres hei\u00dft jetzt Van Dorssen). Diese sind angeblich auch mit verschiedenen ausgestorbenen kleinen Zweigen in der Region (wie Zutphen, Kampen und Arnhem) und mit einer Reihe alter Zweigen in Utrecht und Amsterdam verbunden.<\/li><li>Dar\u00fcber hinaus scheinen die (historischen) St\u00e4mme s\u00fcdlich der Fl\u00fcsse teilweise miteinander verwandt zu sein (Dordrecht, Rotterdam und Breda). Ebenfalls gibt es St\u00e4mme um Breda mit dem Namen Van Dorst. Auch hier bestehen Beziehungen zu Niederlassungen in Utrecht und Amsterdam.<\/li><li>Der Stammbaum von Bramsche mit einem gro\u00dfen Zweig nach Leiden und von dort auch einem gro\u00dfen Zweig in die USA k\u00f6nnte vor 1600 aus Neuenhaus stammen und m\u00f6glicherweise auch eine Verbindung zum Stamm aus dem nahe gelegenen (in Deutschland) Vechta haben mit einem gro\u00dfen Stammbaum Dorsten (ohne &#8216;van&#8217;) in dem USA. Der zuvor erw\u00e4hnte Stammbaum aus Niederl\u00e4ndisch-Ostindien schien von diesem Stammbaum abgeleitet zu sein.<\/li><li>Der Stamm mit dem Namen Van Dorssen, der aus Jutphaas (in der N\u00e4he von Utrecht) stammt, stammt m\u00f6glicherweise von einem alten Stamm in Vreeland (n\u00f6rdlich von Utrecht) oder Utrecht. Es k\u00f6nnte auch mit anderen verwandt sein, aber vor langer Zeit (13. Jahrhundert).<\/li><li>Die beiden kleinen St\u00e4mme aus dem Ruhrgebiet (Dinslaken und Dortmund) sind nach Herkunft immer noch schwer zu identifizieren. Diese wurden nur bis zum 19. Jahrhundert zur\u00fcck gefunden.<\/li><\/ul><p>Die folgenden noch vorhandenen Stammb\u00e4ume werden ausf\u00fchrlich beschrieben (basierend auf dem Herkunftsort):<\/p><ol><li><img decoding=\"async\" class=\"alignright wp-image-2982 size-medium\" src=\"https:\/\/van-dorsten.eu\/wp-content\/uploads\/2021\/02\/Algemeen-Boom-Natuurlijk-300x200.jpg\" alt=\"\" width=\"300\" height=\"200\" srcset=\"https:\/\/van-dorsten.eu\/wp-content\/uploads\/2021\/02\/Algemeen-Boom-Natuurlijk-300x200.jpg 300w, https:\/\/van-dorsten.eu\/wp-content\/uploads\/2021\/02\/Algemeen-Boom-Natuurlijk-1024x683.jpg 1024w, https:\/\/van-dorsten.eu\/wp-content\/uploads\/2021\/02\/Algemeen-Boom-Natuurlijk-768x512.jpg 768w, https:\/\/van-dorsten.eu\/wp-content\/uploads\/2021\/02\/Algemeen-Boom-Natuurlijk-1536x1024.jpg 1536w, https:\/\/van-dorsten.eu\/wp-content\/uploads\/2021\/02\/Algemeen-Boom-Natuurlijk-2048x1365.jpg 2048w\" sizes=\"(max-width: 300px) 100vw, 300px\" \/><strong>Neuenhaus (D)<\/strong> \u2013 Ab ca. 1500 mit noch aktiven Niederlassungen in Deutschland, S\u00fcdafrika, den USA und den Niederlanden.<\/li><li><strong>Zwartsluis (NL)<\/strong> \u2013 Ein ausgedehnter Stamm seit 1714, haupts\u00e4chlich in den Niederlanden, aber auch mit verschiedenen Zweigen im Ausland.<\/li><li><strong>Steenwijk (NL)<\/strong> \u2013 Ein kleiner Stamm seit 1683 (urspr\u00fcnglich aus Dalfsen) mit nur noch einem aktiven Nachkommen des Namenstr\u00e4gers in den Niederlanden.<\/li><li><strong>Bramsche (D)<\/strong> \u2013 Ein gro\u00dfer Stamm seit 1612 aus Bramsche mit gro\u00dfen Niederlassungen in den Niederlanden und den Vereinigten Staaten.<\/li><li><strong>Ruhrgebiet (D)<\/strong> &#8211; Zwei kleine St\u00e4mme in Deutschland entstanden im 19. Jahrhundert in Dinslaken und Dortmund.<\/li><li><strong>Vechta (D, Dorsten)<\/strong> \u2013 Dieser gro\u00dfe Stamm kam 1833 von Vechta (Oldenburg) nach Ohio, USA.<\/li><li><strong>Jutphaas (NL, Van Dorssen)<\/strong> \u2013 Ein gro\u00dfer Bestand aus dem Jahr 1750 in Jutphaas mit vielen Nachkommen in den Niederlanden und im Ausland.<\/li><li><strong>Amersfoort (NL, Van Dorssen)<\/strong> \u2013 Entstanden als Van Dorsten um 1650 in Doesburg und in der ersten H\u00e4lfte des 18. Jahrhunderts wurde es Van Dorssen in Amersfoort mit Nachkommen in den Niederlanden und Australien.<\/li><\/ol><p>Dar\u00fcber hinaus werden die vielen historisch ausgestorbenen Stammb\u00e4ume und andere lose Referenzen pro Region unter den ausgestorbenen Stammb\u00e4umen und Zweigen beschrieben. Der bekannte und wohlhabende historische Stammbaum in Dordrecht wird separat beschrieben (stammt aus dem 16. Jahrhundert in Dorst bei Breda) und auch den noch aktiven Stammbaum Van Dorsser erkl\u00e4rt (ebenfalls aus Dordrecht).<\/p>\t\t\t\t\t\t\t\t<\/div>\n\t\t\t\t<\/div>\n\t\t\t\t\t<\/div>\n\t\t<\/div>\n\t\t\t\t<div class=\"elementor-column elementor-col-33 elementor-top-column elementor-element elementor-element-7b98d91\" data-id=\"7b98d91\" data-element_type=\"column\" data-settings=\"{&quot;background_background&quot;:&quot;classic&quot;}\">\n\t\t\t<div class=\"elementor-widget-wrap elementor-element-populated\">\n\t\t\t\t\t\t<div class=\"elementor-element elementor-element-7ecd551 elementor-widget elementor-widget-sidebar\" data-id=\"7ecd551\" data-element_type=\"widget\" data-widget_type=\"sidebar.default\">\n\t\t\t\t<div class=\"elementor-widget-container\">\n\t\t\t\t\t<h3>Account<\/h3>\n<p><\/p>\n<form action=\"\/TNG\/processlogin.php\" method=\"post\" name=\"form1\" data-trp-original-action=\"\/TNG\/processlogin.php\">\n<div class=\"normal\">\n<div class=\"nw\" id=\"loginblock\">\n<div class=\"loginprompt\">Username: <\/div>\n<p>\t\t<input type=\"text\" name=\"tngusername\" class=\"loginfont medfield\" id=\"tngusername\" size=\"15\"><\/p>\n<div class=\"loginprompt\">Password: <\/div>\n<p>\t\t<input type=\"password\" name=\"tngpassword\" class=\"loginfont field\" id=\"tngpassword\" size=\"15\"><\/p>\n<div id=\"resetrow\" style=\"display:none\">\n<div class=\"loginprompt\">Nieuw wachtwoord: <\/div>\n<p>\t\t\t<input type=\"password\" name=\"newpassword\" class=\"medfield\" id=\"newpassword\">\n\t\t<\/div>\n<\/p><\/div>\n<div class=\"login-options\">\n\t\t<input type=\"checkbox\" name=\"remember\" value=\"1\"> Onthouden<br \/>\n\t\t<input type=\"checkbox\" name=\"resetpass\" value=\"1\" onclick=\"if(this.checked) {document.getElementById('resetrow').style.display='';} else {document.getElementById('resetrow').style.display='none';}\"> Wijzigen<\/div>\n<p>\n<a href=\"https:\/\/van-dorsten.eu\/TNG\/login.php\" class=\"btn\" value=\"Registreren\">Wachtwoord vergeten<\/a><\/p>\n<div>\n\t\t<input type=\"submit\" class=\"btn\" value=\"Aanmelden\"><br \/>\n<a href=\"https:\/\/van-dorsten.eu\/TNG\/newacctform.php\" class=\"btn\" value=\"Registreren\">Registreren<\/a><\/p>\n<\/p><\/div>\n<\/div>\n<input type=\"hidden\" name=\"trp-form-language\" value=\"de\"\/><\/form>\n<h3>Zoeken<\/h3>\n<p><\/p>\n<form method=\"get\" action=\"\/TNG\/search.php\" data-trp-original-action=\"\/TNG\/search.php\">\n<div class=\"normal\">\n<div class=\"nw\" id=\"stamboom\">\n<div class=\"loginprompt\">Stamboom<\/div>\n<td class=\"databack\">\n\t\t<select name=\"tree\" id=\"treeselect\" onchange=\"var tree=getTree(this); if( !tree ) tree = 'none'; swapBranches(document.search);\"><option value=\"-x--all--x-\" selected=\"selected\">Alle stambomen<\/option><option value=\"Dordrecht\">Dordrecht<\/option><option value=\"FT01\">Steenwijk<\/option><\/select><br \/>\n\t\t\t\t<select name=\"branch\" id=\"branch\"><option value=\"\">Alle takken<\/option><\/select><\/p>\n<div class=\"voornaam\">Voornaam<\/div>\n<p>\t\t<input type=\"hidden\" value=\"AND\" name=\"mybool\" \/><br \/>\n\t\t\t\t<input name=\"myfirstname\" type=\"text\" id=\"myfirstname\" size=\"15\"\/><\/p>\n<div class=\"achternaam\">Achternaam<\/div>\n<p>\t\t<input name=\"mylastname\" type=\"text\" id=\"mylastname\" size=\"15\" \/><\/p>\n<p>\t\t<input type=\"submit\" name=\"search\" value=\"Zoeken\"><\/p>\n<p>\t\t<span class=\"normal\"><a href=\"\/TNG\/searchform.php\">Geavanceerd zoeken<\/a><\/span>\n\t<\/div>\n<\/div>\n<input type=\"hidden\" name=\"trp-form-language\" value=\"de\"\/><\/form>\n<h3>Website<\/h3>\n<p><\/p>\n<form role=\"search\" method=\"get\" action=\"https:\/\/van-dorsten.eu\/de\/\" class=\"wp-block-search__button-outside wp-block-search__text-button wp-block-search\" data-trp-original-action=\"https:\/\/van-dorsten.eu\/\">\n<div class=\"wp-block-search__inside-wrapper\"><input type=\"search\" id=\"wp-block-search__input-1\" class=\"wp-block-search__input\" name=\"s\" value=\"\" placeholder=\"Type om te zoeken op de website\" required=\"\"><button type=\"submit\" class=\"wp-block-search__button\">Zoeken<\/button><\/div>\n<input type=\"hidden\" name=\"trp-form-language\" value=\"de\"\/><\/form>\n\t\t\t\t<\/div>\n\t\t\t\t<\/div>\n\t\t\t\t\t<\/div>\n\t\t<\/div>\n\t\t\t\t\t<\/div>\n\t\t<\/section>\n\t\t\t\t<\/div>","protected":false},"excerpt":{"rendered":"<p>Hintergrund &#8211; Stammbaum Auswirkung Bei der Suche nach dem Stammbaum gab es mehrere Stammb\u00e4ume mit dem gleichen Nachnamen aber die Zahl der Menschen mit diesem Namen (in den Niederlanden) war doch relativ begrenzt. Der Hoffnung und Erwartung war, dass dies alles miteinander in Zusammenhang stehen k\u00f6nnten. Vor der Einf\u00fchrung des Standesamtes wurden Namen phonetisch und &hellip;<\/p>\n<p class=\"read-more\"> <a class=\"\" href=\"https:\/\/van-dorsten.eu\/de\/hintergrund\/stammbaum\/?lang=de\"> <span class=\"screen-reader-text\">Stammbaum Auswirkung<\/span> Read More \u00bb<\/a><\/p>","protected":false},"author":1,"featured_media":0,"parent":319,"menu_order":0,"comment_status":"closed","ping_status":"closed","template":"elementor_header_footer","meta":{"site-sidebar-layout":"right-sidebar","site-content-layout":"default","ast-main-header-display":"","ast-hfb-above-header-display":"","ast-hfb-below-header-display":"","ast-hfb-mobile-header-display":"","site-post-title":"","ast-breadcrumbs-content":"","ast-featured-img":"","footer-sml-layout":"","theme-transparent-header-meta":"default","adv-header-id-meta":"","stick-header-meta":"","header-above-stick-meta":"","header-main-stick-meta":"","header-below-stick-meta":"","footnotes":""},"yoast_head":"<!-- This site is optimized with the Yoast SEO plugin v24.5 - https:\/\/yoast.com\/wordpress\/plugins\/seo\/ -->\n<title>Van Dorsten Stammbaum - Hintergrund Stammbaum Auswirkung<\/title>\n<meta name=\"description\" content=\"Dieser Abschnitt beschreibt, wie die Daten f\u00fcr die Stammb\u00e4ume gesammelt werden und wie die verschiedenen Stammb\u00e4ume aufgebaut und erarbeitet sind.\" \/>\n<meta name=\"robots\" content=\"index, follow, max-snippet:-1, max-image-preview:large, max-video-preview:-1\" \/>\n<link rel=\"canonical\" href=\"https:\/\/van-dorsten.eu\/de\/hintergrund\/stammbaum\/\" \/>\n<meta property=\"og:locale\" content=\"de_DE\" \/>\n<meta property=\"og:type\" content=\"article\" \/>\n<meta property=\"og:title\" content=\"Van Dorsten Stammbaum - Hintergrund Stammbaum Auswirkung\" \/>\n<meta property=\"og:description\" content=\"Dieser Abschnitt beschreibt, wie die Daten f\u00fcr die Stammb\u00e4ume gesammelt werden und wie die verschiedenen Stammb\u00e4ume aufgebaut und erarbeitet sind.\" \/>\n<meta property=\"og:url\" content=\"https:\/\/van-dorsten.eu\/de\/hintergrund\/stammbaum\/\" \/>\n<meta property=\"article:modified_time\" content=\"2021-02-21T10:52:53+00:00\" \/>\n<meta property=\"og:image\" content=\"https:\/\/van-dorsten.eu\/wp-content\/uploads\/2017\/05\/Boom-Stamboom-300x206.jpg\" \/>\n<meta name=\"twitter:card\" content=\"summary_large_image\" \/>\n<meta name=\"twitter:label1\" content=\"Gesch\u00e4tzte Lesezeit\" \/>\n\t<meta name=\"twitter:data1\" content=\"4\u00a0Minuten\" \/>\n<script type=\"application\/ld+json\" class=\"yoast-schema-graph\">{\"@context\":\"https:\/\/schema.org\",\"@graph\":[{\"@type\":\"WebPage\",\"@id\":\"https:\/\/van-dorsten.eu\/de\/hintergrund\/stammbaum\/\",\"url\":\"https:\/\/van-dorsten.eu\/de\/hintergrund\/stammbaum\/\",\"name\":\"Van Dorsten Stammbaum - Hintergrund Stammbaum Auswirkung\",\"isPartOf\":{\"@id\":\"https:\/\/van-dorsten.eu\/de\/#website\"},\"primaryImageOfPage\":{\"@id\":\"https:\/\/van-dorsten.eu\/de\/hintergrund\/stammbaum\/#primaryimage\"},\"image\":{\"@id\":\"https:\/\/van-dorsten.eu\/de\/hintergrund\/stammbaum\/#primaryimage\"},\"thumbnailUrl\":\"https:\/\/van-dorsten.eu\/wp-content\/uploads\/2017\/05\/Boom-Stamboom-300x206.jpg\",\"datePublished\":\"2017-05-16T10:16:47+00:00\",\"dateModified\":\"2021-02-21T10:52:53+00:00\",\"description\":\"Dieser Abschnitt beschreibt, wie die Daten f\u00fcr die Stammb\u00e4ume gesammelt werden und wie die verschiedenen Stammb\u00e4ume aufgebaut und erarbeitet sind.\",\"breadcrumb\":{\"@id\":\"https:\/\/van-dorsten.eu\/de\/hintergrund\/stammbaum\/#breadcrumb\"},\"inLanguage\":\"de\",\"potentialAction\":[{\"@type\":\"ReadAction\",\"target\":[\"https:\/\/van-dorsten.eu\/de\/hintergrund\/stammbaum\/\"]}]},{\"@type\":\"ImageObject\",\"inLanguage\":\"de\",\"@id\":\"https:\/\/van-dorsten.eu\/de\/hintergrund\/stammbaum\/#primaryimage\",\"url\":\"https:\/\/van-dorsten.eu\/wp-content\/uploads\/2017\/05\/Boom-Stamboom-300x206.jpg\",\"contentUrl\":\"https:\/\/van-dorsten.eu\/wp-content\/uploads\/2017\/05\/Boom-Stamboom-300x206.jpg\"},{\"@type\":\"BreadcrumbList\",\"@id\":\"https:\/\/van-dorsten.eu\/de\/hintergrund\/stammbaum\/#breadcrumb\",\"itemListElement\":[{\"@type\":\"ListItem\",\"position\":1,\"name\":\"Home\",\"item\":\"https:\/\/van-dorsten.eu\/\"},{\"@type\":\"ListItem\",\"position\":2,\"name\":\"Hintergrund\",\"item\":\"https:\/\/van-dorsten.eu\/de\/hintergrund\/\"},{\"@type\":\"ListItem\",\"position\":3,\"name\":\"Stammbaum Auswirkung\"}]},{\"@type\":\"WebSite\",\"@id\":\"https:\/\/van-dorsten.eu\/de\/#website\",\"url\":\"https:\/\/van-dorsten.eu\/de\/\",\"name\":\"\",\"description\":\"Genealogie\",\"potentialAction\":[{\"@type\":\"SearchAction\",\"target\":{\"@type\":\"EntryPoint\",\"urlTemplate\":\"https:\/\/van-dorsten.eu\/de\/?s={search_term_string}\"},\"query-input\":{\"@type\":\"PropertyValueSpecification\",\"valueRequired\":true,\"valueName\":\"search_term_string\"}}],\"inLanguage\":\"de\"}]}<\/script>\n<!-- \/ Yoast SEO plugin. -->","yoast_head_json":{"title":"Van Dorsten Stammbaum - Hintergrund Stammbaum Auswirkung","description":"Dieser Abschnitt beschreibt, wie die Daten f\u00fcr die Stammb\u00e4ume gesammelt werden und wie die verschiedenen Stammb\u00e4ume aufgebaut und erarbeitet sind.","robots":{"index":"index","follow":"follow","max-snippet":"max-snippet:-1","max-image-preview":"max-image-preview:large","max-video-preview":"max-video-preview:-1"},"canonical":"https:\/\/van-dorsten.eu\/de\/hintergrund\/stammbaum\/","og_locale":"de_DE","og_type":"article","og_title":"Van Dorsten Stammbaum - Hintergrund Stammbaum Auswirkung","og_description":"Dieser Abschnitt beschreibt, wie die Daten f\u00fcr die Stammb\u00e4ume gesammelt werden und wie die verschiedenen Stammb\u00e4ume aufgebaut und erarbeitet sind.","og_url":"https:\/\/van-dorsten.eu\/de\/hintergrund\/stammbaum\/","article_modified_time":"2021-02-21T10:52:53+00:00","og_image":[{"url":"https:\/\/van-dorsten.eu\/wp-content\/uploads\/2017\/05\/Boom-Stamboom-300x206.jpg","type":"","width":"","height":""}],"twitter_card":"summary_large_image","twitter_misc":{"Gesch\u00e4tzte Lesezeit":"4\u00a0Minuten"},"schema":{"@context":"https:\/\/schema.org","@graph":[{"@type":"WebPage","@id":"https:\/\/van-dorsten.eu\/de\/hintergrund\/stammbaum\/","url":"https:\/\/van-dorsten.eu\/de\/hintergrund\/stammbaum\/","name":"Van Dorsten Stammbaum - Hintergrund Stammbaum Auswirkung","isPartOf":{"@id":"https:\/\/van-dorsten.eu\/de\/#website"},"primaryImageOfPage":{"@id":"https:\/\/van-dorsten.eu\/de\/hintergrund\/stammbaum\/#primaryimage"},"image":{"@id":"https:\/\/van-dorsten.eu\/de\/hintergrund\/stammbaum\/#primaryimage"},"thumbnailUrl":"https:\/\/van-dorsten.eu\/wp-content\/uploads\/2017\/05\/Boom-Stamboom-300x206.jpg","datePublished":"2017-05-16T10:16:47+00:00","dateModified":"2021-02-21T10:52:53+00:00","description":"Dieser Abschnitt beschreibt, wie die Daten f\u00fcr die Stammb\u00e4ume gesammelt werden und wie die verschiedenen Stammb\u00e4ume aufgebaut und erarbeitet sind.","breadcrumb":{"@id":"https:\/\/van-dorsten.eu\/de\/hintergrund\/stammbaum\/#breadcrumb"},"inLanguage":"de","potentialAction":[{"@type":"ReadAction","target":["https:\/\/van-dorsten.eu\/de\/hintergrund\/stammbaum\/"]}]},{"@type":"ImageObject","inLanguage":"de","@id":"https:\/\/van-dorsten.eu\/de\/hintergrund\/stammbaum\/#primaryimage","url":"https:\/\/van-dorsten.eu\/wp-content\/uploads\/2017\/05\/Boom-Stamboom-300x206.jpg","contentUrl":"https:\/\/van-dorsten.eu\/wp-content\/uploads\/2017\/05\/Boom-Stamboom-300x206.jpg"},{"@type":"BreadcrumbList","@id":"https:\/\/van-dorsten.eu\/de\/hintergrund\/stammbaum\/#breadcrumb","itemListElement":[{"@type":"ListItem","position":1,"name":"Home","item":"https:\/\/van-dorsten.eu\/"},{"@type":"ListItem","position":2,"name":"Hintergrund","item":"https:\/\/van-dorsten.eu\/de\/hintergrund\/"},{"@type":"ListItem","position":3,"name":"Stammbaum Auswirkung"}]},{"@type":"WebSite","@id":"https:\/\/van-dorsten.eu\/de\/#website","url":"https:\/\/van-dorsten.eu\/de\/","name":"","description":"Genealogie","potentialAction":[{"@type":"SearchAction","target":{"@type":"EntryPoint","urlTemplate":"https:\/\/van-dorsten.eu\/de\/?s={search_term_string}"},"query-input":{"@type":"PropertyValueSpecification","valueRequired":true,"valueName":"search_term_string"}}],"inLanguage":"de"}]}},"_links":{"self":[{"href":"https:\/\/van-dorsten.eu\/de\/wp-json\/wp\/v2\/pages\/344"}],"collection":[{"href":"https:\/\/van-dorsten.eu\/de\/wp-json\/wp\/v2\/pages"}],"about":[{"href":"https:\/\/van-dorsten.eu\/de\/wp-json\/wp\/v2\/types\/page"}],"author":[{"embeddable":true,"href":"https:\/\/van-dorsten.eu\/de\/wp-json\/wp\/v2\/users\/1"}],"replies":[{"embeddable":true,"href":"https:\/\/van-dorsten.eu\/de\/wp-json\/wp\/v2\/comments?post=344"}],"version-history":[{"count":10,"href":"https:\/\/van-dorsten.eu\/de\/wp-json\/wp\/v2\/pages\/344\/revisions"}],"predecessor-version":[{"id":3105,"href":"https:\/\/van-dorsten.eu\/de\/wp-json\/wp\/v2\/pages\/344\/revisions\/3105"}],"up":[{"embeddable":true,"href":"https:\/\/van-dorsten.eu\/de\/wp-json\/wp\/v2\/pages\/319"}],"wp:attachment":[{"href":"https:\/\/van-dorsten.eu\/de\/wp-json\/wp\/v2\/media?parent=344"}],"curies":[{"name":"wp","href":"https:\/\/api.w.org\/{rel}","templated":true}]}}