{"id":331,"date":"2017-05-16T12:19:43","date_gmt":"2017-05-16T10:19:43","guid":{"rendered":"http:\/\/van-dorsten.eu\/achtergrond\/dorsten-plaats\/"},"modified":"2021-02-21T20:48:44","modified_gmt":"2021-02-21T19:48:44","slug":"herkunft","status":"publish","type":"page","link":"https:\/\/van-dorsten.eu\/de\/hintergrund\/herkunft\/?lang=de","title":{"rendered":"Herkunft Name"},"content":{"rendered":"<div data-elementor-type=\"wp-page\" data-elementor-id=\"331\" class=\"elementor elementor-331\">\n\t\t\t\t\t\t<section class=\"elementor-section elementor-top-section elementor-element elementor-element-6020afdd elementor-section-boxed elementor-section-height-default elementor-section-height-default\" data-id=\"6020afdd\" data-element_type=\"section\" data-settings=\"{&quot;background_background&quot;:&quot;classic&quot;}\">\n\t\t\t\t\t\t<div class=\"elementor-container elementor-column-gap-default\">\n\t\t\t\t\t<div class=\"elementor-column elementor-col-50 elementor-top-column elementor-element elementor-element-2c44a507\" data-id=\"2c44a507\" data-element_type=\"column\" data-settings=\"{&quot;background_background&quot;:&quot;classic&quot;}\">\n\t\t\t<div class=\"elementor-widget-wrap elementor-element-populated\">\n\t\t\t\t\t\t<div class=\"elementor-element elementor-element-9ba87b elementor-widget elementor-widget-text-editor\" data-id=\"9ba87b\" data-element_type=\"widget\" data-widget_type=\"text-editor.default\">\n\t\t\t\t<div class=\"elementor-widget-container\">\n\t\t\t\t\t\t\t\t\t<h4 style=\"text-align: center;\"><span style=\"color: #ff6600;\"><strong>Hintergrund &#8211; Herkunft Name<\/strong><\/span><\/h4><p><br \/>Es gibt eine Reihe von m\u00f6glichen Ursprung f\u00fcr den Namen des Dorsten die alle danach erkl\u00e4rt werden:<\/p><ul><li>Bei weitem die wichtigste ist die (damals) gro\u00dfe Hansestadt Dorsten nicht weit von die Niederlande.<\/li><li>Eine Alternative ist der Ort Dorst zwischen Breda, Oosterhoud und Tilburg in die Niederlande.<\/li><li>Im 13. Jahrhundert gab es ein Gericht Dorsteen in Norddeutschland in der N\u00e4he von Wismar, war sp\u00e4ter Dorsten.<\/li><li>F\u00fcr den Jutphaas Stammbaum gibt es die Theorie, dass der Name aus dem Ort Dorssen kommt, welcher hier wer gelegen (fr\u00fches 9. Jahrhundert).<\/li><li>Es gibt noch ein paar Alternativen, aber die sind sehr unwahrscheinlich als Herkunft. Zum Beispiel gibt es das Dorf Dorste in G\u00f6ttingen, eine weitere Dorf Dorst weiter entfernt in Deutschland und Dorssen (oder Dorschen) in Polen (damals Deutschland). Diese werden nicht weiter erl\u00e4utert.<\/li><\/ul><h4><strong>Dorsten (Hansestadt)<\/strong><\/h4><p>Die wichtigsten Ursprung des Namens von Dorsten ist der Ort Dorsten an der Unterseite von der deutschen Bundesland Niedersachsen (direkt \u00fcber das Ruhrgebiet und den Bundesland Nordrhein-Westfalen und nicht weit von der niederl\u00e4ndischen Grenze in Gelderland), das bereits Stadtrechte bekam im Jahre 1251 und geh\u00f6rte zu den wichtige Hansest\u00e4dten. Damals konzentrierte der Stadt Dorsten sich haupts\u00e4chlich auf die aktuellen Niederlande (Angesichts den Handel) und anderen Hansest\u00e4dten in Norddeutschland und den Ostseeraum. In der Westf\u00e4lischen ist es D\u00f6ssen, der deutsche Name ist Dorsten.<\/p><p><img fetchpriority=\"high\" decoding=\"async\" class=\"alignleft wp-image-543 size-medium\" src=\"https:\/\/van-dorsten.eu\/wp-content\/uploads\/2017\/05\/Dorsten-1633-city-300x277.jpg\" alt=\"\" width=\"300\" height=\"277\" srcset=\"https:\/\/van-dorsten.eu\/wp-content\/uploads\/2017\/05\/Dorsten-1633-city-300x277.jpg 300w, https:\/\/van-dorsten.eu\/wp-content\/uploads\/2017\/05\/Dorsten-1633-city-768x708.jpg 768w, https:\/\/van-dorsten.eu\/wp-content\/uploads\/2017\/05\/Dorsten-1633-city.jpg 1024w\" sizes=\"(max-width: 300px) 100vw, 300px\" \/>Die Region in der N\u00e4he der Stadt Dorsten war schon fr\u00fch besiedelt und die R\u00f6mer hatten hier rund um den Beginn unserer Zeitrechnung schon eine Festung, eine Br\u00fccke \u00fcber die Lippe und eine Burg gebaut. In der Sp\u00e4tantike bis zum Ende des 5. Jahrhunderts wurde ein Dorf (hoch gelegen) gebaut, dass der Name &#8220;Durstina\u201d getragen trug und das lag n\u00f6rdlich der Lippe. Zur gleichen Zeit war auch ein Bauernhof mit Weinberg auf der S\u00fcdseite mit dem Namen &#8220;Durstinon&#8221; gebaut. Dies war an einer seichten Furt im Fluss. In dem zweihundert Jahre nach der Gegend im S\u00fcden von diesen christianisierten und kam zu den Erzbischof von K\u00f6ln angeh\u00f6ren. Sp\u00e4ter, das Gebiet n\u00f6rdlich der Lippe christianisiert aus dem Erzbischof von Utrecht. Die Stadt Dursten, wahrscheinlich in der karolingischen Familie Maiores Domus, war in eine Spende des Eucherius (+ 725).<\/p><p>Am Anfang des 10. Jahrhunderts (ca. 900-910) Athalgard spendet im Gedenken an ihren verstorbenen Ehemann Abbo der Abtei Werden in Dorsten ein Gericht, das sp\u00e4tere Leemwysche hei\u00df, und Gerichte in Galen (Dorsten-Hardt und Ostrich). Das Gericht in Dorstinon hatte Natur zu verkaufen und Herbergen zu organisieren und geh\u00f6rte zu den Court Heldringhausen in Recklinghausen. Abbo und seine Witwe Athalgard sind die ersten Aristokraten einer Adelsfamilie in Dorsten, geh\u00f6rte zur Ehre in \/ um Dorsten. Diese Herrschaft des Adels von Dorsten bleibt bis ins 11. Jahrhundert, als die Familie ausstirbt. Das Kloster in Xanten zieht hier ein Pfarrhaus und erstreckt sich die Sachen aus und am Ende des 12. Jahrhunderts entsteht ein Kirchdorf mit dem Namen Dorsten (wo Durstina war). 1176 wurde die erste Kirche gebaut.<\/p><p><img decoding=\"async\" class=\"alignright wp-image-812 size-medium\" src=\"https:\/\/van-dorsten.eu\/wp-content\/uploads\/2017\/05\/Dorsten-centrum-anno-nu-300x200.jpg\" alt=\"\" width=\"300\" height=\"200\" srcset=\"https:\/\/van-dorsten.eu\/wp-content\/uploads\/2017\/05\/Dorsten-centrum-anno-nu-300x200.jpg 300w, https:\/\/van-dorsten.eu\/wp-content\/uploads\/2017\/05\/Dorsten-centrum-anno-nu-768x512.jpg 768w, https:\/\/van-dorsten.eu\/wp-content\/uploads\/2017\/05\/Dorsten-centrum-anno-nu-1024x683.jpg 1024w\" sizes=\"(max-width: 300px) 100vw, 300px\" \/>Die noch junge Siedlung wuchs vor allem durch seine strategische Lage auf Lippe (langer Zeit war hier die einzige Br\u00fccke \u00fcber die Lippe zwischen Wesel und Haltern) und seiner Lage an wichtigen Handelswegen nach K\u00f6ln \u00fcber Bottrop, die Stra\u03b2e nach Essen, M\u00fcnster und Recklinghausen. Im Jahre 1251 wurde Dorsten Stadrecht gew\u00e4hrt von den Bischof von K\u00f6ln in Absprache mit den Gr\u00e4bern von Kleve. Im Jahr 1334 wurde die erste Stadtmauer errichtet; die Stadt durch die Lage an der Lippe war ein Mitglied der Hanse im 14. Jahrhundert. Dorsten hat gro\u00dfen Reichtum durch Handel und Schiffbau gewonnen und wurde zur reichsten Stadt der Festung Recklinghausen. In der Bl\u00fctezeit des 15. Jahrhunderts, hat Dorsten etwa 300 H\u00e4user. Im Jahre 1459 herrschte die Pest in Dorsten.<br \/>Im Jahre 1567 wurde die Stadtwaage an um dem Markt gebaut, die diente sp\u00e4ter auch als Rathaus. Durch den Glauben Kriegen am Ende des 16. Jahrhunderts, und vor allem durch den Drei\u00dfigj\u00e4hrigen Krieg zu Beginn des 17. Jahrhunderts kam Handel und Verkehr zum Stillstand und griffen die Hansa auseinander. Im Jahre 1641 wurde die Belagerung von Dorsten und bis ins 18. Jahrhundert, war der Ort regelm\u00e4\u00dfig von Armeen der ausl\u00e4ndischen M\u00e4chte belagert.<\/p><h4><strong>Dorst (Breda)<\/strong><\/h4><p><img decoding=\"async\" class=\"alignleft wp-image-2913\" src=\"https:\/\/van-dorsten.eu\/wp-content\/uploads\/2021\/02\/Achtergrond-Herkomst-Dorst-kerk.jpg\" alt=\"\" width=\"115\" height=\"180\" \/>Obwohl der Name Dorst ist und die meisten Leute mit herkunft Dorst sich im 16. Jahrhundert Van Dorst nannten, ist in jeden Fall des Stammes Dordrecht gezeigt, dass diese aus Dorst kam und es gab noch ein Stamm Van Dorsten in Breda, die wahrscheinlich von hier aus kam. Genau bekannt ist der Ursprung des Namens &#8220;Dorst&#8221; nicht (C.J. Walker). Es ist sehr wahrscheinlich, dass der Name kam von &#8220;Horst&#8221;, einen erh\u00f6hten Streifen Land, wo in vielen F\u00e4llen Siedlungen gegr\u00fcndet wurden. Man schrieb die Namen auf wie man sie ausgesprochen hat: &#8220;de Horsten&#8221; war, schnell ausgesprochen, &#8220;Dorsten&#8221;. Erst viel sp\u00e4ter ist den Namen &#8220;Dorsten&#8221; ge\u00e4ndert in &#8220;Dorst&#8221;.<br \/>Dorst wurde erstmals erw\u00e4hnt im Jahre 1290, dann im Jahre 1323 und dann regelm\u00e4\u00dfig. Willem van Duivenvoorde im Jahre 1325 wurde Herr van Oosterhout und deshalb Dorst. Im Jahre 1511 wurde die erste Erw\u00e4hnung einer Kapelle in Dorst. Dorst war schlecht: im Norden legen einen knappen Heide-Bereich und im S\u00fcden ein Sumpfgebiet, das Goor genannt. Zum leben war die Fokus auf Ziegenzucht. Ziegenmilch war von gro\u00dfer Bedeutung f\u00fcr der Gesundheit der Bauern und ihren Kindern. Vom Ende des 15. Jahrhunderts sind in der Gegend (Breda, Oosterhout) viele Berichte von Menschen in den Archiven mit \u201cVan Dorst\u201d.<\/p><h4><strong>Dorssen (bei Vreeland)<\/strong><\/h4><p>Nach dem Stammbaum der Jutphaas (siehe Analyse dort) stammt es von diesem Ort. Dies basiert auf einer Theorie, dass die Familie aus der bekannten alten Utrecht-Familie Van Dorssen mit einem Stammbaum in der Stadt Vreeland stammt. Es folgt eine kurze \u00dcbersicht \u00fcber die Geschichte der Dorssen und die Zweifel, die Sie an dieser Stelle machen k\u00f6nnen.<br \/><img loading=\"lazy\" decoding=\"async\" class=\"alignright wp-image-2207 size-medium\" src=\"https:\/\/van-dorsten.eu\/wp-content\/uploads\/2020\/09\/Kasteel-Vreeland-300x198.jpg\" alt=\"\" width=\"300\" height=\"198\" srcset=\"https:\/\/van-dorsten.eu\/wp-content\/uploads\/2020\/09\/Kasteel-Vreeland-300x198.jpg 300w, https:\/\/van-dorsten.eu\/wp-content\/uploads\/2020\/09\/Kasteel-Vreeland-768x507.jpg 768w, https:\/\/van-dorsten.eu\/wp-content\/uploads\/2020\/09\/Kasteel-Vreeland.jpg 800w\" sizes=\"(max-width: 300px) 100vw, 300px\" \/>Der (noch vorhandenen) Name Dorssewaard ist gem\u00e4\u00df Theorie benannt nach die Siedlung Dorssen (Dorsken, Dursken), die hier (Vreeland) im siebten oder achten Jahrhundert anwesend gewesen w\u00e4re. Einige meinen das die Siedlung auf dem Gel\u00e4nde der aktuellen Vreeland war, andere denken, sondern nur \u00fcber die alten Vecht. Bei der arch\u00e4ologischen Forschung in diesem Bereich sind jedoch keine Vegetation Horizonte, arch\u00e4ologische Indikatoren oder andere Indikationen f\u00fcr die Wohnfl\u00e4che gefunden. Zu Beginn der Vreeland (siehe unten) existierte es aber schon nicht mehr.<br \/>An die Grenze seiner Fl\u00e4che zu verteidigen und zu verhindern, dass jemand anderes von Maut w\u00fcrde die Vecht, lie\u03b2 der Bischof von Utrecht aus dem Jahr 1252 die Sperre &#8220;Vredeland&#8221; bauen auf einen h\u00f6heren Platz in der Biegung des Flusses Vecht. Dieser Fluss war eine wichtige Handelsroute von Utrecht \u00fcber die Zuiderzee (bis zur Ostsee). Das bauen des Schlosses gab die Siedlung den Schub bis zu die Zunahme von Vreeland das in 1265 Stadtrechte bekam. Die Stadt Vreeland ist nie eine vollwertige Stadt geworden, auch weil viele Handwerker rund um 1275 zum aufstrebenden Amsterdam \u00fcbertragen wurden.<\/p><p>Kommentare zu Dorssen als Ursprung:<\/p><ul><li>Der Ort Dorssen (Vreeland) wird nie angezeigt, und w\u00e4re sonst ein Armenviertel und Hunderte von Jahren vor der Entstehung der Vreeland bereits eine Siedlung. Dann ist es stark, dass die Menschen diese Nachname haben, eine angesehenen Familie, aber nicht des Adels, und Wohnungswesen (dann nehmen Sie diesen Namen nicht zu).<\/li><li>Der Bereich wurde durch den Bischof von Utrecht (und dieser geh\u00f6rt bis 1559 zu den Erzbischof von K\u00f6ln) geregelt. Die Hansestadt Dorsten war bereits ein wichtiger Ort und gab mehrere bekannte geistliche, Kaufleute und sonst in beiden Di\u00f6zesen zwischen 1200 und 1500 mit diesem Namen. Dies k\u00f6nnte daher durchaus der Ursprung sein.<\/li><li>Nicolaes und Hugo van Dorssen wurden durch die Hinterlegung der Amstel in Nigtevegt, Loosdrecht und Vreeland bereits 1285 erw\u00e4hnt. Die Familie Van Dorssen war in den Kreis der Erzbischof von Utrecht, in dem Registrum Guidonis der Utrechter Bischof bezog sich auf verschiedene Mitglieder dieser Familie zwischen 1301 und 1317 (gleiche Hugo, aber auch Vrederic und Henric). Es scheint daher eher, dass das Land in Nigtevegt vom Bischof gekauft oder erhalten wurde.<\/li><li>Dorsten wurde in der Provinz Utrecht, immer h\u00e4ufiger als Dorssen geschrieben (und umgekehrt) und anscheinend ausgesprochen.<\/li><li>Der Vorfahr von Van Dorssen in Amersfoort ist eine Van Dorsten aus Doesburg und h\u00e4lt den Namen bis ins fr\u00fche 18. Jahrhundert. Au\u00dferdem teilt sich ein Stamm in Utrecht die Namen in Van Dorssen und Van Dorsten.<\/li><\/ul><h4><strong>Dorsteen (Wismar)<\/strong><\/h4><p>Die Court Dorsteen ist in 1277 von Herzogin Anastasia von Mecklenburg an die Stadt Wismar verkauft und auch schon fr\u00fcher dieses Jahrhunderts bereits erw\u00e4hnt und in den Jahrhunderten nach. Es war im Besitz von zwei Ritter von Dreschen Lewetzow und hie\u00df zun\u00e4chst Dorsteen und erst dann Dorsten. In der Zeit 1359-1390 berichtet eine Vielzahl von Dorstens in der nahe gelegenen Hansestadt Rostock.<\/p>\t\t\t\t\t\t\t\t<\/div>\n\t\t\t\t<\/div>\n\t\t\t\t\t<\/div>\n\t\t<\/div>\n\t\t\t\t<div class=\"elementor-column elementor-col-50 elementor-top-column elementor-element elementor-element-cf673d4\" data-id=\"cf673d4\" data-element_type=\"column\" data-settings=\"{&quot;background_background&quot;:&quot;classic&quot;}\">\n\t\t\t<div class=\"elementor-widget-wrap elementor-element-populated\">\n\t\t\t\t\t\t<div class=\"elementor-element elementor-element-ab4504f elementor-widget elementor-widget-sidebar\" data-id=\"ab4504f\" data-element_type=\"widget\" data-widget_type=\"sidebar.default\">\n\t\t\t\t<div class=\"elementor-widget-container\">\n\t\t\t\t\t<h3>Account<\/h3>\n<p><\/p>\n<form action=\"\/TNG\/processlogin.php\" method=\"post\" name=\"form1\" data-trp-original-action=\"\/TNG\/processlogin.php\">\n<div class=\"normal\">\n<div class=\"nw\" id=\"loginblock\">\n<div class=\"loginprompt\">Username: <\/div>\n<p>\t\t<input type=\"text\" name=\"tngusername\" class=\"loginfont medfield\" id=\"tngusername\" size=\"15\"><\/p>\n<div class=\"loginprompt\">Password: <\/div>\n<p>\t\t<input type=\"password\" name=\"tngpassword\" class=\"loginfont field\" id=\"tngpassword\" size=\"15\"><\/p>\n<div id=\"resetrow\" style=\"display:none\">\n<div class=\"loginprompt\">Nieuw wachtwoord: <\/div>\n<p>\t\t\t<input type=\"password\" name=\"newpassword\" class=\"medfield\" id=\"newpassword\">\n\t\t<\/div>\n<\/p><\/div>\n<div class=\"login-options\">\n\t\t<input type=\"checkbox\" name=\"remember\" value=\"1\"> Onthouden<br \/>\n\t\t<input type=\"checkbox\" name=\"resetpass\" value=\"1\" onclick=\"if(this.checked) {document.getElementById('resetrow').style.display='';} else {document.getElementById('resetrow').style.display='none';}\"> Wijzigen<\/div>\n<p>\n<a href=\"https:\/\/van-dorsten.eu\/TNG\/login.php\" class=\"btn\" value=\"Registreren\">Wachtwoord vergeten<\/a><\/p>\n<div>\n\t\t<input type=\"submit\" class=\"btn\" value=\"Aanmelden\"><br \/>\n<a href=\"https:\/\/van-dorsten.eu\/TNG\/newacctform.php\" class=\"btn\" value=\"Registreren\">Registreren<\/a><\/p>\n<\/p><\/div>\n<\/div>\n<input type=\"hidden\" name=\"trp-form-language\" value=\"de\"\/><\/form>\n<h3>Zoeken<\/h3>\n<p><\/p>\n<form method=\"get\" action=\"\/TNG\/search.php\" data-trp-original-action=\"\/TNG\/search.php\">\n<div class=\"normal\">\n<div class=\"nw\" id=\"stamboom\">\n<div class=\"loginprompt\">Stamboom<\/div>\n<td class=\"databack\">\n\t\t<select name=\"tree\" id=\"treeselect\" onchange=\"var tree=getTree(this); if( !tree ) tree = 'none'; swapBranches(document.search);\"><option value=\"-x--all--x-\" selected=\"selected\">Alle stambomen<\/option><option value=\"Dordrecht\">Dordrecht<\/option><option value=\"FT01\">Steenwijk<\/option><\/select><br \/>\n\t\t\t\t<select name=\"branch\" id=\"branch\"><option value=\"\">Alle takken<\/option><\/select><\/p>\n<div class=\"voornaam\">Voornaam<\/div>\n<p>\t\t<input type=\"hidden\" value=\"AND\" name=\"mybool\" \/><br \/>\n\t\t\t\t<input name=\"myfirstname\" type=\"text\" id=\"myfirstname\" size=\"15\"\/><\/p>\n<div class=\"achternaam\">Achternaam<\/div>\n<p>\t\t<input name=\"mylastname\" type=\"text\" id=\"mylastname\" size=\"15\" \/><\/p>\n<p>\t\t<input type=\"submit\" name=\"search\" value=\"Zoeken\"><\/p>\n<p>\t\t<span class=\"normal\"><a href=\"\/TNG\/searchform.php\">Geavanceerd zoeken<\/a><\/span>\n\t<\/div>\n<\/div>\n<input type=\"hidden\" name=\"trp-form-language\" value=\"de\"\/><\/form>\n<h3>Website<\/h3>\n<p><\/p>\n<form role=\"search\" method=\"get\" action=\"https:\/\/van-dorsten.eu\/de\/\" class=\"wp-block-search__button-outside wp-block-search__text-button wp-block-search\" data-trp-original-action=\"https:\/\/van-dorsten.eu\/\">\n<div class=\"wp-block-search__inside-wrapper\"><input type=\"search\" id=\"wp-block-search__input-1\" class=\"wp-block-search__input\" name=\"s\" value=\"\" placeholder=\"Type om te zoeken op de website\" required=\"\"><button type=\"submit\" class=\"wp-block-search__button\">Zoeken<\/button><\/div>\n<input type=\"hidden\" name=\"trp-form-language\" value=\"de\"\/><\/form>\n\t\t\t\t<\/div>\n\t\t\t\t<\/div>\n\t\t\t\t\t<\/div>\n\t\t<\/div>\n\t\t\t\t\t<\/div>\n\t\t<\/section>\n\t\t\t\t<\/div>","protected":false},"excerpt":{"rendered":"<p>Hintergrund &#8211; Herkunft Name Es gibt eine Reihe von m\u00f6glichen Ursprung f\u00fcr den Namen des Dorsten die alle danach erkl\u00e4rt werden: Bei weitem die wichtigste ist die (damals) gro\u00dfe Hansestadt Dorsten nicht weit von die Niederlande. Eine Alternative ist der Ort Dorst zwischen Breda, Oosterhoud und Tilburg in die Niederlande. Im 13. Jahrhundert gab es &hellip;<\/p>\n<p class=\"read-more\"> <a class=\"\" href=\"https:\/\/van-dorsten.eu\/de\/hintergrund\/herkunft\/?lang=de\"> <span class=\"screen-reader-text\">Herkunft Name<\/span> Read More \u00bb<\/a><\/p>","protected":false},"author":1,"featured_media":0,"parent":319,"menu_order":0,"comment_status":"closed","ping_status":"closed","template":"elementor_header_footer","meta":{"site-sidebar-layout":"default","site-content-layout":"default","ast-main-header-display":"","ast-hfb-above-header-display":"","ast-hfb-below-header-display":"","ast-hfb-mobile-header-display":"","site-post-title":"","ast-breadcrumbs-content":"","ast-featured-img":"","footer-sml-layout":"","theme-transparent-header-meta":"default","adv-header-id-meta":"","stick-header-meta":"","header-above-stick-meta":"","header-main-stick-meta":"","header-below-stick-meta":"","footnotes":""},"yoast_head":"<!-- This site is optimized with the Yoast SEO plugin v24.5 - https:\/\/yoast.com\/wordpress\/plugins\/seo\/ -->\n<title>Van Dorsten Stammbaum - Hintergrund Herkunft Name<\/title>\n<meta name=\"description\" content=\"Es gibt eine Reihe von m\u00f6glichen Ursprung f\u00fcr den Namen des Dorsten die alle erkl\u00e4rt werden. Zum Beispiel Dorsten Hansestadt und Dorst bei Breda.\" \/>\n<meta name=\"robots\" content=\"index, follow, max-snippet:-1, max-image-preview:large, max-video-preview:-1\" \/>\n<link rel=\"canonical\" href=\"https:\/\/van-dorsten.eu\/de\/hintergrund\/herkunft\/\" \/>\n<meta property=\"og:locale\" content=\"de_DE\" \/>\n<meta property=\"og:type\" content=\"article\" \/>\n<meta property=\"og:title\" content=\"Van Dorsten Stammbaum - Hintergrund Herkunft Name\" \/>\n<meta property=\"og:description\" content=\"Es gibt eine Reihe von m\u00f6glichen Ursprung f\u00fcr den Namen des Dorsten die alle erkl\u00e4rt werden. Zum Beispiel Dorsten Hansestadt und Dorst bei Breda.\" \/>\n<meta property=\"og:url\" content=\"https:\/\/van-dorsten.eu\/de\/hintergrund\/herkunft\/\" \/>\n<meta property=\"article:modified_time\" content=\"2021-02-21T19:48:44+00:00\" \/>\n<meta property=\"og:image\" content=\"https:\/\/van-dorsten.eu\/wp-content\/uploads\/2017\/05\/Dorsten-1633-city-300x277.jpg\" \/>\n<meta name=\"twitter:card\" content=\"summary_large_image\" \/>\n<meta name=\"twitter:label1\" content=\"Gesch\u00e4tzte Lesezeit\" \/>\n\t<meta name=\"twitter:data1\" content=\"8\u00a0Minuten\" \/>\n<script type=\"application\/ld+json\" class=\"yoast-schema-graph\">{\"@context\":\"https:\/\/schema.org\",\"@graph\":[{\"@type\":\"WebPage\",\"@id\":\"https:\/\/van-dorsten.eu\/de\/hintergrund\/herkunft\/\",\"url\":\"https:\/\/van-dorsten.eu\/de\/hintergrund\/herkunft\/\",\"name\":\"Van Dorsten Stammbaum - Hintergrund Herkunft Name\",\"isPartOf\":{\"@id\":\"https:\/\/van-dorsten.eu\/de\/#website\"},\"primaryImageOfPage\":{\"@id\":\"https:\/\/van-dorsten.eu\/de\/hintergrund\/herkunft\/#primaryimage\"},\"image\":{\"@id\":\"https:\/\/van-dorsten.eu\/de\/hintergrund\/herkunft\/#primaryimage\"},\"thumbnailUrl\":\"https:\/\/van-dorsten.eu\/wp-content\/uploads\/2017\/05\/Dorsten-1633-city-300x277.jpg\",\"datePublished\":\"2017-05-16T10:19:43+00:00\",\"dateModified\":\"2021-02-21T19:48:44+00:00\",\"description\":\"Es gibt eine Reihe von m\u00f6glichen Ursprung f\u00fcr den Namen des Dorsten die alle erkl\u00e4rt werden. Zum Beispiel Dorsten Hansestadt und Dorst bei Breda.\",\"breadcrumb\":{\"@id\":\"https:\/\/van-dorsten.eu\/de\/hintergrund\/herkunft\/#breadcrumb\"},\"inLanguage\":\"de\",\"potentialAction\":[{\"@type\":\"ReadAction\",\"target\":[\"https:\/\/van-dorsten.eu\/de\/hintergrund\/herkunft\/\"]}]},{\"@type\":\"ImageObject\",\"inLanguage\":\"de\",\"@id\":\"https:\/\/van-dorsten.eu\/de\/hintergrund\/herkunft\/#primaryimage\",\"url\":\"https:\/\/van-dorsten.eu\/wp-content\/uploads\/2017\/05\/Dorsten-1633-city-300x277.jpg\",\"contentUrl\":\"https:\/\/van-dorsten.eu\/wp-content\/uploads\/2017\/05\/Dorsten-1633-city-300x277.jpg\"},{\"@type\":\"BreadcrumbList\",\"@id\":\"https:\/\/van-dorsten.eu\/de\/hintergrund\/herkunft\/#breadcrumb\",\"itemListElement\":[{\"@type\":\"ListItem\",\"position\":1,\"name\":\"Home\",\"item\":\"https:\/\/van-dorsten.eu\/\"},{\"@type\":\"ListItem\",\"position\":2,\"name\":\"Hintergrund\",\"item\":\"https:\/\/van-dorsten.eu\/de\/hintergrund\/\"},{\"@type\":\"ListItem\",\"position\":3,\"name\":\"Herkunft Name\"}]},{\"@type\":\"WebSite\",\"@id\":\"https:\/\/van-dorsten.eu\/de\/#website\",\"url\":\"https:\/\/van-dorsten.eu\/de\/\",\"name\":\"\",\"description\":\"Genealogie\",\"potentialAction\":[{\"@type\":\"SearchAction\",\"target\":{\"@type\":\"EntryPoint\",\"urlTemplate\":\"https:\/\/van-dorsten.eu\/de\/?s={search_term_string}\"},\"query-input\":{\"@type\":\"PropertyValueSpecification\",\"valueRequired\":true,\"valueName\":\"search_term_string\"}}],\"inLanguage\":\"de\"}]}<\/script>\n<!-- \/ Yoast SEO plugin. -->","yoast_head_json":{"title":"Van Dorsten Stammbaum - Hintergrund Herkunft Name","description":"Es gibt eine Reihe von m\u00f6glichen Ursprung f\u00fcr den Namen des Dorsten die alle erkl\u00e4rt werden. Zum Beispiel Dorsten Hansestadt und Dorst bei Breda.","robots":{"index":"index","follow":"follow","max-snippet":"max-snippet:-1","max-image-preview":"max-image-preview:large","max-video-preview":"max-video-preview:-1"},"canonical":"https:\/\/van-dorsten.eu\/de\/hintergrund\/herkunft\/","og_locale":"de_DE","og_type":"article","og_title":"Van Dorsten Stammbaum - Hintergrund Herkunft Name","og_description":"Es gibt eine Reihe von m\u00f6glichen Ursprung f\u00fcr den Namen des Dorsten die alle erkl\u00e4rt werden. Zum Beispiel Dorsten Hansestadt und Dorst bei Breda.","og_url":"https:\/\/van-dorsten.eu\/de\/hintergrund\/herkunft\/","article_modified_time":"2021-02-21T19:48:44+00:00","og_image":[{"url":"https:\/\/van-dorsten.eu\/wp-content\/uploads\/2017\/05\/Dorsten-1633-city-300x277.jpg","type":"","width":"","height":""}],"twitter_card":"summary_large_image","twitter_misc":{"Gesch\u00e4tzte Lesezeit":"8\u00a0Minuten"},"schema":{"@context":"https:\/\/schema.org","@graph":[{"@type":"WebPage","@id":"https:\/\/van-dorsten.eu\/de\/hintergrund\/herkunft\/","url":"https:\/\/van-dorsten.eu\/de\/hintergrund\/herkunft\/","name":"Van Dorsten Stammbaum - Hintergrund Herkunft Name","isPartOf":{"@id":"https:\/\/van-dorsten.eu\/de\/#website"},"primaryImageOfPage":{"@id":"https:\/\/van-dorsten.eu\/de\/hintergrund\/herkunft\/#primaryimage"},"image":{"@id":"https:\/\/van-dorsten.eu\/de\/hintergrund\/herkunft\/#primaryimage"},"thumbnailUrl":"https:\/\/van-dorsten.eu\/wp-content\/uploads\/2017\/05\/Dorsten-1633-city-300x277.jpg","datePublished":"2017-05-16T10:19:43+00:00","dateModified":"2021-02-21T19:48:44+00:00","description":"Es gibt eine Reihe von m\u00f6glichen Ursprung f\u00fcr den Namen des Dorsten die alle erkl\u00e4rt werden. Zum Beispiel Dorsten Hansestadt und Dorst bei Breda.","breadcrumb":{"@id":"https:\/\/van-dorsten.eu\/de\/hintergrund\/herkunft\/#breadcrumb"},"inLanguage":"de","potentialAction":[{"@type":"ReadAction","target":["https:\/\/van-dorsten.eu\/de\/hintergrund\/herkunft\/"]}]},{"@type":"ImageObject","inLanguage":"de","@id":"https:\/\/van-dorsten.eu\/de\/hintergrund\/herkunft\/#primaryimage","url":"https:\/\/van-dorsten.eu\/wp-content\/uploads\/2017\/05\/Dorsten-1633-city-300x277.jpg","contentUrl":"https:\/\/van-dorsten.eu\/wp-content\/uploads\/2017\/05\/Dorsten-1633-city-300x277.jpg"},{"@type":"BreadcrumbList","@id":"https:\/\/van-dorsten.eu\/de\/hintergrund\/herkunft\/#breadcrumb","itemListElement":[{"@type":"ListItem","position":1,"name":"Home","item":"https:\/\/van-dorsten.eu\/"},{"@type":"ListItem","position":2,"name":"Hintergrund","item":"https:\/\/van-dorsten.eu\/de\/hintergrund\/"},{"@type":"ListItem","position":3,"name":"Herkunft Name"}]},{"@type":"WebSite","@id":"https:\/\/van-dorsten.eu\/de\/#website","url":"https:\/\/van-dorsten.eu\/de\/","name":"","description":"Genealogie","potentialAction":[{"@type":"SearchAction","target":{"@type":"EntryPoint","urlTemplate":"https:\/\/van-dorsten.eu\/de\/?s={search_term_string}"},"query-input":{"@type":"PropertyValueSpecification","valueRequired":true,"valueName":"search_term_string"}}],"inLanguage":"de"}]}},"_links":{"self":[{"href":"https:\/\/van-dorsten.eu\/de\/wp-json\/wp\/v2\/pages\/331"}],"collection":[{"href":"https:\/\/van-dorsten.eu\/de\/wp-json\/wp\/v2\/pages"}],"about":[{"href":"https:\/\/van-dorsten.eu\/de\/wp-json\/wp\/v2\/types\/page"}],"author":[{"embeddable":true,"href":"https:\/\/van-dorsten.eu\/de\/wp-json\/wp\/v2\/users\/1"}],"replies":[{"embeddable":true,"href":"https:\/\/van-dorsten.eu\/de\/wp-json\/wp\/v2\/comments?post=331"}],"version-history":[{"count":10,"href":"https:\/\/van-dorsten.eu\/de\/wp-json\/wp\/v2\/pages\/331\/revisions"}],"predecessor-version":[{"id":3121,"href":"https:\/\/van-dorsten.eu\/de\/wp-json\/wp\/v2\/pages\/331\/revisions\/3121"}],"up":[{"embeddable":true,"href":"https:\/\/van-dorsten.eu\/de\/wp-json\/wp\/v2\/pages\/319"}],"wp:attachment":[{"href":"https:\/\/van-dorsten.eu\/de\/wp-json\/wp\/v2\/media?parent=331"}],"curies":[{"name":"wp","href":"https:\/\/api.w.org\/{rel}","templated":true}]}}