{"id":328,"date":"2017-05-16T12:18:43","date_gmt":"2017-05-16T10:18:43","guid":{"rendered":"http:\/\/van-dorsten.eu\/achtergrond\/dorsten-naam\/"},"modified":"2021-02-21T19:25:18","modified_gmt":"2021-02-21T18:25:18","slug":"schreibweise","status":"publish","type":"page","link":"https:\/\/van-dorsten.eu\/de\/hintergrund\/schreibweise\/?lang=de","title":{"rendered":"Schreibweise Name"},"content":{"rendered":"<div data-elementor-type=\"wp-page\" data-elementor-id=\"328\" class=\"elementor elementor-328\">\n\t\t\t\t\t\t<section class=\"elementor-section elementor-top-section elementor-element elementor-element-7b6d61f elementor-section-boxed elementor-section-height-default elementor-section-height-default\" data-id=\"7b6d61f\" data-element_type=\"section\">\n\t\t\t\t\t\t<div class=\"elementor-container elementor-column-gap-default\">\n\t\t\t\t\t<div class=\"elementor-column elementor-col-66 elementor-top-column elementor-element elementor-element-bc33723\" data-id=\"bc33723\" data-element_type=\"column\" data-settings=\"{&quot;background_background&quot;:&quot;classic&quot;}\">\n\t\t\t<div class=\"elementor-widget-wrap elementor-element-populated\">\n\t\t\t\t\t\t<div class=\"elementor-element elementor-element-cf75b3e elementor-widget elementor-widget-text-editor\" data-id=\"cf75b3e\" data-element_type=\"widget\" data-widget_type=\"text-editor.default\">\n\t\t\t\t<div class=\"elementor-widget-container\">\n\t\t\t\t\t\t\t\t\t<h4 style=\"text-align: center;\"><span style=\"color: #ff6600;\"><strong>Hintergrund &#8211; Schreibweise Name<\/strong><\/span><\/h4>\n<p><br>Wenn in den Archiven gesucht wird auf den Namen Dorsten, wird auch auf m\u00f6gliche Variationen gesucht, wie unten aufgef\u00fchrt. Der Name ist fast sicher von einem Ort Dorsten (einige Alternativen) abgeleitet. Vor das Standesamt im Jahre 1811 eingef\u00fchrt wurde, wurden die phonetische Namen aufgeschrieben. Der Name wird nat\u00fcrlich regelm\u00e4\u00dfig sonst geschrieben. Das Ergebnis ist, dass eine Variation manchmal einer ganz anderen Familie war, aber konnte auch Van (oder Von) Dorsten sein. Dar\u00fcber hinaus war der Nachname nicht offiziell zur Einrichtung der Standesamt und waren oft nur Vatersnamen festgestellt (Erw\u00e4hnung an Vater oder Vorfahren). An mehreren Stellen wurde beobachtet, dass es funktionierte mit Vatersnamen und nach eine Reihe von Generationen doch weiter mit den Nachnamen Van Dorsten gegangen war.<\/p>\n<p>Unten stehend finden Sie eine (nicht vollst\u00e4ndige) Liste der gefundenen Schreibweisen des Namens und der m\u00f6glichen Korruption. Es ist auch m\u00f6glich, dass Menschen, die zu einem Stamm Van Dorsten geh\u00f6ren w\u00e4hrend der Einf\u00fchrung der Standesamt einen anderen Namen angenommen haben, unabh\u00e4ngig davon, ob Dorsten \u00e4hnlich. Auch die noch vorhandenen Familiennamen Van Dorssen, Van Dorsser und Van Dorst sind in die Analyse einbezogen, da die richtigen Herkunft gleich sein k\u00f6nnten.<\/p>\n<p>Die Liste der m\u00f6glichen Besch\u00e4digungen (ohne &#8220;van&#8221;, aber das war in der Regel an):<\/p>\n<table>\n<tbody>\n<tr>\n<td width=\"79\"><em><strong>Dorsten<\/strong><\/em><\/td>\n<td width=\"566\">Ursprung bezieht sich auf Herkunft Ort \u201cDorsten\u201d (mit \u201cvan\u201d, aber im 14.\/15. Jahrhundert auch ohne &#8220;von&#8221;, aber sicherlich aus Dorsten).<\/td>\n<\/tr>\n<tr>\n<td width=\"79\"><em><strong>Dorstenius<\/strong><\/em><\/td>\n<td width=\"566\">Die lateinische Variante (bedeutet &#8220;van Dorsten&#8221;), insbesondere f\u00fcr 1550 und Universit\u00e4ten.<\/td>\n<\/tr>\n<tr>\n<td width=\"79\"><em><strong>Dursten<\/strong><\/em><\/td>\n<td width=\"566\">War vor ein paar hundert Jahren vor allem in Kampen und betroff auch Dorsten. Sehr fr\u00fcher (im Mittelalter) war Dorsten ausgesprochen \/ geschrieben als Dursten.<\/td>\n<\/tr>\n<tr>\n<td width=\"79\"><b><i>Droste(n)<\/i><\/b><\/td>\n<td width=\"566\">Manchmal eine Korruption des Namens, sondern bezieht sich meist auf eine andere Herkunft (und ohne \u201cvan\u201d), n\u00e4mlich die Funktion der Drost von einem Gebiet oder Region.<\/td>\n<\/tr>\n<tr>\n<td width=\"79\">&nbsp;<\/td>\n<td width=\"566\">&nbsp;<\/td>\n<\/tr>\n<tr>\n<td width=\"79\"><b><i>Dorssen, Dorsen<\/i><\/b><\/td>\n<td width=\"566\">Dies kam vor allem f\u00fcr in der Provinz Utrecht, anderswo nur manchmal als Korruption. Der Name ist auch jetzt noch mit St\u00e4mmen aus Amersfoort und Utrecht. Die Frage ist, ob dies den gleichen Ursprung hat oder vielleicht eine andere (sehe Herkunft).<\/td>\n<\/tr>\n<tr>\n<td width=\"79\"><b><i>Dorsser<\/i><\/b><\/td>\n<td width=\"566\">Dies war manchmal eine Variante, aber es gibt auch ein kleiner Stamm mit diesem Namen mit Herkunft Dordrecht 17. Jahrhundert. Kann aus dem Stammbaum dort abgeleitet sein, vielleicht auch von einem privaten Herkunft.<\/td>\n<\/tr>\n<tr>\n<td width=\"79\">&nbsp;<\/td>\n<td width=\"566\">&nbsp;<\/td>\n<\/tr>\n<tr>\n<td width=\"79\"><b><i>Dorst<\/i><\/b><\/td>\n<td width=\"566\">Manchmal war der Name so besch\u00e4digt, aber Dorst ist auch einem kleinen Ort zwischen Breda und Tilburg, das bereits seit 1400 besteht und vor allem in Breda und Umgebung gibt es eine gro\u00dfe Anzahl von Personen mit dem Namen \u201cVan Dorst\u201d. Allerdings gab es auch ein oder zwei St\u00e4mme Van Dorsten, von denen der Vorg\u00e4nger wirklich von Dorst kam.<\/td>\n<\/tr>\n<tr>\n<td width=\"79\"><b><i>Dorste<\/i><\/b><\/td>\n<td width=\"566\">Manchmal war der Name so besch\u00e4digt, aber Dorste ist auch einem kleinen Ort in der N\u00e4he von G\u00f6ttingen. In den deutschen Archiven in dieser Region sind auch ein oder zwei St\u00e4mme mit diesem Nachnamen, die dann auch wahrscheinlich aus dieses Ort kommen. Aber Au\u00dferhalb dieser Region ist es wahrscheinlich eine Variation.<\/td>\n<\/tr>\n<tr>\n<td width=\"79\"><b><i>Deursen<\/i><\/b><\/td>\n<td width=\"566\">Deursen ist eine sehr alte Kleinstadt in der N\u00e4he von Oss in Nord-Brabant. Es gab es bereits f\u00fcr 1500. Ab etwa 1700 wurde es auch als Dorsen geschrieben. Dieser Stil kann also eine Besch\u00e4digung sein oder diesen Ort. Dieser Familienname kommt man vor allem in Noord-Brabant und Limburg nach wie vor. Ich habe einen \u00dcberblick zuvor 1800, aber habe das nicht auf dieser Seite verarbeitet, weil es eindeutig eine andere Herkunft hat.<\/td>\n<\/tr>\n<tr>\n<td width=\"79\"><b><i>Dussen<\/i><\/b><\/td>\n<td width=\"566\">Dussen ist ein Dorf\/Ruhm \u00fcber Breda\/Tilburg und \u00f6stlich von Dordrecht (und daher auch recht nahe Durst) und seit 1200. Diese Schreibweise kann eine Besch\u00e4digung sein oder diesen Ort. Es existiert noch heute als ein Familienname, aber dann ist es immer \u201cVan der Dussen\u201d, also mit \u201cder\u201d dazwischen.<\/td>\n<\/tr>\n<tr>\n<td width=\"79\">&nbsp;<\/td>\n<td width=\"566\">&nbsp;<\/td>\n<\/tr>\n<tr>\n<td width=\"79\"><b><i>Doste(n)<\/i><\/b><\/td>\n<td width=\"566\">Variation des Namens<\/td>\n<\/tr>\n<tr>\n<td width=\"79\"><b><i>Dorze(n)<\/i><\/b><\/td>\n<td width=\"566\">Variation des Namens<\/td>\n<\/tr>\n<tr>\n<td width=\"79\"><b><i>Dosse(n)<\/i><\/b><\/td>\n<td width=\"566\">Variation des Namens<\/td>\n<\/tr>\n<tr>\n<td width=\"79\"><b><i>Durse(n)<\/i><\/b><\/td>\n<td width=\"566\">Variation des Namens<\/td>\n<\/tr>\n<\/tbody>\n<\/table>\t\t\t\t\t\t\t\t<\/div>\n\t\t\t\t<\/div>\n\t\t\t\t\t<\/div>\n\t\t<\/div>\n\t\t\t\t<div class=\"elementor-column elementor-col-33 elementor-top-column elementor-element elementor-element-8300a48\" data-id=\"8300a48\" data-element_type=\"column\" data-settings=\"{&quot;background_background&quot;:&quot;classic&quot;}\">\n\t\t\t<div class=\"elementor-widget-wrap elementor-element-populated\">\n\t\t\t\t\t\t<div class=\"elementor-element elementor-element-a4132a1 elementor-widget elementor-widget-sidebar\" data-id=\"a4132a1\" data-element_type=\"widget\" data-widget_type=\"sidebar.default\">\n\t\t\t\t<div class=\"elementor-widget-container\">\n\t\t\t\t\t<h3>Account<\/h3>\n<p><\/p>\n<form action=\"\/TNG\/processlogin.php\" method=\"post\" name=\"form1\" data-trp-original-action=\"\/TNG\/processlogin.php\">\n<div class=\"normal\">\n<div class=\"nw\" id=\"loginblock\">\n<div class=\"loginprompt\">Username: <\/div>\n<p>\t\t<input type=\"text\" name=\"tngusername\" class=\"loginfont medfield\" id=\"tngusername\" size=\"15\"><\/p>\n<div class=\"loginprompt\">Password: <\/div>\n<p>\t\t<input type=\"password\" name=\"tngpassword\" class=\"loginfont field\" id=\"tngpassword\" size=\"15\"><\/p>\n<div id=\"resetrow\" style=\"display:none\">\n<div class=\"loginprompt\">Nieuw wachtwoord: <\/div>\n<p>\t\t\t<input type=\"password\" name=\"newpassword\" class=\"medfield\" id=\"newpassword\">\n\t\t<\/div>\n<\/p><\/div>\n<div class=\"login-options\">\n\t\t<input type=\"checkbox\" name=\"remember\" value=\"1\"> Onthouden<br \/>\n\t\t<input type=\"checkbox\" name=\"resetpass\" value=\"1\" onclick=\"if(this.checked) {document.getElementById('resetrow').style.display='';} else {document.getElementById('resetrow').style.display='none';}\"> Wijzigen<\/div>\n<p>\n<a href=\"https:\/\/van-dorsten.eu\/TNG\/login.php\" class=\"btn\" value=\"Registreren\">Wachtwoord vergeten<\/a><\/p>\n<div>\n\t\t<input type=\"submit\" class=\"btn\" value=\"Aanmelden\"><br \/>\n<a href=\"https:\/\/van-dorsten.eu\/TNG\/newacctform.php\" class=\"btn\" value=\"Registreren\">Registreren<\/a><\/p>\n<\/p><\/div>\n<\/div>\n<input type=\"hidden\" name=\"trp-form-language\" value=\"de\"\/><\/form>\n<h3>Zoeken<\/h3>\n<p><\/p>\n<form method=\"get\" action=\"\/TNG\/search.php\" data-trp-original-action=\"\/TNG\/search.php\">\n<div class=\"normal\">\n<div class=\"nw\" id=\"stamboom\">\n<div class=\"loginprompt\">Stamboom<\/div>\n<td class=\"databack\">\n\t\t<select name=\"tree\" id=\"treeselect\" onchange=\"var tree=getTree(this); if( !tree ) tree = 'none'; swapBranches(document.search);\"><option value=\"-x--all--x-\" selected=\"selected\">Alle stambomen<\/option><option value=\"Dordrecht\">Dordrecht<\/option><option value=\"FT01\">Steenwijk<\/option><\/select><br \/>\n\t\t\t\t<select name=\"branch\" id=\"branch\"><option value=\"\">Alle takken<\/option><\/select><\/p>\n<div class=\"voornaam\">Voornaam<\/div>\n<p>\t\t<input type=\"hidden\" value=\"AND\" name=\"mybool\" \/><br \/>\n\t\t\t\t<input name=\"myfirstname\" type=\"text\" id=\"myfirstname\" size=\"15\"\/><\/p>\n<div class=\"achternaam\">Achternaam<\/div>\n<p>\t\t<input name=\"mylastname\" type=\"text\" id=\"mylastname\" size=\"15\" \/><\/p>\n<p>\t\t<input type=\"submit\" name=\"search\" value=\"Zoeken\"><\/p>\n<p>\t\t<span class=\"normal\"><a href=\"\/TNG\/searchform.php\">Geavanceerd zoeken<\/a><\/span>\n\t<\/div>\n<\/div>\n<input type=\"hidden\" name=\"trp-form-language\" value=\"de\"\/><\/form>\n<h3>Website<\/h3>\n<p><\/p>\n<form role=\"search\" method=\"get\" action=\"https:\/\/van-dorsten.eu\/de\/\" class=\"wp-block-search__button-outside wp-block-search__text-button wp-block-search\" data-trp-original-action=\"https:\/\/van-dorsten.eu\/\">\n<div class=\"wp-block-search__inside-wrapper\"><input type=\"search\" id=\"wp-block-search__input-1\" class=\"wp-block-search__input\" name=\"s\" value=\"\" placeholder=\"Type om te zoeken op de website\" required=\"\"><button type=\"submit\" class=\"wp-block-search__button\">Zoeken<\/button><\/div>\n<input type=\"hidden\" name=\"trp-form-language\" value=\"de\"\/><\/form>\n\t\t\t\t<\/div>\n\t\t\t\t<\/div>\n\t\t\t\t\t<\/div>\n\t\t<\/div>\n\t\t\t\t\t<\/div>\n\t\t<\/section>\n\t\t\t\t<\/div>","protected":false},"excerpt":{"rendered":"<p>Hintergrund &#8211; Schreibweise Name Wenn in den Archiven gesucht wird auf den Namen Dorsten, wird auch auf m\u00f6gliche Variationen gesucht, wie unten aufgef\u00fchrt. Der Name ist fast sicher von einem Ort Dorsten (einige Alternativen) abgeleitet. Vor das Standesamt im Jahre 1811 eingef\u00fchrt wurde, wurden die phonetische Namen aufgeschrieben. Der Name wird nat\u00fcrlich regelm\u00e4\u00dfig sonst geschrieben. &hellip;<\/p>\n<p class=\"read-more\"> <a class=\"\" href=\"https:\/\/van-dorsten.eu\/de\/hintergrund\/schreibweise\/?lang=de\"> <span class=\"screen-reader-text\">Schreibweise Name<\/span> Read More \u00bb<\/a><\/p>","protected":false},"author":1,"featured_media":0,"parent":319,"menu_order":0,"comment_status":"closed","ping_status":"closed","template":"elementor_header_footer","meta":{"site-sidebar-layout":"right-sidebar","site-content-layout":"default","ast-main-header-display":"","ast-hfb-above-header-display":"","ast-hfb-below-header-display":"","ast-hfb-mobile-header-display":"","site-post-title":"","ast-breadcrumbs-content":"","ast-featured-img":"","footer-sml-layout":"","theme-transparent-header-meta":"default","adv-header-id-meta":"","stick-header-meta":"","header-above-stick-meta":"","header-main-stick-meta":"","header-below-stick-meta":"","footnotes":""},"yoast_head":"<!-- This site is optimized with the Yoast SEO plugin v24.5 - https:\/\/yoast.com\/wordpress\/plugins\/seo\/ -->\n<title>Van Dorsten Stammbaum - Hintergrund Name Variation<\/title>\n<meta name=\"description\" content=\"Wenn in den Archiven gesucht wird auf den Namen Dorsten, wird auch auf m\u00f6gliche Name Variation gesucht, wie in die text aufgef\u00fchrt.\" \/>\n<meta name=\"robots\" content=\"index, follow, max-snippet:-1, max-image-preview:large, max-video-preview:-1\" \/>\n<link rel=\"canonical\" href=\"https:\/\/van-dorsten.eu\/de\/hintergrund\/schreibweise\/\" \/>\n<meta property=\"og:locale\" content=\"de_DE\" \/>\n<meta property=\"og:type\" content=\"article\" \/>\n<meta property=\"og:title\" content=\"Van Dorsten Stammbaum - Hintergrund Name Variation\" \/>\n<meta property=\"og:description\" content=\"Wenn in den Archiven gesucht wird auf den Namen Dorsten, wird auch auf m\u00f6gliche Name Variation gesucht, wie in die text aufgef\u00fchrt.\" \/>\n<meta property=\"og:url\" content=\"https:\/\/van-dorsten.eu\/de\/hintergrund\/schreibweise\/\" \/>\n<meta property=\"article:modified_time\" content=\"2021-02-21T18:25:18+00:00\" \/>\n<meta name=\"twitter:card\" content=\"summary_large_image\" \/>\n<meta name=\"twitter:label1\" content=\"Gesch\u00e4tzte Lesezeit\" \/>\n\t<meta name=\"twitter:data1\" content=\"3\u00a0Minuten\" \/>\n<script type=\"application\/ld+json\" class=\"yoast-schema-graph\">{\"@context\":\"https:\/\/schema.org\",\"@graph\":[{\"@type\":\"WebPage\",\"@id\":\"https:\/\/van-dorsten.eu\/de\/hintergrund\/schreibweise\/\",\"url\":\"https:\/\/van-dorsten.eu\/de\/hintergrund\/schreibweise\/\",\"name\":\"Van Dorsten Stammbaum - Hintergrund Name Variation\",\"isPartOf\":{\"@id\":\"https:\/\/van-dorsten.eu\/de\/#website\"},\"datePublished\":\"2017-05-16T10:18:43+00:00\",\"dateModified\":\"2021-02-21T18:25:18+00:00\",\"description\":\"Wenn in den Archiven gesucht wird auf den Namen Dorsten, wird auch auf m\u00f6gliche Name Variation gesucht, wie in die text aufgef\u00fchrt.\",\"breadcrumb\":{\"@id\":\"https:\/\/van-dorsten.eu\/de\/hintergrund\/schreibweise\/#breadcrumb\"},\"inLanguage\":\"de\",\"potentialAction\":[{\"@type\":\"ReadAction\",\"target\":[\"https:\/\/van-dorsten.eu\/de\/hintergrund\/schreibweise\/\"]}]},{\"@type\":\"BreadcrumbList\",\"@id\":\"https:\/\/van-dorsten.eu\/de\/hintergrund\/schreibweise\/#breadcrumb\",\"itemListElement\":[{\"@type\":\"ListItem\",\"position\":1,\"name\":\"Home\",\"item\":\"https:\/\/van-dorsten.eu\/\"},{\"@type\":\"ListItem\",\"position\":2,\"name\":\"Hintergrund\",\"item\":\"https:\/\/van-dorsten.eu\/de\/hintergrund\/\"},{\"@type\":\"ListItem\",\"position\":3,\"name\":\"Schreibweise Name\"}]},{\"@type\":\"WebSite\",\"@id\":\"https:\/\/van-dorsten.eu\/de\/#website\",\"url\":\"https:\/\/van-dorsten.eu\/de\/\",\"name\":\"\",\"description\":\"Genealogie\",\"potentialAction\":[{\"@type\":\"SearchAction\",\"target\":{\"@type\":\"EntryPoint\",\"urlTemplate\":\"https:\/\/van-dorsten.eu\/de\/?s={search_term_string}\"},\"query-input\":{\"@type\":\"PropertyValueSpecification\",\"valueRequired\":true,\"valueName\":\"search_term_string\"}}],\"inLanguage\":\"de\"}]}<\/script>\n<!-- \/ Yoast SEO plugin. -->","yoast_head_json":{"title":"Van Dorsten Stammbaum - Hintergrund Name Variation","description":"Wenn in den Archiven gesucht wird auf den Namen Dorsten, wird auch auf m\u00f6gliche Name Variation gesucht, wie in die text aufgef\u00fchrt.","robots":{"index":"index","follow":"follow","max-snippet":"max-snippet:-1","max-image-preview":"max-image-preview:large","max-video-preview":"max-video-preview:-1"},"canonical":"https:\/\/van-dorsten.eu\/de\/hintergrund\/schreibweise\/","og_locale":"de_DE","og_type":"article","og_title":"Van Dorsten Stammbaum - Hintergrund Name Variation","og_description":"Wenn in den Archiven gesucht wird auf den Namen Dorsten, wird auch auf m\u00f6gliche Name Variation gesucht, wie in die text aufgef\u00fchrt.","og_url":"https:\/\/van-dorsten.eu\/de\/hintergrund\/schreibweise\/","article_modified_time":"2021-02-21T18:25:18+00:00","twitter_card":"summary_large_image","twitter_misc":{"Gesch\u00e4tzte Lesezeit":"3\u00a0Minuten"},"schema":{"@context":"https:\/\/schema.org","@graph":[{"@type":"WebPage","@id":"https:\/\/van-dorsten.eu\/de\/hintergrund\/schreibweise\/","url":"https:\/\/van-dorsten.eu\/de\/hintergrund\/schreibweise\/","name":"Van Dorsten Stammbaum - Hintergrund Name Variation","isPartOf":{"@id":"https:\/\/van-dorsten.eu\/de\/#website"},"datePublished":"2017-05-16T10:18:43+00:00","dateModified":"2021-02-21T18:25:18+00:00","description":"Wenn in den Archiven gesucht wird auf den Namen Dorsten, wird auch auf m\u00f6gliche Name Variation gesucht, wie in die text aufgef\u00fchrt.","breadcrumb":{"@id":"https:\/\/van-dorsten.eu\/de\/hintergrund\/schreibweise\/#breadcrumb"},"inLanguage":"de","potentialAction":[{"@type":"ReadAction","target":["https:\/\/van-dorsten.eu\/de\/hintergrund\/schreibweise\/"]}]},{"@type":"BreadcrumbList","@id":"https:\/\/van-dorsten.eu\/de\/hintergrund\/schreibweise\/#breadcrumb","itemListElement":[{"@type":"ListItem","position":1,"name":"Home","item":"https:\/\/van-dorsten.eu\/"},{"@type":"ListItem","position":2,"name":"Hintergrund","item":"https:\/\/van-dorsten.eu\/de\/hintergrund\/"},{"@type":"ListItem","position":3,"name":"Schreibweise Name"}]},{"@type":"WebSite","@id":"https:\/\/van-dorsten.eu\/de\/#website","url":"https:\/\/van-dorsten.eu\/de\/","name":"","description":"Genealogie","potentialAction":[{"@type":"SearchAction","target":{"@type":"EntryPoint","urlTemplate":"https:\/\/van-dorsten.eu\/de\/?s={search_term_string}"},"query-input":{"@type":"PropertyValueSpecification","valueRequired":true,"valueName":"search_term_string"}}],"inLanguage":"de"}]}},"_links":{"self":[{"href":"https:\/\/van-dorsten.eu\/de\/wp-json\/wp\/v2\/pages\/328"}],"collection":[{"href":"https:\/\/van-dorsten.eu\/de\/wp-json\/wp\/v2\/pages"}],"about":[{"href":"https:\/\/van-dorsten.eu\/de\/wp-json\/wp\/v2\/types\/page"}],"author":[{"embeddable":true,"href":"https:\/\/van-dorsten.eu\/de\/wp-json\/wp\/v2\/users\/1"}],"replies":[{"embeddable":true,"href":"https:\/\/van-dorsten.eu\/de\/wp-json\/wp\/v2\/comments?post=328"}],"version-history":[{"count":12,"href":"https:\/\/van-dorsten.eu\/de\/wp-json\/wp\/v2\/pages\/328\/revisions"}],"predecessor-version":[{"id":3114,"href":"https:\/\/van-dorsten.eu\/de\/wp-json\/wp\/v2\/pages\/328\/revisions\/3114"}],"up":[{"embeddable":true,"href":"https:\/\/van-dorsten.eu\/de\/wp-json\/wp\/v2\/pages\/319"}],"wp:attachment":[{"href":"https:\/\/van-dorsten.eu\/de\/wp-json\/wp\/v2\/media?parent=328"}],"curies":[{"name":"wp","href":"https:\/\/api.w.org\/{rel}","templated":true}]}}