{"id":2387,"date":"2020-12-29T00:36:05","date_gmt":"2020-12-28T23:36:05","guid":{"rendered":"https:\/\/van-dorsten.eu\/?page_id=2387"},"modified":"2021-04-25T11:47:23","modified_gmt":"2021-04-25T09:47:23","slug":"niederlande-s","status":"publish","type":"page","link":"https:\/\/van-dorsten.eu\/de\/ausgestorben\/niederlande-s\/?lang=de","title":{"rendered":"S\u00fcdlich der Niederlande"},"content":{"rendered":"<div data-elementor-type=\"wp-page\" data-elementor-id=\"2387\" class=\"elementor elementor-2387\">\n\t\t\t\t\t\t<section class=\"elementor-section elementor-top-section elementor-element elementor-element-59cb12a7 elementor-section-boxed elementor-section-height-default elementor-section-height-default\" data-id=\"59cb12a7\" data-element_type=\"section\">\n\t\t\t\t\t\t<div class=\"elementor-container elementor-column-gap-default\">\n\t\t\t\t\t<div class=\"elementor-column elementor-col-50 elementor-top-column elementor-element elementor-element-359b46ac\" data-id=\"359b46ac\" data-element_type=\"column\" data-settings=\"{&quot;background_background&quot;:&quot;classic&quot;}\">\n\t\t\t<div class=\"elementor-widget-wrap elementor-element-populated\">\n\t\t\t\t\t\t<div class=\"elementor-element elementor-element-417ba918 elementor-widget elementor-widget-text-editor\" data-id=\"417ba918\" data-element_type=\"widget\" data-widget_type=\"text-editor.default\">\n\t\t\t\t<div class=\"elementor-widget-container\">\n\t\t\t\t\t\t\t\t\t<h4 style=\"text-align: center;\"><span style=\"color: #ff0000;\"><strong>Ausgestorben \u2013 S\u00fcdlich der Niederlande<\/strong><\/span><\/h4><h4><strong>Einleitung<\/strong><\/h4><p><img fetchpriority=\"high\" decoding=\"async\" class=\"size-full wp-image-3775 alignright\" src=\"https:\/\/van-dorsten.eu\/wp-content\/uploads\/2021\/04\/Uitgestorven-Nederland-Z.jpg\" alt=\"\" width=\"286\" height=\"176\" \/>Im S\u00fcden der Niederlande, mit den Provinzen Zeeland, Limburg und Noord Brabant, wurden vor 1811 nicht viele Zweige der bekannten Stammb\u00e4ume beobachtet. Dar\u00fcber hinaus gab es in Zeeland bis 1700 nur sehr wenige Berichte und in Limburg nur eine begrenzte Anzahl von Berichten. Es gibt viele Berichte in Noord Brabant. Im Nahen und Osten betrifft dies eine begrenzte Anzahl von Berichten, haupts\u00e4chlich von Van Dorsten. Im Westen handelt es sich um viele Berichte, vor allem aber um Van Dorst (aus dem Dorf bei Breda). Nach 1700 wird es noch viel mehr geben, dies erstreckt sich auch auf Zeeland. Es gab aber auch einen betr\u00e4chtlichen Stamm von Van Dorsten in Breda.<\/p><p>In allen m\u00f6glichen Archiven von Personen mit dem Namen Van Dorsten (oder Namensvarianten) wurden viele und unterschiedliche Berichte und Referenzen gefunden. Und neben der Verwendung als Familienname war es auch regelm\u00e4\u00dfig der Herkunftsort der Menschen. Unten finden Sie eine Beschreibung pro Provinz.<\/p><h4><strong>Seeland<\/strong><\/h4><p>Es gibt nicht viele Berichte in Zeeland. Es gibt eine kleine Niederlassung in Breskens, eine vern\u00fcnftige Niederlassung in Middelburg, die aus Zaltbommel stammt, und eine Reihe von Berichten, haupts\u00e4chlich in Middelburg und einige lose au\u00dferhalb. In den letzten Hunderten von Jahren gab es einige Van Dorst-Berichte, aber sie geh\u00f6ren wirklich zu diesen Stammb\u00e4umen.<\/p><h4><strong>Limburg<\/strong><\/h4><p>Im 17. Jahrhundert wurden hier mehrere kleine Zweige von Van Dorsten gefunden, aber Beziehungen zu anderen Stammb\u00e4umen k\u00f6nnen (noch) nicht hergestellt werden.<\/p><h4><strong>Nordbrabant<\/strong><\/h4><p>Es gibt viele Erw\u00e4hnungen in der Provinz Noord Brabant, mit der \u00fcberwiegenden Mehrheit in Breda und weiter um das Dorf Dorst (Oosterhout, Tilburg), aber dies betrifft normalerweise Van Dorst. Es gab aber auch einen Stammbaum Van Dorsten in Breda und der Stammbaum von Dordrecht via Breda wurde ebenfalls erstellt. Es gibt einige separate Berichte und kleine Filialen au\u00dferhalb, aber das betrifft oft Van Dorsten. Die ersten Berichte \u00fcber Van Dorst stammen aus dem Ende des 14. Jahrhunderts und Van Dorsten aus dem Anfang des 15. Jahrhunderts!<\/p><p><strong>Breda (auch Teteringen und Princenhage)<\/strong><br \/>In Breda und Umgebung gibt es viele Berichte und verschiedene kleine Niederlassungen (fast alle Van Dorst). Es gibt zwei Stammb\u00e4ume und die anderen Zweige sind wahrscheinlich verwandt. Ein Stamm beginnt zu Beginn des 17. Jahrhunderts mit Vincentius (Bernaert?) Lucassen und ist neben demjenigen, der nach Dordrecht ging, der einzige Zweig \/ Baum, der auch Van Dorsten genannt wird. Dies starb sp\u00e4ter aus (mit Namen). Der gr\u00f6\u00dfte und interessanteste Zweig in Bezug auf Van Dorst ist der von Joannis und Cornelis Adriani (beide auch als Muijsers bekannt), die um 1590 in Princenhage mit einem anst\u00e4ndigen Nachkommenbaum geboren wurden (nach 1700 weiter zu untersuchen). Wahrscheinlich wird dieser Stammbaum bis zu unserer Zeit fortbestehen. Die meisten anderen losen Zweige in der Region sind wahrscheinlich damit verbunden.<\/p><p><strong>Andere &#8220;Van Dorst&#8221;<\/strong><br \/>In der Region gibt es noch verschiedene Niederlassungen in Zevenbergen, Zundert, Nispen-Essen, Oosterhout und Tilburg. St\u00e4mme davon k\u00f6nnen auch \u00fcberleben. Die gegenseitigen Beziehungen waren zu diesem Zeitpunkt noch nicht oder nur schwer herzustellen.<\/p><p><strong>Andere &#8220;Van Dorsten&#8221;<\/strong><br \/>Dar\u00fcber hinaus wurden in der Region (und insbesondere au\u00dferhalb des Westens von Nordbrabant) verschiedene Zweige von Van Dorsten gefunden. Zum Beispiel gibt es im 17. Jahrhundert in der N\u00e4he von Veldhoven einen losen vern\u00fcnftigen Zweig, der interessant ist, dessen Ursprung jedoch nicht bestimmt werden kann. Verschiedene lose Erw\u00e4hnungen in Den Bosch im 16. und 17. Jahrhundert scheinen gr\u00f6\u00dftenteils mit Soldaten zu tun zu haben, manchmal k\u00f6nnen sie mit Erw\u00e4hnungen in anderen Garnisonsst\u00e4dten in Verbindung gebracht werden (nicht sicher). Ein interessanter Zweig ist auch der in Oijen. Ein Frans Frans aus Haarlem heiratet hier und seine Kinder gingen nach Rotterdam.<\/p>\t\t\t\t\t\t\t\t<\/div>\n\t\t\t\t<\/div>\n\t\t\t\t\t<\/div>\n\t\t<\/div>\n\t\t\t\t<div class=\"elementor-column elementor-col-50 elementor-top-column elementor-element elementor-element-848a142\" data-id=\"848a142\" data-element_type=\"column\" data-settings=\"{&quot;background_background&quot;:&quot;classic&quot;}\">\n\t\t\t<div class=\"elementor-widget-wrap elementor-element-populated\">\n\t\t\t\t\t\t<div class=\"elementor-element elementor-element-7cd813b elementor-widget elementor-widget-sidebar\" data-id=\"7cd813b\" data-element_type=\"widget\" data-widget_type=\"sidebar.default\">\n\t\t\t\t<div class=\"elementor-widget-container\">\n\t\t\t\t\t<h3>Account<\/h3>\n<p><\/p>\n<form action=\"\/TNG\/processlogin.php\" method=\"post\" name=\"form1\" data-trp-original-action=\"\/TNG\/processlogin.php\">\n<div class=\"normal\">\n<div class=\"nw\" id=\"loginblock\">\n<div class=\"loginprompt\">Username: <\/div>\n<p>\t\t<input type=\"text\" name=\"tngusername\" class=\"loginfont medfield\" id=\"tngusername\" size=\"15\"><\/p>\n<div class=\"loginprompt\">Password: <\/div>\n<p>\t\t<input type=\"password\" name=\"tngpassword\" class=\"loginfont field\" id=\"tngpassword\" size=\"15\"><\/p>\n<div id=\"resetrow\" style=\"display:none\">\n<div class=\"loginprompt\">Nieuw wachtwoord: <\/div>\n<p>\t\t\t<input type=\"password\" name=\"newpassword\" class=\"medfield\" id=\"newpassword\">\n\t\t<\/div>\n<\/p><\/div>\n<div class=\"login-options\">\n\t\t<input type=\"checkbox\" name=\"remember\" value=\"1\"> Onthouden<br \/>\n\t\t<input type=\"checkbox\" name=\"resetpass\" value=\"1\" onclick=\"if(this.checked) {document.getElementById('resetrow').style.display='';} else {document.getElementById('resetrow').style.display='none';}\"> Wijzigen<\/div>\n<p>\n<a href=\"https:\/\/van-dorsten.eu\/TNG\/login.php\" class=\"btn\" value=\"Registreren\">Wachtwoord vergeten<\/a><\/p>\n<div>\n\t\t<input type=\"submit\" class=\"btn\" value=\"Aanmelden\"><br \/>\n<a href=\"https:\/\/van-dorsten.eu\/TNG\/newacctform.php\" class=\"btn\" value=\"Registreren\">Registreren<\/a><\/p>\n<\/p><\/div>\n<\/div>\n<input type=\"hidden\" name=\"trp-form-language\" value=\"de\"\/><\/form>\n<h3>Zoeken<\/h3>\n<p><\/p>\n<form method=\"get\" action=\"\/TNG\/search.php\" data-trp-original-action=\"\/TNG\/search.php\">\n<div class=\"normal\">\n<div class=\"nw\" id=\"stamboom\">\n<div class=\"loginprompt\">Stamboom<\/div>\n<td class=\"databack\">\n\t\t<select name=\"tree\" id=\"treeselect\" onchange=\"var tree=getTree(this); if( !tree ) tree = 'none'; swapBranches(document.search);\"><option value=\"-x--all--x-\" selected=\"selected\">Alle stambomen<\/option><option value=\"Dordrecht\">Dordrecht<\/option><option value=\"FT01\">Steenwijk<\/option><\/select><br \/>\n\t\t\t\t<select name=\"branch\" id=\"branch\"><option value=\"\">Alle takken<\/option><\/select><\/p>\n<div class=\"voornaam\">Voornaam<\/div>\n<p>\t\t<input type=\"hidden\" value=\"AND\" name=\"mybool\" \/><br \/>\n\t\t\t\t<input name=\"myfirstname\" type=\"text\" id=\"myfirstname\" size=\"15\"\/><\/p>\n<div class=\"achternaam\">Achternaam<\/div>\n<p>\t\t<input name=\"mylastname\" type=\"text\" id=\"mylastname\" size=\"15\" \/><\/p>\n<p>\t\t<input type=\"submit\" name=\"search\" value=\"Zoeken\"><\/p>\n<p>\t\t<span class=\"normal\"><a href=\"\/TNG\/searchform.php\">Geavanceerd zoeken<\/a><\/span>\n\t<\/div>\n<\/div>\n<input type=\"hidden\" name=\"trp-form-language\" value=\"de\"\/><\/form>\n<h3>Website<\/h3>\n<p><\/p>\n<form role=\"search\" method=\"get\" action=\"https:\/\/van-dorsten.eu\/de\/\" class=\"wp-block-search__button-outside wp-block-search__text-button wp-block-search\" data-trp-original-action=\"https:\/\/van-dorsten.eu\/\">\n<div class=\"wp-block-search__inside-wrapper\"><input type=\"search\" id=\"wp-block-search__input-1\" class=\"wp-block-search__input\" name=\"s\" value=\"\" placeholder=\"Type om te zoeken op de website\" required=\"\"><button type=\"submit\" class=\"wp-block-search__button\">Zoeken<\/button><\/div>\n<input type=\"hidden\" name=\"trp-form-language\" value=\"de\"\/><\/form>\n\t\t\t\t<\/div>\n\t\t\t\t<\/div>\n\t\t\t\t\t<\/div>\n\t\t<\/div>\n\t\t\t\t\t<\/div>\n\t\t<\/section>\n\t\t\t\t<\/div>","protected":false},"excerpt":{"rendered":"<p>Ausgestorben \u2013 S\u00fcdlich der Niederlande Einleitung Im S\u00fcden der Niederlande, mit den Provinzen Zeeland, Limburg und Noord Brabant, wurden vor 1811 nicht viele Zweige der bekannten Stammb\u00e4ume beobachtet. Dar\u00fcber hinaus gab es in Zeeland bis 1700 nur sehr wenige Berichte und in Limburg nur eine begrenzte Anzahl von Berichten. Es gibt viele Berichte in Noord &hellip;<\/p>\n<p class=\"read-more\"> <a class=\"\" href=\"https:\/\/van-dorsten.eu\/de\/ausgestorben\/niederlande-s\/?lang=de\"> <span class=\"screen-reader-text\">S\u00fcdlich der Niederlande<\/span> Read More \u00bb<\/a><\/p>","protected":false},"author":1,"featured_media":0,"parent":2379,"menu_order":0,"comment_status":"closed","ping_status":"closed","template":"elementor_header_footer","meta":{"site-sidebar-layout":"default","site-content-layout":"default","ast-main-header-display":"","ast-hfb-above-header-display":"","ast-hfb-below-header-display":"","ast-hfb-mobile-header-display":"","site-post-title":"","ast-breadcrumbs-content":"","ast-featured-img":"","footer-sml-layout":"","theme-transparent-header-meta":"default","adv-header-id-meta":"","stick-header-meta":"","header-above-stick-meta":"","header-main-stick-meta":"","header-below-stick-meta":"","footnotes":""},"yoast_head":"<!-- This site is optimized with the Yoast SEO plugin v24.5 - https:\/\/yoast.com\/wordpress\/plugins\/seo\/ -->\n<title>S\u00fcdlich der Niederlande -<\/title>\n<meta name=\"robots\" content=\"index, follow, max-snippet:-1, max-image-preview:large, max-video-preview:-1\" \/>\n<link rel=\"canonical\" href=\"https:\/\/van-dorsten.eu\/de\/uitgestorven\/nederland-z\/\" \/>\n<meta property=\"og:locale\" content=\"de_DE\" \/>\n<meta property=\"og:type\" content=\"article\" \/>\n<meta property=\"og:title\" content=\"S\u00fcdlich der Niederlande -\" \/>\n<meta property=\"og:description\" content=\"Ausgestorben \u2013 S\u00fcdlich der Niederlande Einleitung Im S\u00fcden der Niederlande, mit den Provinzen Zeeland, Limburg und Noord Brabant, wurden vor 1811 nicht viele Zweige der bekannten Stammb\u00e4ume beobachtet. Dar\u00fcber hinaus gab es in Zeeland bis 1700 nur sehr wenige Berichte und in Limburg nur eine begrenzte Anzahl von Berichten. Es gibt viele Berichte in Noord &hellip; S\u00fcdlich der Niederlande Read More \u00bb\" \/>\n<meta property=\"og:url\" content=\"https:\/\/van-dorsten.eu\/de\/uitgestorven\/nederland-z\/\" \/>\n<meta property=\"article:modified_time\" content=\"2021-04-25T09:47:23+00:00\" \/>\n<meta property=\"og:image\" content=\"https:\/\/van-dorsten.eu\/wp-content\/uploads\/2021\/04\/Uitgestorven-Nederland-Z.jpg\" \/>\n<meta name=\"twitter:card\" content=\"summary_large_image\" \/>\n<meta name=\"twitter:label1\" content=\"Gesch\u00e4tzte Lesezeit\" \/>\n\t<meta name=\"twitter:data1\" content=\"3\u00a0Minuten\" \/>\n<script type=\"application\/ld+json\" class=\"yoast-schema-graph\">{\"@context\":\"https:\/\/schema.org\",\"@graph\":[{\"@type\":\"WebPage\",\"@id\":\"https:\/\/van-dorsten.eu\/uitgestorven\/nederland-z\/\",\"url\":\"https:\/\/van-dorsten.eu\/uitgestorven\/nederland-z\/\",\"name\":\"S\u00fcdlich der Niederlande -\",\"isPartOf\":{\"@id\":\"https:\/\/van-dorsten.eu\/de\/#website\"},\"primaryImageOfPage\":{\"@id\":\"https:\/\/van-dorsten.eu\/uitgestorven\/nederland-z\/#primaryimage\"},\"image\":{\"@id\":\"https:\/\/van-dorsten.eu\/uitgestorven\/nederland-z\/#primaryimage\"},\"thumbnailUrl\":\"https:\/\/van-dorsten.eu\/wp-content\/uploads\/2021\/04\/Uitgestorven-Nederland-Z.jpg\",\"datePublished\":\"2020-12-28T23:36:05+00:00\",\"dateModified\":\"2021-04-25T09:47:23+00:00\",\"breadcrumb\":{\"@id\":\"https:\/\/van-dorsten.eu\/uitgestorven\/nederland-z\/#breadcrumb\"},\"inLanguage\":\"de\",\"potentialAction\":[{\"@type\":\"ReadAction\",\"target\":[\"https:\/\/van-dorsten.eu\/uitgestorven\/nederland-z\/\"]}]},{\"@type\":\"ImageObject\",\"inLanguage\":\"de\",\"@id\":\"https:\/\/van-dorsten.eu\/uitgestorven\/nederland-z\/#primaryimage\",\"url\":\"https:\/\/van-dorsten.eu\/wp-content\/uploads\/2021\/04\/Uitgestorven-Nederland-Z.jpg\",\"contentUrl\":\"https:\/\/van-dorsten.eu\/wp-content\/uploads\/2021\/04\/Uitgestorven-Nederland-Z.jpg\"},{\"@type\":\"BreadcrumbList\",\"@id\":\"https:\/\/van-dorsten.eu\/uitgestorven\/nederland-z\/#breadcrumb\",\"itemListElement\":[{\"@type\":\"ListItem\",\"position\":1,\"name\":\"Home\",\"item\":\"https:\/\/van-dorsten.eu\/\"},{\"@type\":\"ListItem\",\"position\":2,\"name\":\"Ausgestorben Stammen und Zweige\",\"item\":\"https:\/\/van-dorsten.eu\/uitgestorven\/\"},{\"@type\":\"ListItem\",\"position\":3,\"name\":\"S\u00fcdlich der Niederlande\"}]},{\"@type\":\"WebSite\",\"@id\":\"https:\/\/van-dorsten.eu\/de\/#website\",\"url\":\"https:\/\/van-dorsten.eu\/de\/\",\"name\":\"\",\"description\":\"Genealogie\",\"potentialAction\":[{\"@type\":\"SearchAction\",\"target\":{\"@type\":\"EntryPoint\",\"urlTemplate\":\"https:\/\/van-dorsten.eu\/de\/?s={search_term_string}\"},\"query-input\":{\"@type\":\"PropertyValueSpecification\",\"valueRequired\":true,\"valueName\":\"search_term_string\"}}],\"inLanguage\":\"de\"}]}<\/script>\n<!-- \/ Yoast SEO plugin. -->","yoast_head_json":{"title":"S\u00fcdlich der Niederlande -","robots":{"index":"index","follow":"follow","max-snippet":"max-snippet:-1","max-image-preview":"max-image-preview:large","max-video-preview":"max-video-preview:-1"},"canonical":"https:\/\/van-dorsten.eu\/de\/uitgestorven\/nederland-z\/","og_locale":"de_DE","og_type":"article","og_title":"S\u00fcdlich der Niederlande -","og_description":"Ausgestorben \u2013 S\u00fcdlich der Niederlande Einleitung Im S\u00fcden der Niederlande, mit den Provinzen Zeeland, Limburg und Noord Brabant, wurden vor 1811 nicht viele Zweige der bekannten Stammb\u00e4ume beobachtet. Dar\u00fcber hinaus gab es in Zeeland bis 1700 nur sehr wenige Berichte und in Limburg nur eine begrenzte Anzahl von Berichten. Es gibt viele Berichte in Noord &hellip; S\u00fcdlich der Niederlande Read More \u00bb","og_url":"https:\/\/van-dorsten.eu\/de\/uitgestorven\/nederland-z\/","article_modified_time":"2021-04-25T09:47:23+00:00","og_image":[{"url":"https:\/\/van-dorsten.eu\/wp-content\/uploads\/2021\/04\/Uitgestorven-Nederland-Z.jpg","type":"","width":"","height":""}],"twitter_card":"summary_large_image","twitter_misc":{"Gesch\u00e4tzte Lesezeit":"3\u00a0Minuten"},"schema":{"@context":"https:\/\/schema.org","@graph":[{"@type":"WebPage","@id":"https:\/\/van-dorsten.eu\/uitgestorven\/nederland-z\/","url":"https:\/\/van-dorsten.eu\/uitgestorven\/nederland-z\/","name":"S\u00fcdlich der Niederlande -","isPartOf":{"@id":"https:\/\/van-dorsten.eu\/de\/#website"},"primaryImageOfPage":{"@id":"https:\/\/van-dorsten.eu\/uitgestorven\/nederland-z\/#primaryimage"},"image":{"@id":"https:\/\/van-dorsten.eu\/uitgestorven\/nederland-z\/#primaryimage"},"thumbnailUrl":"https:\/\/van-dorsten.eu\/wp-content\/uploads\/2021\/04\/Uitgestorven-Nederland-Z.jpg","datePublished":"2020-12-28T23:36:05+00:00","dateModified":"2021-04-25T09:47:23+00:00","breadcrumb":{"@id":"https:\/\/van-dorsten.eu\/uitgestorven\/nederland-z\/#breadcrumb"},"inLanguage":"de","potentialAction":[{"@type":"ReadAction","target":["https:\/\/van-dorsten.eu\/uitgestorven\/nederland-z\/"]}]},{"@type":"ImageObject","inLanguage":"de","@id":"https:\/\/van-dorsten.eu\/uitgestorven\/nederland-z\/#primaryimage","url":"https:\/\/van-dorsten.eu\/wp-content\/uploads\/2021\/04\/Uitgestorven-Nederland-Z.jpg","contentUrl":"https:\/\/van-dorsten.eu\/wp-content\/uploads\/2021\/04\/Uitgestorven-Nederland-Z.jpg"},{"@type":"BreadcrumbList","@id":"https:\/\/van-dorsten.eu\/uitgestorven\/nederland-z\/#breadcrumb","itemListElement":[{"@type":"ListItem","position":1,"name":"Home","item":"https:\/\/van-dorsten.eu\/"},{"@type":"ListItem","position":2,"name":"Ausgestorben Stammen und Zweige","item":"https:\/\/van-dorsten.eu\/uitgestorven\/"},{"@type":"ListItem","position":3,"name":"S\u00fcdlich der Niederlande"}]},{"@type":"WebSite","@id":"https:\/\/van-dorsten.eu\/de\/#website","url":"https:\/\/van-dorsten.eu\/de\/","name":"","description":"Genealogie","potentialAction":[{"@type":"SearchAction","target":{"@type":"EntryPoint","urlTemplate":"https:\/\/van-dorsten.eu\/de\/?s={search_term_string}"},"query-input":{"@type":"PropertyValueSpecification","valueRequired":true,"valueName":"search_term_string"}}],"inLanguage":"de"}]}},"_links":{"self":[{"href":"https:\/\/van-dorsten.eu\/de\/wp-json\/wp\/v2\/pages\/2387"}],"collection":[{"href":"https:\/\/van-dorsten.eu\/de\/wp-json\/wp\/v2\/pages"}],"about":[{"href":"https:\/\/van-dorsten.eu\/de\/wp-json\/wp\/v2\/types\/page"}],"author":[{"embeddable":true,"href":"https:\/\/van-dorsten.eu\/de\/wp-json\/wp\/v2\/users\/1"}],"replies":[{"embeddable":true,"href":"https:\/\/van-dorsten.eu\/de\/wp-json\/wp\/v2\/comments?post=2387"}],"version-history":[{"count":5,"href":"https:\/\/van-dorsten.eu\/de\/wp-json\/wp\/v2\/pages\/2387\/revisions"}],"predecessor-version":[{"id":3795,"href":"https:\/\/van-dorsten.eu\/de\/wp-json\/wp\/v2\/pages\/2387\/revisions\/3795"}],"up":[{"embeddable":true,"href":"https:\/\/van-dorsten.eu\/de\/wp-json\/wp\/v2\/pages\/2379"}],"wp:attachment":[{"href":"https:\/\/van-dorsten.eu\/de\/wp-json\/wp\/v2\/media?parent=2387"}],"curies":[{"name":"wp","href":"https:\/\/api.w.org\/{rel}","templated":true}]}}