{"id":2383,"date":"2020-12-29T00:34:43","date_gmt":"2020-12-28T23:34:43","guid":{"rendered":"https:\/\/van-dorsten.eu\/?page_id=2383"},"modified":"2021-04-26T15:18:41","modified_gmt":"2021-04-26T13:18:41","slug":"aussen-nl","status":"publish","type":"page","link":"https:\/\/van-dorsten.eu\/de\/ausgestorben\/aussen-nl\/?lang=de","title":{"rendered":"Au\u00dferhalb der Niederlande"},"content":{"rendered":"<div data-elementor-type=\"wp-page\" data-elementor-id=\"2383\" class=\"elementor elementor-2383\">\n\t\t\t\t\t\t<section class=\"elementor-section elementor-top-section elementor-element elementor-element-1a878cce elementor-section-boxed elementor-section-height-default elementor-section-height-default\" data-id=\"1a878cce\" data-element_type=\"section\">\n\t\t\t\t\t\t<div class=\"elementor-container elementor-column-gap-default\">\n\t\t\t\t\t<div class=\"elementor-column elementor-col-50 elementor-top-column elementor-element elementor-element-2114a730\" data-id=\"2114a730\" data-element_type=\"column\" data-settings=\"{&quot;background_background&quot;:&quot;classic&quot;}\">\n\t\t\t<div class=\"elementor-widget-wrap elementor-element-populated\">\n\t\t\t\t\t\t<div class=\"elementor-element elementor-element-34ddc9eb elementor-widget elementor-widget-text-editor\" data-id=\"34ddc9eb\" data-element_type=\"widget\" data-widget_type=\"text-editor.default\">\n\t\t\t\t<div class=\"elementor-widget-container\">\n\t\t\t\t\t\t\t\t\t<h4 style=\"text-align: center;\"><span style=\"color: #ff0000;\"><strong>Ausgestorben \u2013 Au\u00dferhalb der Niederlande<\/strong><\/span><\/h4><h4><strong>Einleitung<\/strong><\/h4><p>Au\u00dferhalb der Niederlande wurden Niederlassungen nat\u00fcrlich haupts\u00e4chlich in Deutschland gefunden (insbesondere in den Bundesl\u00e4ndern Niedersachsen und Nordrhein-Westfalen). Dar\u00fcber hinaus einige lose Berichte in ganz Europa und den Vereinigten Staaten.<\/p><h4><strong><img fetchpriority=\"high\" decoding=\"async\" class=\"wp-image-3812 size-medium alignright\" src=\"https:\/\/van-dorsten.eu\/wp-content\/uploads\/2021\/04\/Uitgestorven-Buitenland-1-300x171.jpg\" alt=\"\" width=\"300\" height=\"171\" srcset=\"https:\/\/van-dorsten.eu\/wp-content\/uploads\/2021\/04\/Uitgestorven-Buitenland-1-300x171.jpg 300w, https:\/\/van-dorsten.eu\/wp-content\/uploads\/2021\/04\/Uitgestorven-Buitenland-1-768x437.jpg 768w, https:\/\/van-dorsten.eu\/wp-content\/uploads\/2021\/04\/Uitgestorven-Buitenland-1.jpg 1000w\" sizes=\"(max-width: 300px) 100vw, 300px\" \/>Nordrhein-Westfalen<\/strong><\/h4><p>In diesem Bundesstaat, in dem sich auch die Stadt Dorsten befindet, gab es schon vor langer Zeit viele Berichte. Oft ging es um Menschen, die von hier kamen (und nicht direkt um den Namen), und Dorsten hatte auch gute Verbindungen zur Di\u00f6zese K\u00f6ln, und Geistliche kamen regelm\u00e4\u00dfig von hier. Verschiedene Berichte wurden auch in der alten Verwaltung des Heiligen R\u00f6mischen Reiches berichtet. Wenig sp\u00e4ter gibt es einige interessante Berichte in Soest (DE), Dortmund, M\u00fcnster, aber auch an vielen anderen Orten. Im 17. Jahrhundert, westlich der Stadt, gibt es in der N\u00e4he von Emmerich verschiedene Berichte, und in Rees entsteht ein kleiner Zweig, der sich teilweise in Amsterdam fortsetzte.<br \/>S\u00fcdlich der Stadt Dorsten finden sich viele Berichte h\u00e4ufig in kleinen Filialen in Dinslaken, Dortmund, Moers, Rheinsberg, D\u00fcsseldorf, K\u00f6ln und Elberfield. Es besteht die M\u00f6glichkeit, dass viele von ihnen und sicherlich auch die von Dinslaken und Dortmund mit den beiden kleinen \u00fcberlebenden Stammb\u00e4umen in dieser Region verwandt sind.<\/p><h4><strong>Niedersachsen<\/strong><\/h4><p>In Niedersachsen gibt es viele Berichte, aber die meisten haben mit den bekannten Stammb\u00e4umen zu tun. Es gibt einige interessante Berichte in Osnabr\u00fcck zu Beginn des 14. Jahrhunderts und in G\u00f6ttingen im 16. Jahrhundert. Und dann hier und da eine Reihe separater Berichte.<\/p><h4><strong>Deutschland Sonstiges<\/strong><\/h4><p>Au\u00dferhalb der beiden genannten Bundesl\u00e4nder gibt es auch einige (fr\u00fche) Berichte, beispielsweise in Rostock, Heidelberg und Mannheim. Der erste Richter der \u00e4ltesten Universit\u00e4t Deutschlands (Heidelberg) hie\u00df Hendrick van Dorsten (Ende des 14. Jahrhunderts). Die noch \u00e4lteren Berichte in Rostock beziehen sich wahrscheinlich auf einen Hof Dorsten in Wismar im 13. Jahrhundert.<\/p><h4><strong>Andere L\u00e4nder<\/strong><\/h4><p>Au\u00dferhalb der Niederlande und Deutschlands gibt es vor 1800 nicht viele Berichte. Es gibt eine Reihe von Berichten in Belgien, aber das war zu dieser Zeit Teil von De Nederlanden. Es gibt einige lose Berichte in Frankreich (insbesondere Napoleons Armee), den Vereinigten Staaten (18. Jahrhundert, fr\u00fche Auswanderer), Niederl\u00e4ndisch-Ostindien und in Riga (Ende des 14. Jahrhunderts, vermutlich Vorfahren des Neuenhaus-Stammbaums).<\/p>\t\t\t\t\t\t\t\t<\/div>\n\t\t\t\t<\/div>\n\t\t\t\t\t<\/div>\n\t\t<\/div>\n\t\t\t\t<div class=\"elementor-column elementor-col-50 elementor-top-column elementor-element elementor-element-2eecab1\" data-id=\"2eecab1\" data-element_type=\"column\" data-settings=\"{&quot;background_background&quot;:&quot;classic&quot;}\">\n\t\t\t<div class=\"elementor-widget-wrap elementor-element-populated\">\n\t\t\t\t\t\t<div class=\"elementor-element elementor-element-7cbfc94 elementor-widget elementor-widget-sidebar\" data-id=\"7cbfc94\" data-element_type=\"widget\" data-widget_type=\"sidebar.default\">\n\t\t\t\t<div class=\"elementor-widget-container\">\n\t\t\t\t\t<h3>Account<\/h3>\n<p><\/p>\n<form action=\"\/TNG\/processlogin.php\" method=\"post\" name=\"form1\" data-trp-original-action=\"\/TNG\/processlogin.php\">\n<div class=\"normal\">\n<div class=\"nw\" id=\"loginblock\">\n<div class=\"loginprompt\">Username: <\/div>\n<p>\t\t<input type=\"text\" name=\"tngusername\" class=\"loginfont medfield\" id=\"tngusername\" size=\"15\"><\/p>\n<div class=\"loginprompt\">Password: <\/div>\n<p>\t\t<input type=\"password\" name=\"tngpassword\" class=\"loginfont field\" id=\"tngpassword\" size=\"15\"><\/p>\n<div id=\"resetrow\" style=\"display:none\">\n<div class=\"loginprompt\">Nieuw wachtwoord: <\/div>\n<p>\t\t\t<input type=\"password\" name=\"newpassword\" class=\"medfield\" id=\"newpassword\">\n\t\t<\/div>\n<\/p><\/div>\n<div class=\"login-options\">\n\t\t<input type=\"checkbox\" name=\"remember\" value=\"1\"> Onthouden<br \/>\n\t\t<input type=\"checkbox\" name=\"resetpass\" value=\"1\" onclick=\"if(this.checked) {document.getElementById('resetrow').style.display='';} else {document.getElementById('resetrow').style.display='none';}\"> Wijzigen<\/div>\n<p>\n<a href=\"https:\/\/van-dorsten.eu\/TNG\/login.php\" class=\"btn\" value=\"Registreren\">Wachtwoord vergeten<\/a><\/p>\n<div>\n\t\t<input type=\"submit\" class=\"btn\" value=\"Aanmelden\"><br \/>\n<a href=\"https:\/\/van-dorsten.eu\/TNG\/newacctform.php\" class=\"btn\" value=\"Registreren\">Registreren<\/a><\/p>\n<\/p><\/div>\n<\/div>\n<input type=\"hidden\" name=\"trp-form-language\" value=\"de\"\/><\/form>\n<h3>Zoeken<\/h3>\n<p><\/p>\n<form method=\"get\" action=\"\/TNG\/search.php\" data-trp-original-action=\"\/TNG\/search.php\">\n<div class=\"normal\">\n<div class=\"nw\" id=\"stamboom\">\n<div class=\"loginprompt\">Stamboom<\/div>\n<td class=\"databack\">\n\t\t<select name=\"tree\" id=\"treeselect\" onchange=\"var tree=getTree(this); if( !tree ) tree = 'none'; swapBranches(document.search);\"><option value=\"-x--all--x-\" selected=\"selected\">Alle stambomen<\/option><option value=\"Dordrecht\">Dordrecht<\/option><option value=\"FT01\">Steenwijk<\/option><\/select><br \/>\n\t\t\t\t<select name=\"branch\" id=\"branch\"><option value=\"\">Alle takken<\/option><\/select><\/p>\n<div class=\"voornaam\">Voornaam<\/div>\n<p>\t\t<input type=\"hidden\" value=\"AND\" name=\"mybool\" \/><br \/>\n\t\t\t\t<input name=\"myfirstname\" type=\"text\" id=\"myfirstname\" size=\"15\"\/><\/p>\n<div class=\"achternaam\">Achternaam<\/div>\n<p>\t\t<input name=\"mylastname\" type=\"text\" id=\"mylastname\" size=\"15\" \/><\/p>\n<p>\t\t<input type=\"submit\" name=\"search\" value=\"Zoeken\"><\/p>\n<p>\t\t<span class=\"normal\"><a href=\"\/TNG\/searchform.php\">Geavanceerd zoeken<\/a><\/span>\n\t<\/div>\n<\/div>\n<input type=\"hidden\" name=\"trp-form-language\" value=\"de\"\/><\/form>\n<h3>Website<\/h3>\n<p><\/p>\n<form role=\"search\" method=\"get\" action=\"https:\/\/van-dorsten.eu\/de\/\" class=\"wp-block-search__button-outside wp-block-search__text-button wp-block-search\" data-trp-original-action=\"https:\/\/van-dorsten.eu\/\">\n<div class=\"wp-block-search__inside-wrapper\"><input type=\"search\" id=\"wp-block-search__input-1\" class=\"wp-block-search__input\" name=\"s\" value=\"\" placeholder=\"Type om te zoeken op de website\" required=\"\"><button type=\"submit\" class=\"wp-block-search__button\">Zoeken<\/button><\/div>\n<input type=\"hidden\" name=\"trp-form-language\" value=\"de\"\/><\/form>\n\t\t\t\t<\/div>\n\t\t\t\t<\/div>\n\t\t\t\t\t<\/div>\n\t\t<\/div>\n\t\t\t\t\t<\/div>\n\t\t<\/section>\n\t\t\t\t<\/div>","protected":false},"excerpt":{"rendered":"<p>Ausgestorben \u2013 Au\u00dferhalb der Niederlande Einleitung Au\u00dferhalb der Niederlande wurden Niederlassungen nat\u00fcrlich haupts\u00e4chlich in Deutschland gefunden (insbesondere in den Bundesl\u00e4ndern Niedersachsen und Nordrhein-Westfalen). Dar\u00fcber hinaus einige lose Berichte in ganz Europa und den Vereinigten Staaten. Nordrhein-Westfalen In diesem Bundesstaat, in dem sich auch die Stadt Dorsten befindet, gab es schon vor langer Zeit viele Berichte. &hellip;<\/p>\n<p class=\"read-more\"> <a class=\"\" href=\"https:\/\/van-dorsten.eu\/de\/ausgestorben\/aussen-nl\/?lang=de\"> <span class=\"screen-reader-text\">Au\u00dferhalb der Niederlande<\/span> Read More \u00bb<\/a><\/p>","protected":false},"author":1,"featured_media":0,"parent":2379,"menu_order":0,"comment_status":"closed","ping_status":"closed","template":"elementor_header_footer","meta":{"site-sidebar-layout":"default","site-content-layout":"default","ast-main-header-display":"","ast-hfb-above-header-display":"","ast-hfb-below-header-display":"","ast-hfb-mobile-header-display":"","site-post-title":"","ast-breadcrumbs-content":"","ast-featured-img":"","footer-sml-layout":"","theme-transparent-header-meta":"default","adv-header-id-meta":"","stick-header-meta":"","header-above-stick-meta":"","header-main-stick-meta":"","header-below-stick-meta":"","footnotes":""},"yoast_head":"<!-- This site is optimized with the Yoast SEO plugin v24.5 - https:\/\/yoast.com\/wordpress\/plugins\/seo\/ -->\n<title>Au\u00dferhalb der Niederlande -<\/title>\n<meta name=\"robots\" content=\"index, follow, max-snippet:-1, max-image-preview:large, max-video-preview:-1\" \/>\n<link rel=\"canonical\" href=\"https:\/\/van-dorsten.eu\/de\/uitgestorven\/buiten-nl\/\" \/>\n<meta property=\"og:locale\" content=\"de_DE\" \/>\n<meta property=\"og:type\" content=\"article\" \/>\n<meta property=\"og:title\" content=\"Au\u00dferhalb der Niederlande -\" \/>\n<meta property=\"og:description\" content=\"Ausgestorben \u2013 Au\u00dferhalb der Niederlande Einleitung Au\u00dferhalb der Niederlande wurden Niederlassungen nat\u00fcrlich haupts\u00e4chlich in Deutschland gefunden (insbesondere in den Bundesl\u00e4ndern Niedersachsen und Nordrhein-Westfalen). Dar\u00fcber hinaus einige lose Berichte in ganz Europa und den Vereinigten Staaten. Nordrhein-Westfalen In diesem Bundesstaat, in dem sich auch die Stadt Dorsten befindet, gab es schon vor langer Zeit viele Berichte. &hellip; Au\u00dferhalb der Niederlande Read More \u00bb\" \/>\n<meta property=\"og:url\" content=\"https:\/\/van-dorsten.eu\/de\/uitgestorven\/buiten-nl\/\" \/>\n<meta property=\"article:modified_time\" content=\"2021-04-26T13:18:41+00:00\" \/>\n<meta property=\"og:image\" content=\"https:\/\/van-dorsten.eu\/wp-content\/uploads\/2021\/04\/Uitgestorven-Buitenland-1-300x171.jpg\" \/>\n<meta name=\"twitter:card\" content=\"summary_large_image\" \/>\n<meta name=\"twitter:label1\" content=\"Gesch\u00e4tzte Lesezeit\" \/>\n\t<meta name=\"twitter:data1\" content=\"2\u00a0Minuten\" \/>\n<script type=\"application\/ld+json\" class=\"yoast-schema-graph\">{\"@context\":\"https:\/\/schema.org\",\"@graph\":[{\"@type\":\"WebPage\",\"@id\":\"https:\/\/van-dorsten.eu\/uitgestorven\/buiten-nl\/\",\"url\":\"https:\/\/van-dorsten.eu\/uitgestorven\/buiten-nl\/\",\"name\":\"Au\u00dferhalb der Niederlande -\",\"isPartOf\":{\"@id\":\"https:\/\/van-dorsten.eu\/de\/#website\"},\"primaryImageOfPage\":{\"@id\":\"https:\/\/van-dorsten.eu\/uitgestorven\/buiten-nl\/#primaryimage\"},\"image\":{\"@id\":\"https:\/\/van-dorsten.eu\/uitgestorven\/buiten-nl\/#primaryimage\"},\"thumbnailUrl\":\"https:\/\/van-dorsten.eu\/wp-content\/uploads\/2021\/04\/Uitgestorven-Buitenland-1-300x171.jpg\",\"datePublished\":\"2020-12-28T23:34:43+00:00\",\"dateModified\":\"2021-04-26T13:18:41+00:00\",\"breadcrumb\":{\"@id\":\"https:\/\/van-dorsten.eu\/uitgestorven\/buiten-nl\/#breadcrumb\"},\"inLanguage\":\"de\",\"potentialAction\":[{\"@type\":\"ReadAction\",\"target\":[\"https:\/\/van-dorsten.eu\/uitgestorven\/buiten-nl\/\"]}]},{\"@type\":\"ImageObject\",\"inLanguage\":\"de\",\"@id\":\"https:\/\/van-dorsten.eu\/uitgestorven\/buiten-nl\/#primaryimage\",\"url\":\"https:\/\/van-dorsten.eu\/wp-content\/uploads\/2021\/04\/Uitgestorven-Buitenland-1-300x171.jpg\",\"contentUrl\":\"https:\/\/van-dorsten.eu\/wp-content\/uploads\/2021\/04\/Uitgestorven-Buitenland-1-300x171.jpg\"},{\"@type\":\"BreadcrumbList\",\"@id\":\"https:\/\/van-dorsten.eu\/uitgestorven\/buiten-nl\/#breadcrumb\",\"itemListElement\":[{\"@type\":\"ListItem\",\"position\":1,\"name\":\"Home\",\"item\":\"https:\/\/van-dorsten.eu\/\"},{\"@type\":\"ListItem\",\"position\":2,\"name\":\"Ausgestorben Stammen und Zweige\",\"item\":\"https:\/\/van-dorsten.eu\/uitgestorven\/\"},{\"@type\":\"ListItem\",\"position\":3,\"name\":\"Au\u00dferhalb der Niederlande\"}]},{\"@type\":\"WebSite\",\"@id\":\"https:\/\/van-dorsten.eu\/de\/#website\",\"url\":\"https:\/\/van-dorsten.eu\/de\/\",\"name\":\"\",\"description\":\"Genealogie\",\"potentialAction\":[{\"@type\":\"SearchAction\",\"target\":{\"@type\":\"EntryPoint\",\"urlTemplate\":\"https:\/\/van-dorsten.eu\/de\/?s={search_term_string}\"},\"query-input\":{\"@type\":\"PropertyValueSpecification\",\"valueRequired\":true,\"valueName\":\"search_term_string\"}}],\"inLanguage\":\"de\"}]}<\/script>\n<!-- \/ Yoast SEO plugin. -->","yoast_head_json":{"title":"Au\u00dferhalb der Niederlande -","robots":{"index":"index","follow":"follow","max-snippet":"max-snippet:-1","max-image-preview":"max-image-preview:large","max-video-preview":"max-video-preview:-1"},"canonical":"https:\/\/van-dorsten.eu\/de\/uitgestorven\/buiten-nl\/","og_locale":"de_DE","og_type":"article","og_title":"Au\u00dferhalb der Niederlande -","og_description":"Ausgestorben \u2013 Au\u00dferhalb der Niederlande Einleitung Au\u00dferhalb der Niederlande wurden Niederlassungen nat\u00fcrlich haupts\u00e4chlich in Deutschland gefunden (insbesondere in den Bundesl\u00e4ndern Niedersachsen und Nordrhein-Westfalen). Dar\u00fcber hinaus einige lose Berichte in ganz Europa und den Vereinigten Staaten. Nordrhein-Westfalen In diesem Bundesstaat, in dem sich auch die Stadt Dorsten befindet, gab es schon vor langer Zeit viele Berichte. &hellip; Au\u00dferhalb der Niederlande Read More \u00bb","og_url":"https:\/\/van-dorsten.eu\/de\/uitgestorven\/buiten-nl\/","article_modified_time":"2021-04-26T13:18:41+00:00","og_image":[{"url":"https:\/\/van-dorsten.eu\/wp-content\/uploads\/2021\/04\/Uitgestorven-Buitenland-1-300x171.jpg","type":"","width":"","height":""}],"twitter_card":"summary_large_image","twitter_misc":{"Gesch\u00e4tzte Lesezeit":"2\u00a0Minuten"},"schema":{"@context":"https:\/\/schema.org","@graph":[{"@type":"WebPage","@id":"https:\/\/van-dorsten.eu\/uitgestorven\/buiten-nl\/","url":"https:\/\/van-dorsten.eu\/uitgestorven\/buiten-nl\/","name":"Au\u00dferhalb der Niederlande -","isPartOf":{"@id":"https:\/\/van-dorsten.eu\/de\/#website"},"primaryImageOfPage":{"@id":"https:\/\/van-dorsten.eu\/uitgestorven\/buiten-nl\/#primaryimage"},"image":{"@id":"https:\/\/van-dorsten.eu\/uitgestorven\/buiten-nl\/#primaryimage"},"thumbnailUrl":"https:\/\/van-dorsten.eu\/wp-content\/uploads\/2021\/04\/Uitgestorven-Buitenland-1-300x171.jpg","datePublished":"2020-12-28T23:34:43+00:00","dateModified":"2021-04-26T13:18:41+00:00","breadcrumb":{"@id":"https:\/\/van-dorsten.eu\/uitgestorven\/buiten-nl\/#breadcrumb"},"inLanguage":"de","potentialAction":[{"@type":"ReadAction","target":["https:\/\/van-dorsten.eu\/uitgestorven\/buiten-nl\/"]}]},{"@type":"ImageObject","inLanguage":"de","@id":"https:\/\/van-dorsten.eu\/uitgestorven\/buiten-nl\/#primaryimage","url":"https:\/\/van-dorsten.eu\/wp-content\/uploads\/2021\/04\/Uitgestorven-Buitenland-1-300x171.jpg","contentUrl":"https:\/\/van-dorsten.eu\/wp-content\/uploads\/2021\/04\/Uitgestorven-Buitenland-1-300x171.jpg"},{"@type":"BreadcrumbList","@id":"https:\/\/van-dorsten.eu\/uitgestorven\/buiten-nl\/#breadcrumb","itemListElement":[{"@type":"ListItem","position":1,"name":"Home","item":"https:\/\/van-dorsten.eu\/"},{"@type":"ListItem","position":2,"name":"Ausgestorben Stammen und Zweige","item":"https:\/\/van-dorsten.eu\/uitgestorven\/"},{"@type":"ListItem","position":3,"name":"Au\u00dferhalb der Niederlande"}]},{"@type":"WebSite","@id":"https:\/\/van-dorsten.eu\/de\/#website","url":"https:\/\/van-dorsten.eu\/de\/","name":"","description":"Genealogie","potentialAction":[{"@type":"SearchAction","target":{"@type":"EntryPoint","urlTemplate":"https:\/\/van-dorsten.eu\/de\/?s={search_term_string}"},"query-input":{"@type":"PropertyValueSpecification","valueRequired":true,"valueName":"search_term_string"}}],"inLanguage":"de"}]}},"_links":{"self":[{"href":"https:\/\/van-dorsten.eu\/de\/wp-json\/wp\/v2\/pages\/2383"}],"collection":[{"href":"https:\/\/van-dorsten.eu\/de\/wp-json\/wp\/v2\/pages"}],"about":[{"href":"https:\/\/van-dorsten.eu\/de\/wp-json\/wp\/v2\/types\/page"}],"author":[{"embeddable":true,"href":"https:\/\/van-dorsten.eu\/de\/wp-json\/wp\/v2\/users\/1"}],"replies":[{"embeddable":true,"href":"https:\/\/van-dorsten.eu\/de\/wp-json\/wp\/v2\/comments?post=2383"}],"version-history":[{"count":9,"href":"https:\/\/van-dorsten.eu\/de\/wp-json\/wp\/v2\/pages\/2383\/revisions"}],"predecessor-version":[{"id":4280,"href":"https:\/\/van-dorsten.eu\/de\/wp-json\/wp\/v2\/pages\/2383\/revisions\/4280"}],"up":[{"embeddable":true,"href":"https:\/\/van-dorsten.eu\/de\/wp-json\/wp\/v2\/pages\/2379"}],"wp:attachment":[{"href":"https:\/\/van-dorsten.eu\/de\/wp-json\/wp\/v2\/media?parent=2383"}],"curies":[{"name":"wp","href":"https:\/\/api.w.org\/{rel}","templated":true}]}}