{"id":2375,"date":"2020-12-29T00:32:03","date_gmt":"2020-12-28T23:32:03","guid":{"rendered":"https:\/\/van-dorsten.eu\/?page_id=2375"},"modified":"2022-02-16T20:29:25","modified_gmt":"2022-02-16T19:29:25","slug":"uebersichten","status":"publish","type":"page","link":"https:\/\/van-dorsten.eu\/de\/genealogie\/uebersichten\/?lang=de","title":{"rendered":"\u00dcbersichten"},"content":{"rendered":"<div data-elementor-type=\"wp-page\" data-elementor-id=\"2375\" class=\"elementor elementor-2375\">\n\t\t\t\t\t\t<section class=\"elementor-section elementor-top-section elementor-element elementor-element-6a4136bf elementor-section-boxed elementor-section-height-default elementor-section-height-default\" data-id=\"6a4136bf\" data-element_type=\"section\">\n\t\t\t\t\t\t<div class=\"elementor-container elementor-column-gap-default\">\n\t\t\t\t\t<div class=\"elementor-column elementor-col-33 elementor-top-column elementor-element elementor-element-fd608c8\" data-id=\"fd608c8\" data-element_type=\"column\" data-settings=\"{&quot;background_background&quot;:&quot;classic&quot;}\">\n\t\t\t<div class=\"elementor-widget-wrap elementor-element-populated\">\n\t\t\t\t\t\t<div class=\"elementor-element elementor-element-2a3b6574 elementor-widget elementor-widget-text-editor\" data-id=\"2a3b6574\" data-element_type=\"widget\" data-widget_type=\"text-editor.default\">\n\t\t\t\t<div class=\"elementor-widget-container\">\n\t\t\t\t\t\t\t\t\t<h4 style=\"text-align: center;\"><span style=\"color: #ff00ff;\"><strong>Genealogie &#8211; \u00dcbersichten<\/strong><\/span><\/h4><p>\u00a0<\/p><p>Dieser Abschnitt enth\u00e4lt verschiedene \u00dcbersichten der genealogischen Daten \u00fcber die Software von The Next Generation (TNG).\u00a0<\/p><p><strong>Vornamen<\/strong> \u2013 Eine grafische \u00dcbersicht und Liste der h\u00e4ufigsten Vornamen in allen Stammb\u00e4umen, wo Sie auf den Namen klicken k\u00f6nnen<\/p><p><strong>Nachnamen<\/strong> \u2013 Eine grafische \u00dcbersicht und Liste der h\u00e4ufigsten Nachnamen, wo Sie auf den Namen klicken k\u00f6nnen<\/p><p><strong>Stammb\u00e4ume<\/strong> \u2013 Eine grafische und statistische \u00dcbersicht und Beschreibung der verschiedenen Stammb\u00e4ume<\/p><p><strong>Zweigen<\/strong> \u2013 Eine \u00dcbersicht der vorhandenen Niederlassungen<\/p><p><strong>Statistiken<\/strong> \u2013 Eine \u00dcbersicht mit vielen Arten von statistischen Informationen<\/p><p><strong>Berichte<\/strong> \u2013 Die M\u00f6glichkeit, benutzerdefinierte Berichte (in TNG) zu den genealogischen Daten zu definieren.<\/p>\t\t\t\t\t\t\t\t<\/div>\n\t\t\t\t<\/div>\n\t\t\t\t\t<\/div>\n\t\t<\/div>\n\t\t\t\t<div class=\"elementor-column elementor-col-33 elementor-top-column elementor-element elementor-element-a718b52\" data-id=\"a718b52\" data-element_type=\"column\" data-settings=\"{&quot;background_background&quot;:&quot;classic&quot;}\">\n\t\t\t<div class=\"elementor-widget-wrap elementor-element-populated\">\n\t\t\t\t\t\t<div class=\"elementor-element elementor-element-efc0e6b elementor-widget elementor-widget-image\" data-id=\"efc0e6b\" data-element_type=\"widget\" data-widget_type=\"image.default\">\n\t\t\t\t<div class=\"elementor-widget-container\">\n\t\t\t\t\t\t\t\t\t\t\t\t\t\t\t<img decoding=\"async\" src=\"https:\/\/van-dorsten.eu\/wp-content\/plugins\/elementor\/assets\/images\/placeholder.png\" title=\"\" alt=\"\" loading=\"lazy\" \/>\t\t\t\t\t\t\t\t\t\t\t\t\t\t\t<\/div>\n\t\t\t\t<\/div>\n\t\t\t\t\t<\/div>\n\t\t<\/div>\n\t\t\t\t<div class=\"elementor-column elementor-col-33 elementor-top-column elementor-element elementor-element-c912719\" data-id=\"c912719\" data-element_type=\"column\" data-settings=\"{&quot;background_background&quot;:&quot;classic&quot;}\">\n\t\t\t<div class=\"elementor-widget-wrap elementor-element-populated\">\n\t\t\t\t\t\t<div class=\"elementor-element elementor-element-5270a01 elementor-widget elementor-widget-sidebar\" data-id=\"5270a01\" data-element_type=\"widget\" data-widget_type=\"sidebar.default\">\n\t\t\t\t<div class=\"elementor-widget-container\">\n\t\t\t\t\t<h3>Account<\/h3>\n<p><\/p>\n<form action=\"\/TNG\/processlogin.php\" method=\"post\" name=\"form1\" data-trp-original-action=\"\/TNG\/processlogin.php\">\n<div class=\"normal\">\n<div class=\"nw\" id=\"loginblock\">\n<div class=\"loginprompt\">Username: <\/div>\n<p>\t\t<input type=\"text\" name=\"tngusername\" class=\"loginfont medfield\" id=\"tngusername\" size=\"15\"><\/p>\n<div class=\"loginprompt\">Password: <\/div>\n<p>\t\t<input type=\"password\" name=\"tngpassword\" class=\"loginfont field\" id=\"tngpassword\" size=\"15\"><\/p>\n<div id=\"resetrow\" style=\"display:none\">\n<div class=\"loginprompt\">Nieuw wachtwoord: <\/div>\n<p>\t\t\t<input type=\"password\" name=\"newpassword\" class=\"medfield\" id=\"newpassword\">\n\t\t<\/div>\n<\/p><\/div>\n<div class=\"login-options\">\n\t\t<input type=\"checkbox\" name=\"remember\" value=\"1\"> Onthouden<br \/>\n\t\t<input type=\"checkbox\" name=\"resetpass\" value=\"1\" onclick=\"if(this.checked) {document.getElementById('resetrow').style.display='';} else {document.getElementById('resetrow').style.display='none';}\"> Wijzigen<\/div>\n<p>\n<a href=\"https:\/\/van-dorsten.eu\/TNG\/login.php\" class=\"btn\" value=\"Registreren\">Wachtwoord vergeten<\/a><\/p>\n<div>\n\t\t<input type=\"submit\" class=\"btn\" value=\"Aanmelden\"><br \/>\n<a href=\"https:\/\/van-dorsten.eu\/TNG\/newacctform.php\" class=\"btn\" value=\"Registreren\">Registreren<\/a><\/p>\n<\/p><\/div>\n<\/div>\n<input type=\"hidden\" name=\"trp-form-language\" value=\"de\"\/><\/form>\n<h3>Zoeken<\/h3>\n<p><\/p>\n<form method=\"get\" action=\"\/TNG\/search.php\" data-trp-original-action=\"\/TNG\/search.php\">\n<div class=\"normal\">\n<div class=\"nw\" id=\"stamboom\">\n<div class=\"loginprompt\">Stamboom<\/div>\n<td class=\"databack\">\n\t\t<select name=\"tree\" id=\"treeselect\" onchange=\"var tree=getTree(this); if( !tree ) tree = 'none'; swapBranches(document.search);\"><option value=\"-x--all--x-\" selected=\"selected\">Alle stambomen<\/option><option value=\"Dordrecht\">Dordrecht<\/option><option value=\"FT01\">Steenwijk<\/option><\/select><br \/>\n\t\t\t\t<select name=\"branch\" id=\"branch\"><option value=\"\">Alle takken<\/option><\/select><\/p>\n<div class=\"voornaam\">Voornaam<\/div>\n<p>\t\t<input type=\"hidden\" value=\"AND\" name=\"mybool\" \/><br \/>\n\t\t\t\t<input name=\"myfirstname\" type=\"text\" id=\"myfirstname\" size=\"15\"\/><\/p>\n<div class=\"achternaam\">Achternaam<\/div>\n<p>\t\t<input name=\"mylastname\" type=\"text\" id=\"mylastname\" size=\"15\" \/><\/p>\n<p>\t\t<input type=\"submit\" name=\"search\" value=\"Zoeken\"><\/p>\n<p>\t\t<span class=\"normal\"><a href=\"\/TNG\/searchform.php\">Geavanceerd zoeken<\/a><\/span>\n\t<\/div>\n<\/div>\n<input type=\"hidden\" name=\"trp-form-language\" value=\"de\"\/><\/form>\n<h3>Website<\/h3>\n<p><\/p>\n<form role=\"search\" method=\"get\" action=\"https:\/\/van-dorsten.eu\/de\/\" class=\"wp-block-search__button-outside wp-block-search__text-button wp-block-search\" data-trp-original-action=\"https:\/\/van-dorsten.eu\/\">\n<div class=\"wp-block-search__inside-wrapper\"><input type=\"search\" id=\"wp-block-search__input-1\" class=\"wp-block-search__input\" name=\"s\" value=\"\" placeholder=\"Type om te zoeken op de website\" required=\"\"><button type=\"submit\" class=\"wp-block-search__button\">Zoeken<\/button><\/div>\n<input type=\"hidden\" name=\"trp-form-language\" value=\"de\"\/><\/form>\n\t\t\t\t<\/div>\n\t\t\t\t<\/div>\n\t\t\t\t\t<\/div>\n\t\t<\/div>\n\t\t\t\t\t<\/div>\n\t\t<\/section>\n\t\t\t\t<\/div>","protected":false},"excerpt":{"rendered":"<p>Genealogie &#8211; \u00dcbersichten \u00a0 Dieser Abschnitt enth\u00e4lt verschiedene \u00dcbersichten der genealogischen Daten \u00fcber die Software von The Next Generation (TNG).\u00a0 Vornamen \u2013 Eine grafische \u00dcbersicht und Liste der h\u00e4ufigsten Vornamen in allen Stammb\u00e4umen, wo Sie auf den Namen klicken k\u00f6nnen Nachnamen \u2013 Eine grafische \u00dcbersicht und Liste der h\u00e4ufigsten Nachnamen, wo Sie auf den Namen &hellip;<\/p>\n<p class=\"read-more\"> <a class=\"\" href=\"https:\/\/van-dorsten.eu\/de\/genealogie\/uebersichten\/?lang=de\"> <span class=\"screen-reader-text\">\u00dcbersichten<\/span> Read More \u00bb<\/a><\/p>","protected":false},"author":1,"featured_media":0,"parent":2371,"menu_order":0,"comment_status":"closed","ping_status":"closed","template":"elementor_header_footer","meta":{"site-sidebar-layout":"default","site-content-layout":"default","ast-main-header-display":"","ast-hfb-above-header-display":"","ast-hfb-below-header-display":"","ast-hfb-mobile-header-display":"","site-post-title":"","ast-breadcrumbs-content":"","ast-featured-img":"","footer-sml-layout":"","theme-transparent-header-meta":"default","adv-header-id-meta":"","stick-header-meta":"","header-above-stick-meta":"","header-main-stick-meta":"","header-below-stick-meta":"","footnotes":""},"yoast_head":"<!-- This site is optimized with the Yoast SEO plugin v24.5 - https:\/\/yoast.com\/wordpress\/plugins\/seo\/ -->\n<title>\u00dcbersichten -<\/title>\n<meta name=\"robots\" content=\"index, follow, max-snippet:-1, max-image-preview:large, max-video-preview:-1\" \/>\n<link rel=\"canonical\" href=\"https:\/\/van-dorsten.eu\/de\/genealogy\/overviews\/\" \/>\n<meta property=\"og:locale\" content=\"de_DE\" \/>\n<meta property=\"og:type\" content=\"article\" \/>\n<meta property=\"og:title\" content=\"\u00dcbersichten -\" \/>\n<meta property=\"og:description\" content=\"Genealogie &#8211; \u00dcbersichten \u00a0 Dieser Abschnitt enth\u00e4lt verschiedene \u00dcbersichten der genealogischen Daten \u00fcber die Software von The Next Generation (TNG).\u00a0 Vornamen \u2013 Eine grafische \u00dcbersicht und Liste der h\u00e4ufigsten Vornamen in allen Stammb\u00e4umen, wo Sie auf den Namen klicken k\u00f6nnen Nachnamen \u2013 Eine grafische \u00dcbersicht und Liste der h\u00e4ufigsten Nachnamen, wo Sie auf den Namen &hellip; \u00dcbersichten Read More \u00bb\" \/>\n<meta property=\"og:url\" content=\"https:\/\/van-dorsten.eu\/de\/genealogy\/overviews\/?lang=en\" \/>\n<meta property=\"article:modified_time\" content=\"2022-02-16T19:29:25+00:00\" \/>\n<meta property=\"og:image\" content=\"https:\/\/van-dorsten.eu\/wp-content\/plugins\/elementor\/assets\/images\/placeholder.png\" \/>\n<meta name=\"twitter:card\" content=\"summary_large_image\" \/>\n<meta name=\"twitter:label1\" content=\"Gesch\u00e4tzte Lesezeit\" \/>\n\t<meta name=\"twitter:data1\" content=\"1\u00a0Minute\" \/>\n<script type=\"application\/ld+json\" class=\"yoast-schema-graph\">{\"@context\":\"https:\/\/schema.org\",\"@graph\":[{\"@type\":\"WebPage\",\"@id\":\"https:\/\/van-dorsten.eu\/genealogy\/overviews\/?lang=en\",\"url\":\"https:\/\/van-dorsten.eu\/genealogy\/overviews\/?lang=en\",\"name\":\"\u00dcbersichten -\",\"isPartOf\":{\"@id\":\"https:\/\/van-dorsten.eu\/de\/#website\"},\"primaryImageOfPage\":{\"@id\":\"https:\/\/van-dorsten.eu\/genealogy\/overviews\/?lang=en#primaryimage\"},\"image\":{\"@id\":\"https:\/\/van-dorsten.eu\/genealogy\/overviews\/?lang=en#primaryimage\"},\"thumbnailUrl\":\"https:\/\/van-dorsten.eu\/wp-content\/plugins\/elementor\/assets\/images\/placeholder.png\",\"datePublished\":\"2020-12-28T23:32:03+00:00\",\"dateModified\":\"2022-02-16T19:29:25+00:00\",\"breadcrumb\":{\"@id\":\"https:\/\/van-dorsten.eu\/genealogy\/overviews\/?lang=en#breadcrumb\"},\"inLanguage\":\"de\",\"potentialAction\":[{\"@type\":\"ReadAction\",\"target\":[\"https:\/\/van-dorsten.eu\/genealogy\/overviews\/?lang=en\"]}]},{\"@type\":\"ImageObject\",\"inLanguage\":\"de\",\"@id\":\"https:\/\/van-dorsten.eu\/genealogy\/overviews\/?lang=en#primaryimage\",\"url\":\"https:\/\/van-dorsten.eu\/wp-content\/plugins\/elementor\/assets\/images\/placeholder.png\",\"contentUrl\":\"https:\/\/van-dorsten.eu\/wp-content\/plugins\/elementor\/assets\/images\/placeholder.png\"},{\"@type\":\"BreadcrumbList\",\"@id\":\"https:\/\/van-dorsten.eu\/genealogy\/overviews\/?lang=en#breadcrumb\",\"itemListElement\":[{\"@type\":\"ListItem\",\"position\":1,\"name\":\"Home\",\"item\":\"https:\/\/van-dorsten.eu\/\"},{\"@type\":\"ListItem\",\"position\":2,\"name\":\"Genealogie\",\"item\":\"https:\/\/van-dorsten.eu\/genealogy\/?lang=en\"},{\"@type\":\"ListItem\",\"position\":3,\"name\":\"\u00dcbersichten\"}]},{\"@type\":\"WebSite\",\"@id\":\"https:\/\/van-dorsten.eu\/de\/#website\",\"url\":\"https:\/\/van-dorsten.eu\/de\/\",\"name\":\"\",\"description\":\"Genealogie\",\"potentialAction\":[{\"@type\":\"SearchAction\",\"target\":{\"@type\":\"EntryPoint\",\"urlTemplate\":\"https:\/\/van-dorsten.eu\/de\/?s={search_term_string}\"},\"query-input\":{\"@type\":\"PropertyValueSpecification\",\"valueRequired\":true,\"valueName\":\"search_term_string\"}}],\"inLanguage\":\"de\"}]}<\/script>\n<!-- \/ Yoast SEO plugin. -->","yoast_head_json":{"title":"\u00dcbersichten -","robots":{"index":"index","follow":"follow","max-snippet":"max-snippet:-1","max-image-preview":"max-image-preview:large","max-video-preview":"max-video-preview:-1"},"canonical":"https:\/\/van-dorsten.eu\/de\/genealogy\/overviews\/","og_locale":"de_DE","og_type":"article","og_title":"\u00dcbersichten -","og_description":"Genealogie &#8211; \u00dcbersichten \u00a0 Dieser Abschnitt enth\u00e4lt verschiedene \u00dcbersichten der genealogischen Daten \u00fcber die Software von The Next Generation (TNG).\u00a0 Vornamen \u2013 Eine grafische \u00dcbersicht und Liste der h\u00e4ufigsten Vornamen in allen Stammb\u00e4umen, wo Sie auf den Namen klicken k\u00f6nnen Nachnamen \u2013 Eine grafische \u00dcbersicht und Liste der h\u00e4ufigsten Nachnamen, wo Sie auf den Namen &hellip; \u00dcbersichten Read More \u00bb","og_url":"https:\/\/van-dorsten.eu\/de\/genealogy\/overviews\/?lang=en","article_modified_time":"2022-02-16T19:29:25+00:00","og_image":[{"url":"https:\/\/van-dorsten.eu\/wp-content\/plugins\/elementor\/assets\/images\/placeholder.png","type":"","width":"","height":""}],"twitter_card":"summary_large_image","twitter_misc":{"Gesch\u00e4tzte Lesezeit":"1\u00a0Minute"},"schema":{"@context":"https:\/\/schema.org","@graph":[{"@type":"WebPage","@id":"https:\/\/van-dorsten.eu\/genealogy\/overviews\/?lang=en","url":"https:\/\/van-dorsten.eu\/genealogy\/overviews\/?lang=en","name":"\u00dcbersichten -","isPartOf":{"@id":"https:\/\/van-dorsten.eu\/de\/#website"},"primaryImageOfPage":{"@id":"https:\/\/van-dorsten.eu\/genealogy\/overviews\/?lang=en#primaryimage"},"image":{"@id":"https:\/\/van-dorsten.eu\/genealogy\/overviews\/?lang=en#primaryimage"},"thumbnailUrl":"https:\/\/van-dorsten.eu\/wp-content\/plugins\/elementor\/assets\/images\/placeholder.png","datePublished":"2020-12-28T23:32:03+00:00","dateModified":"2022-02-16T19:29:25+00:00","breadcrumb":{"@id":"https:\/\/van-dorsten.eu\/genealogy\/overviews\/?lang=en#breadcrumb"},"inLanguage":"de","potentialAction":[{"@type":"ReadAction","target":["https:\/\/van-dorsten.eu\/genealogy\/overviews\/?lang=en"]}]},{"@type":"ImageObject","inLanguage":"de","@id":"https:\/\/van-dorsten.eu\/genealogy\/overviews\/?lang=en#primaryimage","url":"https:\/\/van-dorsten.eu\/wp-content\/plugins\/elementor\/assets\/images\/placeholder.png","contentUrl":"https:\/\/van-dorsten.eu\/wp-content\/plugins\/elementor\/assets\/images\/placeholder.png"},{"@type":"BreadcrumbList","@id":"https:\/\/van-dorsten.eu\/genealogy\/overviews\/?lang=en#breadcrumb","itemListElement":[{"@type":"ListItem","position":1,"name":"Home","item":"https:\/\/van-dorsten.eu\/"},{"@type":"ListItem","position":2,"name":"Genealogie","item":"https:\/\/van-dorsten.eu\/genealogy\/?lang=en"},{"@type":"ListItem","position":3,"name":"\u00dcbersichten"}]},{"@type":"WebSite","@id":"https:\/\/van-dorsten.eu\/de\/#website","url":"https:\/\/van-dorsten.eu\/de\/","name":"","description":"Genealogie","potentialAction":[{"@type":"SearchAction","target":{"@type":"EntryPoint","urlTemplate":"https:\/\/van-dorsten.eu\/de\/?s={search_term_string}"},"query-input":{"@type":"PropertyValueSpecification","valueRequired":true,"valueName":"search_term_string"}}],"inLanguage":"de"}]}},"_links":{"self":[{"href":"https:\/\/van-dorsten.eu\/de\/wp-json\/wp\/v2\/pages\/2375"}],"collection":[{"href":"https:\/\/van-dorsten.eu\/de\/wp-json\/wp\/v2\/pages"}],"about":[{"href":"https:\/\/van-dorsten.eu\/de\/wp-json\/wp\/v2\/types\/page"}],"author":[{"embeddable":true,"href":"https:\/\/van-dorsten.eu\/de\/wp-json\/wp\/v2\/users\/1"}],"replies":[{"embeddable":true,"href":"https:\/\/van-dorsten.eu\/de\/wp-json\/wp\/v2\/comments?post=2375"}],"version-history":[{"count":11,"href":"https:\/\/van-dorsten.eu\/de\/wp-json\/wp\/v2\/pages\/2375\/revisions"}],"predecessor-version":[{"id":4214,"href":"https:\/\/van-dorsten.eu\/de\/wp-json\/wp\/v2\/pages\/2375\/revisions\/4214"}],"up":[{"embeddable":true,"href":"https:\/\/van-dorsten.eu\/de\/wp-json\/wp\/v2\/pages\/2371"}],"wp:attachment":[{"href":"https:\/\/van-dorsten.eu\/de\/wp-json\/wp\/v2\/media?parent=2375"}],"curies":[{"name":"wp","href":"https:\/\/api.w.org\/{rel}","templated":true}]}}