{"id":2371,"date":"2020-12-29T00:27:41","date_gmt":"2020-12-28T23:27:41","guid":{"rendered":"https:\/\/van-dorsten.eu\/?page_id=2371"},"modified":"2022-02-16T20:25:28","modified_gmt":"2022-02-16T19:25:28","slug":"genealogie","status":"publish","type":"page","link":"https:\/\/van-dorsten.eu\/de\/genealogie\/?lang=de","title":{"rendered":"Genealogie"},"content":{"rendered":"<div data-elementor-type=\"wp-page\" data-elementor-id=\"2371\" class=\"elementor elementor-2371\">\n\t\t\t\t\t\t<section class=\"elementor-section elementor-top-section elementor-element elementor-element-2f611866 elementor-section-boxed elementor-section-height-default elementor-section-height-default\" data-id=\"2f611866\" data-element_type=\"section\">\n\t\t\t\t\t\t<div class=\"elementor-container elementor-column-gap-default\">\n\t\t\t\t\t<div class=\"elementor-column elementor-col-33 elementor-top-column elementor-element elementor-element-4a064bc\" data-id=\"4a064bc\" data-element_type=\"column\" data-settings=\"{&quot;background_background&quot;:&quot;classic&quot;}\">\n\t\t\t<div class=\"elementor-widget-wrap elementor-element-populated\">\n\t\t\t\t\t\t<div class=\"elementor-element elementor-element-49f5ec17 elementor-widget elementor-widget-text-editor\" data-id=\"49f5ec17\" data-element_type=\"widget\" data-widget_type=\"text-editor.default\">\n\t\t\t\t<div class=\"elementor-widget-container\">\n\t\t\t\t\t\t\t\t\t<h4 style=\"text-align: center;\"><span style=\"color: #800080;\"><strong>Genealogie<\/strong><\/span><\/h4><p>\u00a0<\/p><p><strong>Person<\/strong> \u2013 Diese Option (entspricht der erweiterten Suche) bietet einen Bildschirm, auf dem Sie anhand verschiedener Daten nach Personen suchen k\u00f6nnen. Die genannten Daten sprechen f\u00fcr sich, aber Sie k\u00f6nnen auf verschiedene Weise nach dem Inhalt dieser Daten suchen. Diese sind unten aufgef\u00fchrt, aber nicht alle Optionen sind mit allen Daten m\u00f6glich:<\/p><ul><li>Enth\u00e4lt, Ist gleich, Beginnt mit, Endet mit einer Textzeichenfolge<\/li><li>Ist ausgef\u00fcllt (enth\u00e4lt einen Wert), Ist nicht ausgef\u00fcllt (leer)<\/li><li>Soundex from \u2013 Alle Daten, die wie angegeben klingen<\/li><li>Metaphone from \u2013 Umfangreicher als Soundex, auch Rechtschreibfehler<\/li><li>Plus oder Minus 2, 5 oder 10 Jahre ab einem bestimmten Jahr<\/li><li>Kleiner als (oder gleich), Gr\u00f6\u00dfer als (oder gleich) einer bestimmten Zahl<\/li><\/ul><p>Wenn Sie alle gew\u00fcnschten Auswahlen getroffen haben, klicken Sie auf \u201eSuchen\u201c und es erscheinen alle gefundenen Personen, die den Suchkriterien entsprechen. Klicken Sie auf die gesuchte Person (falls gefunden) und es erscheint ein Bildschirm mit Informationen zu dieser Person. Sie gelangen auf den ersten Reiter (Person) von mehreren (m\u00f6glichen) Reitern mit verschiedenen Auswahlm\u00f6glichkeiten, um schnell visuell durch die Zeit zu reisen:<\/p><ul><li>Person enth\u00e4lt alle allgemeinen Informationen<\/li><li>Ancestry enth\u00e4lt eine grafische Vorfahren \u00dcbersicht<\/li><li>Nachkommen enth\u00e4lt eine grafische Nachkommen \u00dcbersicht<\/li><li>Verwandtschaft zeigt die Beziehung zwischen zwei Personen<\/li><li>Zeitlinie setzt die zugeh\u00f6rigen Ereignisse auf eine Zeitachse<\/li><li>Familie liefert die verwandten Informationen der Familie<\/li><li>GEDCOM bietet die M\u00f6glichkeit, Daten zu exportieren<\/li><\/ul><p>Diverse Tabs bieten weiterhin die verschiedenen Sharing-M\u00f6glichkeiten (nicht n\u00e4her beschrieben). Und es gibt noch ein paar allgemeinere Optionen, wie Drucken und Lesezeichen.<br \/><br \/><strong>Familie<\/strong> \u2013 Eine Zugriffsoption basierend auf der Familienzusammensetzung. Zu den Auswahlm\u00f6glichkeiten siehe die Beschreibung bei Person. Eine (grafische) Familienkarte und (informatives) Familienblatt werden zur Verf\u00fcgung gestellt.<\/p><p><strong>Datum<\/strong> \u2013 Eine Auswahl nach Datum eines bestimmten oder aller Ereignisse<\/p><p><strong>Kalender<\/strong> \u2013 Eine Kalender\u00fcbersicht mit den Ereignissen pro Tag in einem Monat<\/p><p><strong>Standort<\/strong> \u2013 Eine Ansicht aller Vorkommnisse an einem bestimmten Standort<\/p><p><strong>Mutationen<\/strong> \u2013 Alle genealogischen Mutationen w\u00e4hrend des letzten Monats<\/p>\t\t\t\t\t\t\t\t<\/div>\n\t\t\t\t<\/div>\n\t\t\t\t\t<\/div>\n\t\t<\/div>\n\t\t\t\t<div class=\"elementor-column elementor-col-33 elementor-top-column elementor-element elementor-element-2ff172e6\" data-id=\"2ff172e6\" data-element_type=\"column\" data-settings=\"{&quot;background_background&quot;:&quot;classic&quot;}\">\n\t\t\t<div class=\"elementor-widget-wrap elementor-element-populated\">\n\t\t\t\t\t\t<div class=\"elementor-element elementor-element-12a9e54 elementor-widget elementor-widget-image\" data-id=\"12a9e54\" data-element_type=\"widget\" data-widget_type=\"image.default\">\n\t\t\t\t<div class=\"elementor-widget-container\">\n\t\t\t\t\t\t\t\t\t\t\t\t\t\t\t<img fetchpriority=\"high\" decoding=\"async\" width=\"794\" height=\"1024\" src=\"https:\/\/van-dorsten.eu\/wp-content\/uploads\/2022\/01\/Genealogy-794x1024.jpg\" class=\"attachment-large size-large wp-image-3990\" alt=\"\" srcset=\"https:\/\/van-dorsten.eu\/wp-content\/uploads\/2022\/01\/Genealogy-794x1024.jpg 794w, https:\/\/van-dorsten.eu\/wp-content\/uploads\/2022\/01\/Genealogy-233x300.jpg 233w, https:\/\/van-dorsten.eu\/wp-content\/uploads\/2022\/01\/Genealogy-768x991.jpg 768w, https:\/\/van-dorsten.eu\/wp-content\/uploads\/2022\/01\/Genealogy.jpg 800w\" sizes=\"(max-width: 794px) 100vw, 794px\" \/>\t\t\t\t\t\t\t\t\t\t\t\t\t\t\t<\/div>\n\t\t\t\t<\/div>\n\t\t\t\t\t<\/div>\n\t\t<\/div>\n\t\t\t\t<div class=\"elementor-column elementor-col-33 elementor-top-column elementor-element elementor-element-e3eb138\" data-id=\"e3eb138\" data-element_type=\"column\" data-settings=\"{&quot;background_background&quot;:&quot;classic&quot;}\">\n\t\t\t<div class=\"elementor-widget-wrap elementor-element-populated\">\n\t\t\t\t\t\t<div class=\"elementor-element elementor-element-38809e3 elementor-widget elementor-widget-sidebar\" data-id=\"38809e3\" data-element_type=\"widget\" data-widget_type=\"sidebar.default\">\n\t\t\t\t<div class=\"elementor-widget-container\">\n\t\t\t\t\t<h3>Account<\/h3>\n<p><\/p>\n<form action=\"\/TNG\/processlogin.php\" method=\"post\" name=\"form1\" data-trp-original-action=\"\/TNG\/processlogin.php\">\n<div class=\"normal\">\n<div class=\"nw\" id=\"loginblock\">\n<div class=\"loginprompt\">Username: <\/div>\n<p>\t\t<input type=\"text\" name=\"tngusername\" class=\"loginfont medfield\" id=\"tngusername\" size=\"15\"><\/p>\n<div class=\"loginprompt\">Password: <\/div>\n<p>\t\t<input type=\"password\" name=\"tngpassword\" class=\"loginfont field\" id=\"tngpassword\" size=\"15\"><\/p>\n<div id=\"resetrow\" style=\"display:none\">\n<div class=\"loginprompt\">Nieuw wachtwoord: <\/div>\n<p>\t\t\t<input type=\"password\" name=\"newpassword\" class=\"medfield\" id=\"newpassword\">\n\t\t<\/div>\n<\/p><\/div>\n<div class=\"login-options\">\n\t\t<input type=\"checkbox\" name=\"remember\" value=\"1\"> Onthouden<br \/>\n\t\t<input type=\"checkbox\" name=\"resetpass\" value=\"1\" onclick=\"if(this.checked) {document.getElementById('resetrow').style.display='';} else {document.getElementById('resetrow').style.display='none';}\"> Wijzigen<\/div>\n<p>\n<a href=\"https:\/\/van-dorsten.eu\/TNG\/login.php\" class=\"btn\" value=\"Registreren\">Wachtwoord vergeten<\/a><\/p>\n<div>\n\t\t<input type=\"submit\" class=\"btn\" value=\"Aanmelden\"><br \/>\n<a href=\"https:\/\/van-dorsten.eu\/TNG\/newacctform.php\" class=\"btn\" value=\"Registreren\">Registreren<\/a><\/p>\n<\/p><\/div>\n<\/div>\n<input type=\"hidden\" name=\"trp-form-language\" value=\"de\"\/><\/form>\n<h3>Zoeken<\/h3>\n<p><\/p>\n<form method=\"get\" action=\"\/TNG\/search.php\" data-trp-original-action=\"\/TNG\/search.php\">\n<div class=\"normal\">\n<div class=\"nw\" id=\"stamboom\">\n<div class=\"loginprompt\">Stamboom<\/div>\n<td class=\"databack\">\n\t\t<select name=\"tree\" id=\"treeselect\" onchange=\"var tree=getTree(this); if( !tree ) tree = 'none'; swapBranches(document.search);\"><option value=\"-x--all--x-\" selected=\"selected\">Alle stambomen<\/option><option value=\"Dordrecht\">Dordrecht<\/option><option value=\"FT01\">Steenwijk<\/option><\/select><br \/>\n\t\t\t\t<select name=\"branch\" id=\"branch\"><option value=\"\">Alle takken<\/option><\/select><\/p>\n<div class=\"voornaam\">Voornaam<\/div>\n<p>\t\t<input type=\"hidden\" value=\"AND\" name=\"mybool\" \/><br \/>\n\t\t\t\t<input name=\"myfirstname\" type=\"text\" id=\"myfirstname\" size=\"15\"\/><\/p>\n<div class=\"achternaam\">Achternaam<\/div>\n<p>\t\t<input name=\"mylastname\" type=\"text\" id=\"mylastname\" size=\"15\" \/><\/p>\n<p>\t\t<input type=\"submit\" name=\"search\" value=\"Zoeken\"><\/p>\n<p>\t\t<span class=\"normal\"><a href=\"\/TNG\/searchform.php\">Geavanceerd zoeken<\/a><\/span>\n\t<\/div>\n<\/div>\n<input type=\"hidden\" name=\"trp-form-language\" value=\"de\"\/><\/form>\n<h3>Website<\/h3>\n<p><\/p>\n<form role=\"search\" method=\"get\" action=\"https:\/\/van-dorsten.eu\/de\/\" class=\"wp-block-search__button-outside wp-block-search__text-button wp-block-search\" data-trp-original-action=\"https:\/\/van-dorsten.eu\/\">\n<div class=\"wp-block-search__inside-wrapper\"><input type=\"search\" id=\"wp-block-search__input-1\" class=\"wp-block-search__input\" name=\"s\" value=\"\" placeholder=\"Type om te zoeken op de website\" required=\"\"><button type=\"submit\" class=\"wp-block-search__button\">Zoeken<\/button><\/div>\n<input type=\"hidden\" name=\"trp-form-language\" value=\"de\"\/><\/form>\n\t\t\t\t<\/div>\n\t\t\t\t<\/div>\n\t\t\t\t\t<\/div>\n\t\t<\/div>\n\t\t\t\t\t<\/div>\n\t\t<\/section>\n\t\t\t\t<\/div>","protected":false},"excerpt":{"rendered":"<p>Genealogie \u00a0 Person \u2013 Diese Option (entspricht der erweiterten Suche) bietet einen Bildschirm, auf dem Sie anhand verschiedener Daten nach Personen suchen k\u00f6nnen. Die genannten Daten sprechen f\u00fcr sich, aber Sie k\u00f6nnen auf verschiedene Weise nach dem Inhalt dieser Daten suchen. Diese sind unten aufgef\u00fchrt, aber nicht alle Optionen sind mit allen Daten m\u00f6glich: Enth\u00e4lt, &hellip;<\/p>\n<p class=\"read-more\"> <a class=\"\" href=\"https:\/\/van-dorsten.eu\/de\/genealogie\/?lang=de\"> <span class=\"screen-reader-text\">Genealogie<\/span> Read More \u00bb<\/a><\/p>","protected":false},"author":1,"featured_media":0,"parent":0,"menu_order":0,"comment_status":"closed","ping_status":"closed","template":"elementor_header_footer","meta":{"site-sidebar-layout":"no-sidebar","site-content-layout":"page-builder","ast-main-header-display":"","ast-hfb-above-header-display":"","ast-hfb-below-header-display":"","ast-hfb-mobile-header-display":"","site-post-title":"disabled","ast-breadcrumbs-content":"","ast-featured-img":"disabled","footer-sml-layout":"","theme-transparent-header-meta":"default","adv-header-id-meta":"","stick-header-meta":"","header-above-stick-meta":"","header-main-stick-meta":"","header-below-stick-meta":"","footnotes":""},"yoast_head":"<!-- This site is optimized with the Yoast SEO plugin v24.5 - https:\/\/yoast.com\/wordpress\/plugins\/seo\/ -->\n<title>Genealogie -<\/title>\n<meta name=\"robots\" content=\"index, follow, max-snippet:-1, max-image-preview:large, max-video-preview:-1\" \/>\n<link rel=\"canonical\" href=\"https:\/\/van-dorsten.eu\/de\/genealogy\/\" \/>\n<meta property=\"og:locale\" content=\"de_DE\" \/>\n<meta property=\"og:type\" content=\"article\" \/>\n<meta property=\"og:title\" content=\"Genealogie -\" \/>\n<meta property=\"og:description\" content=\"Genealogie \u00a0 Person \u2013 Diese Option (entspricht der erweiterten Suche) bietet einen Bildschirm, auf dem Sie anhand verschiedener Daten nach Personen suchen k\u00f6nnen. Die genannten Daten sprechen f\u00fcr sich, aber Sie k\u00f6nnen auf verschiedene Weise nach dem Inhalt dieser Daten suchen. Diese sind unten aufgef\u00fchrt, aber nicht alle Optionen sind mit allen Daten m\u00f6glich: Enth\u00e4lt, &hellip; Genealogie Read More \u00bb\" \/>\n<meta property=\"og:url\" content=\"https:\/\/van-dorsten.eu\/de\/genealogy\/?lang=en\" \/>\n<meta property=\"article:modified_time\" content=\"2022-02-16T19:25:28+00:00\" \/>\n<meta property=\"og:image\" content=\"https:\/\/van-dorsten.eu\/wp-content\/uploads\/2022\/01\/Genealogy-794x1024.jpg\" \/>\n<meta name=\"twitter:card\" content=\"summary_large_image\" \/>\n<meta name=\"twitter:label1\" content=\"Gesch\u00e4tzte Lesezeit\" \/>\n\t<meta name=\"twitter:data1\" content=\"2\u00a0Minuten\" \/>\n<script type=\"application\/ld+json\" class=\"yoast-schema-graph\">{\"@context\":\"https:\/\/schema.org\",\"@graph\":[{\"@type\":\"WebPage\",\"@id\":\"https:\/\/van-dorsten.eu\/genealogy\/?lang=en\",\"url\":\"https:\/\/van-dorsten.eu\/genealogy\/?lang=en\",\"name\":\"Genealogie -\",\"isPartOf\":{\"@id\":\"https:\/\/van-dorsten.eu\/de\/#website\"},\"primaryImageOfPage\":{\"@id\":\"https:\/\/van-dorsten.eu\/genealogy\/?lang=en#primaryimage\"},\"image\":{\"@id\":\"https:\/\/van-dorsten.eu\/genealogy\/?lang=en#primaryimage\"},\"thumbnailUrl\":\"https:\/\/van-dorsten.eu\/wp-content\/uploads\/2022\/01\/Genealogy-794x1024.jpg\",\"datePublished\":\"2020-12-28T23:27:41+00:00\",\"dateModified\":\"2022-02-16T19:25:28+00:00\",\"breadcrumb\":{\"@id\":\"https:\/\/van-dorsten.eu\/genealogy\/?lang=en#breadcrumb\"},\"inLanguage\":\"de\",\"potentialAction\":[{\"@type\":\"ReadAction\",\"target\":[\"https:\/\/van-dorsten.eu\/genealogy\/?lang=en\"]}]},{\"@type\":\"ImageObject\",\"inLanguage\":\"de\",\"@id\":\"https:\/\/van-dorsten.eu\/genealogy\/?lang=en#primaryimage\",\"url\":\"https:\/\/van-dorsten.eu\/wp-content\/uploads\/2022\/01\/Genealogy-794x1024.jpg\",\"contentUrl\":\"https:\/\/van-dorsten.eu\/wp-content\/uploads\/2022\/01\/Genealogy-794x1024.jpg\"},{\"@type\":\"BreadcrumbList\",\"@id\":\"https:\/\/van-dorsten.eu\/genealogy\/?lang=en#breadcrumb\",\"itemListElement\":[{\"@type\":\"ListItem\",\"position\":1,\"name\":\"Home\",\"item\":\"https:\/\/van-dorsten.eu\/\"},{\"@type\":\"ListItem\",\"position\":2,\"name\":\"Genealogie\"}]},{\"@type\":\"WebSite\",\"@id\":\"https:\/\/van-dorsten.eu\/de\/#website\",\"url\":\"https:\/\/van-dorsten.eu\/de\/\",\"name\":\"\",\"description\":\"Genealogie\",\"potentialAction\":[{\"@type\":\"SearchAction\",\"target\":{\"@type\":\"EntryPoint\",\"urlTemplate\":\"https:\/\/van-dorsten.eu\/de\/?s={search_term_string}\"},\"query-input\":{\"@type\":\"PropertyValueSpecification\",\"valueRequired\":true,\"valueName\":\"search_term_string\"}}],\"inLanguage\":\"de\"}]}<\/script>\n<!-- \/ Yoast SEO plugin. -->","yoast_head_json":{"title":"Genealogie -","robots":{"index":"index","follow":"follow","max-snippet":"max-snippet:-1","max-image-preview":"max-image-preview:large","max-video-preview":"max-video-preview:-1"},"canonical":"https:\/\/van-dorsten.eu\/de\/genealogy\/","og_locale":"de_DE","og_type":"article","og_title":"Genealogie -","og_description":"Genealogie \u00a0 Person \u2013 Diese Option (entspricht der erweiterten Suche) bietet einen Bildschirm, auf dem Sie anhand verschiedener Daten nach Personen suchen k\u00f6nnen. Die genannten Daten sprechen f\u00fcr sich, aber Sie k\u00f6nnen auf verschiedene Weise nach dem Inhalt dieser Daten suchen. Diese sind unten aufgef\u00fchrt, aber nicht alle Optionen sind mit allen Daten m\u00f6glich: Enth\u00e4lt, &hellip; Genealogie Read More \u00bb","og_url":"https:\/\/van-dorsten.eu\/de\/genealogy\/?lang=en","article_modified_time":"2022-02-16T19:25:28+00:00","og_image":[{"url":"https:\/\/van-dorsten.eu\/wp-content\/uploads\/2022\/01\/Genealogy-794x1024.jpg","type":"","width":"","height":""}],"twitter_card":"summary_large_image","twitter_misc":{"Gesch\u00e4tzte Lesezeit":"2\u00a0Minuten"},"schema":{"@context":"https:\/\/schema.org","@graph":[{"@type":"WebPage","@id":"https:\/\/van-dorsten.eu\/genealogy\/?lang=en","url":"https:\/\/van-dorsten.eu\/genealogy\/?lang=en","name":"Genealogie -","isPartOf":{"@id":"https:\/\/van-dorsten.eu\/de\/#website"},"primaryImageOfPage":{"@id":"https:\/\/van-dorsten.eu\/genealogy\/?lang=en#primaryimage"},"image":{"@id":"https:\/\/van-dorsten.eu\/genealogy\/?lang=en#primaryimage"},"thumbnailUrl":"https:\/\/van-dorsten.eu\/wp-content\/uploads\/2022\/01\/Genealogy-794x1024.jpg","datePublished":"2020-12-28T23:27:41+00:00","dateModified":"2022-02-16T19:25:28+00:00","breadcrumb":{"@id":"https:\/\/van-dorsten.eu\/genealogy\/?lang=en#breadcrumb"},"inLanguage":"de","potentialAction":[{"@type":"ReadAction","target":["https:\/\/van-dorsten.eu\/genealogy\/?lang=en"]}]},{"@type":"ImageObject","inLanguage":"de","@id":"https:\/\/van-dorsten.eu\/genealogy\/?lang=en#primaryimage","url":"https:\/\/van-dorsten.eu\/wp-content\/uploads\/2022\/01\/Genealogy-794x1024.jpg","contentUrl":"https:\/\/van-dorsten.eu\/wp-content\/uploads\/2022\/01\/Genealogy-794x1024.jpg"},{"@type":"BreadcrumbList","@id":"https:\/\/van-dorsten.eu\/genealogy\/?lang=en#breadcrumb","itemListElement":[{"@type":"ListItem","position":1,"name":"Home","item":"https:\/\/van-dorsten.eu\/"},{"@type":"ListItem","position":2,"name":"Genealogie"}]},{"@type":"WebSite","@id":"https:\/\/van-dorsten.eu\/de\/#website","url":"https:\/\/van-dorsten.eu\/de\/","name":"","description":"Genealogie","potentialAction":[{"@type":"SearchAction","target":{"@type":"EntryPoint","urlTemplate":"https:\/\/van-dorsten.eu\/de\/?s={search_term_string}"},"query-input":{"@type":"PropertyValueSpecification","valueRequired":true,"valueName":"search_term_string"}}],"inLanguage":"de"}]}},"_links":{"self":[{"href":"https:\/\/van-dorsten.eu\/de\/wp-json\/wp\/v2\/pages\/2371"}],"collection":[{"href":"https:\/\/van-dorsten.eu\/de\/wp-json\/wp\/v2\/pages"}],"about":[{"href":"https:\/\/van-dorsten.eu\/de\/wp-json\/wp\/v2\/types\/page"}],"author":[{"embeddable":true,"href":"https:\/\/van-dorsten.eu\/de\/wp-json\/wp\/v2\/users\/1"}],"replies":[{"embeddable":true,"href":"https:\/\/van-dorsten.eu\/de\/wp-json\/wp\/v2\/comments?post=2371"}],"version-history":[{"count":10,"href":"https:\/\/van-dorsten.eu\/de\/wp-json\/wp\/v2\/pages\/2371\/revisions"}],"predecessor-version":[{"id":4210,"href":"https:\/\/van-dorsten.eu\/de\/wp-json\/wp\/v2\/pages\/2371\/revisions\/4210"}],"wp:attachment":[{"href":"https:\/\/van-dorsten.eu\/de\/wp-json\/wp\/v2\/media?parent=2371"}],"curies":[{"name":"wp","href":"https:\/\/api.w.org\/{rel}","templated":true}]}}