{"id":2367,"date":"2020-12-29T00:20:28","date_gmt":"2020-12-28T23:20:28","guid":{"rendered":"https:\/\/van-dorsten.eu\/?page_id=2367"},"modified":"2022-02-22T21:05:43","modified_gmt":"2022-02-22T20:05:43","slug":"aktivitaeten","status":"publish","type":"page","link":"https:\/\/van-dorsten.eu\/de\/aktuell\/aktivitaeten\/?lang=de","title":{"rendered":"Aktivit\u00e4ten"},"content":{"rendered":"<div data-elementor-type=\"wp-page\" data-elementor-id=\"2367\" class=\"elementor elementor-2367\">\n\t\t\t\t\t\t<section class=\"elementor-section elementor-top-section elementor-element elementor-element-10b67db3 elementor-section-boxed elementor-section-height-default elementor-section-height-default\" data-id=\"10b67db3\" data-element_type=\"section\">\n\t\t\t\t\t\t<div class=\"elementor-container elementor-column-gap-default\">\n\t\t\t\t\t<div class=\"elementor-column elementor-col-50 elementor-top-column elementor-element elementor-element-15341fbd\" data-id=\"15341fbd\" data-element_type=\"column\" data-settings=\"{&quot;background_background&quot;:&quot;classic&quot;}\">\n\t\t\t<div class=\"elementor-widget-wrap elementor-element-populated\">\n\t\t\t\t\t\t<div class=\"elementor-element elementor-element-44b1900b elementor-widget elementor-widget-text-editor\" data-id=\"44b1900b\" data-element_type=\"widget\" data-widget_type=\"text-editor.default\">\n\t\t\t\t<div class=\"elementor-widget-container\">\n\t\t\t\t\t\t\t\t\t<h4 style=\"text-align: center;\"><span style=\"color: #0000ff;\"><strong>Aktuell &#8211; Aktivit\u00e4ten<\/strong><\/span><\/h4><p>\u00a0<\/p><p>Diese Seite soll alle Aktivit\u00e4ten im Zusammenhang mit Familientreffen, Zusammenk\u00fcnften und anderen stammbaumorientierten Zusammenk\u00fcnften anzeigen. Jeder aus einem der Stammb\u00e4ume kann Aktivit\u00e4ten registrieren, anzeigen, f\u00fcr welchen Stammbaum (Zweig) dies gilt, wer willkommen ist, wo es organisiert wird und was die Aktivit\u00e4t beinhaltet.<\/p><p>Ist die Aktivit\u00e4t abgeschlossen, k\u00f6nnen hier auch Berichte und Fotos angezeigt werden. Wenn viele Aktivit\u00e4ten entwickelt werden, wird ein separates Plug-In installiert, um diese Aktivit\u00e4ten zu verwalten. Dies funktioniert auf Basis eines Kalenders mit allen dazugeh\u00f6rigen Funktionen.<\/p><p>Wenn jemand eine Aktivit\u00e4t organisieren und hier erw\u00e4hnen m\u00f6chte, wenden Sie sich bitte an den Webmaster.<\/p>\t\t\t\t\t\t\t\t<\/div>\n\t\t\t\t<\/div>\n\t\t\t\t\t<\/div>\n\t\t<\/div>\n\t\t\t\t<div class=\"elementor-column elementor-col-50 elementor-top-column elementor-element elementor-element-551e42b\" data-id=\"551e42b\" data-element_type=\"column\" data-settings=\"{&quot;background_background&quot;:&quot;classic&quot;}\">\n\t\t\t<div class=\"elementor-widget-wrap elementor-element-populated\">\n\t\t\t\t\t\t<div class=\"elementor-element elementor-element-a237dab elementor-widget elementor-widget-sidebar\" data-id=\"a237dab\" data-element_type=\"widget\" data-widget_type=\"sidebar.default\">\n\t\t\t\t<div class=\"elementor-widget-container\">\n\t\t\t\t\t<h3>Account<\/h3>\n<p><\/p>\n<form action=\"\/TNG\/processlogin.php\" method=\"post\" name=\"form1\" data-trp-original-action=\"\/TNG\/processlogin.php\">\n<div class=\"normal\">\n<div class=\"nw\" id=\"loginblock\">\n<div class=\"loginprompt\">Username: <\/div>\n<p>\t\t<input type=\"text\" name=\"tngusername\" class=\"loginfont medfield\" id=\"tngusername\" size=\"15\"><\/p>\n<div class=\"loginprompt\">Password: <\/div>\n<p>\t\t<input type=\"password\" name=\"tngpassword\" class=\"loginfont field\" id=\"tngpassword\" size=\"15\"><\/p>\n<div id=\"resetrow\" style=\"display:none\">\n<div class=\"loginprompt\">Nieuw wachtwoord: <\/div>\n<p>\t\t\t<input type=\"password\" name=\"newpassword\" class=\"medfield\" id=\"newpassword\">\n\t\t<\/div>\n<\/p><\/div>\n<div class=\"login-options\">\n\t\t<input type=\"checkbox\" name=\"remember\" value=\"1\"> Onthouden<br \/>\n\t\t<input type=\"checkbox\" name=\"resetpass\" value=\"1\" onclick=\"if(this.checked) {document.getElementById('resetrow').style.display='';} else {document.getElementById('resetrow').style.display='none';}\"> Wijzigen<\/div>\n<p>\n<a href=\"https:\/\/van-dorsten.eu\/TNG\/login.php\" class=\"btn\" value=\"Registreren\">Wachtwoord vergeten<\/a><\/p>\n<div>\n\t\t<input type=\"submit\" class=\"btn\" value=\"Aanmelden\"><br \/>\n<a href=\"https:\/\/van-dorsten.eu\/TNG\/newacctform.php\" class=\"btn\" value=\"Registreren\">Registreren<\/a><\/p>\n<\/p><\/div>\n<\/div>\n<input type=\"hidden\" name=\"trp-form-language\" value=\"de\"\/><\/form>\n<h3>Zoeken<\/h3>\n<p><\/p>\n<form method=\"get\" action=\"\/TNG\/search.php\" data-trp-original-action=\"\/TNG\/search.php\">\n<div class=\"normal\">\n<div class=\"nw\" id=\"stamboom\">\n<div class=\"loginprompt\">Stamboom<\/div>\n<td class=\"databack\">\n\t\t<select name=\"tree\" id=\"treeselect\" onchange=\"var tree=getTree(this); if( !tree ) tree = 'none'; swapBranches(document.search);\"><option value=\"-x--all--x-\" selected=\"selected\">Alle stambomen<\/option><option value=\"Dordrecht\">Dordrecht<\/option><option value=\"FT01\">Steenwijk<\/option><\/select><br \/>\n\t\t\t\t<select name=\"branch\" id=\"branch\"><option value=\"\">Alle takken<\/option><\/select><\/p>\n<div class=\"voornaam\">Voornaam<\/div>\n<p>\t\t<input type=\"hidden\" value=\"AND\" name=\"mybool\" \/><br \/>\n\t\t\t\t<input name=\"myfirstname\" type=\"text\" id=\"myfirstname\" size=\"15\"\/><\/p>\n<div class=\"achternaam\">Achternaam<\/div>\n<p>\t\t<input name=\"mylastname\" type=\"text\" id=\"mylastname\" size=\"15\" \/><\/p>\n<p>\t\t<input type=\"submit\" name=\"search\" value=\"Zoeken\"><\/p>\n<p>\t\t<span class=\"normal\"><a href=\"\/TNG\/searchform.php\">Geavanceerd zoeken<\/a><\/span>\n\t<\/div>\n<\/div>\n<input type=\"hidden\" name=\"trp-form-language\" value=\"de\"\/><\/form>\n<h3>Website<\/h3>\n<p><\/p>\n<form role=\"search\" method=\"get\" action=\"https:\/\/van-dorsten.eu\/de\/\" class=\"wp-block-search__button-outside wp-block-search__text-button wp-block-search\" data-trp-original-action=\"https:\/\/van-dorsten.eu\/\">\n<div class=\"wp-block-search__inside-wrapper\"><input type=\"search\" id=\"wp-block-search__input-1\" class=\"wp-block-search__input\" name=\"s\" value=\"\" placeholder=\"Type om te zoeken op de website\" required=\"\"><button type=\"submit\" class=\"wp-block-search__button\">Zoeken<\/button><\/div>\n<input type=\"hidden\" name=\"trp-form-language\" value=\"de\"\/><\/form>\n\t\t\t\t<\/div>\n\t\t\t\t<\/div>\n\t\t\t\t\t<\/div>\n\t\t<\/div>\n\t\t\t\t\t<\/div>\n\t\t<\/section>\n\t\t\t\t<\/div>","protected":false},"excerpt":{"rendered":"<p>Aktuell &#8211; Aktivit\u00e4ten \u00a0 Diese Seite soll alle Aktivit\u00e4ten im Zusammenhang mit Familientreffen, Zusammenk\u00fcnften und anderen stammbaumorientierten Zusammenk\u00fcnften anzeigen. Jeder aus einem der Stammb\u00e4ume kann Aktivit\u00e4ten registrieren, anzeigen, f\u00fcr welchen Stammbaum (Zweig) dies gilt, wer willkommen ist, wo es organisiert wird und was die Aktivit\u00e4t beinhaltet. Ist die Aktivit\u00e4t abgeschlossen, k\u00f6nnen hier auch Berichte und &hellip;<\/p>\n<p class=\"read-more\"> <a class=\"\" href=\"https:\/\/van-dorsten.eu\/de\/aktuell\/aktivitaeten\/?lang=de\"> <span class=\"screen-reader-text\">Aktivit\u00e4ten<\/span> Read More \u00bb<\/a><\/p>","protected":false},"author":1,"featured_media":0,"parent":2363,"menu_order":0,"comment_status":"closed","ping_status":"closed","template":"elementor_header_footer","meta":{"site-sidebar-layout":"default","site-content-layout":"default","ast-main-header-display":"","ast-hfb-above-header-display":"","ast-hfb-below-header-display":"","ast-hfb-mobile-header-display":"","site-post-title":"","ast-breadcrumbs-content":"","ast-featured-img":"","footer-sml-layout":"","theme-transparent-header-meta":"default","adv-header-id-meta":"","stick-header-meta":"","header-above-stick-meta":"","header-main-stick-meta":"","header-below-stick-meta":"","footnotes":""},"yoast_head":"<!-- This site is optimized with the Yoast SEO plugin v24.5 - https:\/\/yoast.com\/wordpress\/plugins\/seo\/ -->\n<title>Aktivit\u00e4ten -<\/title>\n<meta name=\"robots\" content=\"index, follow, max-snippet:-1, max-image-preview:large, max-video-preview:-1\" \/>\n<link rel=\"canonical\" href=\"https:\/\/van-dorsten.eu\/de\/actueel\/activiteiten\/\" \/>\n<meta property=\"og:locale\" content=\"de_DE\" \/>\n<meta property=\"og:type\" content=\"article\" \/>\n<meta property=\"og:title\" content=\"Aktivit\u00e4ten -\" \/>\n<meta property=\"og:description\" content=\"Aktuell &#8211; Aktivit\u00e4ten \u00a0 Diese Seite soll alle Aktivit\u00e4ten im Zusammenhang mit Familientreffen, Zusammenk\u00fcnften und anderen stammbaumorientierten Zusammenk\u00fcnften anzeigen. Jeder aus einem der Stammb\u00e4ume kann Aktivit\u00e4ten registrieren, anzeigen, f\u00fcr welchen Stammbaum (Zweig) dies gilt, wer willkommen ist, wo es organisiert wird und was die Aktivit\u00e4t beinhaltet. Ist die Aktivit\u00e4t abgeschlossen, k\u00f6nnen hier auch Berichte und &hellip; Aktivit\u00e4ten Read More \u00bb\" \/>\n<meta property=\"og:url\" content=\"https:\/\/van-dorsten.eu\/de\/actueel\/activiteiten\/\" \/>\n<meta property=\"article:modified_time\" content=\"2022-02-22T20:05:43+00:00\" \/>\n<meta name=\"twitter:card\" content=\"summary_large_image\" \/>\n<meta name=\"twitter:label1\" content=\"Gesch\u00e4tzte Lesezeit\" \/>\n\t<meta name=\"twitter:data1\" content=\"1\u00a0Minute\" \/>\n<script type=\"application\/ld+json\" class=\"yoast-schema-graph\">{\"@context\":\"https:\/\/schema.org\",\"@graph\":[{\"@type\":\"WebPage\",\"@id\":\"https:\/\/van-dorsten.eu\/actueel\/activiteiten\/\",\"url\":\"https:\/\/van-dorsten.eu\/actueel\/activiteiten\/\",\"name\":\"Aktivit\u00e4ten -\",\"isPartOf\":{\"@id\":\"https:\/\/van-dorsten.eu\/de\/#website\"},\"datePublished\":\"2020-12-28T23:20:28+00:00\",\"dateModified\":\"2022-02-22T20:05:43+00:00\",\"breadcrumb\":{\"@id\":\"https:\/\/van-dorsten.eu\/actueel\/activiteiten\/#breadcrumb\"},\"inLanguage\":\"de\",\"potentialAction\":[{\"@type\":\"ReadAction\",\"target\":[\"https:\/\/van-dorsten.eu\/actueel\/activiteiten\/\"]}]},{\"@type\":\"BreadcrumbList\",\"@id\":\"https:\/\/van-dorsten.eu\/actueel\/activiteiten\/#breadcrumb\",\"itemListElement\":[{\"@type\":\"ListItem\",\"position\":1,\"name\":\"Home\",\"item\":\"https:\/\/van-dorsten.eu\/\"},{\"@type\":\"ListItem\",\"position\":2,\"name\":\"Aktuelle Information\",\"item\":\"https:\/\/van-dorsten.eu\/aktuell\/?lang=de\"},{\"@type\":\"ListItem\",\"position\":3,\"name\":\"Aktivit\u00e4ten\"}]},{\"@type\":\"WebSite\",\"@id\":\"https:\/\/van-dorsten.eu\/de\/#website\",\"url\":\"https:\/\/van-dorsten.eu\/de\/\",\"name\":\"\",\"description\":\"Genealogie\",\"potentialAction\":[{\"@type\":\"SearchAction\",\"target\":{\"@type\":\"EntryPoint\",\"urlTemplate\":\"https:\/\/van-dorsten.eu\/de\/?s={search_term_string}\"},\"query-input\":{\"@type\":\"PropertyValueSpecification\",\"valueRequired\":true,\"valueName\":\"search_term_string\"}}],\"inLanguage\":\"de\"}]}<\/script>\n<!-- \/ Yoast SEO plugin. -->","yoast_head_json":{"title":"Aktivit\u00e4ten -","robots":{"index":"index","follow":"follow","max-snippet":"max-snippet:-1","max-image-preview":"max-image-preview:large","max-video-preview":"max-video-preview:-1"},"canonical":"https:\/\/van-dorsten.eu\/de\/actueel\/activiteiten\/","og_locale":"de_DE","og_type":"article","og_title":"Aktivit\u00e4ten -","og_description":"Aktuell &#8211; Aktivit\u00e4ten \u00a0 Diese Seite soll alle Aktivit\u00e4ten im Zusammenhang mit Familientreffen, Zusammenk\u00fcnften und anderen stammbaumorientierten Zusammenk\u00fcnften anzeigen. Jeder aus einem der Stammb\u00e4ume kann Aktivit\u00e4ten registrieren, anzeigen, f\u00fcr welchen Stammbaum (Zweig) dies gilt, wer willkommen ist, wo es organisiert wird und was die Aktivit\u00e4t beinhaltet. Ist die Aktivit\u00e4t abgeschlossen, k\u00f6nnen hier auch Berichte und &hellip; Aktivit\u00e4ten Read More \u00bb","og_url":"https:\/\/van-dorsten.eu\/de\/actueel\/activiteiten\/","article_modified_time":"2022-02-22T20:05:43+00:00","twitter_card":"summary_large_image","twitter_misc":{"Gesch\u00e4tzte Lesezeit":"1\u00a0Minute"},"schema":{"@context":"https:\/\/schema.org","@graph":[{"@type":"WebPage","@id":"https:\/\/van-dorsten.eu\/actueel\/activiteiten\/","url":"https:\/\/van-dorsten.eu\/actueel\/activiteiten\/","name":"Aktivit\u00e4ten -","isPartOf":{"@id":"https:\/\/van-dorsten.eu\/de\/#website"},"datePublished":"2020-12-28T23:20:28+00:00","dateModified":"2022-02-22T20:05:43+00:00","breadcrumb":{"@id":"https:\/\/van-dorsten.eu\/actueel\/activiteiten\/#breadcrumb"},"inLanguage":"de","potentialAction":[{"@type":"ReadAction","target":["https:\/\/van-dorsten.eu\/actueel\/activiteiten\/"]}]},{"@type":"BreadcrumbList","@id":"https:\/\/van-dorsten.eu\/actueel\/activiteiten\/#breadcrumb","itemListElement":[{"@type":"ListItem","position":1,"name":"Home","item":"https:\/\/van-dorsten.eu\/"},{"@type":"ListItem","position":2,"name":"Aktuelle Information","item":"https:\/\/van-dorsten.eu\/aktuell\/?lang=de"},{"@type":"ListItem","position":3,"name":"Aktivit\u00e4ten"}]},{"@type":"WebSite","@id":"https:\/\/van-dorsten.eu\/de\/#website","url":"https:\/\/van-dorsten.eu\/de\/","name":"","description":"Genealogie","potentialAction":[{"@type":"SearchAction","target":{"@type":"EntryPoint","urlTemplate":"https:\/\/van-dorsten.eu\/de\/?s={search_term_string}"},"query-input":{"@type":"PropertyValueSpecification","valueRequired":true,"valueName":"search_term_string"}}],"inLanguage":"de"}]}},"_links":{"self":[{"href":"https:\/\/van-dorsten.eu\/de\/wp-json\/wp\/v2\/pages\/2367"}],"collection":[{"href":"https:\/\/van-dorsten.eu\/de\/wp-json\/wp\/v2\/pages"}],"about":[{"href":"https:\/\/van-dorsten.eu\/de\/wp-json\/wp\/v2\/types\/page"}],"author":[{"embeddable":true,"href":"https:\/\/van-dorsten.eu\/de\/wp-json\/wp\/v2\/users\/1"}],"replies":[{"embeddable":true,"href":"https:\/\/van-dorsten.eu\/de\/wp-json\/wp\/v2\/comments?post=2367"}],"version-history":[{"count":7,"href":"https:\/\/van-dorsten.eu\/de\/wp-json\/wp\/v2\/pages\/2367\/revisions"}],"predecessor-version":[{"id":4279,"href":"https:\/\/van-dorsten.eu\/de\/wp-json\/wp\/v2\/pages\/2367\/revisions\/4279"}],"up":[{"embeddable":true,"href":"https:\/\/van-dorsten.eu\/de\/wp-json\/wp\/v2\/pages\/2363"}],"wp:attachment":[{"href":"https:\/\/van-dorsten.eu\/de\/wp-json\/wp\/v2\/media?parent=2367"}],"curies":[{"name":"wp","href":"https:\/\/api.w.org\/{rel}","templated":true}]}}