{"id":1402,"date":"2018-12-16T01:28:30","date_gmt":"2018-12-16T00:28:30","guid":{"rendered":"http:\/\/van-dorsten.eu\/?page_id=1402"},"modified":"2021-03-20T00:14:22","modified_gmt":"2021-03-19T23:14:22","slug":"personen","status":"publish","type":"page","link":"https:\/\/van-dorsten.eu\/de\/aktuell\/personen\/?lang=de","title":{"rendered":"Personen"},"content":{"rendered":"<div data-elementor-type=\"wp-page\" data-elementor-id=\"1402\" class=\"elementor elementor-1402\">\n\t\t\t\t\t\t<section class=\"elementor-section elementor-top-section elementor-element elementor-element-436e5304 elementor-section-boxed elementor-section-height-default elementor-section-height-default\" data-id=\"436e5304\" data-element_type=\"section\">\n\t\t\t\t\t\t<div class=\"elementor-container elementor-column-gap-default\">\n\t\t\t\t\t<div class=\"elementor-column elementor-col-33 elementor-top-column elementor-element elementor-element-6bc48c2d\" data-id=\"6bc48c2d\" data-element_type=\"column\" data-settings=\"{&quot;background_background&quot;:&quot;classic&quot;}\">\n\t\t\t<div class=\"elementor-widget-wrap elementor-element-populated\">\n\t\t\t\t\t\t<div class=\"elementor-element elementor-element-40428eb1 elementor-widget elementor-widget-text-editor\" data-id=\"40428eb1\" data-element_type=\"widget\" data-widget_type=\"text-editor.default\">\n\t\t\t\t<div class=\"elementor-widget-container\">\n\t\t\t\t\t\t\t\t\t<h4 style=\"text-align: center;\"><span style=\"color: #0000ff;\"><strong>Aktuell &#8211; Personen<\/strong><\/span><\/h4><p><br \/>Es wurden verschiedene Versuche unternommen, alle lebenden Van Dorstens irgendwo auf der Welt zu finden. Hierf\u00fcr wurden verschiedene Medien verwendet. Die meisten von ihnen wurden \u00fcber soziale Medien angesprochen: Eine Freundschaftsanfrage wurde (soweit m\u00f6glich) \u00fcber Facebook an alle gesendet. Die Menschen wurden gezielt \u00fcber den Facebook-Chat angesprochen. Ein gro\u00dfer Teil von ihnen hat dies ebenfalls akzeptiert. Die Fremden wurden \u00fcber LinkedIn mit Nachnamen angesprochen und es wurde auch Instagram verwendet.<\/p><p>Dar\u00fcber hinaus wurde Van Dorstens \u00fcber das Internet \u00fcberall auf der Welt gesucht und, falls unbekannt, auch angesprochen (wenn m\u00f6glich) und befragt. Auf diese Weise gab es Kontakt zu vielen Nachkommen in den verschiedenen Stammb\u00e4umen und alle Stammb\u00e4ume wurden so ausf\u00fchrlich wie m\u00f6glich kartiert. Die \u00fcberwiegende Mehrheit der Nachkommen lebt in den Niederlanden, aber es gibt auch viele in den Vereinigten Staaten und betr\u00e4chtliche Niederlassungen in Deutschland, Kanada und Neuseeland. Und dann einige separate Erw\u00e4hnungen in anderen L\u00e4ndern.<\/p><p>Jeder, der geantwortet hat, wurde nach seiner Herkunft gefragt und auf diese Weise werden die meisten Filialen fertiggestellt. Dar\u00fcber hinaus ist eine vollst\u00e4ndige Liste aller Van Dorstens im Telefonverzeichnis der Niederlande von 1998 und 2018 verf\u00fcgbar. Diese wurde ebenfalls analysiert und es wurde versucht herauszufinden, wo alle Personen auf der Liste hingeh\u00f6ren (hier noch eine Nummer von blinden Flecken). Im Prinzip sind alle (noch) existierenden und \u00fcberlebenden Stammb\u00e4ume bekannt, aber theoretisch k\u00f6nnte es irgendwo noch einen kleinen unbekannten Zweig geben.<\/p><p>Die Facebook-Seite des Administrators wird nur verwendet, um alle diese Van Dorstens zu verbinden und um Informationen zum Stammbaum zu erhalten.<\/p>\t\t\t\t\t\t\t\t<\/div>\n\t\t\t\t<\/div>\n\t\t\t\t\t<\/div>\n\t\t<\/div>\n\t\t\t\t<div class=\"elementor-column elementor-col-33 elementor-top-column elementor-element elementor-element-a65e662\" data-id=\"a65e662\" data-element_type=\"column\" data-settings=\"{&quot;background_background&quot;:&quot;classic&quot;}\">\n\t\t\t<div class=\"elementor-widget-wrap elementor-element-populated\">\n\t\t\t\t\t\t<div class=\"elementor-element elementor-element-781f2ee elementor-shape-rounded elementor-grid-0 e-grid-align-center elementor-widget elementor-widget-social-icons\" data-id=\"781f2ee\" data-element_type=\"widget\" data-widget_type=\"social-icons.default\">\n\t\t\t\t<div class=\"elementor-widget-container\">\n\t\t\t\t\t\t\t<div class=\"elementor-social-icons-wrapper elementor-grid\">\n\t\t\t\t\t\t\t<span class=\"elementor-grid-item\">\n\t\t\t\t\t<a class=\"elementor-icon elementor-social-icon elementor-social-icon-facebook elementor-repeater-item-132daf9\" href=\"https:\/\/www.facebook.com\/gertjanvan.dorsten\" target=\"_blank\">\n\t\t\t\t\t\t<span class=\"elementor-screen-only\">Facebook<\/span>\n\t\t\t\t\t\t<i class=\"fab fa-facebook\"><\/i>\t\t\t\t\t<\/a>\n\t\t\t\t<\/span>\n\t\t\t\t\t<\/div>\n\t\t\t\t\t\t<\/div>\n\t\t\t\t<\/div>\n\t\t\t\t\t<\/div>\n\t\t<\/div>\n\t\t\t\t<div class=\"elementor-column elementor-col-33 elementor-top-column elementor-element elementor-element-afbca06\" data-id=\"afbca06\" data-element_type=\"column\" data-settings=\"{&quot;background_background&quot;:&quot;classic&quot;}\">\n\t\t\t<div class=\"elementor-widget-wrap elementor-element-populated\">\n\t\t\t\t\t\t<div class=\"elementor-element elementor-element-8ceae5d elementor-widget elementor-widget-sidebar\" data-id=\"8ceae5d\" data-element_type=\"widget\" data-widget_type=\"sidebar.default\">\n\t\t\t\t<div class=\"elementor-widget-container\">\n\t\t\t\t\t<h3>Account<\/h3>\n<p><\/p>\n<form action=\"\/TNG\/processlogin.php\" method=\"post\" name=\"form1\" data-trp-original-action=\"\/TNG\/processlogin.php\">\n<div class=\"normal\">\n<div class=\"nw\" id=\"loginblock\">\n<div class=\"loginprompt\">Username: <\/div>\n<p>\t\t<input type=\"text\" name=\"tngusername\" class=\"loginfont medfield\" id=\"tngusername\" size=\"15\"><\/p>\n<div class=\"loginprompt\">Password: <\/div>\n<p>\t\t<input type=\"password\" name=\"tngpassword\" class=\"loginfont field\" id=\"tngpassword\" size=\"15\"><\/p>\n<div id=\"resetrow\" style=\"display:none\">\n<div class=\"loginprompt\">Nieuw wachtwoord: <\/div>\n<p>\t\t\t<input type=\"password\" name=\"newpassword\" class=\"medfield\" id=\"newpassword\">\n\t\t<\/div>\n<\/p><\/div>\n<div class=\"login-options\">\n\t\t<input type=\"checkbox\" name=\"remember\" value=\"1\"> Onthouden<br \/>\n\t\t<input type=\"checkbox\" name=\"resetpass\" value=\"1\" onclick=\"if(this.checked) {document.getElementById('resetrow').style.display='';} else {document.getElementById('resetrow').style.display='none';}\"> Wijzigen<\/div>\n<p>\n<a href=\"https:\/\/van-dorsten.eu\/TNG\/login.php\" class=\"btn\" value=\"Registreren\">Wachtwoord vergeten<\/a><\/p>\n<div>\n\t\t<input type=\"submit\" class=\"btn\" value=\"Aanmelden\"><br \/>\n<a href=\"https:\/\/van-dorsten.eu\/TNG\/newacctform.php\" class=\"btn\" value=\"Registreren\">Registreren<\/a><\/p>\n<\/p><\/div>\n<\/div>\n<input type=\"hidden\" name=\"trp-form-language\" value=\"de\"\/><\/form>\n<h3>Zoeken<\/h3>\n<p><\/p>\n<form method=\"get\" action=\"\/TNG\/search.php\" data-trp-original-action=\"\/TNG\/search.php\">\n<div class=\"normal\">\n<div class=\"nw\" id=\"stamboom\">\n<div class=\"loginprompt\">Stamboom<\/div>\n<td class=\"databack\">\n\t\t<select name=\"tree\" id=\"treeselect\" onchange=\"var tree=getTree(this); if( !tree ) tree = 'none'; swapBranches(document.search);\"><option value=\"-x--all--x-\" selected=\"selected\">Alle stambomen<\/option><option value=\"Dordrecht\">Dordrecht<\/option><option value=\"FT01\">Steenwijk<\/option><\/select><br \/>\n\t\t\t\t<select name=\"branch\" id=\"branch\"><option value=\"\">Alle takken<\/option><\/select><\/p>\n<div class=\"voornaam\">Voornaam<\/div>\n<p>\t\t<input type=\"hidden\" value=\"AND\" name=\"mybool\" \/><br \/>\n\t\t\t\t<input name=\"myfirstname\" type=\"text\" id=\"myfirstname\" size=\"15\"\/><\/p>\n<div class=\"achternaam\">Achternaam<\/div>\n<p>\t\t<input name=\"mylastname\" type=\"text\" id=\"mylastname\" size=\"15\" \/><\/p>\n<p>\t\t<input type=\"submit\" name=\"search\" value=\"Zoeken\"><\/p>\n<p>\t\t<span class=\"normal\"><a href=\"\/TNG\/searchform.php\">Geavanceerd zoeken<\/a><\/span>\n\t<\/div>\n<\/div>\n<input type=\"hidden\" name=\"trp-form-language\" value=\"de\"\/><\/form>\n<h3>Website<\/h3>\n<p><\/p>\n<form role=\"search\" method=\"get\" action=\"https:\/\/van-dorsten.eu\/de\/\" class=\"wp-block-search__button-outside wp-block-search__text-button wp-block-search\" data-trp-original-action=\"https:\/\/van-dorsten.eu\/\">\n<div class=\"wp-block-search__inside-wrapper\"><input type=\"search\" id=\"wp-block-search__input-1\" class=\"wp-block-search__input\" name=\"s\" value=\"\" placeholder=\"Type om te zoeken op de website\" required=\"\"><button type=\"submit\" class=\"wp-block-search__button\">Zoeken<\/button><\/div>\n<input type=\"hidden\" name=\"trp-form-language\" value=\"de\"\/><\/form>\n\t\t\t\t<\/div>\n\t\t\t\t<\/div>\n\t\t\t\t\t<\/div>\n\t\t<\/div>\n\t\t\t\t\t<\/div>\n\t\t<\/section>\n\t\t\t\t<\/div>","protected":false},"excerpt":{"rendered":"<p>Aktuell &#8211; Personen Es wurden verschiedene Versuche unternommen, alle lebenden Van Dorstens irgendwo auf der Welt zu finden. Hierf\u00fcr wurden verschiedene Medien verwendet. Die meisten von ihnen wurden \u00fcber soziale Medien angesprochen: Eine Freundschaftsanfrage wurde (soweit m\u00f6glich) \u00fcber Facebook an alle gesendet. Die Menschen wurden gezielt \u00fcber den Facebook-Chat angesprochen. Ein gro\u00dfer Teil von ihnen &hellip;<\/p>\n<p class=\"read-more\"> <a class=\"\" href=\"https:\/\/van-dorsten.eu\/de\/aktuell\/personen\/?lang=de\"> <span class=\"screen-reader-text\">Personen<\/span> Read More \u00bb<\/a><\/p>","protected":false},"author":1,"featured_media":0,"parent":2363,"menu_order":0,"comment_status":"closed","ping_status":"closed","template":"elementor_header_footer","meta":{"site-sidebar-layout":"default","site-content-layout":"default","ast-main-header-display":"","ast-hfb-above-header-display":"","ast-hfb-below-header-display":"","ast-hfb-mobile-header-display":"","site-post-title":"","ast-breadcrumbs-content":"","ast-featured-img":"","footer-sml-layout":"","theme-transparent-header-meta":"default","adv-header-id-meta":"","stick-header-meta":"","header-above-stick-meta":"","header-main-stick-meta":"","header-below-stick-meta":"","footnotes":""},"yoast_head":"<!-- This site is optimized with the Yoast SEO plugin v24.5 - https:\/\/yoast.com\/wordpress\/plugins\/seo\/ -->\n<title>Personen -<\/title>\n<meta name=\"description\" content=\"Es soll auf lange Sicht unter diesem Men\u00fcpunkt einen Zugriff geben auf eine Datenbank mit allen gefundenen Personen in DTB und Archiven\" \/>\n<meta name=\"robots\" content=\"index, follow, max-snippet:-1, max-image-preview:large, max-video-preview:-1\" \/>\n<link rel=\"canonical\" href=\"https:\/\/van-dorsten.eu\/de\/aktuell\/personen\/\" \/>\n<meta property=\"og:locale\" content=\"de_DE\" \/>\n<meta property=\"og:type\" content=\"article\" \/>\n<meta property=\"og:title\" content=\"Personen -\" \/>\n<meta property=\"og:description\" content=\"Es soll auf lange Sicht unter diesem Men\u00fcpunkt einen Zugriff geben auf eine Datenbank mit allen gefundenen Personen in DTB und Archiven\" \/>\n<meta property=\"og:url\" content=\"https:\/\/van-dorsten.eu\/de\/aktuell\/personen\/?lang=de\" \/>\n<meta property=\"article:modified_time\" content=\"2021-03-19T23:14:22+00:00\" \/>\n<meta name=\"twitter:card\" content=\"summary_large_image\" \/>\n<meta name=\"twitter:label1\" content=\"Gesch\u00e4tzte Lesezeit\" \/>\n\t<meta name=\"twitter:data1\" content=\"2\u00a0Minuten\" \/>\n<script type=\"application\/ld+json\" class=\"yoast-schema-graph\">{\"@context\":\"https:\/\/schema.org\",\"@graph\":[{\"@type\":\"WebPage\",\"@id\":\"https:\/\/van-dorsten.eu\/aktuell\/personen\/?lang=de\",\"url\":\"https:\/\/van-dorsten.eu\/aktuell\/personen\/?lang=de\",\"name\":\"Personen -\",\"isPartOf\":{\"@id\":\"https:\/\/van-dorsten.eu\/de\/#website\"},\"datePublished\":\"2018-12-16T00:28:30+00:00\",\"dateModified\":\"2021-03-19T23:14:22+00:00\",\"description\":\"Es soll auf lange Sicht unter diesem Men\u00fcpunkt einen Zugriff geben auf eine Datenbank mit allen gefundenen Personen in DTB und Archiven\",\"breadcrumb\":{\"@id\":\"https:\/\/van-dorsten.eu\/aktuell\/personen\/?lang=de#breadcrumb\"},\"inLanguage\":\"de\",\"potentialAction\":[{\"@type\":\"ReadAction\",\"target\":[\"https:\/\/van-dorsten.eu\/aktuell\/personen\/?lang=de\"]}]},{\"@type\":\"BreadcrumbList\",\"@id\":\"https:\/\/van-dorsten.eu\/aktuell\/personen\/?lang=de#breadcrumb\",\"itemListElement\":[{\"@type\":\"ListItem\",\"position\":1,\"name\":\"Home\",\"item\":\"https:\/\/van-dorsten.eu\/\"},{\"@type\":\"ListItem\",\"position\":2,\"name\":\"Aktuelle Information\",\"item\":\"https:\/\/van-dorsten.eu\/aktuell\/?lang=de\"},{\"@type\":\"ListItem\",\"position\":3,\"name\":\"Personen\"}]},{\"@type\":\"WebSite\",\"@id\":\"https:\/\/van-dorsten.eu\/de\/#website\",\"url\":\"https:\/\/van-dorsten.eu\/de\/\",\"name\":\"\",\"description\":\"Genealogie\",\"potentialAction\":[{\"@type\":\"SearchAction\",\"target\":{\"@type\":\"EntryPoint\",\"urlTemplate\":\"https:\/\/van-dorsten.eu\/de\/?s={search_term_string}\"},\"query-input\":{\"@type\":\"PropertyValueSpecification\",\"valueRequired\":true,\"valueName\":\"search_term_string\"}}],\"inLanguage\":\"de\"}]}<\/script>\n<!-- \/ Yoast SEO plugin. -->","yoast_head_json":{"title":"Personen -","description":"Es soll auf lange Sicht unter diesem Men\u00fcpunkt einen Zugriff geben auf eine Datenbank mit allen gefundenen Personen in DTB und Archiven","robots":{"index":"index","follow":"follow","max-snippet":"max-snippet:-1","max-image-preview":"max-image-preview:large","max-video-preview":"max-video-preview:-1"},"canonical":"https:\/\/van-dorsten.eu\/de\/aktuell\/personen\/","og_locale":"de_DE","og_type":"article","og_title":"Personen -","og_description":"Es soll auf lange Sicht unter diesem Men\u00fcpunkt einen Zugriff geben auf eine Datenbank mit allen gefundenen Personen in DTB und Archiven","og_url":"https:\/\/van-dorsten.eu\/de\/aktuell\/personen\/?lang=de","article_modified_time":"2021-03-19T23:14:22+00:00","twitter_card":"summary_large_image","twitter_misc":{"Gesch\u00e4tzte Lesezeit":"2\u00a0Minuten"},"schema":{"@context":"https:\/\/schema.org","@graph":[{"@type":"WebPage","@id":"https:\/\/van-dorsten.eu\/aktuell\/personen\/?lang=de","url":"https:\/\/van-dorsten.eu\/aktuell\/personen\/?lang=de","name":"Personen -","isPartOf":{"@id":"https:\/\/van-dorsten.eu\/de\/#website"},"datePublished":"2018-12-16T00:28:30+00:00","dateModified":"2021-03-19T23:14:22+00:00","description":"Es soll auf lange Sicht unter diesem Men\u00fcpunkt einen Zugriff geben auf eine Datenbank mit allen gefundenen Personen in DTB und Archiven","breadcrumb":{"@id":"https:\/\/van-dorsten.eu\/aktuell\/personen\/?lang=de#breadcrumb"},"inLanguage":"de","potentialAction":[{"@type":"ReadAction","target":["https:\/\/van-dorsten.eu\/aktuell\/personen\/?lang=de"]}]},{"@type":"BreadcrumbList","@id":"https:\/\/van-dorsten.eu\/aktuell\/personen\/?lang=de#breadcrumb","itemListElement":[{"@type":"ListItem","position":1,"name":"Home","item":"https:\/\/van-dorsten.eu\/"},{"@type":"ListItem","position":2,"name":"Aktuelle Information","item":"https:\/\/van-dorsten.eu\/aktuell\/?lang=de"},{"@type":"ListItem","position":3,"name":"Personen"}]},{"@type":"WebSite","@id":"https:\/\/van-dorsten.eu\/de\/#website","url":"https:\/\/van-dorsten.eu\/de\/","name":"","description":"Genealogie","potentialAction":[{"@type":"SearchAction","target":{"@type":"EntryPoint","urlTemplate":"https:\/\/van-dorsten.eu\/de\/?s={search_term_string}"},"query-input":{"@type":"PropertyValueSpecification","valueRequired":true,"valueName":"search_term_string"}}],"inLanguage":"de"}]}},"_links":{"self":[{"href":"https:\/\/van-dorsten.eu\/de\/wp-json\/wp\/v2\/pages\/1402"}],"collection":[{"href":"https:\/\/van-dorsten.eu\/de\/wp-json\/wp\/v2\/pages"}],"about":[{"href":"https:\/\/van-dorsten.eu\/de\/wp-json\/wp\/v2\/types\/page"}],"author":[{"embeddable":true,"href":"https:\/\/van-dorsten.eu\/de\/wp-json\/wp\/v2\/users\/1"}],"replies":[{"embeddable":true,"href":"https:\/\/van-dorsten.eu\/de\/wp-json\/wp\/v2\/comments?post=1402"}],"version-history":[{"count":7,"href":"https:\/\/van-dorsten.eu\/de\/wp-json\/wp\/v2\/pages\/1402\/revisions"}],"predecessor-version":[{"id":3390,"href":"https:\/\/van-dorsten.eu\/de\/wp-json\/wp\/v2\/pages\/1402\/revisions\/3390"}],"up":[{"embeddable":true,"href":"https:\/\/van-dorsten.eu\/de\/wp-json\/wp\/v2\/pages\/2363"}],"wp:attachment":[{"href":"https:\/\/van-dorsten.eu\/de\/wp-json\/wp\/v2\/media?parent=1402"}],"curies":[{"name":"wp","href":"https:\/\/api.w.org\/{rel}","templated":true}]}}