{"id":1262,"date":"2018-11-26T21:31:20","date_gmt":"2018-11-26T20:31:20","guid":{"rendered":"http:\/\/van-dorsten.eu\/?page_id=1262"},"modified":"2022-02-16T20:34:31","modified_gmt":"2022-02-16T19:34:31","slug":"dankeswort","status":"publish","type":"page","link":"https:\/\/van-dorsten.eu\/de\/verwaltung\/dankeswort\/?lang=de","title":{"rendered":"Dankeswort"},"content":{"rendered":"<div data-elementor-type=\"wp-page\" data-elementor-id=\"1262\" class=\"elementor elementor-1262\">\n\t\t\t\t\t\t<section class=\"elementor-section elementor-top-section elementor-element elementor-element-5b29da0d elementor-section-boxed elementor-section-height-default elementor-section-height-default\" data-id=\"5b29da0d\" data-element_type=\"section\">\n\t\t\t\t\t\t<div class=\"elementor-container elementor-column-gap-default\">\n\t\t\t\t\t<div class=\"elementor-column elementor-col-33 elementor-top-column elementor-element elementor-element-442a1555\" data-id=\"442a1555\" data-element_type=\"column\" data-settings=\"{&quot;background_background&quot;:&quot;classic&quot;}\">\n\t\t\t<div class=\"elementor-widget-wrap elementor-element-populated\">\n\t\t\t\t\t\t<div class=\"elementor-element elementor-element-3ed4e33a elementor-widget elementor-widget-text-editor\" data-id=\"3ed4e33a\" data-element_type=\"widget\" data-widget_type=\"text-editor.default\">\n\t\t\t\t<div class=\"elementor-widget-container\">\n\t\t\t\t\t\t\t\t\t<h4 style=\"text-align: center;\"><span style=\"color: #808080;\">Verwaltung &#8211; Dankeswort Stammbaum<\/span><\/h4><div id=\"mailtovenstermodalMail\" style=\"z-index: 1;\"><p id=\"mailtovenstermodalContentMail\"><strong><br \/><\/strong>Angaben zu Zweigen des <strong>Neuenhaus<\/strong>-Stammbaums:<\/p><ul><li><span style=\"color: #0000ff;\">S\u00fcdafrika <\/span>\u2013 Yvonne (1949)<\/li><li><span style=\"color: #0000ff;\">Vereinigte Staaten<\/span> \u2013 Hendrik (1926), Besuch David (1961)<\/li><li><span style=\"color: #0000ff;\">Deutschland<\/span> \u2013 Derk (1969), Gerrit (1949)<\/li><li><span style=\"color: #0000ff;\">Niederlande<\/span> \u2013 Annemieke (1974), Tom (1968)<\/li><\/ul><p>Informationen zu Zweigen des <strong>Zwartsluis<\/strong>-Stammbaums:<\/p><ul><li><span style=\"color: #0000ff;\">Niederlande<\/span> \u2013 Besuch Johan (1960), Wilco (1969), Hendrik (1934), Bert (1943), Sandra (1960), Klaas-Jan (1971)<\/li><li><span style=\"color: #0000ff;\">Niederlande<\/span> \u2013 Menno (1951), Herman (1953), Gert (1958), Janneke (1985), Miranda (1989), Henry (1970), Dick Eric (1969) und mehr<\/li><li><span style=\"color: #0000ff;\">Vereinigte Staaten<\/span> \u2013 Nancy (1950)<\/li><li><span style=\"color: #0000ff;\">Neuseeland<\/span>\u00a0\u2013 Debby (en meer)<\/li><li><span style=\"color: #0000ff;\">Kanada<\/span> \u2013 Rob (1953), Lesley<\/li><\/ul><p>Informationen zu Zweigen des <strong>Bramsche<\/strong>-Stammbaums:<\/p><ul><li><span style=\"color: #0000ff;\">Niederlande<\/span> \u2013 Besuch Amito (1956),<\/li><li><span style=\"color: #0000ff;\">Niederlande<\/span> \u2013 Eric (1962), Marga (1951), John (1943), Louise (1957), Marie-Jos\u00e9 (1961), Anne-Marie (1963), Monique (1965) und mehr<\/li><li><span style=\"color: #0000ff;\">Vereinigte Staaten<\/span> \u2013 Sarah Ann, Cara-Lynn<\/li><\/ul><p>Informationen zu <strong>anderen Stammbaumen<\/strong> und Zweigen:<\/p><ul><li><strong>Steenwijk<\/strong>\u00a0\u00a0 : <span style=\"color: #0000ff;\">Niederlande<\/span> \u2013 Besuch Jeltje (1926)<\/li><li><strong>Ruhrgebiet<\/strong>\u00a0: <span style=\"color: #0000ff;\">Deutschland<\/span> \u2013 Barbara (1965), Heinz (1960), Michael (1970), Anja (1977), Arne (1983)<br \/><strong>Vechta<\/strong>\u00a0 \u00a0 \u00a0 \u00a0: <span style=\"color: #0000ff;\">Vereinigte Staaten<\/span> \u2013 Mike Dorsten<\/li><li><strong>Jutphaas\u00a0 \u00a0<\/strong> : <span style=\"color: #0000ff;\">Niederlande<\/span> \u2013 Piet van Dorssen<\/li><li><strong>Dordrecht <\/strong>\u00a0: <span style=\"color: #0000ff;\">Niederlande<\/span> \u2013 Henny van den Broek-Alsemgeest<\/li><\/ul><\/div><div id=\"mailtovenstermodalMail\" style=\"z-index: 1;\"><div id=\"mailtovenstermodalContentMail\">\u00a0<\/div><\/div>\t\t\t\t\t\t\t\t<\/div>\n\t\t\t\t<\/div>\n\t\t\t\t\t<\/div>\n\t\t<\/div>\n\t\t\t\t<div class=\"elementor-column elementor-col-33 elementor-top-column elementor-element elementor-element-4925b94\" data-id=\"4925b94\" data-element_type=\"column\" data-settings=\"{&quot;background_background&quot;:&quot;classic&quot;}\">\n\t\t\t<div class=\"elementor-widget-wrap elementor-element-populated\">\n\t\t\t\t\t\t<div class=\"elementor-element elementor-element-b4643a4 elementor-widget elementor-widget-text-editor\" data-id=\"b4643a4\" data-element_type=\"widget\" data-widget_type=\"text-editor.default\">\n\t\t\t\t<div class=\"elementor-widget-container\">\n\t\t\t\t\t\t\t\t\t<h4 style=\"text-align: center;\"><span style=\"color: #808080;\">Verwaltung &#8211; Dankeswort Allgemein<\/span><\/h4><p>Im Laufe der Jahre haben viele Menschen sowohl mit der Auswahl der Stammb\u00e4ume als auch mit der Einrichtung der Website Kontakt aufgenommen. Neben dem Kontakt mit verschiedenen Nachkommen in den Zweigen der verschiedenen Stammb\u00e4ume wird auch die Unterst\u00fctzung durch verschiedene andere Menschen sehr gesch\u00e4tzt. Nachfolgend eine Reihe von Personen, die speziell bei der Website- und \/ oder Stammbaumrecherche geholfen haben.<\/p><p>Vielen Dank f\u00fcr den Beitrag zur Einrichtung dieser <strong>Website<\/strong>:<\/p><ul><li>Don Vos (Einrichtung der ersten Website mit WordPress)<\/li><li>Luuk van Dongen (zur Unterst\u00fctzung bei der Erneuerung der Website mit WordPress \/ Astra)<\/li><li>Sjoerd van Beuningen (zur Unterst\u00fctzung bei der Integration mit TNG)<\/li><li>Henny van de Broek-Alsemgeest f\u00fcr die Hilfe bei der Verwendung von TNG und Aldfear<\/li><li>Eric Kloosterman f\u00fcr die Verwendung von WordPress in Kombination mit TNG<\/li><\/ul><p>Vielen Dank f\u00fcr die Unterst\u00fctzung bei der <strong>Stammbaumforschung<\/strong>:<\/p><ul><li>Gerda Rossel aus Oud Vorden<\/li><li>Witz Wesselink vom Dalfsen Historischen Kreis<\/li><li>Guus Nijhuis vom Historischen Kreis Wanneperveen<\/li><li>Jan ten Hove vom Overijssels-Archiv<\/li><\/ul><ul><li>Udo Niemann in Deutschland als Quelle aller personenbezogenen Daten von Bramsche<\/li><li>Forscher aus anderen Stammb\u00e4umen f\u00fcr ihre schnelle und angemessene Reaktion auf Schnittstellen<\/li><li>GeneaKnowHow.net f\u00fcr ihre schnellen und guten Antworten, insbesondere Bert Berings<\/li><\/ul>\t\t\t\t\t\t\t\t<\/div>\n\t\t\t\t<\/div>\n\t\t\t\t\t<\/div>\n\t\t<\/div>\n\t\t\t\t<div class=\"elementor-column elementor-col-33 elementor-top-column elementor-element elementor-element-db84698\" data-id=\"db84698\" data-element_type=\"column\" data-settings=\"{&quot;background_background&quot;:&quot;classic&quot;}\">\n\t\t\t<div class=\"elementor-widget-wrap elementor-element-populated\">\n\t\t\t\t\t\t<div class=\"elementor-element elementor-element-046c73f elementor-widget elementor-widget-sidebar\" data-id=\"046c73f\" data-element_type=\"widget\" data-widget_type=\"sidebar.default\">\n\t\t\t\t<div class=\"elementor-widget-container\">\n\t\t\t\t\t<h3>Account<\/h3>\n<p><\/p>\n<form action=\"\/TNG\/processlogin.php\" method=\"post\" name=\"form1\" data-trp-original-action=\"\/TNG\/processlogin.php\">\n<div class=\"normal\">\n<div class=\"nw\" id=\"loginblock\">\n<div class=\"loginprompt\">Username: <\/div>\n<p>\t\t<input type=\"text\" name=\"tngusername\" class=\"loginfont medfield\" id=\"tngusername\" size=\"15\"><\/p>\n<div class=\"loginprompt\">Password: <\/div>\n<p>\t\t<input type=\"password\" name=\"tngpassword\" class=\"loginfont field\" id=\"tngpassword\" size=\"15\"><\/p>\n<div id=\"resetrow\" style=\"display:none\">\n<div class=\"loginprompt\">Nieuw wachtwoord: <\/div>\n<p>\t\t\t<input type=\"password\" name=\"newpassword\" class=\"medfield\" id=\"newpassword\">\n\t\t<\/div>\n<\/p><\/div>\n<div class=\"login-options\">\n\t\t<input type=\"checkbox\" name=\"remember\" value=\"1\"> Onthouden<br \/>\n\t\t<input type=\"checkbox\" name=\"resetpass\" value=\"1\" onclick=\"if(this.checked) {document.getElementById('resetrow').style.display='';} else {document.getElementById('resetrow').style.display='none';}\"> Wijzigen<\/div>\n<p>\n<a href=\"https:\/\/van-dorsten.eu\/TNG\/login.php\" class=\"btn\" value=\"Registreren\">Wachtwoord vergeten<\/a><\/p>\n<div>\n\t\t<input type=\"submit\" class=\"btn\" value=\"Aanmelden\"><br \/>\n<a href=\"https:\/\/van-dorsten.eu\/TNG\/newacctform.php\" class=\"btn\" value=\"Registreren\">Registreren<\/a><\/p>\n<\/p><\/div>\n<\/div>\n<input type=\"hidden\" name=\"trp-form-language\" value=\"de\"\/><\/form>\n<h3>Zoeken<\/h3>\n<p><\/p>\n<form method=\"get\" action=\"\/TNG\/search.php\" data-trp-original-action=\"\/TNG\/search.php\">\n<div class=\"normal\">\n<div class=\"nw\" id=\"stamboom\">\n<div class=\"loginprompt\">Stamboom<\/div>\n<td class=\"databack\">\n\t\t<select name=\"tree\" id=\"treeselect\" onchange=\"var tree=getTree(this); if( !tree ) tree = 'none'; swapBranches(document.search);\"><option value=\"-x--all--x-\" selected=\"selected\">Alle stambomen<\/option><option value=\"Dordrecht\">Dordrecht<\/option><option value=\"FT01\">Steenwijk<\/option><\/select><br \/>\n\t\t\t\t<select name=\"branch\" id=\"branch\"><option value=\"\">Alle takken<\/option><\/select><\/p>\n<div class=\"voornaam\">Voornaam<\/div>\n<p>\t\t<input type=\"hidden\" value=\"AND\" name=\"mybool\" \/><br \/>\n\t\t\t\t<input name=\"myfirstname\" type=\"text\" id=\"myfirstname\" size=\"15\"\/><\/p>\n<div class=\"achternaam\">Achternaam<\/div>\n<p>\t\t<input name=\"mylastname\" type=\"text\" id=\"mylastname\" size=\"15\" \/><\/p>\n<p>\t\t<input type=\"submit\" name=\"search\" value=\"Zoeken\"><\/p>\n<p>\t\t<span class=\"normal\"><a href=\"\/TNG\/searchform.php\">Geavanceerd zoeken<\/a><\/span>\n\t<\/div>\n<\/div>\n<input type=\"hidden\" name=\"trp-form-language\" value=\"de\"\/><\/form>\n<h3>Website<\/h3>\n<p><\/p>\n<form role=\"search\" method=\"get\" action=\"https:\/\/van-dorsten.eu\/de\/\" class=\"wp-block-search__button-outside wp-block-search__text-button wp-block-search\" data-trp-original-action=\"https:\/\/van-dorsten.eu\/\">\n<div class=\"wp-block-search__inside-wrapper\"><input type=\"search\" id=\"wp-block-search__input-1\" class=\"wp-block-search__input\" name=\"s\" value=\"\" placeholder=\"Type om te zoeken op de website\" required=\"\"><button type=\"submit\" class=\"wp-block-search__button\">Zoeken<\/button><\/div>\n<input type=\"hidden\" name=\"trp-form-language\" value=\"de\"\/><\/form>\n\t\t\t\t<\/div>\n\t\t\t\t<\/div>\n\t\t\t\t\t<\/div>\n\t\t<\/div>\n\t\t\t\t\t<\/div>\n\t\t<\/section>\n\t\t\t\t<\/div>","protected":false},"excerpt":{"rendered":"<p>Verwaltung &#8211; Dankeswort Stammbaum Angaben zu Zweigen des Neuenhaus-Stammbaums: S\u00fcdafrika \u2013 Yvonne (1949) Vereinigte Staaten \u2013 Hendrik (1926), Besuch David (1961) Deutschland \u2013 Derk (1969), Gerrit (1949) Niederlande \u2013 Annemieke (1974), Tom (1968) Informationen zu Zweigen des Zwartsluis-Stammbaums: Niederlande \u2013 Besuch Johan (1960), Wilco (1969), Hendrik (1934), Bert (1943), Sandra (1960), Klaas-Jan (1971) Niederlande \u2013 &hellip;<\/p>\n<p class=\"read-more\"> <a class=\"\" href=\"https:\/\/van-dorsten.eu\/de\/verwaltung\/dankeswort\/?lang=de\"> <span class=\"screen-reader-text\">Dankeswort<\/span> Read More \u00bb<\/a><\/p>","protected":false},"author":1,"featured_media":0,"parent":453,"menu_order":0,"comment_status":"closed","ping_status":"closed","template":"elementor_header_footer","meta":{"site-sidebar-layout":"default","site-content-layout":"default","ast-main-header-display":"","ast-hfb-above-header-display":"","ast-hfb-below-header-display":"","ast-hfb-mobile-header-display":"","site-post-title":"","ast-breadcrumbs-content":"","ast-featured-img":"","footer-sml-layout":"","theme-transparent-header-meta":"default","adv-header-id-meta":"","stick-header-meta":"","header-above-stick-meta":"","header-main-stick-meta":"","header-below-stick-meta":"","footnotes":""},"yoast_head":"<!-- This site is optimized with the Yoast SEO plugin v24.5 - https:\/\/yoast.com\/wordpress\/plugins\/seo\/ -->\n<title>Dankeswort -<\/title>\n<meta name=\"description\" content=\"Ein Dankeswort und sehr vielen Dank zum jeder, die in der Sammlung der Informationen f\u00fcr diese Genealogie geholfen haben.\" \/>\n<meta name=\"robots\" content=\"index, follow, max-snippet:-1, max-image-preview:large, max-video-preview:-1\" \/>\n<link rel=\"canonical\" href=\"https:\/\/van-dorsten.eu\/de\/verwaltung\/dankeswort\/\" \/>\n<meta property=\"og:locale\" content=\"de_DE\" \/>\n<meta property=\"og:type\" content=\"article\" \/>\n<meta property=\"og:title\" content=\"Dankeswort -\" \/>\n<meta property=\"og:description\" content=\"Ein Dankeswort und sehr vielen Dank zum jeder, die in der Sammlung der Informationen f\u00fcr diese Genealogie geholfen haben.\" \/>\n<meta property=\"og:url\" content=\"https:\/\/van-dorsten.eu\/de\/verwaltung\/dankeswort\/?lang=de\" \/>\n<meta property=\"article:modified_time\" content=\"2022-02-16T19:34:31+00:00\" \/>\n<meta name=\"twitter:card\" content=\"summary_large_image\" \/>\n<meta name=\"twitter:label1\" content=\"Gesch\u00e4tzte Lesezeit\" \/>\n\t<meta name=\"twitter:data1\" content=\"2\u00a0Minuten\" \/>\n<script type=\"application\/ld+json\" class=\"yoast-schema-graph\">{\"@context\":\"https:\/\/schema.org\",\"@graph\":[{\"@type\":\"WebPage\",\"@id\":\"https:\/\/van-dorsten.eu\/verwaltung\/dankeswort\/?lang=de\",\"url\":\"https:\/\/van-dorsten.eu\/verwaltung\/dankeswort\/?lang=de\",\"name\":\"Dankeswort -\",\"isPartOf\":{\"@id\":\"https:\/\/van-dorsten.eu\/de\/#website\"},\"datePublished\":\"2018-11-26T20:31:20+00:00\",\"dateModified\":\"2022-02-16T19:34:31+00:00\",\"description\":\"Ein Dankeswort und sehr vielen Dank zum jeder, die in der Sammlung der Informationen f\u00fcr diese Genealogie geholfen haben.\",\"breadcrumb\":{\"@id\":\"https:\/\/van-dorsten.eu\/verwaltung\/dankeswort\/?lang=de#breadcrumb\"},\"inLanguage\":\"de\",\"potentialAction\":[{\"@type\":\"ReadAction\",\"target\":[\"https:\/\/van-dorsten.eu\/verwaltung\/dankeswort\/?lang=de\"]}]},{\"@type\":\"BreadcrumbList\",\"@id\":\"https:\/\/van-dorsten.eu\/verwaltung\/dankeswort\/?lang=de#breadcrumb\",\"itemListElement\":[{\"@type\":\"ListItem\",\"position\":1,\"name\":\"Home\",\"item\":\"https:\/\/van-dorsten.eu\/\"},{\"@type\":\"ListItem\",\"position\":2,\"name\":\"Verwaltung\",\"item\":\"https:\/\/van-dorsten.eu\/admin\/?lang=en\"},{\"@type\":\"ListItem\",\"position\":3,\"name\":\"Dankeswort\"}]},{\"@type\":\"WebSite\",\"@id\":\"https:\/\/van-dorsten.eu\/de\/#website\",\"url\":\"https:\/\/van-dorsten.eu\/de\/\",\"name\":\"\",\"description\":\"Genealogie\",\"potentialAction\":[{\"@type\":\"SearchAction\",\"target\":{\"@type\":\"EntryPoint\",\"urlTemplate\":\"https:\/\/van-dorsten.eu\/de\/?s={search_term_string}\"},\"query-input\":{\"@type\":\"PropertyValueSpecification\",\"valueRequired\":true,\"valueName\":\"search_term_string\"}}],\"inLanguage\":\"de\"}]}<\/script>\n<!-- \/ Yoast SEO plugin. -->","yoast_head_json":{"title":"Dankeswort -","description":"Ein Dankeswort und sehr vielen Dank zum jeder, die in der Sammlung der Informationen f\u00fcr diese Genealogie geholfen haben.","robots":{"index":"index","follow":"follow","max-snippet":"max-snippet:-1","max-image-preview":"max-image-preview:large","max-video-preview":"max-video-preview:-1"},"canonical":"https:\/\/van-dorsten.eu\/de\/verwaltung\/dankeswort\/","og_locale":"de_DE","og_type":"article","og_title":"Dankeswort -","og_description":"Ein Dankeswort und sehr vielen Dank zum jeder, die in der Sammlung der Informationen f\u00fcr diese Genealogie geholfen haben.","og_url":"https:\/\/van-dorsten.eu\/de\/verwaltung\/dankeswort\/?lang=de","article_modified_time":"2022-02-16T19:34:31+00:00","twitter_card":"summary_large_image","twitter_misc":{"Gesch\u00e4tzte Lesezeit":"2\u00a0Minuten"},"schema":{"@context":"https:\/\/schema.org","@graph":[{"@type":"WebPage","@id":"https:\/\/van-dorsten.eu\/verwaltung\/dankeswort\/?lang=de","url":"https:\/\/van-dorsten.eu\/verwaltung\/dankeswort\/?lang=de","name":"Dankeswort -","isPartOf":{"@id":"https:\/\/van-dorsten.eu\/de\/#website"},"datePublished":"2018-11-26T20:31:20+00:00","dateModified":"2022-02-16T19:34:31+00:00","description":"Ein Dankeswort und sehr vielen Dank zum jeder, die in der Sammlung der Informationen f\u00fcr diese Genealogie geholfen haben.","breadcrumb":{"@id":"https:\/\/van-dorsten.eu\/verwaltung\/dankeswort\/?lang=de#breadcrumb"},"inLanguage":"de","potentialAction":[{"@type":"ReadAction","target":["https:\/\/van-dorsten.eu\/verwaltung\/dankeswort\/?lang=de"]}]},{"@type":"BreadcrumbList","@id":"https:\/\/van-dorsten.eu\/verwaltung\/dankeswort\/?lang=de#breadcrumb","itemListElement":[{"@type":"ListItem","position":1,"name":"Home","item":"https:\/\/van-dorsten.eu\/"},{"@type":"ListItem","position":2,"name":"Verwaltung","item":"https:\/\/van-dorsten.eu\/admin\/?lang=en"},{"@type":"ListItem","position":3,"name":"Dankeswort"}]},{"@type":"WebSite","@id":"https:\/\/van-dorsten.eu\/de\/#website","url":"https:\/\/van-dorsten.eu\/de\/","name":"","description":"Genealogie","potentialAction":[{"@type":"SearchAction","target":{"@type":"EntryPoint","urlTemplate":"https:\/\/van-dorsten.eu\/de\/?s={search_term_string}"},"query-input":{"@type":"PropertyValueSpecification","valueRequired":true,"valueName":"search_term_string"}}],"inLanguage":"de"}]}},"_links":{"self":[{"href":"https:\/\/van-dorsten.eu\/de\/wp-json\/wp\/v2\/pages\/1262"}],"collection":[{"href":"https:\/\/van-dorsten.eu\/de\/wp-json\/wp\/v2\/pages"}],"about":[{"href":"https:\/\/van-dorsten.eu\/de\/wp-json\/wp\/v2\/types\/page"}],"author":[{"embeddable":true,"href":"https:\/\/van-dorsten.eu\/de\/wp-json\/wp\/v2\/users\/1"}],"replies":[{"embeddable":true,"href":"https:\/\/van-dorsten.eu\/de\/wp-json\/wp\/v2\/comments?post=1262"}],"version-history":[{"count":12,"href":"https:\/\/van-dorsten.eu\/de\/wp-json\/wp\/v2\/pages\/1262\/revisions"}],"predecessor-version":[{"id":4223,"href":"https:\/\/van-dorsten.eu\/de\/wp-json\/wp\/v2\/pages\/1262\/revisions\/4223"}],"up":[{"embeddable":true,"href":"https:\/\/van-dorsten.eu\/de\/wp-json\/wp\/v2\/pages\/453"}],"wp:attachment":[{"href":"https:\/\/van-dorsten.eu\/de\/wp-json\/wp\/v2\/media?parent=1262"}],"curies":[{"name":"wp","href":"https:\/\/api.w.org\/{rel}","templated":true}]}}