{"id":1259,"date":"2018-11-26T21:27:35","date_gmt":"2018-11-26T20:27:35","guid":{"rendered":"http:\/\/van-dorsten.eu\/?page_id=1259"},"modified":"2021-03-11T21:57:08","modified_gmt":"2021-03-11T20:57:08","slug":"historie","status":"publish","type":"page","link":"https:\/\/van-dorsten.eu\/de\/verwaltung\/historie\/?lang=de","title":{"rendered":"Historie"},"content":{"rendered":"<div data-elementor-type=\"wp-page\" data-elementor-id=\"1259\" class=\"elementor elementor-1259\">\n\t\t\t\t\t\t<section class=\"elementor-section elementor-top-section elementor-element elementor-element-15bd3456 elementor-section-boxed elementor-section-height-default elementor-section-height-default\" data-id=\"15bd3456\" data-element_type=\"section\">\n\t\t\t\t\t\t<div class=\"elementor-container elementor-column-gap-default\">\n\t\t\t\t\t<div class=\"elementor-column elementor-col-50 elementor-top-column elementor-element elementor-element-512982b4\" data-id=\"512982b4\" data-element_type=\"column\" data-settings=\"{&quot;background_background&quot;:&quot;classic&quot;}\">\n\t\t\t<div class=\"elementor-widget-wrap elementor-element-populated\">\n\t\t\t\t\t\t<div class=\"elementor-element elementor-element-3a22443d elementor-widget elementor-widget-text-editor\" data-id=\"3a22443d\" data-element_type=\"widget\" data-widget_type=\"text-editor.default\">\n\t\t\t\t<div class=\"elementor-widget-container\">\n\t\t\t\t\t\t\t\t\t<h4 style=\"text-align: center;\"><span style=\"color: #808080;\"><strong>Verwaltung &#8211; Historie<\/strong><\/span><\/h4><p><br \/>Die erste Ma\u00dfnahme zur Suche nach dem Stammbaum erfolgte um 1985. Auf der Grundlage von Informationen aus der Familie und den Stadtarchiven von Steenwijk wurde der eigene Stammbaum bis kurz vor 1750, in dem der Vorfahr in Steenwijk verheiratet war und dort Kinder bekam. Es stellte sich auch heraus, dass der Name in den Niederlanden nicht \u00fcblich war, basierend auf dem Telefonbuch gab es in den Niederlanden rund 100. Das Wissen wurde in einem Notizbuch handgeschrieben und mit einem Diagramm auf einem gro\u00dfen Papier erstellt.<\/p><p>Um das Jahr 2000 trat erneut Interesse auf und ein Bericht \u00fcber Van Dorsten wurde bei einer genealogischen Agentur bestellt. Dies war eine inkoh\u00e4rente Liste der Ereignisse in den letzten dreihundert Jahren und auch eine Adressliste der Personen, die Ende des letzten Jahrhunderts in den Niederlanden genannt wurden. Von nun an wurde alles in Excel-Tabellen und Word-Dokumente kopiert und strukturiert gespeichert. Es handelte sich haupts\u00e4chlich um Informationen aus dem eigenen Stammbaum. Der Bericht und die weitere Untersuchung ergaben jedoch nicht viel und die Untersuchung wurde um weitere zehn Jahre verschoben.<\/p><p><img fetchpriority=\"high\" decoding=\"async\" class=\"alignleft wp-image-3286 size-medium\" src=\"https:\/\/van-dorsten.eu\/wp-content\/uploads\/2021\/03\/Chronik-201x300.jpg\" alt=\"\" width=\"201\" height=\"300\" srcset=\"https:\/\/van-dorsten.eu\/wp-content\/uploads\/2021\/03\/Chronik-201x300.jpg 201w, https:\/\/van-dorsten.eu\/wp-content\/uploads\/2021\/03\/Chronik.jpg 613w\" sizes=\"(max-width: 201px) 100vw, 201px\" \/>Es wurde 2012 wieder aufgenommen und ist seitdem sehr aktiv geblieben. Dar\u00fcber hinaus wurde der eigene Stammbaum durch einen Top-Down-Ansatz f\u00fcr den Vorfahren vervollst\u00e4ndigt, und ein fr\u00fcher Vorfahre gefunden der 1683 in Dalfsen geheiratet hat. Dar\u00fcber hinaus wurden seitdem sehr intensive Suchanfragen im Internet durchgef\u00fchrt. Es stellte sich heraus, dass ein alter Stamm (1490) aus Neuenhaus (Landkreis Bentheim) stammte und die notwendigen Ver\u00f6ffentlichungen bereits publiziert wurden. &#8220;Die Chronik der Familie van Dorsten&#8221; von &#8220;Dr. Siegfried Wiarda und Paul Jung &#8220;wurde nun \u00fcbernommen (2012). Auf dieser Grundlage k\u00f6nnte eine erste Einrichtung vorgenommen und erg\u00e4nzt werden.<\/p><p>Dar\u00fcber hinaus schien ein Artikel \u00fcber den Familiennamen Van Dorsten in einer Ausgabe des genealogischen Magazins De Navorscher (Mitte des 19. bis Mitte des 20. Jahrhunderts) erschienen zu sein. Alle B\u00e4nde davon sind jetzt auch auf DVD erh\u00e4ltlich. Dies zeigte, dass es auch einen wichtigen Stamm aus Dordrecht gab und dass es St\u00e4mme aus Leiden und Zwartsluis gab. Der Artikel in De Navorscher stammt von Arie van der Marel, der im Stamm der Neuenh\u00e4user verheiratet war. Er war Ahnenforscher und seine Notizen werden im Nationalarchiv in Den Haag aufbewahrt.<\/p><p>Im Zeitraum 2016 &#8211; 2017 wurde die Suche stark intensiviert und das Internet wurde systematisch und strukturiert Bottom-Up-Suchen basierend auf den Digital Resource Files (www.geneaknowhow.net, einschlie\u00dflich Belgien, Niedersachsen und Nordrhein-Westfalen). Alle digital verf\u00fcgbaren THB-Daten (Tauf, Heirat, Begraben) wurden nach dem Namen Dorsten und Varianten durchsucht, insbesondere bis 1811 (Einf\u00fchrung des Standesamtes), und viele tausend Eintr\u00e4ge wurden gefunden und aufgezeichnet. Die nationalen Archive (wie Archives.nl und WieWasWie.nl), alle Provinzarchive und spezifischen Archive der wichtigsten St\u00e4dte und Regionen wurden ebenfalls digital durchsucht. Auf diese Weise wurde Kontakt mit verschiedenen anderen Van Dorstens aufgenommen.<\/p><p>Um fehlendes Wissen zu erg\u00e4nzen, gab es (vor\u00fcbergehende) Mitgliedschaften unter anderem bei MyHeritage, Ancestry, Geneanet und HoGenDa. Vor der Einf\u00fchrung des Standesamtes wurden Namen phonetisch und auch regelm\u00e4\u00dfig nur Patronyms erfasst. Daher wurde die Suche auf die (m\u00f6glicherweise) verwandten Namen Van Dorssen, Van Dorsser und Van Dorst ausgedehnt (letztere auf 1700 beschr\u00e4nkt). Erg\u00e4nzt wurde dies durch Kontakte in den verschiedenen Stammb\u00e4umen, Kontakte zu allen Van Dorstens auf Facebook, Anfragen bei \u00f6rtlichen arch\u00e4ologischen Vereinigungen und alle verf\u00fcgbaren Daten nach Einf\u00fchrung des Standesamtes. Nach M\u00f6glichkeit werden alle Informationen in Originalquellen \u00fcberpr\u00fcft und regelm\u00e4\u00dfig aktualisiert, was noch digital aus alten Archiven verf\u00fcgbar ist.<\/p><p>Im April 2017 wurde begonnen, die Website f\u00fcr alle genealogischen Informationen bez\u00fcglich des Namens Van Dorsten und verwandter Namen einzurichten. Dies ist in WordPress und 3 Sprachen (Niederl\u00e4ndisch, Englisch, Deutsch) eingerichtet. Danach wurde auch eine umfassende Zeitanalyse durchgef\u00fchrt, die auf allen f\u00fcr 1800 gefundenen Namen basiert ist. Die Site wird regelm\u00e4\u00dfig aktualisiert und aus einem Word-Dokument gespeist, das sofort als Backup dient und als Buch klassifiziert wird.<\/p><p>Im Jahr 2019 (abgeschlossen im Jahr 2020) wurde begonnen (abgeschlossen im Jahr 2020), alle lebenden Van Dorstens weltweit \u00fcber das Internet (Facebook und LinkedIn), Telefonverzeichnisse und andere Verwaltungen zu finden, Kontakt aufzunehmen und herauszufinden, zu welchem Stammbaum sie geh\u00f6ren . Infolgedessen ist jetzt bekannt, welche Stammb\u00e4ume mit dem Namen noch existieren. Anschlie\u00dfend wurde Mitte 2020 mit einer vollst\u00e4ndigen \u00dcberarbeitung der Website (\u00fcber WordPress mit Astra-Thema) in Kombination mit einem Programm (TNG) begonnen, um Stammb\u00e4ume auf der Grundlage einer genealogischen Datenbank \u00fcber Standard-Gedcom-Dateien verf\u00fcgbar zu machen. Alle Stammb\u00e4ume werden im Datenbankprogramm Aldfear aufgezeichnet, mit dem die Gedcom-Dateien erstellt werden k\u00f6nnen.<\/p>\t\t\t\t\t\t\t\t<\/div>\n\t\t\t\t<\/div>\n\t\t\t\t\t<\/div>\n\t\t<\/div>\n\t\t\t\t<div class=\"elementor-column elementor-col-50 elementor-top-column elementor-element elementor-element-016319f\" data-id=\"016319f\" data-element_type=\"column\" data-settings=\"{&quot;background_background&quot;:&quot;classic&quot;}\">\n\t\t\t<div class=\"elementor-widget-wrap elementor-element-populated\">\n\t\t\t\t\t\t<div class=\"elementor-element elementor-element-9a27d39 elementor-widget elementor-widget-sidebar\" data-id=\"9a27d39\" data-element_type=\"widget\" data-widget_type=\"sidebar.default\">\n\t\t\t\t<div class=\"elementor-widget-container\">\n\t\t\t\t\t<h3>Account<\/h3>\n<p><\/p>\n<form action=\"\/TNG\/processlogin.php\" method=\"post\" name=\"form1\" data-trp-original-action=\"\/TNG\/processlogin.php\">\n<div class=\"normal\">\n<div class=\"nw\" id=\"loginblock\">\n<div class=\"loginprompt\">Username: <\/div>\n<p>\t\t<input type=\"text\" name=\"tngusername\" class=\"loginfont medfield\" id=\"tngusername\" size=\"15\"><\/p>\n<div class=\"loginprompt\">Password: <\/div>\n<p>\t\t<input type=\"password\" name=\"tngpassword\" class=\"loginfont field\" id=\"tngpassword\" size=\"15\"><\/p>\n<div id=\"resetrow\" style=\"display:none\">\n<div class=\"loginprompt\">Nieuw wachtwoord: <\/div>\n<p>\t\t\t<input type=\"password\" name=\"newpassword\" class=\"medfield\" id=\"newpassword\">\n\t\t<\/div>\n<\/p><\/div>\n<div class=\"login-options\">\n\t\t<input type=\"checkbox\" name=\"remember\" value=\"1\"> Onthouden<br \/>\n\t\t<input type=\"checkbox\" name=\"resetpass\" value=\"1\" onclick=\"if(this.checked) {document.getElementById('resetrow').style.display='';} else {document.getElementById('resetrow').style.display='none';}\"> Wijzigen<\/div>\n<p>\n<a href=\"https:\/\/van-dorsten.eu\/TNG\/login.php\" class=\"btn\" value=\"Registreren\">Wachtwoord vergeten<\/a><\/p>\n<div>\n\t\t<input type=\"submit\" class=\"btn\" value=\"Aanmelden\"><br \/>\n<a href=\"https:\/\/van-dorsten.eu\/TNG\/newacctform.php\" class=\"btn\" value=\"Registreren\">Registreren<\/a><\/p>\n<\/p><\/div>\n<\/div>\n<input type=\"hidden\" name=\"trp-form-language\" value=\"de\"\/><\/form>\n<h3>Zoeken<\/h3>\n<p><\/p>\n<form method=\"get\" action=\"\/TNG\/search.php\" data-trp-original-action=\"\/TNG\/search.php\">\n<div class=\"normal\">\n<div class=\"nw\" id=\"stamboom\">\n<div class=\"loginprompt\">Stamboom<\/div>\n<td class=\"databack\">\n\t\t<select name=\"tree\" id=\"treeselect\" onchange=\"var tree=getTree(this); if( !tree ) tree = 'none'; swapBranches(document.search);\"><option value=\"-x--all--x-\" selected=\"selected\">Alle stambomen<\/option><option value=\"Dordrecht\">Dordrecht<\/option><option value=\"FT01\">Steenwijk<\/option><\/select><br \/>\n\t\t\t\t<select name=\"branch\" id=\"branch\"><option value=\"\">Alle takken<\/option><\/select><\/p>\n<div class=\"voornaam\">Voornaam<\/div>\n<p>\t\t<input type=\"hidden\" value=\"AND\" name=\"mybool\" \/><br \/>\n\t\t\t\t<input name=\"myfirstname\" type=\"text\" id=\"myfirstname\" size=\"15\"\/><\/p>\n<div class=\"achternaam\">Achternaam<\/div>\n<p>\t\t<input name=\"mylastname\" type=\"text\" id=\"mylastname\" size=\"15\" \/><\/p>\n<p>\t\t<input type=\"submit\" name=\"search\" value=\"Zoeken\"><\/p>\n<p>\t\t<span class=\"normal\"><a href=\"\/TNG\/searchform.php\">Geavanceerd zoeken<\/a><\/span>\n\t<\/div>\n<\/div>\n<input type=\"hidden\" name=\"trp-form-language\" value=\"de\"\/><\/form>\n<h3>Website<\/h3>\n<p><\/p>\n<form role=\"search\" method=\"get\" action=\"https:\/\/van-dorsten.eu\/de\/\" class=\"wp-block-search__button-outside wp-block-search__text-button wp-block-search\" data-trp-original-action=\"https:\/\/van-dorsten.eu\/\">\n<div class=\"wp-block-search__inside-wrapper\"><input type=\"search\" id=\"wp-block-search__input-1\" class=\"wp-block-search__input\" name=\"s\" value=\"\" placeholder=\"Type om te zoeken op de website\" required=\"\"><button type=\"submit\" class=\"wp-block-search__button\">Zoeken<\/button><\/div>\n<input type=\"hidden\" name=\"trp-form-language\" value=\"de\"\/><\/form>\n\t\t\t\t<\/div>\n\t\t\t\t<\/div>\n\t\t\t\t\t<\/div>\n\t\t<\/div>\n\t\t\t\t\t<\/div>\n\t\t<\/section>\n\t\t\t\t<\/div>","protected":false},"excerpt":{"rendered":"<p>Verwaltung &#8211; Historie Die erste Ma\u00dfnahme zur Suche nach dem Stammbaum erfolgte um 1985. Auf der Grundlage von Informationen aus der Familie und den Stadtarchiven von Steenwijk wurde der eigene Stammbaum bis kurz vor 1750, in dem der Vorfahr in Steenwijk verheiratet war und dort Kinder bekam. Es stellte sich auch heraus, dass der Name &hellip;<\/p>\n<p class=\"read-more\"> <a class=\"\" href=\"https:\/\/van-dorsten.eu\/de\/verwaltung\/historie\/?lang=de\"> <span class=\"screen-reader-text\">Historie<\/span> Read More \u00bb<\/a><\/p>","protected":false},"author":1,"featured_media":0,"parent":453,"menu_order":0,"comment_status":"closed","ping_status":"closed","template":"elementor_header_footer","meta":{"site-sidebar-layout":"default","site-content-layout":"default","ast-main-header-display":"","ast-hfb-above-header-display":"","ast-hfb-below-header-display":"","ast-hfb-mobile-header-display":"","site-post-title":"","ast-breadcrumbs-content":"","ast-featured-img":"","footer-sml-layout":"","theme-transparent-header-meta":"default","adv-header-id-meta":"","stick-header-meta":"","header-above-stick-meta":"","header-main-stick-meta":"","header-below-stick-meta":"","footnotes":""},"yoast_head":"<!-- This site is optimized with the Yoast SEO plugin v24.5 - https:\/\/yoast.com\/wordpress\/plugins\/seo\/ -->\n<title>Historie -<\/title>\n<meta name=\"description\" content=\"Die ersten Stammbaum Forschungsaktivit\u00e4ten wurden ca. 1985, eine n\u00e4chste Aktion Zeitraum ca. 2002, aber sehr Intensive besch\u00e4ftigt seit 2012.\" \/>\n<meta name=\"robots\" content=\"index, follow, max-snippet:-1, max-image-preview:large, max-video-preview:-1\" \/>\n<link rel=\"canonical\" href=\"https:\/\/van-dorsten.eu\/de\/admin\/history\/\" \/>\n<meta property=\"og:locale\" content=\"de_DE\" \/>\n<meta property=\"og:type\" content=\"article\" \/>\n<meta property=\"og:title\" content=\"Historie -\" \/>\n<meta property=\"og:description\" content=\"Die ersten Stammbaum Forschungsaktivit\u00e4ten wurden ca. 1985, eine n\u00e4chste Aktion Zeitraum ca. 2002, aber sehr Intensive besch\u00e4ftigt seit 2012.\" \/>\n<meta property=\"og:url\" content=\"https:\/\/van-dorsten.eu\/de\/admin\/history\/?lang=en\" \/>\n<meta property=\"article:modified_time\" content=\"2021-03-11T20:57:08+00:00\" \/>\n<meta property=\"og:image\" content=\"https:\/\/van-dorsten.eu\/wp-content\/uploads\/2021\/03\/Chronik-201x300.jpg\" \/>\n<meta name=\"twitter:card\" content=\"summary_large_image\" \/>\n<meta name=\"twitter:label1\" content=\"Gesch\u00e4tzte Lesezeit\" \/>\n\t<meta name=\"twitter:data1\" content=\"4\u00a0Minuten\" \/>\n<script type=\"application\/ld+json\" class=\"yoast-schema-graph\">{\"@context\":\"https:\/\/schema.org\",\"@graph\":[{\"@type\":\"WebPage\",\"@id\":\"https:\/\/van-dorsten.eu\/admin\/history\/?lang=en\",\"url\":\"https:\/\/van-dorsten.eu\/admin\/history\/?lang=en\",\"name\":\"Historie -\",\"isPartOf\":{\"@id\":\"https:\/\/van-dorsten.eu\/de\/#website\"},\"primaryImageOfPage\":{\"@id\":\"https:\/\/van-dorsten.eu\/admin\/history\/?lang=en#primaryimage\"},\"image\":{\"@id\":\"https:\/\/van-dorsten.eu\/admin\/history\/?lang=en#primaryimage\"},\"thumbnailUrl\":\"https:\/\/van-dorsten.eu\/wp-content\/uploads\/2021\/03\/Chronik-201x300.jpg\",\"datePublished\":\"2018-11-26T20:27:35+00:00\",\"dateModified\":\"2021-03-11T20:57:08+00:00\",\"description\":\"Die ersten Stammbaum Forschungsaktivit\u00e4ten wurden ca. 1985, eine n\u00e4chste Aktion Zeitraum ca. 2002, aber sehr Intensive besch\u00e4ftigt seit 2012.\",\"breadcrumb\":{\"@id\":\"https:\/\/van-dorsten.eu\/admin\/history\/?lang=en#breadcrumb\"},\"inLanguage\":\"de\",\"potentialAction\":[{\"@type\":\"ReadAction\",\"target\":[\"https:\/\/van-dorsten.eu\/admin\/history\/?lang=en\"]}]},{\"@type\":\"ImageObject\",\"inLanguage\":\"de\",\"@id\":\"https:\/\/van-dorsten.eu\/admin\/history\/?lang=en#primaryimage\",\"url\":\"https:\/\/van-dorsten.eu\/wp-content\/uploads\/2021\/03\/Chronik-201x300.jpg\",\"contentUrl\":\"https:\/\/van-dorsten.eu\/wp-content\/uploads\/2021\/03\/Chronik-201x300.jpg\"},{\"@type\":\"BreadcrumbList\",\"@id\":\"https:\/\/van-dorsten.eu\/admin\/history\/?lang=en#breadcrumb\",\"itemListElement\":[{\"@type\":\"ListItem\",\"position\":1,\"name\":\"Home\",\"item\":\"https:\/\/van-dorsten.eu\/\"},{\"@type\":\"ListItem\",\"position\":2,\"name\":\"Verwaltung\",\"item\":\"https:\/\/van-dorsten.eu\/admin\/?lang=en\"},{\"@type\":\"ListItem\",\"position\":3,\"name\":\"Historie\"}]},{\"@type\":\"WebSite\",\"@id\":\"https:\/\/van-dorsten.eu\/de\/#website\",\"url\":\"https:\/\/van-dorsten.eu\/de\/\",\"name\":\"\",\"description\":\"Genealogie\",\"potentialAction\":[{\"@type\":\"SearchAction\",\"target\":{\"@type\":\"EntryPoint\",\"urlTemplate\":\"https:\/\/van-dorsten.eu\/de\/?s={search_term_string}\"},\"query-input\":{\"@type\":\"PropertyValueSpecification\",\"valueRequired\":true,\"valueName\":\"search_term_string\"}}],\"inLanguage\":\"de\"}]}<\/script>\n<!-- \/ Yoast SEO plugin. -->","yoast_head_json":{"title":"Historie -","description":"Die ersten Stammbaum Forschungsaktivit\u00e4ten wurden ca. 1985, eine n\u00e4chste Aktion Zeitraum ca. 2002, aber sehr Intensive besch\u00e4ftigt seit 2012.","robots":{"index":"index","follow":"follow","max-snippet":"max-snippet:-1","max-image-preview":"max-image-preview:large","max-video-preview":"max-video-preview:-1"},"canonical":"https:\/\/van-dorsten.eu\/de\/admin\/history\/","og_locale":"de_DE","og_type":"article","og_title":"Historie -","og_description":"Die ersten Stammbaum Forschungsaktivit\u00e4ten wurden ca. 1985, eine n\u00e4chste Aktion Zeitraum ca. 2002, aber sehr Intensive besch\u00e4ftigt seit 2012.","og_url":"https:\/\/van-dorsten.eu\/de\/admin\/history\/?lang=en","article_modified_time":"2021-03-11T20:57:08+00:00","og_image":[{"url":"https:\/\/van-dorsten.eu\/wp-content\/uploads\/2021\/03\/Chronik-201x300.jpg","type":"","width":"","height":""}],"twitter_card":"summary_large_image","twitter_misc":{"Gesch\u00e4tzte Lesezeit":"4\u00a0Minuten"},"schema":{"@context":"https:\/\/schema.org","@graph":[{"@type":"WebPage","@id":"https:\/\/van-dorsten.eu\/admin\/history\/?lang=en","url":"https:\/\/van-dorsten.eu\/admin\/history\/?lang=en","name":"Historie -","isPartOf":{"@id":"https:\/\/van-dorsten.eu\/de\/#website"},"primaryImageOfPage":{"@id":"https:\/\/van-dorsten.eu\/admin\/history\/?lang=en#primaryimage"},"image":{"@id":"https:\/\/van-dorsten.eu\/admin\/history\/?lang=en#primaryimage"},"thumbnailUrl":"https:\/\/van-dorsten.eu\/wp-content\/uploads\/2021\/03\/Chronik-201x300.jpg","datePublished":"2018-11-26T20:27:35+00:00","dateModified":"2021-03-11T20:57:08+00:00","description":"Die ersten Stammbaum Forschungsaktivit\u00e4ten wurden ca. 1985, eine n\u00e4chste Aktion Zeitraum ca. 2002, aber sehr Intensive besch\u00e4ftigt seit 2012.","breadcrumb":{"@id":"https:\/\/van-dorsten.eu\/admin\/history\/?lang=en#breadcrumb"},"inLanguage":"de","potentialAction":[{"@type":"ReadAction","target":["https:\/\/van-dorsten.eu\/admin\/history\/?lang=en"]}]},{"@type":"ImageObject","inLanguage":"de","@id":"https:\/\/van-dorsten.eu\/admin\/history\/?lang=en#primaryimage","url":"https:\/\/van-dorsten.eu\/wp-content\/uploads\/2021\/03\/Chronik-201x300.jpg","contentUrl":"https:\/\/van-dorsten.eu\/wp-content\/uploads\/2021\/03\/Chronik-201x300.jpg"},{"@type":"BreadcrumbList","@id":"https:\/\/van-dorsten.eu\/admin\/history\/?lang=en#breadcrumb","itemListElement":[{"@type":"ListItem","position":1,"name":"Home","item":"https:\/\/van-dorsten.eu\/"},{"@type":"ListItem","position":2,"name":"Verwaltung","item":"https:\/\/van-dorsten.eu\/admin\/?lang=en"},{"@type":"ListItem","position":3,"name":"Historie"}]},{"@type":"WebSite","@id":"https:\/\/van-dorsten.eu\/de\/#website","url":"https:\/\/van-dorsten.eu\/de\/","name":"","description":"Genealogie","potentialAction":[{"@type":"SearchAction","target":{"@type":"EntryPoint","urlTemplate":"https:\/\/van-dorsten.eu\/de\/?s={search_term_string}"},"query-input":{"@type":"PropertyValueSpecification","valueRequired":true,"valueName":"search_term_string"}}],"inLanguage":"de"}]}},"_links":{"self":[{"href":"https:\/\/van-dorsten.eu\/de\/wp-json\/wp\/v2\/pages\/1259"}],"collection":[{"href":"https:\/\/van-dorsten.eu\/de\/wp-json\/wp\/v2\/pages"}],"about":[{"href":"https:\/\/van-dorsten.eu\/de\/wp-json\/wp\/v2\/types\/page"}],"author":[{"embeddable":true,"href":"https:\/\/van-dorsten.eu\/de\/wp-json\/wp\/v2\/users\/1"}],"replies":[{"embeddable":true,"href":"https:\/\/van-dorsten.eu\/de\/wp-json\/wp\/v2\/comments?post=1259"}],"version-history":[{"count":5,"href":"https:\/\/van-dorsten.eu\/de\/wp-json\/wp\/v2\/pages\/1259\/revisions"}],"predecessor-version":[{"id":3297,"href":"https:\/\/van-dorsten.eu\/de\/wp-json\/wp\/v2\/pages\/1259\/revisions\/3297"}],"up":[{"embeddable":true,"href":"https:\/\/van-dorsten.eu\/de\/wp-json\/wp\/v2\/pages\/453"}],"wp:attachment":[{"href":"https:\/\/van-dorsten.eu\/de\/wp-json\/wp\/v2\/media?parent=1259"}],"curies":[{"name":"wp","href":"https:\/\/api.w.org\/{rel}","templated":true}]}}